{"id":1262,"date":"2023-07-12T09:01:15","date_gmt":"2023-07-12T12:01:15","guid":{"rendered":"https:\/\/wp.ufpel.edu.br\/editoraufpel\/?page_id=1262"},"modified":"2023-08-11T13:55:33","modified_gmt":"2023-08-11T16:55:33","slug":"agenda-de-espaco","status":"publish","type":"page","link":"https:\/\/wp.ufpel.edu.br\/editoraufpel\/agenda-de-espaco\/","title":{"rendered":"Agenda de Espa\u00e7o"},"content":{"rendered":"<p><span style=\"font-size: 12pt; color: #000080;\"><strong><span style=\"font-family: tahoma, arial, helvetica, sans-serif;\">Verifique a disponibilidade de nosso espa\u00e7o de Leitura, estudos e\/ou eventos de pequeno porte.<\/span><\/strong><\/span><br \/>\n<span style=\"font-family: tahoma, arial, helvetica, sans-serif; font-size: 10pt; color: #3366ff;\">(preencha o formul\u00e1rio abaixo do calend\u00e1rio)<\/span><\/p>\n<p><span style=\"font-size: 12pt; color: #ff6600;\"><strong><span style=\"font-family: tahoma, arial, helvetica, sans-serif;\">O espa\u00e7o:<\/span><\/strong><\/span><\/p>\n<p><a href=\"https:\/\/wp.ufpel.edu.br\/editoraufpel\/files\/2023\/08\/WhatsApp-Image-2023-08-08-at-21.00.00.jpeg\"><img loading=\"lazy\" decoding=\"async\" class=\"alignnone wp-image-1324\" src=\"https:\/\/wp.ufpel.edu.br\/editoraufpel\/files\/2023\/08\/WhatsApp-Image-2023-08-08-at-21.00.00-400x400.jpeg\" alt=\"\" width=\"248\" height=\"248\" srcset=\"https:\/\/wp.ufpel.edu.br\/editoraufpel\/files\/2023\/08\/WhatsApp-Image-2023-08-08-at-21.00.00-400x400.jpeg 400w, https:\/\/wp.ufpel.edu.br\/editoraufpel\/files\/2023\/08\/WhatsApp-Image-2023-08-08-at-21.00.00-1024x1024.jpeg 1024w, https:\/\/wp.ufpel.edu.br\/editoraufpel\/files\/2023\/08\/WhatsApp-Image-2023-08-08-at-21.00.00-200x200.jpeg 200w, https:\/\/wp.ufpel.edu.br\/editoraufpel\/files\/2023\/08\/WhatsApp-Image-2023-08-08-at-21.00.00-768x768.jpeg 768w, https:\/\/wp.ufpel.edu.br\/editoraufpel\/files\/2023\/08\/WhatsApp-Image-2023-08-08-at-21.00.00.jpeg 1440w\" sizes=\"auto, (max-width: 248px) 100vw, 248px\" \/><\/a> <a href=\"https:\/\/wp.ufpel.edu.br\/editoraufpel\/files\/2023\/08\/WhatsApp-Image-2023-08-08-at-21.00.02.jpeg\"><img loading=\"lazy\" decoding=\"async\" class=\"alignnone wp-image-1323\" src=\"https:\/\/wp.ufpel.edu.br\/editoraufpel\/files\/2023\/08\/WhatsApp-Image-2023-08-08-at-21.00.02-400x400.jpeg\" alt=\"\" width=\"249\" height=\"249\" srcset=\"https:\/\/wp.ufpel.edu.br\/editoraufpel\/files\/2023\/08\/WhatsApp-Image-2023-08-08-at-21.00.02-400x400.jpeg 400w, https:\/\/wp.ufpel.edu.br\/editoraufpel\/files\/2023\/08\/WhatsApp-Image-2023-08-08-at-21.00.02-1024x1024.jpeg 1024w, https:\/\/wp.ufpel.edu.br\/editoraufpel\/files\/2023\/08\/WhatsApp-Image-2023-08-08-at-21.00.02-200x200.jpeg 200w, https:\/\/wp.ufpel.edu.br\/editoraufpel\/files\/2023\/08\/WhatsApp-Image-2023-08-08-at-21.00.02-768x768.jpeg 768w, https:\/\/wp.ufpel.edu.br\/editoraufpel\/files\/2023\/08\/WhatsApp-Image-2023-08-08-at-21.00.02.jpeg 1440w\" sizes=\"auto, (max-width: 249px) 100vw, 249px\" \/><\/a><\/p>\n<p><span style=\"color: #ff9900;\"><strong><span style=\"font-family: verdana, geneva, sans-serif; font-size: 10pt;\">Crit\u00e9rios para utiliza\u00e7\u00e3o:<\/span><\/strong><\/span><\/p>\n<ul>\n<li><span style=\"font-family: verdana, geneva, sans-serif; font-size: 10pt;\">Eventos de pequeno porte como lan\u00e7amento de livros, mesas-redondas, grupos de estudos\/leitura, entre outros. (capacidade para at\u00e9 20 pessoas);<\/span><\/li>\n<li><span style=\"font-family: verdana, geneva, sans-serif; font-size: 10pt;\">Hor\u00e1rios e datas dispon\u00edveis: de segunda a sexta-feira das 8 \u00e0s 20h.<\/span><\/li>\n<li><span style=\"font-family: verdana, geneva, sans-serif; font-size: 10pt;\">Toda divulga\u00e7\u00e3o e necessidade de equipamentos, insumos etc, ficam a crit\u00e9rio do solicitante;<\/span><\/li>\n<li><span style=\"font-family: verdana, geneva, sans-serif; font-size: 10pt;\">O cancelamento do mesmo dever\u00e1 ser informado com no m\u00e1ximo <strong>3 dias<\/strong> de anteced\u00eancia;<\/span><\/li>\n<li><span style=\"font-family: verdana, geneva, sans-serif; font-size: 10pt;\">N\u00e3o disponibilizamos estacionamento;<\/span><\/li>\n<li><span style=\"font-family: verdana, geneva, sans-serif; font-size: 10pt;\">Ap\u00f3s Solicita\u00e7\u00e3o, aguarde nosso retorno.<\/span><\/li>\n<\/ul>\n<p><iframe loading=\"lazy\" style=\"border: 0;\" src=\"https:\/\/calendar.google.com\/calendar\/embed?src=livrariaufpel%40gmail.com&amp;ctz=America%2FSao_Paulo\" width=\"800\" height=\"600\" frameborder=\"0\" scrolling=\"no\"><\/iframe><\/p>\n<div data-test='contact-form'\n\t\t\tid='contact-form-1262'\n\t\t\tclass='wp-block-jetpack-contact-form-container '\n\t\t\tdata-wp-interactive='jetpack\/form' data-wp-context='{\"formId\":\"1262\",\"formHash\":\"407224873a9abaf3b3a0eb2abc9ec81eca43695e\",\"showErrors\":false,\"errors\":[],\"fields\":[],\"isMultiStep\":false,\"useAjax\":true,\"submissionData\":null,\"formattedSubmissionData\":[],\"submissionSuccess\":false,\"submissionError\":null,\"elementId\":\"jp-form-407224873a9abaf3b3a0eb2abc9ec81eca43695e\",\"isSingleInputForm\":false}'\n\t\t\tdata-wp-watch--scroll-to-wrapper=\"callbacks.scrollToWrapper\"\n\t\t>\n<div class=\"contact-form-submission contact-form-ajax-submission\" data-wp-class--submission-success=\"context.submissionSuccess\"><p class=\"go-back-message\"><a class=\"link\" role=\"button\" tabindex=\"0\" data-wp-on--click=\"actions.goBack\" href=\"\/editoraufpel\/wp-json\/wp\/v2\/pages\/1262\">Voltar<\/a><\/p><h4 id=\"contact-form-success-header\">Sua mensagem foi enviada<\/h4>\n\n<template data-wp-each--submission=\"context.formattedSubmissionData\">\n\t\t\t\t\t<div class=\"jetpack_forms_contact-form-success-summary\">\n\t\t\t\t\t\t<div class=\"field-name\" data-wp-text=\"context.submission.label\" data-wp-bind--hidden=\"!context.submission.label\"><\/div>\n\t\t\t\t\t\t<div class=\"field-value\" data-wp-text=\"context.submission.value\"><\/div>\n\t\t\t\t\t\t<div class=\"field-images\" data-wp-bind--hidden=\"!context.submission.images\">\n\t\t\t\t\t\t\t<template data-wp-each--image=\"context.submission.images\">\n\t\t\t\t\t\t\t\t<figure class=\"field-image\" data-wp-class--is-empty=\"!context.image\">\n\t\t\t\t\t\t\t\t\t<img data-wp-bind--src=\"context.image\" data-wp-bind--hidden=\"!context.image\" \/>\n\t\t\t\t\t\t\t\t\t<img decoding=\"async\" src=\"data:image\/gif;base64,R0lGODlhAQABAAD\/ACwAAAAAAQABAAACADs=\" data-wp-bind--hidden=\"context.image\" \/>\n\t\t\t\t\t\t\t\t<\/figure>\n\t\t\t\t\t\t\t<\/template>\n\t\t\t\t\t\t<\/div>\n\t\t\t\t\t<\/div>\n\t\t\t\t<\/template><\/div><form action='https:\/\/wp.ufpel.edu.br\/editoraufpel\/agenda-de-espaco\/'\n\t\t\t\tid='jp-form-407224873a9abaf3b3a0eb2abc9ec81eca43695e'\n\t\t\t\tmethod='post'\n\t\t\t\tclass='contact-form commentsblock' aria-label=\"Agenda de Espa\u00e7o\"\n\t\t\t\tdata-wp-on--submit=\"actions.onFormSubmit\"\n\t\t\t\tdata-wp-on--reset=\"actions.onFormReset\"\n\t\t\t\tdata-wp-class--submission-success=\"context.submissionSuccess\"\n\t\t\t\tdata-wp-class--is-first-step=\"state.isFirstStep\"\n\t\t\t\tdata-wp-class--is-last-step=\"state.isLastStep\"\n\t\t\t\tdata-wp-class--is-ajax-form=\"context.useAjax\"\n\t\t\t\tnovalidate >\n<input type='hidden' name='jetpack_contact_form_jwt' value='eyJ0eXAiOiJKV1QiLCJhbGciOiJIUzI1NiJ9.eyJlbmNyeXB0ZWRfYXR0cmlidXRlcyI6ImFMa2lJZmJtTHVUTkNYeXZRZEppRHpiRzJQZm1lQXNFRVd0T1ZqcDgzdWhkelBFbDZublRQUnBaRE5NWk9YcmkxRkluSDVhUDVkTFdVMEc1dzZJQ0RtSmRLYjFNR29DdVFXYW9yM0E5ZFE1Qlp4WldqVnh0ellES2g4VTJQemxQQmZLUmFIVnNLNGdkWFZUS1ZOZmprMUdNL3VBKzEydVdMSWZ2MnQ0cVI3NjFRY2tYY1E2c2NpTXQzVjExZWFIdVd1MUFuaFhvNG5WUUVnbkp5NEtxSnJma0lqRC9FS2VZZUJ4MTB0WGcyRWJqd2RXNjhySVl1NFJ6VGVocitKVlRSMWpIMzR5a0dsdFNoeC9xRmU1ZEk0UnZ2UmVXb3pTZGlnNE1QaHVJZ004RjFVeEY1OWNIb1FNclF2V0pza0Q4L3RFVFRPTWk4OXBZRWoxaGd1WTcwbjBkK1VjbEF1K0RpWHd3UzhYVVlQZ2U3all6V2ZLRHpkUnZhWlc5c0lYenlnbzlPRG5yNFBkT1pmTk5vS1V0cGF2cU9lYndaaGEreWlWSHJlb255SkFUTjB1cXlyM295SnN0bVpqb3ZjbjQwc1Y3aVUvK2ZBbjlpMVcvMncxeDM2SmhyeUYybExFMjBSMmhGSEdOT2dRZ0JNQ05IL3kxK0J6MVpEUTk1YnNoTHhXbVNvWXF3N0RYRjZyUWFXUXJqMndoQy9YZHdhS2NCRDNoTlEvV3FIK0pTZk9qcG5ONDc5ZUtqeWZYNDgwSVUwMmJDemZRMUl6TXBRdzdTd2xRUFpITnpMUnFCRU8yYUJ1cjBxMEJqNW9JRXV6UExwcFFHMlNRTnZ1N3RQeVhVR254WEQ5NmNRbTlQMnZPVDhMOVNWeXpGOFVuZ2FSMnROMEpLUWlwb1JXTlFVT1IvZFh1NktURWFlZ1lIMWc4S3dJYXdMZVZ0cE1lZndndVBMdmN5REZVa0dOWVI0TnlpM25CaHlqakd6aWhMVjZUVldmeHpVT2R2TUhQb2R5eEYwTUFkaGZvU3lmQUY5UlorWThEcmMyNVlpeEdzbnpkQkVNZnhVK1l4cUcxZFRXcVJMY081U3NMam5iTDFxczN4ZjRPY0pPOEo4Y2ZuQVRFMTIzYXlsODhETDk3aEYzSzdPalBxZlJVZ2VCK2Z2Yz0iLCJjb250ZW50IjoiW2NvbnRhY3QtZmllbGQgbGFiZWw9J05vbWUnIHR5cGU9J25hbWUnIHJlcXVpcmVkPScxJyByZXF1aXJlZHRleHQ9JyhvYnJpZ2F0XHUwMGYzcmlvKScvXVtjb250YWN0LWZpZWxkIGxhYmVsPSdFLW1haWwnIHR5cGU9J2VtYWlsJyByZXF1aXJlZD0nMScgcmVxdWlyZWR0ZXh0PScob2JyaWdhdFx1MDBmM3JpbyknL11bY29udGFjdC1maWVsZCBsYWJlbD0nU0lBUEUvTG90YVx1MDBlN1x1MDBlM28nIHR5cGU9J3RleHQnIHJlcXVpcmVkdGV4dD0nKG9icmlnYXRcdTAwZjNyaW8pJy9dW2NvbnRhY3QtZmllbGQgbGFiZWw9J01lbnNhZ2VtJyB0eXBlPSd0ZXh0YXJlYScgcmVxdWlyZWR0ZXh0PScob2JyaWdhdFx1MDBmM3JpbyknL10iLCJoYXNoIjoiNDA3MjI0ODczYTlhYmFmM2IzYTBlYjJhYmM5ZWM4MWVjYTQzNjk1ZSIsInNvdXJjZSI6eyJlbnRyeV90aXRsZSI6IkFnZW5kYSBkZSBFc3BhXHUwMGU3byIsImVudHJ5X3BhZ2UiOjEsInNvdXJjZV9pZCI6MTI2Miwic291cmNlX3R5cGUiOiJzaW5nbGUiLCJyZXF1ZXN0X3VybCI6Imh0dHBzOi8vd3AudWZwZWwuZWR1LmJyL2VkaXRvcmF1ZnBlbC93cC1qc29uL3dwL3YyL3BhZ2VzLzEyNjIifSwidmVyc2lvbiI6MiwiY2lwaGVyIjoiYWVzLTI1Ni1nY20ifQ.qj7mvhUoMWI5dCpITaYd7ca_X6IQtcR9YOZGaKXCXWc' \/>\n\n<div style=\"\"  data-wp-interactive=\"jetpack\/form\" data-wp-context='{\"fieldId\":\"g1262-nome\",\"fieldType\":\"name\",\"fieldLabel\":\"Nome\",\"fieldValue\":\"\",\"fieldPlaceholder\":\"\",\"fieldIsRequired\":\"1\",\"fieldErrorMessage\":\"\",\"fieldExtra\":[],\"formHash\":\"407224873a9abaf3b3a0eb2abc9ec81eca43695e\"}'  class='grunion-field-name-wrap grunion-field-wrap'  data-wp-init='callbacks.initializeField' data-wp-on--jetpack-form-reset='callbacks.initializeField' >\n<label\n\t\t\t\tfor='g1262-nome' class=\"grunion-field-label name\" >Nome<span class=\"grunion-label-required\" aria-hidden=\"true\">(obrigat\u00f3rio)<\/span><\/label>\n<input\n\t\t\t\t\ttype='text'\n\t\t\t\t\tname='g1262-nome'\n\t\t\t\t\tid='g1262-nome'\n\t\t\t\t\tvalue=''\n\n\t\t\t\t\tdata-wp-bind--aria-invalid='state.fieldHasErrors'\n\t\t\t\t\tdata-wp-bind--value='state.getFieldValue'\n\t\t\t\t\taria-errormessage='g1262-nome-text-error-message'\n\t\t\t\t\tdata-wp-on--input='actions.onFieldChange'\n\t\t\t\t\tdata-wp-on--blur='actions.onFieldBlur'\n\t\t\t\t\tdata-wp-class--has-value='state.hasFieldValue'\n\n\t\t\t\t\tclass='name  grunion-field' \n\t\t\t\t\trequired='true' aria-required='true'  \/>\n \n\t\t\t<div id=\"g1262-nome-text-error\" class=\"contact-form__input-error\" data-wp-class--has-errors=\"state.fieldHasErrors\">\n\t\t\t\t<span class=\"contact-form__warning-icon\">\n\t\t\t\t\t<svg width=\"16\" height=\"16\" viewBox=\"0 0 16 16\" fill=\"none\" xmlns=\"http:\/\/www.w3.org\/2000\/svg\">\n\t\t\t\t\t\t<path d=\"M8.50015 11.6402H7.50015V10.6402H8.50015V11.6402Z\" \/>\n\t\t\t\t\t\t<path d=\"M7.50015 9.64018H8.50015V6.30684H7.50015V9.64018Z\" \/>\n\t\t\t\t\t\t<path fill-rule=\"evenodd\" clip-rule=\"evenodd\" d=\"M6.98331 3.0947C7.42933 2.30177 8.57096 2.30177 9.01698 3.09469L13.8771 11.7349C14.3145 12.5126 13.7525 13.4735 12.8602 13.4735H3.14004C2.24774 13.4735 1.68575 12.5126 2.12321 11.7349L6.98331 3.0947ZM8.14541 3.58496C8.08169 3.47168 7.9186 3.47168 7.85488 3.58496L2.99478 12.2251C2.93229 12.3362 3.01257 12.4735 3.14004 12.4735H12.8602C12.9877 12.4735 13.068 12.3362 13.0055 12.2251L8.14541 3.58496Z\" \/>\n\t\t\t\t\t<\/svg>\n\t\t\t\t\t<span class=\"visually-hidden\">Aviso<\/span>\n\t\t\t\t<\/span>\n\t\t\t\t<span data-wp-text=\"state.errorMessage\" id=\"g1262-nome-text-error-message\" role=\"alert\" aria-live=\"assertive\"><\/span>\n\t\t\t<\/div> \n\t<\/div>\n\n<div style=\"\"  data-wp-interactive=\"jetpack\/form\" data-wp-context='{\"fieldId\":\"g1262-email\",\"fieldType\":\"email\",\"fieldLabel\":\"E-mail\",\"fieldValue\":\"\",\"fieldPlaceholder\":\"\",\"fieldIsRequired\":\"1\",\"fieldErrorMessage\":\"\",\"fieldExtra\":[],\"formHash\":\"407224873a9abaf3b3a0eb2abc9ec81eca43695e\"}'  class='grunion-field-email-wrap grunion-field-wrap'  data-wp-init='callbacks.initializeField' data-wp-on--jetpack-form-reset='callbacks.initializeField' >\n<label\n\t\t\t\tfor='g1262-email' class=\"grunion-field-label email\" >E-mail<span class=\"grunion-label-required\" aria-hidden=\"true\">(obrigat\u00f3rio)<\/span><\/label>\n<input\n\t\t\t\t\ttype='email'\n\t\t\t\t\tname='g1262-email'\n\t\t\t\t\tid='g1262-email'\n\t\t\t\t\tvalue=''\n\n\t\t\t\t\tdata-wp-bind--aria-invalid='state.fieldHasErrors'\n\t\t\t\t\tdata-wp-bind--value='state.getFieldValue'\n\t\t\t\t\taria-errormessage='g1262-email-email-error-message'\n\t\t\t\t\tdata-wp-on--input='actions.onFieldChange'\n\t\t\t\t\tdata-wp-on--blur='actions.onFieldBlur'\n\t\t\t\t\tdata-wp-class--has-value='state.hasFieldValue'\n\n\t\t\t\t\tclass='email  grunion-field' \n\t\t\t\t\trequired='true' aria-required='true'  \/>\n \n\t\t\t<div id=\"g1262-email-email-error\" class=\"contact-form__input-error\" data-wp-class--has-errors=\"state.fieldHasErrors\">\n\t\t\t\t<span class=\"contact-form__warning-icon\">\n\t\t\t\t\t<svg width=\"16\" height=\"16\" viewBox=\"0 0 16 16\" fill=\"none\" xmlns=\"http:\/\/www.w3.org\/2000\/svg\">\n\t\t\t\t\t\t<path d=\"M8.50015 11.6402H7.50015V10.6402H8.50015V11.6402Z\" \/>\n\t\t\t\t\t\t<path d=\"M7.50015 9.64018H8.50015V6.30684H7.50015V9.64018Z\" \/>\n\t\t\t\t\t\t<path fill-rule=\"evenodd\" clip-rule=\"evenodd\" d=\"M6.98331 3.0947C7.42933 2.30177 8.57096 2.30177 9.01698 3.09469L13.8771 11.7349C14.3145 12.5126 13.7525 13.4735 12.8602 13.4735H3.14004C2.24774 13.4735 1.68575 12.5126 2.12321 11.7349L6.98331 3.0947ZM8.14541 3.58496C8.08169 3.47168 7.9186 3.47168 7.85488 3.58496L2.99478 12.2251C2.93229 12.3362 3.01257 12.4735 3.14004 12.4735H12.8602C12.9877 12.4735 13.068 12.3362 13.0055 12.2251L8.14541 3.58496Z\" \/>\n\t\t\t\t\t<\/svg>\n\t\t\t\t\t<span class=\"visually-hidden\">Aviso<\/span>\n\t\t\t\t<\/span>\n\t\t\t\t<span data-wp-text=\"state.errorMessage\" id=\"g1262-email-email-error-message\" role=\"alert\" aria-live=\"assertive\"><\/span>\n\t\t\t<\/div> \n\t<\/div>\n\n<div style=\"\"  data-wp-interactive=\"jetpack\/form\" data-wp-context='{\"fieldId\":\"g1262-siapelotao\",\"fieldType\":\"text\",\"fieldLabel\":\"SIAPE\\\/Lota\\u00e7\\u00e3o\",\"fieldValue\":\"\",\"fieldPlaceholder\":\"\",\"fieldIsRequired\":\"\",\"fieldErrorMessage\":\"\",\"fieldExtra\":[],\"formHash\":\"407224873a9abaf3b3a0eb2abc9ec81eca43695e\"}'  class='grunion-field-text-wrap grunion-field-wrap'  data-wp-init='callbacks.initializeField' data-wp-on--jetpack-form-reset='callbacks.initializeField' >\n<label\n\t\t\t\tfor='g1262-siapelotao' class=\"grunion-field-label text\" >SIAPE\/Lota\u00e7\u00e3o<\/label>\n<input\n\t\t\t\t\ttype='text'\n\t\t\t\t\tname='g1262-siapelotao'\n\t\t\t\t\tid='g1262-siapelotao'\n\t\t\t\t\tvalue=''\n\n\t\t\t\t\tdata-wp-bind--aria-invalid='state.fieldHasErrors'\n\t\t\t\t\tdata-wp-bind--value='state.getFieldValue'\n\t\t\t\t\taria-errormessage='g1262-siapelotao-text-error-message'\n\t\t\t\t\tdata-wp-on--input='actions.onFieldChange'\n\t\t\t\t\tdata-wp-on--blur='actions.onFieldBlur'\n\t\t\t\t\tdata-wp-class--has-value='state.hasFieldValue'\n\n\t\t\t\t\tclass='text  grunion-field' \n\t\t\t\t\t \/>\n \n\t\t\t<div id=\"g1262-siapelotao-text-error\" class=\"contact-form__input-error\" data-wp-class--has-errors=\"state.fieldHasErrors\">\n\t\t\t\t<span class=\"contact-form__warning-icon\">\n\t\t\t\t\t<svg width=\"16\" height=\"16\" viewBox=\"0 0 16 16\" fill=\"none\" xmlns=\"http:\/\/www.w3.org\/2000\/svg\">\n\t\t\t\t\t\t<path d=\"M8.50015 11.6402H7.50015V10.6402H8.50015V11.6402Z\" \/>\n\t\t\t\t\t\t<path d=\"M7.50015 9.64018H8.50015V6.30684H7.50015V9.64018Z\" \/>\n\t\t\t\t\t\t<path fill-rule=\"evenodd\" clip-rule=\"evenodd\" d=\"M6.98331 3.0947C7.42933 2.30177 8.57096 2.30177 9.01698 3.09469L13.8771 11.7349C14.3145 12.5126 13.7525 13.4735 12.8602 13.4735H3.14004C2.24774 13.4735 1.68575 12.5126 2.12321 11.7349L6.98331 3.0947ZM8.14541 3.58496C8.08169 3.47168 7.9186 3.47168 7.85488 3.58496L2.99478 12.2251C2.93229 12.3362 3.01257 12.4735 3.14004 12.4735H12.8602C12.9877 12.4735 13.068 12.3362 13.0055 12.2251L8.14541 3.58496Z\" \/>\n\t\t\t\t\t<\/svg>\n\t\t\t\t\t<span class=\"visually-hidden\">Aviso<\/span>\n\t\t\t\t<\/span>\n\t\t\t\t<span data-wp-text=\"state.errorMessage\" id=\"g1262-siapelotao-text-error-message\" role=\"alert\" aria-live=\"assertive\"><\/span>\n\t\t\t<\/div> \n\t<\/div>\n\n<div style=\"\"  data-wp-interactive=\"jetpack\/form\" data-wp-context='{\"fieldId\":\"g1262-mensagem\",\"fieldType\":\"textarea\",\"fieldLabel\":\"Mensagem\",\"fieldValue\":\"\",\"fieldPlaceholder\":\"\",\"fieldIsRequired\":\"\",\"fieldErrorMessage\":\"\",\"fieldExtra\":[],\"formHash\":\"407224873a9abaf3b3a0eb2abc9ec81eca43695e\"}'  class='grunion-field-textarea-wrap grunion-field-wrap'  data-wp-init='callbacks.initializeField' data-wp-on--jetpack-form-reset='callbacks.initializeField' >\n<label\n\t\t\t\tfor='contact-form-comment-g1262-mensagem' class=\"grunion-field-label textarea\" >Mensagem<\/label>\n<textarea\n\t\t                style=''\n\t\t                name='g1262-mensagem'\n\t\t                id='contact-form-comment-g1262-mensagem'\n\t\t                rows='20'\n\t\t\t\t\t\tdata-wp-text='state.getFieldValue'\n\t\t\t\t\t\tdata-wp-on--input='actions.onFieldChange'\n\t\t\t\t\t\tdata-wp-on--blur='actions.onFieldBlur'\n\t\t\t\t\t\tdata-wp-class--has-value='state.hasFieldValue'\n\t\t\t\t\t\tdata-wp-bind--aria-invalid='state.fieldHasErrors'\n\t\t\t\t\t\taria-errormessage='g1262-mensagem-textarea-error-message'\n\t\t\t\t\t\tclass='textarea  grunion-field'  ><\/textarea>\n \n\t\t\t<div id=\"g1262-mensagem-textarea-error\" class=\"contact-form__input-error\" data-wp-class--has-errors=\"state.fieldHasErrors\">\n\t\t\t\t<span class=\"contact-form__warning-icon\">\n\t\t\t\t\t<svg width=\"16\" height=\"16\" viewBox=\"0 0 16 16\" fill=\"none\" xmlns=\"http:\/\/www.w3.org\/2000\/svg\">\n\t\t\t\t\t\t<path d=\"M8.50015 11.6402H7.50015V10.6402H8.50015V11.6402Z\" \/>\n\t\t\t\t\t\t<path d=\"M7.50015 9.64018H8.50015V6.30684H7.50015V9.64018Z\" \/>\n\t\t\t\t\t\t<path fill-rule=\"evenodd\" clip-rule=\"evenodd\" d=\"M6.98331 3.0947C7.42933 2.30177 8.57096 2.30177 9.01698 3.09469L13.8771 11.7349C14.3145 12.5126 13.7525 13.4735 12.8602 13.4735H3.14004C2.24774 13.4735 1.68575 12.5126 2.12321 11.7349L6.98331 3.0947ZM8.14541 3.58496C8.08169 3.47168 7.9186 3.47168 7.85488 3.58496L2.99478 12.2251C2.93229 12.3362 3.01257 12.4735 3.14004 12.4735H12.8602C12.9877 12.4735 13.068 12.3362 13.0055 12.2251L8.14541 3.58496Z\" \/>\n\t\t\t\t\t<\/svg>\n\t\t\t\t\t<span class=\"visually-hidden\">Aviso<\/span>\n\t\t\t\t<\/span>\n\t\t\t\t<span data-wp-text=\"state.errorMessage\" id=\"g1262-mensagem-textarea-error-message\" role=\"alert\" aria-live=\"assertive\"><\/span>\n\t\t\t<\/div>\n\t<\/div>\n\t<p class='contact-submit'>\n<div class=\"contact-form__error\" data-wp-class--show-errors=\"state.showFormErrors\"><span class=\"contact-form__warning-icon\"><span class=\"visually-hidden\">Aten\u00e7\u00e3o.<\/span><i aria-hidden=\"true\"><\/i><\/span>\n\t\t\t\t<span data-wp-text=\"state.getFormErrorMessage\"><\/span>\n\t\t\t\t<ul>\n\t\t\t\t<template data-wp-each=\"state.getErrorList\" data-wp-key=\"context.item.id\">\n\t\t\t\t\t<li><a data-wp-bind--href=\"context.item.anchor\" data-wp-on--click=\"actions.scrollIntoView\" data-wp-text=\"context.item.label\"><\/a><\/li>\n\t\t\t\t<\/template>\n\t\t\t\t<\/ul><\/div><div class=\"contact-form__error\" data-wp-class--show-errors=\"state.showSubmissionError\" data-wp-text=\"context.submissionError\"><\/div>\t\t<button type='submit' class='pushbutton-wide'>Enviar<\/button>\t\t<input type='hidden' name='contact-form-id' value='1262' \/>\n\t\t<input type='hidden' name='action' value='grunion-contact-form' \/>\n\t\t<input type='hidden' name='contact-form-hash' value='407224873a9abaf3b3a0eb2abc9ec81eca43695e' \/>\n\t<\/p>\n<p style=\"display: none !important;\" class=\"akismet-fields-container\" data-prefix=\"ak_\"><label>&#916;<textarea name=\"ak_hp_textarea\" cols=\"45\" rows=\"8\" maxlength=\"100\"><\/textarea><\/label><input type=\"hidden\" id=\"ak_js_1\" name=\"ak_js\" value=\"37\"\/><script>document.getElementById( \"ak_js_1\" ).setAttribute( \"value\", ( new Date() ).getTime() );<\/script><\/p><\/form>\n<\/div>\n<p>&nbsp;<\/p>\n","protected":false},"excerpt":{"rendered":"<p>Verifique a disponibilidade de nosso espa\u00e7o de Leitura, estudos e\/ou eventos de pequeno porte. (preencha o formul\u00e1rio abaixo do calend\u00e1rio) O espa\u00e7o: Crit\u00e9rios para utiliza\u00e7\u00e3o: Eventos de pequeno porte como lan\u00e7amento de livros, mesas-redondas, grupos de estudos\/leitura, entre outros. (capacidade para at\u00e9 20 pessoas); Hor\u00e1rios e datas dispon\u00edveis: de segunda a sexta-feira das 8 \u00e0s [&hellip;]<\/p>\n","protected":false},"author":304,"featured_media":0,"parent":0,"menu_order":0,"comment_status":"closed","ping_status":"closed","template":"","meta":{"jetpack_post_was_ever_published":false,"footnotes":""},"class_list":["post-1262","page","type-page","status-publish","hentry","post"],"jetpack_sharing_enabled":true,"jetpack_shortlink":"https:\/\/wp.me\/P6W23B-km","_links":{"self":[{"href":"https:\/\/wp.ufpel.edu.br\/editoraufpel\/wp-json\/wp\/v2\/pages\/1262","targetHints":{"allow":["GET"]}}],"collection":[{"href":"https:\/\/wp.ufpel.edu.br\/editoraufpel\/wp-json\/wp\/v2\/pages"}],"about":[{"href":"https:\/\/wp.ufpel.edu.br\/editoraufpel\/wp-json\/wp\/v2\/types\/page"}],"author":[{"embeddable":true,"href":"https:\/\/wp.ufpel.edu.br\/editoraufpel\/wp-json\/wp\/v2\/users\/304"}],"replies":[{"embeddable":true,"href":"https:\/\/wp.ufpel.edu.br\/editoraufpel\/wp-json\/wp\/v2\/comments?post=1262"}],"version-history":[{"count":14,"href":"https:\/\/wp.ufpel.edu.br\/editoraufpel\/wp-json\/wp\/v2\/pages\/1262\/revisions"}],"predecessor-version":[{"id":1331,"href":"https:\/\/wp.ufpel.edu.br\/editoraufpel\/wp-json\/wp\/v2\/pages\/1262\/revisions\/1331"}],"wp:attachment":[{"href":"https:\/\/wp.ufpel.edu.br\/editoraufpel\/wp-json\/wp\/v2\/media?parent=1262"}],"curies":[{"name":"wp","href":"https:\/\/api.w.org\/{rel}","templated":true}]}}