{"id":60,"date":"2015-12-29T11:41:56","date_gmt":"2015-12-29T13:41:56","guid":{"rendered":"https:\/\/wp.ufpel.edu.br\/ed\/?page_id=60"},"modified":"2017-06-27T22:55:08","modified_gmt":"2017-06-28T01:55:08","slug":"apresentacao","status":"publish","type":"page","link":"https:\/\/wp.ufpel.edu.br\/ed\/apresentacao\/","title":{"rendered":"Apresenta\u00e7\u00e3o"},"content":{"rendered":"<p><span style=\"font-size: 12pt\">O\u00a0Curso de Especializa\u00e7\u00e3o (Lato Sensu) em Ensino de Filosofia \u00e9 uma iniciativa do Departamento de Filosofia da Universidade Federal de Pelotas que visa complementar e aprofundar o conhecimento de professores de filosofia para a atua\u00e7\u00e3o na Educa\u00e7\u00e3o B\u00e1sica (Ensinos Fundamental e M\u00e9dio).<\/span><\/p>\n<p>&nbsp;<\/p>\n","protected":false},"excerpt":{"rendered":"<p>O\u00a0Curso de Especializa\u00e7\u00e3o (Lato Sensu) em Ensino de Filosofia \u00e9 uma iniciativa do Departamento de Filosofia da Universidade Federal de Pelotas que visa complementar e aprofundar o conhecimento de professores de filosofia para a atua\u00e7\u00e3o na Educa\u00e7\u00e3o B\u00e1sica (Ensinos Fundamental e M\u00e9dio). &nbsp;<\/p>\n","protected":false},"author":174,"featured_media":0,"parent":0,"menu_order":0,"comment_status":"closed","ping_status":"closed","template":"","meta":{"footnotes":""},"class_list":["post-60","page","type-page","status-publish","hentry"],"jetpack_sharing_enabled":true,"_links":{"self":[{"href":"https:\/\/wp.ufpel.edu.br\/ed\/wp-json\/wp\/v2\/pages\/60","targetHints":{"allow":["GET"]}}],"collection":[{"href":"https:\/\/wp.ufpel.edu.br\/ed\/wp-json\/wp\/v2\/pages"}],"about":[{"href":"https:\/\/wp.ufpel.edu.br\/ed\/wp-json\/wp\/v2\/types\/page"}],"author":[{"embeddable":true,"href":"https:\/\/wp.ufpel.edu.br\/ed\/wp-json\/wp\/v2\/users\/174"}],"replies":[{"embeddable":true,"href":"https:\/\/wp.ufpel.edu.br\/ed\/wp-json\/wp\/v2\/comments?post=60"}],"version-history":[{"count":7,"href":"https:\/\/wp.ufpel.edu.br\/ed\/wp-json\/wp\/v2\/pages\/60\/revisions"}],"predecessor-version":[{"id":250,"href":"https:\/\/wp.ufpel.edu.br\/ed\/wp-json\/wp\/v2\/pages\/60\/revisions\/250"}],"wp:attachment":[{"href":"https:\/\/wp.ufpel.edu.br\/ed\/wp-json\/wp\/v2\/media?parent=60"}],"curies":[{"name":"wp","href":"https:\/\/api.w.org\/{rel}","templated":true}]}}