{"id":58,"date":"2015-12-29T11:41:44","date_gmt":"2015-12-29T13:41:44","guid":{"rendered":"https:\/\/wp.ufpel.edu.br\/ed\/?page_id=58"},"modified":"2017-06-27T22:56:06","modified_gmt":"2017-06-28T01:56:06","slug":"publico-alvo","status":"publish","type":"page","link":"https:\/\/wp.ufpel.edu.br\/ed\/apresentacao\/publico-alvo\/","title":{"rendered":"P\u00fablico-alvo"},"content":{"rendered":"<ul>\n<li><span style=\"font-size: 12pt\">Professores de Filosofia da Educa\u00e7\u00e3o B\u00e1sica.<\/span><\/li>\n<li><span style=\"font-size: 12pt\">Professores de outras \u00e1reas interessados em aprofundar seus conhecimentos para trabalhar os conte\u00fados transversais da Base Curricular Comum do Ensino M\u00e9dio.<\/span><\/li>\n<\/ul>\n","protected":false},"excerpt":{"rendered":"<p>Professores de Filosofia da Educa\u00e7\u00e3o B\u00e1sica. Professores de outras \u00e1reas interessados em aprofundar seus conhecimentos para trabalhar os conte\u00fados transversais da Base Curricular Comum do Ensino M\u00e9dio.<\/p>\n","protected":false},"author":174,"featured_media":0,"parent":60,"menu_order":0,"comment_status":"closed","ping_status":"closed","template":"","meta":{"footnotes":""},"class_list":["post-58","page","type-page","status-publish","hentry"],"jetpack_sharing_enabled":true,"_links":{"self":[{"href":"https:\/\/wp.ufpel.edu.br\/ed\/wp-json\/wp\/v2\/pages\/58","targetHints":{"allow":["GET"]}}],"collection":[{"href":"https:\/\/wp.ufpel.edu.br\/ed\/wp-json\/wp\/v2\/pages"}],"about":[{"href":"https:\/\/wp.ufpel.edu.br\/ed\/wp-json\/wp\/v2\/types\/page"}],"author":[{"embeddable":true,"href":"https:\/\/wp.ufpel.edu.br\/ed\/wp-json\/wp\/v2\/users\/174"}],"replies":[{"embeddable":true,"href":"https:\/\/wp.ufpel.edu.br\/ed\/wp-json\/wp\/v2\/comments?post=58"}],"version-history":[{"count":5,"href":"https:\/\/wp.ufpel.edu.br\/ed\/wp-json\/wp\/v2\/pages\/58\/revisions"}],"predecessor-version":[{"id":253,"href":"https:\/\/wp.ufpel.edu.br\/ed\/wp-json\/wp\/v2\/pages\/58\/revisions\/253"}],"up":[{"embeddable":true,"href":"https:\/\/wp.ufpel.edu.br\/ed\/wp-json\/wp\/v2\/pages\/60"}],"wp:attachment":[{"href":"https:\/\/wp.ufpel.edu.br\/ed\/wp-json\/wp\/v2\/media?parent=58"}],"curies":[{"name":"wp","href":"https:\/\/api.w.org\/{rel}","templated":true}]}}