{"id":56,"date":"2015-12-29T11:41:30","date_gmt":"2015-12-29T13:41:30","guid":{"rendered":"https:\/\/wp.ufpel.edu.br\/ed\/?page_id=56"},"modified":"2022-05-16T11:01:58","modified_gmt":"2022-05-16T14:01:58","slug":"metodologia","status":"publish","type":"page","link":"https:\/\/wp.ufpel.edu.br\/ed\/apresentacao\/metodologia\/","title":{"rendered":"Metodologia"},"content":{"rendered":"<p><span style=\"font-size: 12pt;\">A concep\u00e7\u00e3o metodol\u00f3gica do Curso de Especializa\u00e7\u00e3o em Ensino de Filosofia baseia-se nos ideais de autonomia e protagonismo no Ensino a Dist\u00e2ncia com aulas s\u00edncronas e em ambiente virtual de aprendizagem institucional. O curso prev\u00ea a realiza\u00e7\u00e3o de 04 semestres com 11 disciplinas total<\/span><\/p>\n<p><span style=\"font-size: 12pt;\">Seguindo as diretrizes do Minist\u00e9rio da Educa\u00e7\u00e3o, as eventuais provas e a defesa da monografia (trabalho de conclus\u00e3o) ser\u00e3o realizadas presencialmente nos polos de apoio presencial ou na sede do Departamento de Filosofia em Pelotas.\u00a0<\/span><\/p>\n<p><span style=\"font-size: 12pt;\">Far\u00e3o jus aos certificados apenas os alunos que conclu\u00edrem com sucesso todos os m\u00f3dulos e obtiverem nota igual ou superior a 7,0 pontos na defesa da monografia (trabalho de conclus\u00e3o).<\/span><\/p>\n","protected":false},"excerpt":{"rendered":"<p>A concep\u00e7\u00e3o metodol\u00f3gica do Curso de Especializa\u00e7\u00e3o em Ensino de Filosofia baseia-se nos ideais de autonomia e protagonismo no Ensino a Dist\u00e2ncia com aulas s\u00edncronas e em ambiente virtual de aprendizagem institucional. O curso prev\u00ea a realiza\u00e7\u00e3o de 04 semestres com 11 disciplinas total Seguindo as diretrizes do Minist\u00e9rio da Educa\u00e7\u00e3o, as eventuais provas e [&hellip;]<\/p>\n","protected":false},"author":174,"featured_media":0,"parent":60,"menu_order":0,"comment_status":"closed","ping_status":"closed","template":"","meta":{"footnotes":""},"class_list":["post-56","page","type-page","status-publish","hentry"],"jetpack_sharing_enabled":true,"_links":{"self":[{"href":"https:\/\/wp.ufpel.edu.br\/ed\/wp-json\/wp\/v2\/pages\/56","targetHints":{"allow":["GET"]}}],"collection":[{"href":"https:\/\/wp.ufpel.edu.br\/ed\/wp-json\/wp\/v2\/pages"}],"about":[{"href":"https:\/\/wp.ufpel.edu.br\/ed\/wp-json\/wp\/v2\/types\/page"}],"author":[{"embeddable":true,"href":"https:\/\/wp.ufpel.edu.br\/ed\/wp-json\/wp\/v2\/users\/174"}],"replies":[{"embeddable":true,"href":"https:\/\/wp.ufpel.edu.br\/ed\/wp-json\/wp\/v2\/comments?post=56"}],"version-history":[{"count":8,"href":"https:\/\/wp.ufpel.edu.br\/ed\/wp-json\/wp\/v2\/pages\/56\/revisions"}],"predecessor-version":[{"id":539,"href":"https:\/\/wp.ufpel.edu.br\/ed\/wp-json\/wp\/v2\/pages\/56\/revisions\/539"}],"up":[{"embeddable":true,"href":"https:\/\/wp.ufpel.edu.br\/ed\/wp-json\/wp\/v2\/pages\/60"}],"wp:attachment":[{"href":"https:\/\/wp.ufpel.edu.br\/ed\/wp-json\/wp\/v2\/media?parent=56"}],"curies":[{"name":"wp","href":"https:\/\/api.w.org\/{rel}","templated":true}]}}