{"id":54,"date":"2015-12-29T11:41:18","date_gmt":"2015-12-29T13:41:18","guid":{"rendered":"https:\/\/wp.ufpel.edu.br\/ed\/?page_id=54"},"modified":"2017-06-27T22:55:38","modified_gmt":"2017-06-28T01:55:38","slug":"objetivos","status":"publish","type":"page","link":"https:\/\/wp.ufpel.edu.br\/ed\/apresentacao\/objetivos\/","title":{"rendered":"Objetivos"},"content":{"rendered":"<ul>\n<li><span style=\"font-size: 12pt\">Promover a reflex\u00e3o cr\u00edtica sobre a a\u00e7\u00e3o profissional da doc\u00eancia sobre saberes pedag\u00f3gicos, cient\u00edficos e culturais, no contexto da Educa\u00e7\u00e3o B\u00e1sica;<\/span><\/li>\n<li><span style=\"font-size: 12pt\">Aprofundar os conhecimentos de professores de Filosofia sobre a import\u00e2ncia do desenvolvimento de habilidades cognitivas fundamentais em cada etapa da Educa\u00e7\u00e3o B\u00e1sica;<\/span><\/li>\n<li><span style=\"font-size: 12pt\">Estimular a cria\u00e7\u00e3o de espa\u00e7os educativos (atrav\u00e9s do egressos do curso) nos quais os sujeitos sejam capazes de consolidar processos psicol\u00f3gicos importantes (pensar, analisar, formular hip\u00f3teses, etc.).<\/span><\/li>\n<li><span style=\"font-size: 12pt\">Combater a fragmenta\u00e7\u00e3o dos saberes atrav\u00e9s da implementa\u00e7\u00e3o, j\u00e1 em andamento em muitos munic\u00edpios, da disciplina de Filosofia no Ensino Fundamental.<\/span><\/li>\n<li><span style=\"font-size: 12pt\">Estimular o desenvolvimento disciplina de Filosofia no Ensino Fundamental como proped\u00eautica em rela\u00e7\u00e3o \u00e0s demais \u00e1reas de conhecimento;<\/span><\/li>\n<li><span style=\"font-size: 12pt\">Estimular a atua\u00e7\u00e3o do professor de Filosofia no Ensino M\u00e9dio centrada em problemas filos\u00f3ficos (ao inv\u00e9s do ensino de Hist\u00f3ria da Filosofia).<\/span><\/li>\n<li><span style=\"font-size: 12pt\">Estimular a forma\u00e7\u00e3o de recursos humanos para atuar constantemente no aperfei\u00e7oamento da Educa\u00e7\u00e3o B\u00e1sica.<\/span><\/li>\n<\/ul>\n","protected":false},"excerpt":{"rendered":"<p>Promover a reflex\u00e3o cr\u00edtica sobre a a\u00e7\u00e3o profissional da doc\u00eancia sobre saberes pedag\u00f3gicos, cient\u00edficos e culturais, no contexto da Educa\u00e7\u00e3o B\u00e1sica; Aprofundar os conhecimentos de professores de Filosofia sobre a import\u00e2ncia do desenvolvimento de habilidades cognitivas fundamentais em cada etapa da Educa\u00e7\u00e3o B\u00e1sica; Estimular a cria\u00e7\u00e3o de espa\u00e7os educativos (atrav\u00e9s do egressos do curso) nos [&hellip;]<\/p>\n","protected":false},"author":174,"featured_media":0,"parent":60,"menu_order":0,"comment_status":"closed","ping_status":"closed","template":"","meta":{"footnotes":""},"class_list":["post-54","page","type-page","status-publish","hentry"],"jetpack_sharing_enabled":true,"_links":{"self":[{"href":"https:\/\/wp.ufpel.edu.br\/ed\/wp-json\/wp\/v2\/pages\/54","targetHints":{"allow":["GET"]}}],"collection":[{"href":"https:\/\/wp.ufpel.edu.br\/ed\/wp-json\/wp\/v2\/pages"}],"about":[{"href":"https:\/\/wp.ufpel.edu.br\/ed\/wp-json\/wp\/v2\/types\/page"}],"author":[{"embeddable":true,"href":"https:\/\/wp.ufpel.edu.br\/ed\/wp-json\/wp\/v2\/users\/174"}],"replies":[{"embeddable":true,"href":"https:\/\/wp.ufpel.edu.br\/ed\/wp-json\/wp\/v2\/comments?post=54"}],"version-history":[{"count":6,"href":"https:\/\/wp.ufpel.edu.br\/ed\/wp-json\/wp\/v2\/pages\/54\/revisions"}],"predecessor-version":[{"id":252,"href":"https:\/\/wp.ufpel.edu.br\/ed\/wp-json\/wp\/v2\/pages\/54\/revisions\/252"}],"up":[{"embeddable":true,"href":"https:\/\/wp.ufpel.edu.br\/ed\/wp-json\/wp\/v2\/pages\/60"}],"wp:attachment":[{"href":"https:\/\/wp.ufpel.edu.br\/ed\/wp-json\/wp\/v2\/media?parent=54"}],"curies":[{"name":"wp","href":"https:\/\/api.w.org\/{rel}","templated":true}]}}