{"id":247,"date":"2017-06-27T22:53:32","date_gmt":"2017-06-28T01:53:32","guid":{"rendered":"https:\/\/wp.ufpel.edu.br\/ed\/?page_id=247"},"modified":"2018-08-24T11:26:29","modified_gmt":"2018-08-24T14:26:29","slug":"coordenacao","status":"publish","type":"page","link":"https:\/\/wp.ufpel.edu.br\/ed\/coordenacao\/","title":{"rendered":"Coordena\u00e7\u00e3o"},"content":{"rendered":"<p><span style=\"font-size: 12pt\"><strong>Coordena\u00e7\u00e3o do Curso<\/strong><\/span><\/p>\n<ul>\n<li><span style=\"font-size: 12pt\">Prof. Dr. Juliano do Carmo (Coordenador)<\/span><\/li>\n<li><span style=\"font-size: 12pt\">Profa. Dra. Kelin Valeir\u00e3o (Coordenador-Adjunto)<\/span><\/li>\n<\/ul>\n","protected":false},"excerpt":{"rendered":"<p>Coordena\u00e7\u00e3o do Curso Prof. Dr. Juliano do Carmo (Coordenador) Profa. Dra. Kelin Valeir\u00e3o (Coordenador-Adjunto)<\/p>\n","protected":false},"author":357,"featured_media":0,"parent":0,"menu_order":0,"comment_status":"closed","ping_status":"closed","template":"","meta":{"footnotes":""},"class_list":["post-247","page","type-page","status-publish","hentry"],"jetpack_sharing_enabled":true,"_links":{"self":[{"href":"https:\/\/wp.ufpel.edu.br\/ed\/wp-json\/wp\/v2\/pages\/247","targetHints":{"allow":["GET"]}}],"collection":[{"href":"https:\/\/wp.ufpel.edu.br\/ed\/wp-json\/wp\/v2\/pages"}],"about":[{"href":"https:\/\/wp.ufpel.edu.br\/ed\/wp-json\/wp\/v2\/types\/page"}],"author":[{"embeddable":true,"href":"https:\/\/wp.ufpel.edu.br\/ed\/wp-json\/wp\/v2\/users\/357"}],"replies":[{"embeddable":true,"href":"https:\/\/wp.ufpel.edu.br\/ed\/wp-json\/wp\/v2\/comments?post=247"}],"version-history":[{"count":3,"href":"https:\/\/wp.ufpel.edu.br\/ed\/wp-json\/wp\/v2\/pages\/247\/revisions"}],"predecessor-version":[{"id":374,"href":"https:\/\/wp.ufpel.edu.br\/ed\/wp-json\/wp\/v2\/pages\/247\/revisions\/374"}],"wp:attachment":[{"href":"https:\/\/wp.ufpel.edu.br\/ed\/wp-json\/wp\/v2\/media?parent=247"}],"curies":[{"name":"wp","href":"https:\/\/api.w.org\/{rel}","templated":true}]}}