{"id":204,"date":"2017-06-25T14:15:11","date_gmt":"2017-06-25T17:15:11","guid":{"rendered":"https:\/\/wp.ufpel.edu.br\/ed\/?page_id=204"},"modified":"2017-06-27T22:52:06","modified_gmt":"2017-06-28T01:52:06","slug":"docentes","status":"publish","type":"page","link":"https:\/\/wp.ufpel.edu.br\/ed\/docentes\/","title":{"rendered":"Corpo Docente"},"content":{"rendered":"<p><span style=\"font-size: 12pt\"><strong>Docentes do Curso<\/strong><\/span><\/p>\n<ul>\n<li><span style=\"font-size: 12pt\">Prof. Dr. Eduardo Ferreira das Neves Filho (UFPEL)<\/span><\/li>\n<li><span style=\"font-size: 12pt\">Prof. Dr. Keberson Bresolin (UFPEL)<\/span><\/li>\n<li><span style=\"font-size: 12pt\">Profa. Dra. Kelin Valeir\u00e3o (UFPEL)<\/span><\/li>\n<li><span style=\"font-size: 12pt\">Prof. Dr. Juliano do Carmo (UFPEL)<\/span><\/li>\n<li><span style=\"font-size: 12pt\">Prof. Pedro Gilberto Leite J\u00fanior (UFPEL)<\/span><\/li>\n<li><span style=\"font-size: 12pt\">Profa. Dra. \u00darsula da Silva (UFPEL)<\/span><\/li>\n<li><span style=\"font-size: 12pt\">Profa. Dra. Elisete Tomazetti (UFSM)<\/span><\/li>\n<li><span style=\"font-size: 12pt\">Profa. Dra. Adriane M\u00f6bbs (UCPEL)<\/span><\/li>\n<\/ul>\n<p>&nbsp;<\/p>\n","protected":false},"excerpt":{"rendered":"<p>Docentes do Curso Prof. Dr. Eduardo Ferreira das Neves Filho (UFPEL) Prof. Dr. Keberson Bresolin (UFPEL) Profa. Dra. Kelin Valeir\u00e3o (UFPEL) Prof. Dr. Juliano do Carmo (UFPEL) Prof. Pedro Gilberto Leite J\u00fanior (UFPEL) Profa. Dra. \u00darsula da Silva (UFPEL) Profa. Dra. Elisete Tomazetti (UFSM) Profa. Dra. Adriane M\u00f6bbs (UCPEL) &nbsp;<\/p>\n","protected":false},"author":357,"featured_media":0,"parent":0,"menu_order":0,"comment_status":"closed","ping_status":"closed","template":"","meta":{"footnotes":""},"class_list":["post-204","page","type-page","status-publish","hentry"],"jetpack_sharing_enabled":true,"_links":{"self":[{"href":"https:\/\/wp.ufpel.edu.br\/ed\/wp-json\/wp\/v2\/pages\/204","targetHints":{"allow":["GET"]}}],"collection":[{"href":"https:\/\/wp.ufpel.edu.br\/ed\/wp-json\/wp\/v2\/pages"}],"about":[{"href":"https:\/\/wp.ufpel.edu.br\/ed\/wp-json\/wp\/v2\/types\/page"}],"author":[{"embeddable":true,"href":"https:\/\/wp.ufpel.edu.br\/ed\/wp-json\/wp\/v2\/users\/357"}],"replies":[{"embeddable":true,"href":"https:\/\/wp.ufpel.edu.br\/ed\/wp-json\/wp\/v2\/comments?post=204"}],"version-history":[{"count":7,"href":"https:\/\/wp.ufpel.edu.br\/ed\/wp-json\/wp\/v2\/pages\/204\/revisions"}],"predecessor-version":[{"id":246,"href":"https:\/\/wp.ufpel.edu.br\/ed\/wp-json\/wp\/v2\/pages\/204\/revisions\/246"}],"wp:attachment":[{"href":"https:\/\/wp.ufpel.edu.br\/ed\/wp-json\/wp\/v2\/media?parent=204"}],"curies":[{"name":"wp","href":"https:\/\/api.w.org\/{rel}","templated":true}]}}