{"id":198,"date":"2017-06-25T13:59:44","date_gmt":"2017-06-25T16:59:44","guid":{"rendered":"https:\/\/wp.ufpel.edu.br\/ed\/?page_id=198"},"modified":"2022-05-16T10:56:12","modified_gmt":"2022-05-16T13:56:12","slug":"matriz","status":"publish","type":"page","link":"https:\/\/wp.ufpel.edu.br\/ed\/matriz\/","title":{"rendered":"Matriz Curricular"},"content":{"rendered":"<p><span style=\"font-size: 12pt;\"><strong><span style=\"color: #008000;\">Primeiro semestre<\/span><\/strong><\/span><\/p>\n<ul>\n<li><span style=\"font-size: 12pt;\">A Neuroci\u00eancia da Aprendizagem e o Desenvolvimento de Habilidades Cognitivas no Ensino Fundamental (04 cr\u00e9ditos &#8211; 68 horas).\u00a0<\/span><\/li>\n<li><span style=\"font-size: 12pt;\">O Ensino de Filosofia atrav\u00e9s de Problemas Filos\u00f3ficos (04 cr\u00e9ditos &#8211; 68 horas).<\/span><\/li>\n<li>Metodologias de Pesquisa e Produ\u00e7\u00e3o de Textos Acad\u00eamicos (04 cr\u00e9ditos &#8211; 68 horas).<\/li>\n<\/ul>\n<p>&nbsp;<\/p>\n<p><span style=\"font-size: 12pt;\"><strong><span style=\"color: #008000;\">Segundo semestre<\/span><\/strong><\/span><\/p>\n<ul>\n<li>A Transversalidade dos Temas Filos\u00f3ficos na Educa\u00e7\u00e3o B\u00e1sica (04 cr\u00e9ditos &#8211; 68 horas).<\/li>\n<li>A Transposi\u00e7\u00e3o Did\u00e1tica no Ensino de Filosofia (04 cr\u00e9ditos &#8211; 68 horas).<\/li>\n<li>O Ensino atrav\u00e9s de Metodologias Ativas (04 cr\u00e9ditos &#8211; 68 horas).<\/li>\n<\/ul>\n<p>&nbsp;<\/p>\n<p><span style=\"font-size: 12pt;\"><strong><span style=\"color: #008000;\">Terceiro semestre<\/span><\/strong><\/span><\/p>\n<ul>\n<li>O uso de Experimentos de Pensamento no Processo de Ensino-Aprendizagem (04 cr\u00e9ditos &#8211; 68 horas).<\/li>\n<li>Estudos Avan\u00e7ados sobre Nova Base Nacional Comum Curricular (04 cr\u00e9ditos &#8211; 68 horas).<\/li>\n<li>O Ensino e o Projeto de Vida (04 cr\u00e9ditos &#8211; 68 horas).<\/li>\n<\/ul>\n<p>&nbsp;<\/p>\n<p><span style=\"font-size: 12pt;\"><strong><span style=\"color: #008000;\">Quarto semestre<\/span><\/strong><\/span><\/p>\n<ul>\n<li><span style=\"font-size: 12pt;\">Modalidades de Ensino: Desafios e Possibilidades (04 cr\u00e9ditos &#8211; 68 horas).<\/span><\/li>\n<li>Trabalho de Conclus\u00e3o de Curso (04 cr\u00e9ditos &#8211; 68 horas)<\/li>\n<\/ul>\n<p><span style=\"font-size: 12pt;\"><strong><span style=\"color: #008000;\">Integraliza\u00e7\u00e3o em Cr\u00e9ditos: 44<\/span><\/strong><\/span><\/p>\n<p><span style=\"font-size: 12pt;\"><strong><span style=\"color: #008000;\">Integraliza\u00e7\u00e3o em Horas: 748<\/span><\/strong><\/span><\/p>\n","protected":false},"excerpt":{"rendered":"<p>Primeiro semestre A Neuroci\u00eancia da Aprendizagem e o Desenvolvimento de Habilidades Cognitivas no Ensino Fundamental (04 cr\u00e9ditos &#8211; 68 horas).\u00a0 O Ensino de Filosofia atrav\u00e9s de Problemas Filos\u00f3ficos (04 cr\u00e9ditos &#8211; 68 horas). Metodologias de Pesquisa e Produ\u00e7\u00e3o de Textos Acad\u00eamicos (04 cr\u00e9ditos &#8211; 68 horas). &nbsp; Segundo semestre A Transversalidade dos Temas Filos\u00f3ficos na [&hellip;]<\/p>\n","protected":false},"author":357,"featured_media":0,"parent":0,"menu_order":0,"comment_status":"closed","ping_status":"closed","template":"","meta":{"footnotes":""},"class_list":["post-198","page","type-page","status-publish","hentry"],"jetpack_sharing_enabled":true,"_links":{"self":[{"href":"https:\/\/wp.ufpel.edu.br\/ed\/wp-json\/wp\/v2\/pages\/198","targetHints":{"allow":["GET"]}}],"collection":[{"href":"https:\/\/wp.ufpel.edu.br\/ed\/wp-json\/wp\/v2\/pages"}],"about":[{"href":"https:\/\/wp.ufpel.edu.br\/ed\/wp-json\/wp\/v2\/types\/page"}],"author":[{"embeddable":true,"href":"https:\/\/wp.ufpel.edu.br\/ed\/wp-json\/wp\/v2\/users\/357"}],"replies":[{"embeddable":true,"href":"https:\/\/wp.ufpel.edu.br\/ed\/wp-json\/wp\/v2\/comments?post=198"}],"version-history":[{"count":10,"href":"https:\/\/wp.ufpel.edu.br\/ed\/wp-json\/wp\/v2\/pages\/198\/revisions"}],"predecessor-version":[{"id":538,"href":"https:\/\/wp.ufpel.edu.br\/ed\/wp-json\/wp\/v2\/pages\/198\/revisions\/538"}],"wp:attachment":[{"href":"https:\/\/wp.ufpel.edu.br\/ed\/wp-json\/wp\/v2\/media?parent=198"}],"curies":[{"name":"wp","href":"https:\/\/api.w.org\/{rel}","templated":true}]}}