{"id":65,"date":"2019-05-13T15:51:12","date_gmt":"2019-05-13T18:51:12","guid":{"rendered":"https:\/\/wp.ufpel.edu.br\/ecosusufpel\/?page_id=65"},"modified":"2020-02-21T08:05:05","modified_gmt":"2020-02-21T11:05:05","slug":"fotos","status":"publish","type":"page","link":"https:\/\/wp.ufpel.edu.br\/ecosusufpel\/?page_id=65","title":{"rendered":"Fotos"},"content":{"rendered":"<div id=\"attachment_366\" style=\"width: 1129px\" class=\"wp-caption alignleft\"><img loading=\"lazy\" decoding=\"async\" aria-describedby=\"caption-attachment-366\" class=\"wp-image-366\" src=\"https:\/\/wp.ufpel.edu.br\/ecosusufpel\/files\/2020\/02\/1.jpg\" alt=\"Professora Greisse Leal falando sobre o andamento do trabalho de campo em Palmeira das Miss\u00f5es\" width=\"1119\" height=\"839\" \/><p id=\"caption-attachment-366\" class=\"wp-caption-text\">Professora Greisse Leal falando sobre o andamento do trabalho de campo no munic\u00edpio de Palmeira das Miss\u00f5es<\/p><\/div>\n<div id=\"attachment_366\" style=\"width: 1129px\" class=\"wp-caption alignleft\"><img loading=\"lazy\" decoding=\"async\" aria-describedby=\"caption-attachment-366\" class=\"wp-image-366\" src=\"https:\/\/wp.ufpel.edu.br\/ecosusufpel\/files\/2020\/02\/2.jpg\" alt=\"Entrevistadoras de Pelotas realizando trabalho de campo no bairro Dunas\" width=\"1119\" height=\"839\" \/><p id=\"caption-attachment-366\" class=\"wp-caption-text\">Entrevistadoras de Pelotas no trabalho de campo no bairro Dunas<\/p><\/div>\n<div id=\"attachment_366\" style=\"width: 1129px\" class=\"wp-caption alignleft\"><img loading=\"lazy\" decoding=\"async\" aria-describedby=\"caption-attachment-366\" class=\"wp-image-366\" src=\"https:\/\/wp.ufpel.edu.br\/ecosusufpel\/files\/2019\/12\/treinamento.jpg\" alt=\"Treinamento realizado em Passo Fundo, com membros e profissionais da sa\u00fade, para in\u00edcio da pesquisa com usu\u00e1rios adstritos \u00e0s UBSs\" width=\"1119\" height=\"839\" \/><p id=\"caption-attachment-366\" class=\"wp-caption-text\">Treinamento realizado em Passo Fundo, com membros e profissionais da sa\u00fade, para in\u00edcio da pesquisa com usu\u00e1rios adstritos \u00e0s UBSs<\/p><\/div>\n<div id=\"attachment_366\" style=\"width: 1129px\" class=\"wp-caption alignleft\"><img loading=\"lazy\" decoding=\"async\" aria-describedby=\"caption-attachment-366\" class=\"wp-image-366\" src=\"https:\/\/wp.ufpel.edu.br\/ecosusufpel\/files\/2019\/12\/DSC_0397-scaled.jpg\" alt=\"III Encontro Formativo Presencial ECOSUS\" width=\"1119\" height=\"839\" \/><p id=\"caption-attachment-366\" class=\"wp-caption-text\">III Encontro Formativo Presencial ECOSUS<\/p><\/div>\n<div id=\"attachment_366\" style=\"width: 1129px\" class=\"wp-caption alignleft\"><img loading=\"lazy\" decoding=\"async\" aria-describedby=\"caption-attachment-366\" class=\"wp-image-366\" src=\"https:\/\/wp.ufpel.edu.br\/ecosusufpel\/files\/2019\/10\/2-encontro-formativo.jpg\" alt=\"I Encontro Formativo Presencial ECOSUS\" width=\"1119\" height=\"839\" srcset=\"https:\/\/wp.ufpel.edu.br\/ecosusufpel\/files\/2019\/10\/2-encontro-formativo.jpg 1032w, https:\/\/wp.ufpel.edu.br\/ecosusufpel\/files\/2019\/10\/2-encontro-formativo-400x300.jpg 400w, https:\/\/wp.ufpel.edu.br\/ecosusufpel\/files\/2019\/10\/2-encontro-formativo-768x576.jpg 768w, https:\/\/wp.ufpel.edu.br\/ecosusufpel\/files\/2019\/10\/2-encontro-formativo-1024x768.jpg 1024w\" sizes=\"auto, (max-width: 1119px) 100vw, 1119px\" \/><p id=\"caption-attachment-366\" class=\"wp-caption-text\">II Encontro Formativo Presencial ECOSUS<\/p><\/div>\n<div id=\"attachment_371\" style=\"width: 1042px\" class=\"wp-caption alignleft\"><img loading=\"lazy\" decoding=\"async\" aria-describedby=\"caption-attachment-371\" class=\"size-full wp-image-371\" src=\"https:\/\/wp.ufpel.edu.br\/ecosusufpel\/files\/2019\/10\/equipe-ecosus.jpg\" alt=\"II Encontro Formativo Presencial ECOSUS - Equipe ECOSUS\" width=\"1032\" height=\"774\" srcset=\"https:\/\/wp.ufpel.edu.br\/ecosusufpel\/files\/2019\/10\/equipe-ecosus.jpg 1032w, https:\/\/wp.ufpel.edu.br\/ecosusufpel\/files\/2019\/10\/equipe-ecosus-400x300.jpg 400w, https:\/\/wp.ufpel.edu.br\/ecosusufpel\/files\/2019\/10\/equipe-ecosus-768x576.jpg 768w, https:\/\/wp.ufpel.edu.br\/ecosusufpel\/files\/2019\/10\/equipe-ecosus-1024x768.jpg 1024w\" sizes=\"auto, (max-width: 1032px) 100vw, 1032px\" \/><p id=\"caption-attachment-371\" class=\"wp-caption-text\">II Encontro Formativo Presencial ECOSUS &#8211; Equipe ECOSUS<\/p><\/div>\n<p>&nbsp;<\/p>\n<div id=\"attachment_349\" style=\"width: 1225px\" class=\"wp-caption alignnone\"><img loading=\"lazy\" decoding=\"async\" aria-describedby=\"caption-attachment-349\" class=\"wp-image-349\" src=\"https:\/\/wp.ufpel.edu.br\/ecosusufpel\/files\/2019\/09\/equipeecosus.jpg\" alt=\"Equipe ECOSUS\" width=\"1215\" height=\"810\" srcset=\"https:\/\/wp.ufpel.edu.br\/ecosusufpel\/files\/2019\/09\/equipeecosus.jpg 1944w, https:\/\/wp.ufpel.edu.br\/ecosusufpel\/files\/2019\/09\/equipeecosus-400x267.jpg 400w, https:\/\/wp.ufpel.edu.br\/ecosusufpel\/files\/2019\/09\/equipeecosus-768x512.jpg 768w, https:\/\/wp.ufpel.edu.br\/ecosusufpel\/files\/2019\/09\/equipeecosus-1024x683.jpg 1024w\" sizes=\"auto, (max-width: 1215px) 100vw, 1215px\" \/><p id=\"caption-attachment-349\" class=\"wp-caption-text\">I Encontro Formativo Presencial ECOSUS \u2013 Equipe ECOSUS<\/p><\/div>\n<div id=\"attachment_350\" style=\"width: 1231px\" class=\"wp-caption alignleft\"><img loading=\"lazy\" decoding=\"async\" aria-describedby=\"caption-attachment-350\" class=\" wp-image-350\" src=\"https:\/\/wp.ufpel.edu.br\/ecosusufpel\/files\/2019\/09\/ecosus.jpg\" alt=\"I Encontro Formativo Presencial ECOSUS\" width=\"1221\" height=\"814\" srcset=\"https:\/\/wp.ufpel.edu.br\/ecosusufpel\/files\/2019\/09\/ecosus.jpg 1944w, https:\/\/wp.ufpel.edu.br\/ecosusufpel\/files\/2019\/09\/ecosus-400x267.jpg 400w, https:\/\/wp.ufpel.edu.br\/ecosusufpel\/files\/2019\/09\/ecosus-768x512.jpg 768w, https:\/\/wp.ufpel.edu.br\/ecosusufpel\/files\/2019\/09\/ecosus-1024x683.jpg 1024w\" sizes=\"auto, (max-width: 1221px) 100vw, 1221px\" \/><p id=\"caption-attachment-350\" class=\"wp-caption-text\">I Encontro Formativo Presencial ECOSUS<\/p><\/div>\n<div id=\"attachment_346\" style=\"width: 1237px\" class=\"wp-caption alignleft\"><img loading=\"lazy\" decoding=\"async\" aria-describedby=\"caption-attachment-346\" class=\"wp-image-346\" title=\"I Encontro Formativo Presencial ECOSUS\" src=\"https:\/\/wp.ufpel.edu.br\/ecosusufpel\/files\/2019\/09\/ecosusufpel1.jpg\" alt=\"I Encontro Formativo Presencial ECOSUS\" width=\"1227\" height=\"818\" srcset=\"https:\/\/wp.ufpel.edu.br\/ecosusufpel\/files\/2019\/09\/ecosusufpel1.jpg 1944w, https:\/\/wp.ufpel.edu.br\/ecosusufpel\/files\/2019\/09\/ecosusufpel1-400x267.jpg 400w, https:\/\/wp.ufpel.edu.br\/ecosusufpel\/files\/2019\/09\/ecosusufpel1-768x512.jpg 768w, https:\/\/wp.ufpel.edu.br\/ecosusufpel\/files\/2019\/09\/ecosusufpel1-1024x683.jpg 1024w\" sizes=\"auto, (max-width: 1227px) 100vw, 1227px\" \/><p id=\"caption-attachment-346\" class=\"wp-caption-text\">I Encontro Formativo Presencial ECOSUS<\/p><\/div>\n<div id=\"attachment_340\" style=\"width: 650px\" class=\"wp-caption alignnone\"><img loading=\"lazy\" decoding=\"async\" aria-describedby=\"caption-attachment-340\" class=\"wp-image-340 size-full\" src=\"https:\/\/wp.ufpel.edu.br\/ecosusufpel\/files\/2019\/08\/folder.jpg\" alt=\"\" width=\"640\" height=\"908\" srcset=\"https:\/\/wp.ufpel.edu.br\/ecosusufpel\/files\/2019\/08\/folder.jpg 640w, https:\/\/wp.ufpel.edu.br\/ecosusufpel\/files\/2019\/08\/folder-282x400.jpg 282w\" sizes=\"auto, (max-width: 640px) 100vw, 640px\" \/><p id=\"caption-attachment-340\" class=\"wp-caption-text\">Folder I Encontro Formativo Presencial ECOSUS<\/p><\/div>\n\n\t\t<style type=\"text\/css\">\n\t\t\t#gallery-1 {\n\t\t\t\tmargin: auto;\n\t\t\t}\n\t\t\t#gallery-1 .gallery-item {\n\t\t\t\tfloat: left;\n\t\t\t\tmargin-top: 10px;\n\t\t\t\ttext-align: center;\n\t\t\t\twidth: 100%;\n\t\t\t}\n\t\t\t#gallery-1 img {\n\t\t\t\tborder: 2px solid #cfcfcf;\n\t\t\t}\n\t\t\t#gallery-1 .gallery-caption {\n\t\t\t\tmargin-left: 0;\n\t\t\t}\n\t\t\t\/* see gallery_shortcode() in wp-includes\/media.php *\/\n\t\t<\/style>\n\t\t<div id='gallery-1' class='gallery galleryid-65 gallery-columns-1 gallery-size-full'><dl class='gallery-item'>\n\t\t\t<dt class='gallery-icon landscape'>\n\t\t\t\t<a href='https:\/\/wp.ufpel.edu.br\/ecosusufpel\/files\/2019\/06\/WhatsApp-Image-2019-05-31-at-19.11.18.jpeg'><img loading=\"lazy\" decoding=\"async\" width=\"1280\" height=\"780\" src=\"https:\/\/wp.ufpel.edu.br\/ecosusufpel\/files\/2019\/06\/WhatsApp-Image-2019-05-31-at-19.11.18.jpeg\" class=\"attachment-full size-full\" alt=\"\" aria-describedby=\"gallery-1-138\" srcset=\"https:\/\/wp.ufpel.edu.br\/ecosusufpel\/files\/2019\/06\/WhatsApp-Image-2019-05-31-at-19.11.18.jpeg 1280w, https:\/\/wp.ufpel.edu.br\/ecosusufpel\/files\/2019\/06\/WhatsApp-Image-2019-05-31-at-19.11.18-400x244.jpeg 400w, https:\/\/wp.ufpel.edu.br\/ecosusufpel\/files\/2019\/06\/WhatsApp-Image-2019-05-31-at-19.11.18-768x468.jpeg 768w, https:\/\/wp.ufpel.edu.br\/ecosusufpel\/files\/2019\/06\/WhatsApp-Image-2019-05-31-at-19.11.18-1024x624.jpeg 1024w\" sizes=\"auto, (max-width: 1280px) 100vw, 1280px\" \/><\/a>\n\t\t\t<\/dt>\n\t\t\t\t<dd class='wp-caption-text gallery-caption' id='gallery-1-138'>\n\t\t\t\tSemin\u00e1rio Marco Zero, Bras\u00edlia\/DF,\u00a027, 28 e 29 de maio de 2019, participa\u00e7\u00e3o Professora Denise Gigante-UFPel e Nutricionista\u00a0\u00a0Maisa Beltrame Pedroso-SES\/RS.\n\t\t\t\t<\/dd><\/dl><br style=\"clear: both\" \/>\n\t\t<\/div>\n\n<div id=\"attachment_140\" style=\"width: 855px\" class=\"wp-caption alignleft\"><img loading=\"lazy\" decoding=\"async\" aria-describedby=\"caption-attachment-140\" class=\"wp-image-140\" src=\"https:\/\/wp.ufpel.edu.br\/ecosusufpel\/files\/2019\/06\/WhatsApp-Image-2019-06-03-at-17.00.29-1024x576.jpeg\" alt=\"\" width=\"845\" height=\"475\" srcset=\"https:\/\/wp.ufpel.edu.br\/ecosusufpel\/files\/2019\/06\/WhatsApp-Image-2019-06-03-at-17.00.29-1024x576.jpeg 1024w, https:\/\/wp.ufpel.edu.br\/ecosusufpel\/files\/2019\/06\/WhatsApp-Image-2019-06-03-at-17.00.29-400x225.jpeg 400w, https:\/\/wp.ufpel.edu.br\/ecosusufpel\/files\/2019\/06\/WhatsApp-Image-2019-06-03-at-17.00.29-768x432.jpeg 768w, https:\/\/wp.ufpel.edu.br\/ecosusufpel\/files\/2019\/06\/WhatsApp-Image-2019-06-03-at-17.00.29.jpeg 1040w\" sizes=\"auto, (max-width: 845px) 100vw, 845px\" \/><p id=\"caption-attachment-140\" class=\"wp-caption-text\">I Reuni\u00e3o da Equipe T\u00e9cnica do Projeto, no dia 03 de junho de 2019, Porto Alegre\/RS, na Sede da Secretaria Estadual da Sa\u00fade\/RS<\/p><\/div>\n<div id=\"attachment_297\" style=\"width: 1290px\" class=\"wp-caption alignleft\"><img loading=\"lazy\" decoding=\"async\" aria-describedby=\"caption-attachment-297\" class=\"wp-image-297 size-full\" src=\"https:\/\/wp.ufpel.edu.br\/ecosusufpel\/files\/2019\/06\/IMG-20190626-WA0000.jpg\" alt=\"\" width=\"1280\" height=\"960\" srcset=\"https:\/\/wp.ufpel.edu.br\/ecosusufpel\/files\/2019\/06\/IMG-20190626-WA0000.jpg 1280w, https:\/\/wp.ufpel.edu.br\/ecosusufpel\/files\/2019\/06\/IMG-20190626-WA0000-400x300.jpg 400w, https:\/\/wp.ufpel.edu.br\/ecosusufpel\/files\/2019\/06\/IMG-20190626-WA0000-768x576.jpg 768w, https:\/\/wp.ufpel.edu.br\/ecosusufpel\/files\/2019\/06\/IMG-20190626-WA0000-1024x768.jpg 1024w\" sizes=\"auto, (max-width: 1280px) 100vw, 1280px\" \/><p id=\"caption-attachment-297\" class=\"wp-caption-text\">Participa\u00e7\u00e3o da Professora Adriane\u00a0Cervi Bl\u00fcmke\u00a0na reuni\u00e3o do\u00a0CIR (C\u00f4mite Intergestor Regional) da 15\u00aa CRS,\u00a0no dia 25 de junho de 2019, na cidade de Palmeira das Miss\u00f5es, para apresenta\u00e7\u00e3o do Projeto.<\/p><\/div>\n<div id=\"attachment_315\" style=\"width: 916px\" class=\"wp-caption alignleft\"><img loading=\"lazy\" decoding=\"async\" aria-describedby=\"caption-attachment-315\" class=\"wp-image-315 size-full\" src=\"https:\/\/wp.ufpel.edu.br\/ecosusufpel\/files\/2019\/07\/santavitoria.jpg\" alt=\"\" width=\"906\" height=\"898\" srcset=\"https:\/\/wp.ufpel.edu.br\/ecosusufpel\/files\/2019\/07\/santavitoria.jpg 906w, https:\/\/wp.ufpel.edu.br\/ecosusufpel\/files\/2019\/07\/santavitoria-400x396.jpg 400w, https:\/\/wp.ufpel.edu.br\/ecosusufpel\/files\/2019\/07\/santavitoria-768x761.jpg 768w, https:\/\/wp.ufpel.edu.br\/ecosusufpel\/files\/2019\/07\/santavitoria-100x100.jpg 100w\" sizes=\"auto, (max-width: 906px) 100vw, 906px\" \/><p id=\"caption-attachment-315\" class=\"wp-caption-text\">Participa\u00e7\u00e3o da Professora Denise Gigante, na reuni\u00e3o do CIR (C\u00f4mite Intergestor Regional) da 3\u00aa CRS, no dia 28 de junho de 2019, na cidade de Santa Vit\u00f3ria do Palmar, para apresenta\u00e7\u00e3o do Projeto.<\/p><\/div>\n<div id=\"attachment_323\" style=\"width: 769px\" class=\"wp-caption alignleft\"><img loading=\"lazy\" decoding=\"async\" aria-describedby=\"caption-attachment-323\" class=\"size-full wp-image-323\" src=\"https:\/\/wp.ufpel.edu.br\/ecosusufpel\/files\/2019\/07\/Foto1.jpg\" alt=\"\" width=\"759\" height=\"877\" srcset=\"https:\/\/wp.ufpel.edu.br\/ecosusufpel\/files\/2019\/07\/Foto1.jpg 759w, https:\/\/wp.ufpel.edu.br\/ecosusufpel\/files\/2019\/07\/Foto1-346x400.jpg 346w\" sizes=\"auto, (max-width: 759px) 100vw, 759px\" \/><p id=\"caption-attachment-323\" class=\"wp-caption-text\">Participa\u00e7\u00e3o da Professora Denise Gigante, na reuni\u00e3o da SETEC\/RS, no dia 16 de julho de 2019, na cidade de Porto Alegre, para apresenta\u00e7\u00e3o do Projeto.<\/p><\/div>\n","protected":false},"excerpt":{"rendered":"<p>&nbsp;<\/p>\n","protected":false},"author":919,"featured_media":138,"parent":0,"menu_order":7,"comment_status":"closed","ping_status":"closed","template":"","meta":{"footnotes":""},"class_list":["post-65","page","type-page","status-publish","has-post-thumbnail","hentry"],"jetpack_sharing_enabled":true,"_links":{"self":[{"href":"https:\/\/wp.ufpel.edu.br\/ecosusufpel\/index.php?rest_route=\/wp\/v2\/pages\/65","targetHints":{"allow":["GET"]}}],"collection":[{"href":"https:\/\/wp.ufpel.edu.br\/ecosusufpel\/index.php?rest_route=\/wp\/v2\/pages"}],"about":[{"href":"https:\/\/wp.ufpel.edu.br\/ecosusufpel\/index.php?rest_route=\/wp\/v2\/types\/page"}],"author":[{"embeddable":true,"href":"https:\/\/wp.ufpel.edu.br\/ecosusufpel\/index.php?rest_route=\/wp\/v2\/users\/919"}],"replies":[{"embeddable":true,"href":"https:\/\/wp.ufpel.edu.br\/ecosusufpel\/index.php?rest_route=%2Fwp%2Fv2%2Fcomments&post=65"}],"version-history":[{"count":55,"href":"https:\/\/wp.ufpel.edu.br\/ecosusufpel\/index.php?rest_route=\/wp\/v2\/pages\/65\/revisions"}],"predecessor-version":[{"id":415,"href":"https:\/\/wp.ufpel.edu.br\/ecosusufpel\/index.php?rest_route=\/wp\/v2\/pages\/65\/revisions\/415"}],"wp:featuredmedia":[{"embeddable":true,"href":"https:\/\/wp.ufpel.edu.br\/ecosusufpel\/index.php?rest_route=\/wp\/v2\/media\/138"}],"wp:attachment":[{"href":"https:\/\/wp.ufpel.edu.br\/ecosusufpel\/index.php?rest_route=%2Fwp%2Fv2%2Fmedia&parent=65"}],"curies":[{"name":"wp","href":"https:\/\/api.w.org\/{rel}","templated":true}]}}