{"id":9,"date":"2016-04-04T13:00:38","date_gmt":"2016-04-04T16:00:38","guid":{"rendered":"https:\/\/wp.ufpel.edu.br\/economia\/?page_id=9"},"modified":"2026-02-25T14:51:24","modified_gmt":"2026-02-25T17:51:24","slug":"corpo-docente","status":"publish","type":"page","link":"https:\/\/wp.ufpel.edu.br\/economia\/corpo-docente\/","title":{"rendered":"Corpo Docente"},"content":{"rendered":"<p>O corpo docente do Departamento de Economia da Universidade Federal de Pelotas \u00e9 formado pelos seguintes professores (clique no curr\u00edculo Lattes para conhecer mais sobre as \u00e1reas de interesse, pesquisas e publica\u00e7\u00f5es de cada professor):<\/p>\n<p>&#8211; Prof. Dr. Andr\u00e9 Carraro (UFRGS) &#8211; (<a href=\"http:\/\/buscatextual.cnpq.br\/buscatextual\/visualizacv.do?id=B130877\" target=\"_blank\" rel=\"noopener\">Lattes)<br \/>\n<\/a><br \/>\n&#8211; Prof. Dr. Cesar Oviedo Tejada (UFRGS) &#8211; <a href=\"http:\/\/buscatextual.cnpq.br\/buscatextual\/visualizacv.do?id=B309359\" target=\"_blank\" rel=\"noopener\">(Lattes) <\/a><\/p>\n<p>&#8211; Prof. Dr. Daniel Uhr (UnB) &#8211; <a href=\"http:\/\/buscatextual.cnpq.br\/buscatextual\/visualizacv.do?id=E2630085\" target=\"_blank\" rel=\"noopener\">(Lattes)<\/a><\/p>\n<p>&#8211; Prof\u00aa Dra. Daniela Miguel Coelho (Unisinos) &#8211; <a href=\"http:\/\/lattes.cnpq.br\/4137782139193822\" target=\"_blank\" rel=\"noopener\">(Lattes)<\/a><\/p>\n<p>&#8211; Prof. Dr. F\u00e1bio Massa\u00fad Caetano (UFRGS) &#8211; <a href=\"http:\/\/lattes.cnpq.br\/4372488715943171\" target=\"_blank\" rel=\"noopener\">(Lattes)<\/a><\/p>\n<p>&#8211; Prof. Dr. Felipe Garcia Ribeiro (EESP-FGV) &#8211; <a href=\"http:\/\/lattes.cnpq.br\/1139079330866028\" target=\"_blank\" rel=\"noopener\">(Lattes)<\/a><\/p>\n<p>&#8211; Prof. Dr. Gabrielito Rauter Menezes (UFRGS) &#8211; <a href=\"http:\/\/lattes.cnpq.br\/7693830866855994\" target=\"_blank\" rel=\"noopener\">(Lattes)<\/a><\/p>\n<p>&#8211; Prof\u00aa Dra. J\u00falia Ziero Uhr (UnB) &#8211; <a href=\"http:\/\/buscatextual.cnpq.br\/buscatextual\/visualizacv.do?id=K4231130J6\" target=\"_blank\" rel=\"noopener\">(Lattes)<\/a><\/p>\n<p>&#8211; Prof. Dr. Marcelo de Oliveira Passos (UFPR) &#8211; <a href=\"http:\/\/lattes.cnpq.br\/2642868641578654\" target=\"_blank\" rel=\"noopener\">(Lattes)<\/a><\/p>\n<p>&#8211; Prof. Dr. Regis Augusto Ely (UnB) &#8211; <a href=\"http:\/\/buscatextual.cnpq.br\/buscatextual\/visualizacv.do?metodo=apresentar&amp;id=K4248240A9\" target=\"_blank\" rel=\"noopener\">(Lattes)<\/a><\/p>\n<p>&#8211; Prof. Dr. Rodrigo Nobre Fernandez (UFRGS) &#8211; <a href=\"http:\/\/lattes.cnpq.br\/7835812928614071\" target=\"_blank\" rel=\"noopener\">(Lattes)<\/a><\/p>\n","protected":false},"excerpt":{"rendered":"<p>O corpo docente do Departamento de Economia da Universidade Federal de Pelotas \u00e9 formado pelos seguintes professores (clique no curr\u00edculo Lattes para conhecer mais sobre as \u00e1reas de interesse, pesquisas e publica\u00e7\u00f5es de cada professor): &#8211; Prof. Dr. Andr\u00e9 Carraro (UFRGS) &#8211; (Lattes) &#8211; Prof. Dr. Cesar Oviedo Tejada (UFRGS) &#8211; (Lattes) &#8211; Prof. Dr. [&hellip;]<\/p>\n","protected":false},"author":600,"featured_media":0,"parent":0,"menu_order":1,"comment_status":"closed","ping_status":"closed","template":"","meta":{"footnotes":""},"class_list":["post-9","page","type-page","status-publish","hentry"],"_links":{"self":[{"href":"https:\/\/wp.ufpel.edu.br\/economia\/wp-json\/wp\/v2\/pages\/9","targetHints":{"allow":["GET"]}}],"collection":[{"href":"https:\/\/wp.ufpel.edu.br\/economia\/wp-json\/wp\/v2\/pages"}],"about":[{"href":"https:\/\/wp.ufpel.edu.br\/economia\/wp-json\/wp\/v2\/types\/page"}],"author":[{"embeddable":true,"href":"https:\/\/wp.ufpel.edu.br\/economia\/wp-json\/wp\/v2\/users\/600"}],"replies":[{"embeddable":true,"href":"https:\/\/wp.ufpel.edu.br\/economia\/wp-json\/wp\/v2\/comments?post=9"}],"version-history":[{"count":4,"href":"https:\/\/wp.ufpel.edu.br\/economia\/wp-json\/wp\/v2\/pages\/9\/revisions"}],"predecessor-version":[{"id":1417,"href":"https:\/\/wp.ufpel.edu.br\/economia\/wp-json\/wp\/v2\/pages\/9\/revisions\/1417"}],"wp:attachment":[{"href":"https:\/\/wp.ufpel.edu.br\/economia\/wp-json\/wp\/v2\/media?parent=9"}],"curies":[{"name":"wp","href":"https:\/\/api.w.org\/{rel}","templated":true}]}}