{"id":664,"date":"2016-10-09T13:12:32","date_gmt":"2016-10-09T16:12:32","guid":{"rendered":"https:\/\/wp.ufpel.edu.br\/economia\/?page_id=664"},"modified":"2026-03-23T14:34:02","modified_gmt":"2026-03-23T17:34:02","slug":"contato","status":"publish","type":"page","link":"https:\/\/wp.ufpel.edu.br\/economia\/contato\/","title":{"rendered":"Contato"},"content":{"rendered":"<p><strong>Instituto de Ci\u00eancias Humanas &#8211; ICH<\/strong><br \/>\n<span style=\"text-decoration: underline;\">Diretor<\/span>: Sebasti\u00e3o Peres<br \/>\nE-mail: speres.ufpel@gmail.com<br \/>\n<span style=\"text-decoration: underline;\">Vice-Diretora<\/span>: Andr\u00e9a Lacerda Bachettini<\/p>\n<p><strong>Departamento de Economia &#8211; DECON<\/strong><br \/>\n<span style=\"text-decoration: underline;\">Chefe<\/span>: Rodrigo Nobre Fernandez<br \/>\nE-mail: rodrigonobrefernandez@gmail.com<\/p>\n<p><strong>Colegiado do curso de Bacharelado em Ci\u00eancias Econ\u00f4micas<\/strong><br \/>\n<span style=\"text-decoration: underline;\">Coordenadora<\/span>: Daniela Miguel Coelho<br \/>\nE-mail: danielagmcoelho@yahoo.com.br<\/p>\n<p><span style=\"text-decoration: underline;\">Secret\u00e1rio<\/span>: Claudemir B. J\u00fanior<br \/>\nE-mail: economia@ufpel.edu.br<\/p>\n<p><strong>Localiza\u00e7\u00e3o e contatos &#8211; Departamento de Economia<\/strong><br \/>\nRua Gomes Carneiro n\u00ba 1 (Campus Anglo) &#8211; 4\u00ba andar<br \/>\nPelotas\/RS &#8211; CEP: 96010-610<br \/>\nTelefone: +55 (53) 3284-3865<br \/>\nE-mail: economia@ufpel.edu.br<\/p>\n<p>&nbsp;<\/p>\n","protected":false},"excerpt":{"rendered":"<p>Instituto de Ci\u00eancias Humanas &#8211; ICH Diretor: Sebasti\u00e3o Peres E-mail: speres.ufpel@gmail.com Vice-Diretora: Andr\u00e9a Lacerda Bachettini Departamento de Economia &#8211; DECON Chefe: Rodrigo Nobre Fernandez E-mail: rodrigonobrefernandez@gmail.com Colegiado do curso de Bacharelado em Ci\u00eancias Econ\u00f4micas Coordenadora: Daniela Miguel Coelho E-mail: danielagmcoelho@yahoo.com.br Secret\u00e1rio: Claudemir B. J\u00fanior E-mail: economia@ufpel.edu.br Localiza\u00e7\u00e3o e contatos &#8211; Departamento de Economia Rua Gomes [&hellip;]<\/p>\n","protected":false},"author":602,"featured_media":0,"parent":0,"menu_order":0,"comment_status":"closed","ping_status":"closed","template":"","meta":{"footnotes":""},"class_list":["post-664","page","type-page","status-publish","hentry"],"_links":{"self":[{"href":"https:\/\/wp.ufpel.edu.br\/economia\/wp-json\/wp\/v2\/pages\/664","targetHints":{"allow":["GET"]}}],"collection":[{"href":"https:\/\/wp.ufpel.edu.br\/economia\/wp-json\/wp\/v2\/pages"}],"about":[{"href":"https:\/\/wp.ufpel.edu.br\/economia\/wp-json\/wp\/v2\/types\/page"}],"author":[{"embeddable":true,"href":"https:\/\/wp.ufpel.edu.br\/economia\/wp-json\/wp\/v2\/users\/602"}],"replies":[{"embeddable":true,"href":"https:\/\/wp.ufpel.edu.br\/economia\/wp-json\/wp\/v2\/comments?post=664"}],"version-history":[{"count":4,"href":"https:\/\/wp.ufpel.edu.br\/economia\/wp-json\/wp\/v2\/pages\/664\/revisions"}],"predecessor-version":[{"id":1443,"href":"https:\/\/wp.ufpel.edu.br\/economia\/wp-json\/wp\/v2\/pages\/664\/revisions\/1443"}],"wp:attachment":[{"href":"https:\/\/wp.ufpel.edu.br\/economia\/wp-json\/wp\/v2\/media?parent=664"}],"curies":[{"name":"wp","href":"https:\/\/api.w.org\/{rel}","templated":true}]}}