{"id":51,"date":"2016-04-04T13:49:08","date_gmt":"2016-04-04T16:49:08","guid":{"rendered":"https:\/\/wp.ufpel.edu.br\/economia\/?page_id=51"},"modified":"2016-04-04T13:50:46","modified_gmt":"2016-04-04T16:50:46","slug":"ensaios","status":"publish","type":"page","link":"https:\/\/wp.ufpel.edu.br\/economia\/pesquisa\/ensaios\/","title":{"rendered":"Ensaios CEPEA de Economia Aplicada"},"content":{"rendered":"<div id=\"texto\">\n<p align=\"center\"><strong>2013 <\/strong><\/p>\n<p align=\"left\">001 &#8211;<a href=\"http:\/\/ich.ufpel.edu.br\/economia\/professores\/mpassos\/livropoupancaeinvestimentonobrasilcap1.pdf\">PASSOS, M. O. e GON\u00c7ALVES, R. R. (2013). Poupan\u00e7a e investimento no Brasil:1960-2010. Pelotas: UFPel. (Primeiro cap\u00edtulo de livro a ser lan\u00e7ado brevemente). <\/a><\/p>\n<p align=\"left\">002 &#8211; <a href=\"http:\/\/ich.ufpel.edu.br\/economia\/professores\/mpassos\/A%20for%C3%A7a%20da%20lideran%C3%A7a%20e%20das%20ideias%20ou%20Thatcher.pdf\">PASSOS, M. O. e CAVALIERI, M. &#8220;A for\u00e7a da lideran\u00e7a com ideias&#8221; ou &#8220;Thatcher, Hayek e o Brasil&#8221;. Pelotas: UFPel.<\/a><\/p>\n<p align=\"center\"><strong class=\"header3\">2012<\/strong><\/p>\n<p align=\"left\">001 &#8211; <a href=\"http:\/\/ich.ufpel.edu.br\/economia\/professores\/mpassos\/resultadosmodelomultiagentefinancascomputac.pdf\">PASSOS, M. O. e VENECIAN, J. R. (2012).\u00a0<em>Efeito das taxas\u00a0de juros esperada e de curto prazo sobre o valor intr\u00ednseco da carteira te\u00f3rica do Ibovespa &#8211;\u00a0modelo de simula\u00e7\u00e3o computacional para 2008-2010<\/em>.\u00a0Pelotas: UFPel<\/a>.<\/p>\n<p align=\"left\">002 &#8211; <a href=\"http:\/\/ich.ufpel.edu.br\/economia\/professores\/mpassos\/ComoestimaroIVdoIbovespa-Passos.pdf\">PASSOS, M. O. (2012).\u00a0<em>Como estimar uma s\u00e9rie de valor intr\u00ednseco da carteira te\u00f3rica do Ibovespa? Um modelo multiagente de finan\u00e7as computacionais<\/em>. Pelotas: UFPel<\/a>.<\/p>\n<p align=\"left\">003 &#8211; <a href=\"http:\/\/ich.ufpel.edu.br\/economia\/professores\/mpassos\/DeterminantesdaformacaodapoupancaprivadanoBrasil-1960-2008.pdf\">BARTZ, C. F.; PASSOS, M. O. e GON\u00c7ALVES, R. R. (2012). <em>Determinantes da forma\u00e7\u00e3o de poupan\u00e7a privada no Brasil: 1960-2008<\/em>. Pelotas: UFPel<\/a>.<\/p>\n<p align=\"left\">004 &#8211; <a href=\"http:\/\/ich.ufpel.edu.br\/economia\/professores\/mpassos\/MeioseculodefinanciamentodocrescimentonoBrasil-1960-2010.pdf\">PASSOS, M. O. e GON\u00c7ALVES, R. R. (2012). <em>Meio s\u00e9culo de financiamento do crescimento no\u00a0Brasil: 1960-2010<\/em>. Pelotas: UFPel<\/a>.<\/p>\n<p align=\"left\">005 &#8211; <a href=\"http:\/\/ich.ufpel.edu.br\/economia\/professores\/mpassos\/DissertacaoJEANVENECIAN.pdf\">VENECIAN, J. R. (2012). <em>Efeitos das taxas de juros de curto prazo e esperada sobre os valores intr\u00ednsecos da carteira te\u00f3rica do Ibovespa: uma an\u00e1lise a partir de um modelo multiagente de finan\u00e7as computacionais<\/em>. Universidade Federal de Pelotas: Pelotas. Disserta\u00e7\u00e3o de mestrado orientada por Marcelo de Oliveira Passos<\/a>.<\/p>\n<p align=\"center\"><strong>2011<\/strong><\/p>\n<p align=\"left\">001 &#8211; <a href=\"http:\/\/ich.ufpel.edu.br\/economia\/professores\/mpassos\/disertacaorodrigogoncalves.pdf\">GON\u00c7ALVES, R.R. (2011). Poupan\u00e7a e investimento no Brasil: uma an\u00e1lise econom\u00e9trica &#8211; 1960\/2008. Pelotas: UFPel.\u00a0<\/a><\/p>\n<p align=\"center\"><strong class=\"header3\">2010<\/strong><\/p>\n<p>001 &#8211;\u00a0<a href=\"http:\/\/ich.ufpel.edu.br\/economia\/cepea\/ensaios\/2010\/texto-001-2010.pdf\" target=\"_blank\">Uma Prova Simples do Teorema Fundamental de Apre\u00e7amento de Ativos Financeiros em Espa\u00e7os de Dimens\u00e3o Finita<\/a><\/p>\n<p>002 &#8211; <a href=\"http:\/\/ich.ufpel.edu.br\/economia\/cepea\/ensaios\/2010\/texto-002-2010.pdf\" target=\"_blank\">Efeitos Econ\u00f4micos de Cen\u00e1rios de Mudan\u00e7a Clim\u00e1tica na Agricultura Brasileira: um exerc\u00edcio a partir de um Modelo de Equil\u00edbrio Geral Comput\u00e1vel<\/a><\/p>\n<p>003 &#8211; <a href=\"http:\/\/ich.ufpel.edu.br\/economia\/cepea\/ensaios\/2010\/texto-003-2010.pdf\" target=\"_blank\">Apre\u00e7amento do Seguro Garantia: evid\u00eancias do CAPM<\/a><\/p>\n<p><a href=\"http:\/\/ich.ufpel.edu.br\/economia\/cepea\/ensaios\/texto-004-2006.pdf\" target=\"_blank\"><br \/>\n<\/a><\/p>\n<p align=\"center\"><strong class=\"header3\">2006<\/strong><\/p>\n<p>001 &#8211; <a href=\"http:\/\/ich.ufpel.edu.br\/economia\/cepea\/ensaios\/texto-001-2006.pdf\" target=\"_blank\">Uma An\u00e1lise Econom\u00e9trica da Inadimpl\u00eancia Pessoa F\u00edsica no Brasil no Per\u00edodo 2002-2005<\/a><\/p>\n<p>&nbsp;<\/p>\n<p>002 &#8211; <a href=\"http:\/\/ich.ufpel.edu.br\/economia\/cepea\/ensaios\/texto-002-2006.pdf\" target=\"_blank\">Modelos Microecon\u00f4micos de Corrup\u00e7\u00e3o Burocr\u00e1tica e seus Determinantes Econ\u00f4micos<\/a><\/p>\n<p>&nbsp;<\/p>\n<p>003 &#8211; <a href=\"http:\/\/ich.ufpel.edu.br\/economia\/cepea\/ensaios\/texto-003-2006.pdf\" target=\"_blank\">A Industrializa\u00e7\u00e3o Brasileira no Primeiro Governo Vargas: Uma<br \/>\nInterpreta\u00e7\u00e3o Inspirada em Schumpeter<\/a><\/p>\n<p>&nbsp;<\/p>\n<p>004 &#8211; <a href=\"http:\/\/ich.ufpel.edu.br\/economia\/cepea\/ensaios\/texto-004-2006.pdf\" target=\"_blank\">As exporta\u00e7\u00f5es do setor cal\u00e7adista brasileiro: Rio Grande do Sul e principais<br \/>\nestados produtores<\/a><\/p>\n<\/div>\n","protected":false},"excerpt":{"rendered":"<p>2013 001 &#8211;PASSOS, M. O. e GON\u00c7ALVES, R. R. (2013). Poupan\u00e7a e investimento no Brasil:1960-2010. Pelotas: UFPel. (Primeiro cap\u00edtulo de livro a ser lan\u00e7ado brevemente). 002 &#8211; PASSOS, M. O. e CAVALIERI, M. &#8220;A for\u00e7a da lideran\u00e7a com ideias&#8221; ou &#8220;Thatcher, Hayek e o Brasil&#8221;. Pelotas: UFPel. 2012 001 &#8211; PASSOS, M. O. e VENECIAN, [&hellip;]<\/p>\n","protected":false},"author":600,"featured_media":0,"parent":54,"menu_order":0,"comment_status":"closed","ping_status":"closed","template":"","meta":{"footnotes":""},"class_list":["post-51","page","type-page","status-publish","hentry"],"_links":{"self":[{"href":"https:\/\/wp.ufpel.edu.br\/economia\/wp-json\/wp\/v2\/pages\/51","targetHints":{"allow":["GET"]}}],"collection":[{"href":"https:\/\/wp.ufpel.edu.br\/economia\/wp-json\/wp\/v2\/pages"}],"about":[{"href":"https:\/\/wp.ufpel.edu.br\/economia\/wp-json\/wp\/v2\/types\/page"}],"author":[{"embeddable":true,"href":"https:\/\/wp.ufpel.edu.br\/economia\/wp-json\/wp\/v2\/users\/600"}],"replies":[{"embeddable":true,"href":"https:\/\/wp.ufpel.edu.br\/economia\/wp-json\/wp\/v2\/comments?post=51"}],"version-history":[{"count":3,"href":"https:\/\/wp.ufpel.edu.br\/economia\/wp-json\/wp\/v2\/pages\/51\/revisions"}],"predecessor-version":[{"id":58,"href":"https:\/\/wp.ufpel.edu.br\/economia\/wp-json\/wp\/v2\/pages\/51\/revisions\/58"}],"up":[{"embeddable":true,"href":"https:\/\/wp.ufpel.edu.br\/economia\/wp-json\/wp\/v2\/pages\/54"}],"wp:attachment":[{"href":"https:\/\/wp.ufpel.edu.br\/economia\/wp-json\/wp\/v2\/media?parent=51"}],"curies":[{"name":"wp","href":"https:\/\/api.w.org\/{rel}","templated":true}]}}