{"id":42,"date":"2016-04-04T13:28:16","date_gmt":"2016-04-04T16:28:16","guid":{"rendered":"https:\/\/wp.ufpel.edu.br\/economia\/?page_id=42"},"modified":"2016-04-04T13:31:15","modified_gmt":"2016-04-04T16:31:15","slug":"recon","status":"publish","type":"page","link":"https:\/\/wp.ufpel.edu.br\/economia\/extensao-2\/recon\/","title":{"rendered":"RECON"},"content":{"rendered":"<p>O relat\u00f3rio de an\u00e1lise econ\u00f4mica do departamento de economia da UFPel ter\u00e1 periodicidade trimestral e contou com o apoio da WS Investimentos para a sua publica\u00e7\u00e3o. O objetivo deste documento \u00e9 utilizar o conte\u00fado ministrado em sala de aula para an\u00e1lise da conjuntura atual da economia brasileira, propiciando aos alunos mais um canal de aprendizado visando principalmente a aplica\u00e7\u00e3o pr\u00e1tica de seus conhecimentos. Al\u00e9m disso, esse relat\u00f3rio serve como um boletim informativo para os agentes econ\u00f4micos que est\u00e3o interessados no que se passa na economia brasileira. Os t\u00f3picos abordados s\u00e3o as pol\u00edticas monet\u00e1ria, fiscal, cambial, as contas externas, os indicadores da atividade econ\u00f4mica, dos mercados financeiro e de capitais do Brasil. H\u00e1 tamb\u00e9m um cap\u00edtulo especial sobre a economia da regi\u00e3o de Pelotas e Rio Grande.<\/p>\n<p>&nbsp;<\/p>\n<p><a href=\"https:\/\/wp.ufpel.edu.br\/economia\/files\/2016\/04\/RelatoriodeAnaliseEconomicavol-1nov2013.pdf\" target=\"_blank\">Primeira Edi\u00e7\u00e3o &#8211; Julho\/Agosto\/Setembro &#8211; 2013<\/a><\/p>\n","protected":false},"excerpt":{"rendered":"<p>O relat\u00f3rio de an\u00e1lise econ\u00f4mica do departamento de economia da UFPel ter\u00e1 periodicidade trimestral e contou com o apoio da WS Investimentos para a sua publica\u00e7\u00e3o. O objetivo deste documento \u00e9 utilizar o conte\u00fado ministrado em sala de aula para an\u00e1lise da conjuntura atual da economia brasileira, propiciando aos alunos mais um canal de aprendizado [&hellip;]<\/p>\n","protected":false},"author":600,"featured_media":0,"parent":45,"menu_order":0,"comment_status":"closed","ping_status":"closed","template":"","meta":{"footnotes":""},"class_list":["post-42","page","type-page","status-publish","hentry"],"_links":{"self":[{"href":"https:\/\/wp.ufpel.edu.br\/economia\/wp-json\/wp\/v2\/pages\/42","targetHints":{"allow":["GET"]}}],"collection":[{"href":"https:\/\/wp.ufpel.edu.br\/economia\/wp-json\/wp\/v2\/pages"}],"about":[{"href":"https:\/\/wp.ufpel.edu.br\/economia\/wp-json\/wp\/v2\/types\/page"}],"author":[{"embeddable":true,"href":"https:\/\/wp.ufpel.edu.br\/economia\/wp-json\/wp\/v2\/users\/600"}],"replies":[{"embeddable":true,"href":"https:\/\/wp.ufpel.edu.br\/economia\/wp-json\/wp\/v2\/comments?post=42"}],"version-history":[{"count":3,"href":"https:\/\/wp.ufpel.edu.br\/economia\/wp-json\/wp\/v2\/pages\/42\/revisions"}],"predecessor-version":[{"id":50,"href":"https:\/\/wp.ufpel.edu.br\/economia\/wp-json\/wp\/v2\/pages\/42\/revisions\/50"}],"up":[{"embeddable":true,"href":"https:\/\/wp.ufpel.edu.br\/economia\/wp-json\/wp\/v2\/pages\/45"}],"wp:attachment":[{"href":"https:\/\/wp.ufpel.edu.br\/economia\/wp-json\/wp\/v2\/media?parent=42"}],"curies":[{"name":"wp","href":"https:\/\/api.w.org\/{rel}","templated":true}]}}