{"id":394,"date":"2016-05-18T08:35:02","date_gmt":"2016-05-18T11:35:02","guid":{"rendered":"https:\/\/wp.ufpel.edu.br\/economia\/?page_id=394"},"modified":"2016-05-18T08:35:02","modified_gmt":"2016-05-18T11:35:02","slug":"links","status":"publish","type":"page","link":"https:\/\/wp.ufpel.edu.br\/economia\/clioecon-rs__trashed\/links\/","title":{"rendered":"Links"},"content":{"rendered":"<p>Links<\/p>\n<p>\u2022<a href=\"http:\/\/www.fee.rs.gov.br\/\" target=\"_blank\">Funda\u00e7\u00e3o de Economia e Estat\u00edstica &#8211; RS<\/a><\/p>\n<p>\u2022Blog de Hist\u00f3ria Econ\u00f4mica da UNESP<\/p>\n<p>\u2022<a href=\"http:\/\/ipeadata.gov.br\/\" target=\"_blank\">IPEADATA<\/a><\/p>\n<p>\u2022<a href=\"http:\/\/www.ibge.gov.br\" target=\"_blank\">IBGE<\/a><\/p>\n<p>\u2022<a href=\"http:\/\/www.abphe.org.br\/\" target=\"_blank\">Associa\u00e7\u00e3o Brasileira de Pesquisadores em Hist\u00f3ria Econ\u00f4mica<\/a><\/p>\n<p>\u2022<a href=\"http:\/\/eh.net\" target=\"_blank\">Economic History Services<\/a><\/p>\n<p>\u2022<a href=\"http:\/\/www.lac.ox.ac.uk\/moxlad-database\" target=\"_blank\">Oxford Latin America Economic History Database<\/a><\/p>\n<p>\u2022<a href=\"http:\/\/www.rug.nl\/research\/ggdc\/data\/pwt\/\" target=\"_blank\">Penn World Tables<\/a><\/p>\n<p>\u2022<a href=\"http:\/\/cliometrics.org\/\" target=\"_blank\">Cliometric Society<\/a><\/p>\n","protected":false},"excerpt":{"rendered":"<p>Links \u2022Funda\u00e7\u00e3o de Economia e Estat\u00edstica &#8211; RS \u2022Blog de Hist\u00f3ria Econ\u00f4mica da UNESP \u2022IPEADATA \u2022IBGE \u2022Associa\u00e7\u00e3o Brasileira de Pesquisadores em Hist\u00f3ria Econ\u00f4mica \u2022Economic History Services \u2022Oxford Latin America Economic History Database \u2022Penn World Tables \u2022Cliometric Society<\/p>\n","protected":false},"author":600,"featured_media":0,"parent":381,"menu_order":0,"comment_status":"closed","ping_status":"closed","template":"","meta":{"footnotes":""},"class_list":["post-394","page","type-page","status-publish","hentry"],"_links":{"self":[{"href":"https:\/\/wp.ufpel.edu.br\/economia\/wp-json\/wp\/v2\/pages\/394","targetHints":{"allow":["GET"]}}],"collection":[{"href":"https:\/\/wp.ufpel.edu.br\/economia\/wp-json\/wp\/v2\/pages"}],"about":[{"href":"https:\/\/wp.ufpel.edu.br\/economia\/wp-json\/wp\/v2\/types\/page"}],"author":[{"embeddable":true,"href":"https:\/\/wp.ufpel.edu.br\/economia\/wp-json\/wp\/v2\/users\/600"}],"replies":[{"embeddable":true,"href":"https:\/\/wp.ufpel.edu.br\/economia\/wp-json\/wp\/v2\/comments?post=394"}],"version-history":[{"count":1,"href":"https:\/\/wp.ufpel.edu.br\/economia\/wp-json\/wp\/v2\/pages\/394\/revisions"}],"predecessor-version":[{"id":396,"href":"https:\/\/wp.ufpel.edu.br\/economia\/wp-json\/wp\/v2\/pages\/394\/revisions\/396"}],"up":[{"embeddable":true,"href":"https:\/\/wp.ufpel.edu.br\/economia\/wp-json\/wp\/v2\/pages\/381"}],"wp:attachment":[{"href":"https:\/\/wp.ufpel.edu.br\/economia\/wp-json\/wp\/v2\/media?parent=394"}],"curies":[{"name":"wp","href":"https:\/\/api.w.org\/{rel}","templated":true}]}}