{"id":391,"date":"2016-05-18T08:29:43","date_gmt":"2016-05-18T11:29:43","guid":{"rendered":"https:\/\/wp.ufpel.edu.br\/economia\/?page_id=391"},"modified":"2016-05-18T08:53:20","modified_gmt":"2016-05-18T11:53:20","slug":"series-historicas-rio-grande-do-sul","status":"publish","type":"page","link":"https:\/\/wp.ufpel.edu.br\/economia\/clioecon-rs__trashed\/series-historicas-rio-grande-do-sul\/","title":{"rendered":"S\u00e9ries Hist\u00f3ricas &#8211; Rio Grande do Sul"},"content":{"rendered":"<p>Dados de Exporta\u00e7\u00e3o do Rio Grande do Sul<\/p>\n<p>Fonte: DALMAZO, Renato Ant\u00f4nio. As rela\u00e7\u00f5es de com\u00e9rcio no Rio Grande do Sul: do s\u00e9culo XIX a 1930. Porto Alegre: FEE, 2004.<\/p>\n<ul>\n<li><a href=\"https:\/\/wp.ufpel.edu.br\/economia\/files\/2016\/05\/xpec9.xls\">Valor dos Principais Produtos de Exporta\u00e7\u00e3o Rio Grande do Sul 1822-1900<\/a><\/li>\n<li><a href=\"https:\/\/wp.ufpel.edu.br\/economia\/files\/2016\/05\/xgado19.xls\">N\u00famero de cabe\u00e7as de gado vacum, eq\u00fcino e muar exportadas pelo Rio Grande do Sul 1845-1900<\/a><\/li>\n<li><a href=\"https:\/\/wp.ufpel.edu.br\/economia\/files\/2016\/05\/xccurt16.xls\">N\u00famero e valor da Exporta\u00e7\u00e3o de couros curtidos do Rio Grande do Sul 1871-1900<\/a><\/li>\n<li><a href=\"https:\/\/wp.ufpel.edu.br\/economia\/files\/2016\/05\/xcou15.xls\">N\u00famero, valor e Imposto de Exporta\u00e7\u00e3o de couros crus do Rio Grande do Sul 1822-1900<\/a><\/li>\n<li><a href=\"https:\/\/wp.ufpel.edu.br\/economia\/files\/2016\/05\/xcharq14.xls\">Quantidade, valor da exporta\u00e7\u00e3o de charque e Imposto de Exporta\u00e7\u00e3o do Rio Grande do Sul 1822-1900<\/a><\/li>\n<li><a href=\"https:\/\/wp.ufpel.edu.br\/economia\/files\/2016\/05\/xbanha18.xls\">N\u00famero e valor da Exporta\u00e7\u00e3o de banha do Rio Grande do Sul 1866-1900<\/a><\/li>\n<li><a href=\"https:\/\/wp.ufpel.edu.br\/economia\/files\/2016\/05\/xla17.xls\">N\u00famero e valor da Exporta\u00e7\u00e3o de l\u00e3 do Rio Grande do Sul<\/a><\/li>\n<li><a href=\"https:\/\/wp.ufpel.edu.br\/economia\/files\/2016\/05\/xagric10.xls\">Quantidade e valor dos principais produtos agr\u00edcolas exportados pelo Rio Grande do Sul 1848-1900<\/a><\/li>\n<\/ul>\n","protected":false},"excerpt":{"rendered":"<p>Dados de Exporta\u00e7\u00e3o do Rio Grande do Sul Fonte: DALMAZO, Renato Ant\u00f4nio. As rela\u00e7\u00f5es de com\u00e9rcio no Rio Grande do Sul: do s\u00e9culo XIX a 1930. Porto Alegre: FEE, 2004. Valor dos Principais Produtos de Exporta\u00e7\u00e3o Rio Grande do Sul 1822-1900 N\u00famero de cabe\u00e7as de gado vacum, eq\u00fcino e muar exportadas pelo Rio Grande do [&hellip;]<\/p>\n","protected":false},"author":600,"featured_media":0,"parent":381,"menu_order":0,"comment_status":"closed","ping_status":"closed","template":"","meta":{"footnotes":""},"class_list":["post-391","page","type-page","status-publish","hentry"],"_links":{"self":[{"href":"https:\/\/wp.ufpel.edu.br\/economia\/wp-json\/wp\/v2\/pages\/391","targetHints":{"allow":["GET"]}}],"collection":[{"href":"https:\/\/wp.ufpel.edu.br\/economia\/wp-json\/wp\/v2\/pages"}],"about":[{"href":"https:\/\/wp.ufpel.edu.br\/economia\/wp-json\/wp\/v2\/types\/page"}],"author":[{"embeddable":true,"href":"https:\/\/wp.ufpel.edu.br\/economia\/wp-json\/wp\/v2\/users\/600"}],"replies":[{"embeddable":true,"href":"https:\/\/wp.ufpel.edu.br\/economia\/wp-json\/wp\/v2\/comments?post=391"}],"version-history":[{"count":3,"href":"https:\/\/wp.ufpel.edu.br\/economia\/wp-json\/wp\/v2\/pages\/391\/revisions"}],"predecessor-version":[{"id":419,"href":"https:\/\/wp.ufpel.edu.br\/economia\/wp-json\/wp\/v2\/pages\/391\/revisions\/419"}],"up":[{"embeddable":true,"href":"https:\/\/wp.ufpel.edu.br\/economia\/wp-json\/wp\/v2\/pages\/381"}],"wp:attachment":[{"href":"https:\/\/wp.ufpel.edu.br\/economia\/wp-json\/wp\/v2\/media?parent=391"}],"curies":[{"name":"wp","href":"https:\/\/api.w.org\/{rel}","templated":true}]}}