{"id":30,"date":"2016-04-04T13:10:19","date_gmt":"2016-04-04T16:10:19","guid":{"rendered":"https:\/\/wp.ufpel.edu.br\/economia\/?page_id=30"},"modified":"2026-03-31T10:30:37","modified_gmt":"2026-03-31T13:30:37","slug":"disciplinas-ofertadas","status":"publish","type":"page","link":"https:\/\/wp.ufpel.edu.br\/economia\/disciplinas-ofertadas\/","title":{"rendered":"Disciplinas Ofertadas"},"content":{"rendered":"<p>As disciplinas de semestres \u00edmpares s\u00e3o ofertadas apenas no primeiro semestre de cada ano, e as disciplinas de semestres pares s\u00e3o ofertadas apenas no segundo semestre de cada ano. Para mais informa\u00e7\u00f5es quanto ao n\u00famero de cr\u00e9ditos necess\u00e1rios para a conclus\u00e3o do curso e outros regulamentos, consulte o <strong><span style=\"color: #0000ff;\"><a style=\"color: #0000ff;\" href=\"https:\/\/wp.ufpel.edu.br\/economia\/documentos\/\" target=\"_blank\" rel=\"noopener\">Projeto Pedag\u00f3gico &#8211; Ci\u00eancias Econ\u00f4micas<\/a><\/span><\/strong>.<\/p>\n<p><strong>1\u00ba SEMESTRE<\/strong><br \/>\n10760091 Introdu\u00e7\u00e3o \u00e0 Economia<br \/>\n10760092 Introdu\u00e7\u00e3o \u00e0 Administra\u00e7\u00e3o &#8211; EaD<br \/>\n10760093 Introdu\u00e7\u00e3o \u00e0 Contabilidade<br \/>\n10760094 Introdu\u00e7\u00e3o \u00e0 Economia Matem\u00e1tica<br \/>\n10760095 Hist\u00f3ria da Economia I<\/p>\n<p><strong>2\u00ba SEMESTRE<\/strong><br \/>\n10760096 Introdu\u00e7\u00e3o \u00e0 Economia Pol\u00edtica<br \/>\n10760097 Contabilidade Social<br \/>\n10760098 Contabilidade e An\u00e1lise de Balan\u00e7os<br \/>\n10760099 Modelos Matem\u00e1ticos em Economia<br \/>\n10760100 Hist\u00f3ria da Economia II<\/p>\n<p><strong>3\u00ba SEMESTRE<\/strong><br \/>\n10760101 Microeconomia I<br \/>\n10760102 Macroeconomia I<br \/>\n10760103 M\u00e9todos Estat\u00edsticos B\u00e1sicos<br \/>\n10760104 Forma\u00e7\u00e3o Econ\u00f4mica do Brasil<\/p>\n<p><strong>4\u00ba SEMESTRE<\/strong><br \/>\n10760105 Microeconomia II<br \/>\n10760106 Macroeconomia II<br \/>\n10760107 Fundamentos de Finan\u00e7as<br \/>\n10760108 Introdu\u00e7\u00e3o \u00e0 Econometria<br \/>\n10760109 Ci\u00eancia de Dados Aplicada \u00e0 Economia I &#8211; EaD<\/p>\n<p><strong>5\u00ba SEMESTRE<\/strong><br \/>\n10760110 Microeconomia III<br \/>\n10760111 Econometria I<br \/>\n10760112 Ci\u00eancia de Dados Aplicada \u00e0 Economia II &#8211; EaD<br \/>\n10760113 Economia do Setor P\u00fablico I<br \/>\nOptativa I<\/p>\n<p><strong>6\u00ba SEMESTRE<\/strong><br \/>\n10760114 Desenvolvimento Econ\u00f4mico I<br \/>\n10760115 M\u00e9todos de Pesquisa Econ\u00f4mica<br \/>\n10760217 Economia Monet\u00e1ria<br \/>\nOptativa II<\/p>\n<p><strong>7\u00ba SEMESTRE<\/strong><br \/>\n10760117 Trabalho de Conclus\u00e3o de Curso I<br \/>\n10760118 An\u00e1lise de Conjuntura Brasileira I<\/p>\n<p><strong>8\u00ba SEMESTRE<\/strong><br \/>\n10760119 Trabalho de Conclus\u00e3o de Curso II<br \/>\n10760120 An\u00e1lise de Conjuntura Brasileira II<\/p>\n<p><strong>Disciplinas Optativas:<\/strong><br \/>\n10760122 Economia Regional<br \/>\n10760123 Economia Industrial<br \/>\n10760124 Direito Econ\u00f4mico<br \/>\n10760125 Economia Internacional I<br \/>\n10760126 Economia Internacional II<br \/>\n10760127 Economia do Setor P\u00fablico II<br \/>\n10760128 Elabora\u00e7\u00e3o e An\u00e1lise de Projetos<br \/>\n10760129 Finan\u00e7as Empresariais &#8211; EaD<br \/>\n10760131 Economia Computacional &#8211; EaD<br \/>\n10760132 Finan\u00e7as Computacionais &#8211; EaD<br \/>\n10760133 Desenvolvimento Econ\u00f4mico II<br \/>\n10760134 Econometria II<br \/>\n10760135 Econometria III<br \/>\n10760136 Econometria IV<br \/>\n10760137 Econometria V<br \/>\n10760138 T\u00f3picos Especiais em Econometria<br \/>\n10760139 Semin\u00e1rios de Economia &#8211; EaD<br \/>\n10760140 Economia do Comportamento Humano<br \/>\n10760141 Economia da Sa\u00fade<br \/>\n10760142 Economia do Meio Ambiente e dos Recursos Naturais<br \/>\n10760144 Contabilidade de Custos &#8211; EaD<br \/>\n10760145 Introdu\u00e7\u00e3o \u00e0 Contabilidade P\u00fablica<br \/>\n10760146 Economia Ecol\u00f3gica<br \/>\n10760147 T\u00f3picos Especiais em Economia Matem\u00e1tica<br \/>\n10760148 Economia das Institui\u00e7\u00f5es<br \/>\n10760149 T\u00f3picos Especiais em Economia I &#8211; EaD<br \/>\n10760150 T\u00f3picos Especiais em Economia II &#8211; EaD<br \/>\n10760151 T\u00f3picos Especiais em Economia III &#8211; EaD<br \/>\n10760152 Introdu\u00e7\u00e3o \u00e0 Economia dos Esportes<br \/>\n10760153 Economia Brasileira I<br \/>\n10760154 Economia Brasileira II<br \/>\n10760155 T\u00f3picos Especiais em Estat\u00edstica Econ\u00f4mica<br \/>\n10760218 Mercado de Capitais &#8211; EaD<br \/>\n10760219 Fundamentos da Gest\u00e3o P\u00fablicas &#8211; EaD<br \/>\n10760220 Econometria de Pol\u00edticas P\u00fablicas &#8211; EaD<br \/>\n10760221 Microeconometria Aplicada \u2013 EaD<br \/>\n10760222 An\u00e1lise Multivariada<br \/>\n20000084 L\u00edngua Brasileira de Sinais I (Libras)<\/p>\n<p>&nbsp;<\/p>\n","protected":false},"excerpt":{"rendered":"<p>As disciplinas de semestres \u00edmpares s\u00e3o ofertadas apenas no primeiro semestre de cada ano, e as disciplinas de semestres pares s\u00e3o ofertadas apenas no segundo semestre de cada ano. Para mais informa\u00e7\u00f5es quanto ao n\u00famero de cr\u00e9ditos necess\u00e1rios para a conclus\u00e3o do curso e outros regulamentos, consulte o Projeto Pedag\u00f3gico &#8211; Ci\u00eancias Econ\u00f4micas. 1\u00ba SEMESTRE [&hellip;]<\/p>\n","protected":false},"author":600,"featured_media":0,"parent":0,"menu_order":2,"comment_status":"closed","ping_status":"closed","template":"","meta":{"footnotes":""},"class_list":["post-30","page","type-page","status-publish","hentry"],"_links":{"self":[{"href":"https:\/\/wp.ufpel.edu.br\/economia\/wp-json\/wp\/v2\/pages\/30","targetHints":{"allow":["GET"]}}],"collection":[{"href":"https:\/\/wp.ufpel.edu.br\/economia\/wp-json\/wp\/v2\/pages"}],"about":[{"href":"https:\/\/wp.ufpel.edu.br\/economia\/wp-json\/wp\/v2\/types\/page"}],"author":[{"embeddable":true,"href":"https:\/\/wp.ufpel.edu.br\/economia\/wp-json\/wp\/v2\/users\/600"}],"replies":[{"embeddable":true,"href":"https:\/\/wp.ufpel.edu.br\/economia\/wp-json\/wp\/v2\/comments?post=30"}],"version-history":[{"count":5,"href":"https:\/\/wp.ufpel.edu.br\/economia\/wp-json\/wp\/v2\/pages\/30\/revisions"}],"predecessor-version":[{"id":1448,"href":"https:\/\/wp.ufpel.edu.br\/economia\/wp-json\/wp\/v2\/pages\/30\/revisions\/1448"}],"wp:attachment":[{"href":"https:\/\/wp.ufpel.edu.br\/economia\/wp-json\/wp\/v2\/media?parent=30"}],"curies":[{"name":"wp","href":"https:\/\/api.w.org\/{rel}","templated":true}]}}