{"id":27,"date":"2016-04-04T13:08:46","date_gmt":"2016-04-04T16:08:46","guid":{"rendered":"https:\/\/wp.ufpel.edu.br\/economia\/?page_id=27"},"modified":"2025-06-05T10:36:07","modified_gmt":"2025-06-05T13:36:07","slug":"mestrado","status":"publish","type":"page","link":"https:\/\/wp.ufpel.edu.br\/economia\/mestrado\/","title":{"rendered":"Mestrado e Doutorado"},"content":{"rendered":"<p>O Departamento de Economia (DECON\/UFPel) apresenta o Mestrado e o Doutorado em Economia (\u00eanfase em Economia Aplicada).<\/p>\n<p>Para mais informa\u00e7\u00f5es sobre os cursos, acesse a p\u00e1gina do <strong>Programa de P\u00f3s-Gradua\u00e7\u00e3o em Organiza\u00e7\u00f5es e Mercados (PPGOM)<\/strong>, clicando <strong><a href=\"https:\/\/wp.ufpel.edu.br\/ppgom\/\">AQUI<\/a><\/strong>.<\/p>\n<p>&nbsp;<\/p>\n","protected":false},"excerpt":{"rendered":"<p>O Departamento de Economia (DECON\/UFPel) apresenta o Mestrado e o Doutorado em Economia (\u00eanfase em Economia Aplicada). Para mais informa\u00e7\u00f5es sobre os cursos, acesse a p\u00e1gina do Programa de P\u00f3s-Gradua\u00e7\u00e3o em Organiza\u00e7\u00f5es e Mercados (PPGOM), clicando AQUI. &nbsp;<\/p>\n","protected":false},"author":600,"featured_media":0,"parent":0,"menu_order":6,"comment_status":"closed","ping_status":"closed","template":"","meta":{"footnotes":""},"class_list":["post-27","page","type-page","status-publish","hentry"],"_links":{"self":[{"href":"https:\/\/wp.ufpel.edu.br\/economia\/wp-json\/wp\/v2\/pages\/27","targetHints":{"allow":["GET"]}}],"collection":[{"href":"https:\/\/wp.ufpel.edu.br\/economia\/wp-json\/wp\/v2\/pages"}],"about":[{"href":"https:\/\/wp.ufpel.edu.br\/economia\/wp-json\/wp\/v2\/types\/page"}],"author":[{"embeddable":true,"href":"https:\/\/wp.ufpel.edu.br\/economia\/wp-json\/wp\/v2\/users\/600"}],"replies":[{"embeddable":true,"href":"https:\/\/wp.ufpel.edu.br\/economia\/wp-json\/wp\/v2\/comments?post=27"}],"version-history":[{"count":6,"href":"https:\/\/wp.ufpel.edu.br\/economia\/wp-json\/wp\/v2\/pages\/27\/revisions"}],"predecessor-version":[{"id":1323,"href":"https:\/\/wp.ufpel.edu.br\/economia\/wp-json\/wp\/v2\/pages\/27\/revisions\/1323"}],"wp:attachment":[{"href":"https:\/\/wp.ufpel.edu.br\/economia\/wp-json\/wp\/v2\/media?parent=27"}],"curies":[{"name":"wp","href":"https:\/\/api.w.org\/{rel}","templated":true}]}}