{"id":136,"date":"2016-04-04T16:08:19","date_gmt":"2016-04-04T19:08:19","guid":{"rendered":"https:\/\/wp.ufpel.edu.br\/economia\/?page_id=136"},"modified":"2016-04-04T20:43:00","modified_gmt":"2016-04-04T23:43:00","slug":"programas-uteis","status":"publish","type":"page","link":"https:\/\/wp.ufpel.edu.br\/economia\/pesquisa\/programas-uteis\/","title":{"rendered":"Programas \u00fateis"},"content":{"rendered":"<p>Econometria (programas gratuitos)<\/p>\n<ul>\n<li><a href=\"http:\/\/grizzly.la.psu.edu\/~hbierens\/EASYREG.HTM\" target=\"_blank\">EasyReg<\/a><\/li>\n<li><a href=\"http:\/\/gretl.sourceforge.net\/\" target=\"_blank\">Gretl<\/a><\/li>\n<li><a href=\"https:\/\/www.python.org\/\" target=\"_blank\">Phyton<\/a><\/li>\n<li><a href=\"https:\/\/cran.r-project.org\/\" target=\"_blank\">R<\/a><\/li>\n<li><a href=\"http:\/\/www.rstudio.com\" target=\"_blank\">RStudio<\/a><\/li>\n<\/ul>\n<p>Cita\u00e7\u00f5es (facilite seu trabalho em pesquisa)<\/p>\n<ul>\n<li><a href=\"https:\/\/www.mendeley.com\/\" target=\"_blank\">Mendeley<\/a><\/li>\n<li><a href=\"http:\/\/zotero.org\" target=\"_blank\">Zotero<\/a><\/li>\n<\/ul>\n<p>Teoria dos Jogos<\/p>\n<ul>\n<li><a href=\"http:\/\/www.gambit-project.org\/\" target=\"_blank\">Gambit<\/a> (um pouco mais dif\u00edcil de se usar, mas \u00fatil para jogos simples)<\/li>\n<\/ul>\n","protected":false},"excerpt":{"rendered":"<p>Econometria (programas gratuitos) EasyReg Gretl Phyton R RStudio Cita\u00e7\u00f5es (facilite seu trabalho em pesquisa) Mendeley Zotero Teoria dos Jogos Gambit (um pouco mais dif\u00edcil de se usar, mas \u00fatil para jogos simples)<\/p>\n","protected":false},"author":600,"featured_media":0,"parent":54,"menu_order":0,"comment_status":"closed","ping_status":"closed","template":"","meta":{"footnotes":""},"class_list":["post-136","page","type-page","status-publish","hentry"],"_links":{"self":[{"href":"https:\/\/wp.ufpel.edu.br\/economia\/wp-json\/wp\/v2\/pages\/136","targetHints":{"allow":["GET"]}}],"collection":[{"href":"https:\/\/wp.ufpel.edu.br\/economia\/wp-json\/wp\/v2\/pages"}],"about":[{"href":"https:\/\/wp.ufpel.edu.br\/economia\/wp-json\/wp\/v2\/types\/page"}],"author":[{"embeddable":true,"href":"https:\/\/wp.ufpel.edu.br\/economia\/wp-json\/wp\/v2\/users\/600"}],"replies":[{"embeddable":true,"href":"https:\/\/wp.ufpel.edu.br\/economia\/wp-json\/wp\/v2\/comments?post=136"}],"version-history":[{"count":4,"href":"https:\/\/wp.ufpel.edu.br\/economia\/wp-json\/wp\/v2\/pages\/136\/revisions"}],"predecessor-version":[{"id":172,"href":"https:\/\/wp.ufpel.edu.br\/economia\/wp-json\/wp\/v2\/pages\/136\/revisions\/172"}],"up":[{"embeddable":true,"href":"https:\/\/wp.ufpel.edu.br\/economia\/wp-json\/wp\/v2\/pages\/54"}],"wp:attachment":[{"href":"https:\/\/wp.ufpel.edu.br\/economia\/wp-json\/wp\/v2\/media?parent=136"}],"curies":[{"name":"wp","href":"https:\/\/api.w.org\/{rel}","templated":true}]}}