{"id":571,"date":"2025-06-29T16:07:08","date_gmt":"2025-06-29T19:07:08","guid":{"rendered":"https:\/\/wp.ufpel.edu.br\/ecoesteticagp\/?page_id=571"},"modified":"2025-07-08T21:16:28","modified_gmt":"2025-07-09T00:16:28","slug":"2025-2","status":"publish","type":"page","link":"https:\/\/wp.ufpel.edu.br\/ecoesteticagp\/encontros\/2025-2\/","title":{"rendered":"2025"},"content":{"rendered":"<h2><strong>40\u00b0 Encontro &#8211; 29\/04\/2025<\/strong><\/h2>\n<p><strong>O Professor Pablo Ren\u00e9 apresentou Pontos de Destaque sobre o hist\u00f3rico da Educa\u00e7\u00e3o Est\u00e9tico-Ambiental.<\/strong><\/p>\n<p>Grava\u00e7\u00e3o da reuni\u00e3o:<a href=\"https:\/\/drive.google.com\/file\/d\/1fOu2as8-wA3GKa97za-hrPO4nAcpdzTp\/view?usp=sharing\"> https:\/\/drive.google.com\/file\/d\/1fOu2as8-wA3GKa97za-hrPO4nAcpdzTp\/view?usp=sharing<\/a><\/p>\n<p>Material de estudo:<a href=\"https:\/\/docs.google.com\/document\/d\/1yya9txU2__Btsb_55lM4d6ulw0532h5s\/edit?usp=sharing&amp;ouid=104835392316975368694&amp;rtpof=true&amp;sd=true\"> https:\/\/docs.google.com\/document\/d\/1yya9txU2__Btsb_55lM4d6ulw0532h5s\/edit?usp=sharing&amp;ouid=104835392316975368694&amp;rtpof=true&amp;sd=true\u00a0<\/a><\/p>\n<p>&nbsp;<\/p>\n<h2><strong>41\u00b0 Encontro &#8211; 06\/05\/2025<\/strong><\/h2>\n<p><strong>Giovana e Luana trouxeram a inter-rela\u00e7\u00e3o entre a Educa\u00e7\u00e3o Est\u00e9tica, a Educa\u00e7\u00e3o Ambiental e a Educa\u00e7\u00e3o Est\u00e9tico-Ambiental, usando como aux\u00edlio as obras <i>Cartas a Olena <\/i>e <i>O Belo<\/i>, respectivamente.<\/strong><\/p>\n<p>Grava\u00e7\u00e3o da reuni\u00e3o: <a href=\"https:\/\/drive.google.com\/file\/d\/1wboRKQxFAjb0Bycb2KAZyMqzysM323gE\/view?usp=drivesdk\">https:\/\/drive.google.com\/file\/d\/1wboRKQxFAjb0Bycb2KAZyMqzysM323gE\/view?usp=drivesdk<\/a><\/p>\n<p>Material de estudo:<\/p>\n<p><strong>O Belo<\/strong><\/p>\n<p><a href=\"https:\/\/docs.google.com\/document\/d\/1FDvDRm9wY7XcigBNIRyKE-yYv8P6IvOd\/edit\">https:\/\/docs.google.com\/document\/d\/1FDvDRm9wY7XcigBNIRyKE-yYv8P6IvOd\/edit<\/a><\/p>\n<p><strong>Cartas a Olena<\/strong><\/p>\n<p><a href=\"https:\/\/drive.google.com\/file\/d\/16CaA1rk6NV0z1kM0tNsAzPve1MgHp0k5\/view?usp=sharing\">https:\/\/drive.google.com\/file\/d\/16CaA1rk6NV0z1kM0tNsAzPve1MgHp0k5\/view?usp=sharing<\/a><\/p>\n<p>&nbsp;<\/p>\n<h2><strong>42\u00b0 Encontro &#8211; 27\/05\/2025<\/strong><\/h2>\n<p><strong>No encontro de hoje partilhamos as escritas que ser\u00e3o submetidas ao XXVI F\u00f3rum de Estudos: Leituras de Paulo Freire.<\/strong><\/p>\n<p>Grava\u00e7\u00e3o da reuni\u00e3o: <a href=\"https:\/\/drive.google.com\/file\/d\/1gWwJDmzOg6DswKm0Yao9cbpDSB7t5_DQ\/view?usp=drivesdk\">https:\/\/drive.google.com\/file\/d\/1gWwJDmzOg6DswKm0Yao9cbpDSB7t5_DQ\/view?usp=drivesdk<\/a><\/p>\n<p>&nbsp;<\/p>\n<h2><strong>43\u00b0 Encontro &#8211; 24\/06\/2025<\/strong><\/h2>\n<p><strong>Na nossa 43\u00b0 reuni\u00e3o, nos encontramos para debater sobre \u201cO que \u00e9 o Homem Novo?\u201d, nosso encontro foi conduzido pela bolsista de inicia\u00e7\u00e3o cient\u00edfica Kauane, o professor Pablo Ren\u00e9 estava presente e deu fortes contribui\u00e7\u00f5es e relatos para a discuss\u00e3o.<\/strong><\/p>\n<p>Grava\u00e7\u00e3o da reuni\u00e3o: <a href=\"https:\/\/drive.google.com\/file\/d\/1pfVqwnCQoxaPCW7Z4ByVLVO34TPPpqn3\/view?usp=sharing\">https:\/\/drive.google.com\/file\/d\/1pfVqwnCQoxaPCW7Z4ByVLVO34TPPpqn3\/view?usp=sharing<\/a><\/p>\n<p>Material de estudo:<\/p>\n<p><strong>La Educaci\u00f3n Est\u00e9tica del Hombre Nuevo<\/strong><\/p>\n<p><a href=\"https:\/\/drive.google.com\/file\/d\/1oYJ83iDNd_ZkDKPRsVak0cNVn5zG1Pit\/view?usp=sharing\">https:\/\/drive.google.com\/file\/d\/1oYJ83iDNd_ZkDKPRsVak0cNVn5zG1Pit\/view?usp=sharing<\/a><\/p>\n<p><strong>Educar para el Bien y la Belleza<\/strong><\/p>\n<p><a href=\"https:\/\/docs.google.com\/document\/d\/1fipuKowvDAPXn2DVWRXy6YfJY_fUfQslrM2a3PCNldk\/edit?tab=t.0\">https:\/\/docs.google.com\/document\/d\/1fipuKowvDAPXn2DVWRXy6YfJY_fUfQslrM2a3PCNldk\/edit?tab=t.0\u00a0<\/a><\/p>\n<h2><\/h2>\n<h2><strong>44\u00b0 Encontro &#8211; 08\/07\/2025<\/strong><\/h2>\n<p><strong>No 44\u00b0 encontro do grupo Eco-Est\u00e9tica, discutimos o que o grupo entende por uma forma\u00e7\u00e3o mais integral, a reuni\u00e3o foi conduzida pelos integrantes Diana Salom\u00e3o de Freitas e Edson Ponick que fizeram uma rela\u00e7\u00e3o entre as obras de Pablo Ren\u00e9 Est\u00e9vez e Paulo Freire.<\/strong><\/p>\n<p>Grava\u00e7\u00e3o da reuni\u00e3o: https:<a href=\"https:\/\/drive.google.com\/file\/d\/17bU2P9wqYixDUvLplwUTwlKCJXsL_b_G\/view?usp=drivesdk\">\/\/drive.google.com\/file\/d\/17bU2P9wqYixDUvLplwUTwlKCJXsL_b_G\/view?usp=drivesdk<\/a><\/p>\n","protected":false},"excerpt":{"rendered":"<p>40\u00b0 Encontro &#8211; 29\/04\/2025 O Professor Pablo Ren\u00e9 apresentou Pontos de Destaque sobre o hist\u00f3rico da Educa\u00e7\u00e3o Est\u00e9tico-Ambiental. Grava\u00e7\u00e3o da reuni\u00e3o: https:\/\/drive.google.com\/file\/d\/1fOu2as8-wA3GKa97za-hrPO4nAcpdzTp\/view?usp=sharing Material de estudo: https:\/\/docs.google.com\/document\/d\/1yya9txU2__Btsb_55lM4d6ulw0532h5s\/edit?usp=sharing&amp;ouid=104835392316975368694&amp;rtpof=true&amp;sd=true\u00a0 &nbsp; 41\u00b0 Encontro &#8211; 06\/05\/2025 Giovana e Luana trouxeram a inter-rela\u00e7\u00e3o entre a Educa\u00e7\u00e3o Est\u00e9tica, a Educa\u00e7\u00e3o Ambiental e a Educa\u00e7\u00e3o Est\u00e9tico-Ambiental, usando como aux\u00edlio as obras Cartas a [&hellip;]<\/p>\n","protected":false},"author":1264,"featured_media":0,"parent":21,"menu_order":1,"comment_status":"closed","ping_status":"closed","template":"","meta":{"footnotes":""},"class_list":["post-571","page","type-page","status-publish","hentry","post"],"_links":{"self":[{"href":"https:\/\/wp.ufpel.edu.br\/ecoesteticagp\/wp-json\/wp\/v2\/pages\/571","targetHints":{"allow":["GET"]}}],"collection":[{"href":"https:\/\/wp.ufpel.edu.br\/ecoesteticagp\/wp-json\/wp\/v2\/pages"}],"about":[{"href":"https:\/\/wp.ufpel.edu.br\/ecoesteticagp\/wp-json\/wp\/v2\/types\/page"}],"author":[{"embeddable":true,"href":"https:\/\/wp.ufpel.edu.br\/ecoesteticagp\/wp-json\/wp\/v2\/users\/1264"}],"replies":[{"embeddable":true,"href":"https:\/\/wp.ufpel.edu.br\/ecoesteticagp\/wp-json\/wp\/v2\/comments?post=571"}],"version-history":[{"count":8,"href":"https:\/\/wp.ufpel.edu.br\/ecoesteticagp\/wp-json\/wp\/v2\/pages\/571\/revisions"}],"predecessor-version":[{"id":604,"href":"https:\/\/wp.ufpel.edu.br\/ecoesteticagp\/wp-json\/wp\/v2\/pages\/571\/revisions\/604"}],"up":[{"embeddable":true,"href":"https:\/\/wp.ufpel.edu.br\/ecoesteticagp\/wp-json\/wp\/v2\/pages\/21"}],"wp:attachment":[{"href":"https:\/\/wp.ufpel.edu.br\/ecoesteticagp\/wp-json\/wp\/v2\/media?parent=571"}],"curies":[{"name":"wp","href":"https:\/\/api.w.org\/{rel}","templated":true}]}}