{"id":397,"date":"2023-04-10T11:40:08","date_gmt":"2023-04-10T14:40:08","guid":{"rendered":"https:\/\/wp.ufpel.edu.br\/ecoesteticagp\/?page_id=397"},"modified":"2023-04-10T11:42:58","modified_gmt":"2023-04-10T14:42:58","slug":"nuvens-de-palavras","status":"publish","type":"page","link":"https:\/\/wp.ufpel.edu.br\/ecoesteticagp\/nuvens-de-palavras\/","title":{"rendered":"Nuvens de palavras"},"content":{"rendered":"<p>Ao final de cinco encontros realizados em 2022, ap\u00f3s estudar e discutir os textos que est\u00e3o dispon\u00edveis na aba &#8220;Encontros&#8221;, os\/as participantes escreviam palavras ou express\u00f5es-chave significativas daquele encontro. Ao todo foram evidenciadas 42 palavras e\/ou express\u00f5es-chave, para os cinco textos estudados.<br \/>\nNos links a seguir, est\u00e3o as palavras ou express\u00f5es-chave escritas pelos\/as participantes. <\/p>\n<p><a href=\"https:\/\/wp.ufpel.edu.br\/ecoesteticagp\/files\/2023\/04\/3a-nuvem-palavras.pdf\">3a nuvem palavras<\/a><\/p>\n<p><a href=\"https:\/\/wp.ufpel.edu.br\/ecoesteticagp\/files\/2023\/04\/4a-nuvem-palavras.pdf\">4a nuvem palavras<\/a><\/p>\n<p><a href=\"https:\/\/wp.ufpel.edu.br\/ecoesteticagp\/files\/2023\/04\/5a-nuvem-palavras.pdf\">5a nuvem palavras<\/a><\/p>\n<p><a href=\"https:\/\/wp.ufpel.edu.br\/ecoesteticagp\/files\/2023\/04\/6a-nuvem-palavras.pdf\">6a nuvem palavras<\/a><\/p>\n<p><a href=\"https:\/\/wp.ufpel.edu.br\/ecoesteticagp\/files\/2023\/04\/7a-nuvem-palavras.pdf\">7a nuvem palavras<\/a><\/p>\n","protected":false},"excerpt":{"rendered":"<p>Ao final de cinco encontros realizados em 2022, ap\u00f3s estudar e discutir os textos que est\u00e3o dispon\u00edveis na aba &#8220;Encontros&#8221;, os\/as participantes escreviam palavras ou express\u00f5es-chave significativas daquele encontro. Ao todo foram evidenciadas 42 palavras e\/ou express\u00f5es-chave, para os cinco textos estudados. Nos links a seguir, est\u00e3o as palavras ou express\u00f5es-chave escritas pelos\/as participantes. 3a [&hellip;]<\/p>\n","protected":false},"author":1264,"featured_media":0,"parent":0,"menu_order":0,"comment_status":"closed","ping_status":"closed","template":"","meta":{"footnotes":""},"class_list":["post-397","page","type-page","status-publish","hentry","post"],"_links":{"self":[{"href":"https:\/\/wp.ufpel.edu.br\/ecoesteticagp\/wp-json\/wp\/v2\/pages\/397","targetHints":{"allow":["GET"]}}],"collection":[{"href":"https:\/\/wp.ufpel.edu.br\/ecoesteticagp\/wp-json\/wp\/v2\/pages"}],"about":[{"href":"https:\/\/wp.ufpel.edu.br\/ecoesteticagp\/wp-json\/wp\/v2\/types\/page"}],"author":[{"embeddable":true,"href":"https:\/\/wp.ufpel.edu.br\/ecoesteticagp\/wp-json\/wp\/v2\/users\/1264"}],"replies":[{"embeddable":true,"href":"https:\/\/wp.ufpel.edu.br\/ecoesteticagp\/wp-json\/wp\/v2\/comments?post=397"}],"version-history":[{"count":3,"href":"https:\/\/wp.ufpel.edu.br\/ecoesteticagp\/wp-json\/wp\/v2\/pages\/397\/revisions"}],"predecessor-version":[{"id":413,"href":"https:\/\/wp.ufpel.edu.br\/ecoesteticagp\/wp-json\/wp\/v2\/pages\/397\/revisions\/413"}],"wp:attachment":[{"href":"https:\/\/wp.ufpel.edu.br\/ecoesteticagp\/wp-json\/wp\/v2\/media?parent=397"}],"curies":[{"name":"wp","href":"https:\/\/api.w.org\/{rel}","templated":true}]}}