{"id":387,"date":"2023-04-10T11:36:06","date_gmt":"2023-04-10T14:36:06","guid":{"rendered":"https:\/\/wp.ufpel.edu.br\/ecoesteticagp\/?page_id=387"},"modified":"2024-07-26T21:39:00","modified_gmt":"2024-07-27T00:39:00","slug":"apresentacoes-usadas-nos-encontros","status":"publish","type":"page","link":"https:\/\/wp.ufpel.edu.br\/ecoesteticagp\/apresentacoes-usadas-nos-encontros\/","title":{"rendered":"Apresenta\u00e7\u00f5es"},"content":{"rendered":"<div id=\"pl-387\"  class=\"panel-layout\" ><div id=\"pg-387-0\"  class=\"panel-grid panel-no-style\" ><div id=\"pgc-387-0-0\"  class=\"panel-grid-cell\" ><div id=\"panel-387-0-0-0\" class=\"so-panel widget widget_sow-editor panel-first-child panel-last-child\" data-index=\"0\" ><div\n\t\t\t\n\t\t\tclass=\"so-widget-sow-editor so-widget-sow-editor-base\"\n\t\t\t\n\t\t><h3 class=\"widget-title\">Apresenta\u00e7\u00f5es usadas para dinamizar os textos estudados nos encontros<\/h3>\n<div class=\"siteorigin-widget-tinymce textwidget\">\n\t<p><a href=\"https:\/\/wp.ufpel.edu.br\/ecoesteticagp\/files\/2023\/04\/3oencontro-artigo-dossie-EDUCACAO-ESTETICO-AMBIENTAL-E-EDUCACAO-FISICA.pdf\" target=\"_blank\" rel=\"noopener\">3\u00ba ENCONTRO- APRESENTA\u00c7\u00c3O DO TEXTO EDUCA\u00c7\u00c3O EST\u00c9TICO-AMBIENTAL E EDUCA\u00c7\u00c3O F\u00cdSICA: CORPOS NO CONTEXTO ESCOLAR<\/a><\/p>\n<p><a href=\"https:\/\/wp.ufpel.edu.br\/ecoesteticagp\/files\/2023\/04\/4oencontro-Edson-Ponick-e-Diana-P.-S.-Freitas.pdf\">4\u00ba ENCONTRO- A PERSPECTIVA EST\u00c9TICO-AMBIENTAL E A ARTE NA PEDAGOGIA: UMA CARTA REFLEXIVA<\/a><\/p>\n<p><a href=\"https:\/\/wp.ufpel.edu.br\/ecoesteticagp\/files\/2023\/04\/5o-encontro_Lurima-La-Educacion-Estetico-Ambiental-testimonio-etno-antropologico-1.pdf\">5\u00ba ENCONTRO-A EDUCA\u00c7\u00c3O EST\u00c9TICO-AMBIENTAL: UM TESTEMUNHO ETNO-ANTROPOL\u00d3GICO DE CONHECIMENTOS E SABERES<\/a><\/p>\n<p><a href=\"https:\/\/wp.ufpel.edu.br\/ecoesteticagp\/files\/2023\/04\/6o-encontro-EEA_Slides-profe-Pablo.pdf\">6\u00ba ENCONTRO- LOS FUNDAMENTOS DE LA EDUCAC\u00cdON EST\u00c9TICO-AMBIENTAL<\/a><\/p>\n<p style=\"text-align: justify;\"><a href=\"https:\/\/wp.ufpel.edu.br\/ecoesteticagp\/files\/2023\/04\/7o-encontro_Elena-e-Ronan.pdf\">7\u00ba ENCONTRO- A EDUCA\u00c7\u00c3O EST\u00c9TICO-AMBIENTAL NA BASE NACIONAL COMUM CURRICULAR: OLHARES CR\u00cdTICOS PARA SILENCIAMENTOS INTENCIONAIS<\/a><\/p>\n<h3 class=\"entry-title\">Apresenta\u00e7\u00f5es usadas para mostrar as pr\u00e1xis est\u00e9tico-ambientais realizadas pelos integrantes do Eco-est\u00e9tica em 2023<\/h3>\n<p><a href=\"https:\/\/wp.ufpel.edu.br\/ecoesteticagp\/files\/2024\/07\/DATAS-DAS-APRESENTACOES-DAS-EXPERIENCIAS-DA-EQUIPE-ECO-ESTETICA-COM-EEA.pdf\">CRONOGRAMA DAS APRESENTA\u00c7\u00d5ES DAS EXPERI\u00caNCIAS DA EQUIPE ECO-EST\u00c9TICA COM EEA REALIZADAS EM 2023<\/a><\/p>\n<h3 class=\"entry-title\">Apresenta\u00e7\u00f5es usadas para mostrar as pr\u00e1xis est\u00e9tico-ambientais que est\u00e3o sendo realizadas pelos integrantes do Eco-est\u00e9tica em 2024<\/h3>\n<p><a href=\"https:\/\/wp.ufpel.edu.br\/ecoesteticagp\/files\/2024\/07\/Cronograma-das-apresentacoes-previstas-para-2024.docx\">Cronograma das apresenta\u00e7\u00f5es previstas para 2024<\/a><\/p>\n<\/div>\n<\/div><\/div><\/div><\/div><\/div>","protected":false},"excerpt":{"rendered":"<p>3\u00ba ENCONTRO- APRESENTA\u00c7\u00c3O DO TEXTO EDUCA\u00c7\u00c3O EST\u00c9TICO-AMBIENTAL E EDUCA\u00c7\u00c3O F\u00cdSICA: CORPOS NO CONTEXTO ESCOLAR 4\u00ba ENCONTRO- A PERSPECTIVA EST\u00c9TICO-AMBIENTAL E A ARTE NA PEDAGOGIA: UMA CARTA REFLEXIVA 5\u00ba ENCONTRO-A EDUCA\u00c7\u00c3O EST\u00c9TICO-AMBIENTAL: UM TESTEMUNHO ETNO-ANTROPOL\u00d3GICO DE CONHECIMENTOS E SABERES 6\u00ba ENCONTRO- LOS FUNDAMENTOS DE LA EDUCAC\u00cdON EST\u00c9TICO-AMBIENTAL 7\u00ba ENCONTRO- A EDUCA\u00c7\u00c3O EST\u00c9TICO-AMBIENTAL NA BASE NACIONAL COMUM [&hellip;]<\/p>\n","protected":false},"author":1264,"featured_media":0,"parent":0,"menu_order":0,"comment_status":"closed","ping_status":"closed","template":"","meta":{"footnotes":""},"class_list":["post-387","page","type-page","status-publish","hentry","post"],"_links":{"self":[{"href":"https:\/\/wp.ufpel.edu.br\/ecoesteticagp\/wp-json\/wp\/v2\/pages\/387","targetHints":{"allow":["GET"]}}],"collection":[{"href":"https:\/\/wp.ufpel.edu.br\/ecoesteticagp\/wp-json\/wp\/v2\/pages"}],"about":[{"href":"https:\/\/wp.ufpel.edu.br\/ecoesteticagp\/wp-json\/wp\/v2\/types\/page"}],"author":[{"embeddable":true,"href":"https:\/\/wp.ufpel.edu.br\/ecoesteticagp\/wp-json\/wp\/v2\/users\/1264"}],"replies":[{"embeddable":true,"href":"https:\/\/wp.ufpel.edu.br\/ecoesteticagp\/wp-json\/wp\/v2\/comments?post=387"}],"version-history":[{"count":11,"href":"https:\/\/wp.ufpel.edu.br\/ecoesteticagp\/wp-json\/wp\/v2\/pages\/387\/revisions"}],"predecessor-version":[{"id":507,"href":"https:\/\/wp.ufpel.edu.br\/ecoesteticagp\/wp-json\/wp\/v2\/pages\/387\/revisions\/507"}],"wp:attachment":[{"href":"https:\/\/wp.ufpel.edu.br\/ecoesteticagp\/wp-json\/wp\/v2\/media?parent=387"}],"curies":[{"name":"wp","href":"https:\/\/api.w.org\/{rel}","templated":true}]}}