{"id":37,"date":"2022-09-10T18:19:05","date_gmt":"2022-09-10T21:19:05","guid":{"rendered":"https:\/\/wp.ufpel.edu.br\/ecoesteticagp\/?page_id=37"},"modified":"2026-02-01T13:47:20","modified_gmt":"2026-02-01T16:47:20","slug":"biblioteca-eco-estetica","status":"publish","type":"page","link":"https:\/\/wp.ufpel.edu.br\/ecoesteticagp\/biblioteca-eco-estetica\/","title":{"rendered":"Biblioteca Eco-est\u00e9tica"},"content":{"rendered":"<h1><strong><span style=\"color: #008000; font-size: 24pt;\">Reposit\u00f3rio de Livros<\/span><\/strong><\/h1>\n<p><a href=\"https:\/\/drive.google.com\/file\/d\/1GfVcmdOqHugUwar9HwvnmFonBvYSUvQu\/view?usp=drivesdk\"><span style=\"font-size: 12pt;\">El abec\u00e9 de la Educaci\u00f3n Est\u00e9tico-Ambiental<\/span><\/a><span style=\"font-size: 12pt;\"> (2025)<\/span><\/p>\n<p><span style=\"font-size: 12pt;\"><strong>Pablo Ren\u00e9 Est\u00e9vez<\/strong><\/span><\/p>\n<p><a href=\"https:\/\/www.uffs.edu.br\/uffs\/conteudo\/editora\/5568-Versao_final_-_PEDAGOGIA_DEL_CAMBIO-_7_out..pdf\"><span style=\"font-size: 12pt;\">Pedagog\u00eda del cambio: di\u00e1logos con \u00e1lter ego (2025)<\/span><\/a><\/p>\n<p><span style=\"font-size: 12pt;\"><strong>Pablo Ren\u00e9 Est\u00e9vez\u00a0<\/strong><\/span><\/p>\n<p><span style=\"font-size: 12pt;\"><a href=\"https:\/\/wp.ufpel.edu.br\/ecoesteticagp\/files\/2024\/07\/La-sensibilizacion-estetico-ambiental.-Tecnicas-y-dinamicas-para-escolares-estudiantes-y-profesores-Lurima-Estevez-Alvare-2.pdf\">La sensibilizaci\u00f3n est\u00e9tico-ambiental. T\u00e9cnicas y din\u00e1micas para escolares, estudiantes y profesores \u00a0<\/a>(2024)<\/span><\/p>\n<p><span style=\"font-size: 12pt;\"><strong>Lurima Estevez Alvarez\u00a0<\/strong><\/span><\/p>\n<p><span style=\"font-size: 12pt;\"><a href=\"https:\/\/wp.ufpel.edu.br\/ecoesteticagp\/files\/2024\/07\/LA-VIDA-EN-UN-RECUERDO-1.pdf\">LA VIDA EN UN RECUERDO <\/a>(2024)<\/span><\/p>\n<p><span style=\"font-size: 12pt;\"><strong>Pablo Ren\u00e9 <\/strong><strong>Est\u00e9vez<\/strong><\/span><\/p>\n<p><span style=\"font-size: 12pt;\"><a href=\"https:\/\/wp.ufpel.edu.br\/ecoesteticagp\/files\/2024\/07\/EXPERIENCIAS-DIDATICO-PEDAGOGICAS-eBook.pdf\">EXPERI\u00caNCIAS DID\u00c1TICO-PEDAG\u00d3GICAS COM EDUCA\u00c7\u00c3O EST\u00c9TICO-AMBIENTAL NA FORMA\u00c7\u00c3O ACAD\u00caMICO-PROFISSIONAL<\/a> (2020)<\/span><\/p>\n<p><span style=\"font-size: 12pt;\"><strong>Diana Paula Salom\u00e3o de Freitas<\/strong><\/span><br \/>\n<span style=\"font-size: 12pt;\"><strong>Franc\u00e9li Brizolla<\/strong><\/span><br \/>\n<span style=\"font-size: 12pt;\"><strong>Elena Maria Billig Mello<\/strong><\/span><br \/>\n<span style=\"font-size: 12pt;\"><strong>Nara Rosane Machado de Oliveira<\/strong><\/span><br \/>\n<span style=\"font-size: 12pt;\"><strong>(organizadoras)<\/strong><\/span><\/p>\n<p>&nbsp;<\/p>\n<h1><span style=\"color: #008000; font-size: 24pt;\">Reposit\u00f3rio de Artigos<\/span><\/h1>\n<p><span style=\"color: #339966; font-size: 12pt;\"><a id=\"article-14233\" style=\"color: #339966;\" href=\"https:\/\/periodicos.furg.br\/ambeduc\/article\/view\/14233\">A perspectiva Est\u00e9tico-Ambiental e a arte na Pedagogia<\/a><\/span>(2022)<\/p>\n<p><span style=\"color: #008000; font-size: 12pt;\"><span style=\"font-weight: 400;\"><span style=\"color: #000000;\"><strong>Edson Ponick<\/strong><\/span><\/span><\/span><\/p>\n<p><span style=\"color: #008000; font-size: 12pt;\"><span style=\"font-weight: 400;\"><span style=\"color: #000000;\"><strong>Diana Paula Salom\u00e3o de Freitas<\/strong><\/span><\/span><\/span><\/p>\n<p><span style=\"font-size: 12pt;\"><a href=\"https:\/\/ojs.cuadernoseducacion.com\/ojs\/index.php\/ced\/article\/view\/9835\">Educa\u00e7\u00e3o Est\u00e9tico-Ambiental no Brasil<\/a><\/span>(2025)<\/p>\n<p><span style=\"font-size: 12pt;\"><strong>Danielle M\u00fcller de Andrade<\/strong><\/span><\/p>\n<p><span style=\"font-size: 12pt;\"><strong>Edson Ponick<\/strong><\/span><\/p>\n<p><span style=\"font-size: 12pt;\"><strong>Jordana Bel\u00e9m Rodrigues<\/strong><\/span><\/p>\n<p><span style=\"font-size: 12pt;\"><strong>Kauane dos Passos\u00a0<\/strong><\/span><\/p>\n<p><span style=\"font-size: 12pt;\"><strong>Rafael Blank Leitzke<\/strong><\/span><\/p>\n<p><span style=\"font-size: 12pt;\"><strong>Vanessa B\u00fcttow Sigorini<\/strong><\/span><\/p>\n<p><span style=\"font-size: 12pt;\"><strong>Diana Paula Salom\u00e3o de Freitas<\/strong><\/span><\/p>\n<p><a href=\"https:\/\/periodicos.furg.br\/ambeduc\/issue\/view\/848\">Dossi\u00ea: Educaci\u00f3n Est\u00e9tico-Ambiental (EEA): fundamentos, saberes y pr\u00e1ctica<\/a>(2022)<\/p>\n<p><strong>Organizadoras: Diana Paula Salom\u00e3o de Freitas e Lurima Est\u00e9vez Alvarez<\/strong><\/p>\n<p><a href=\"https:\/\/periodicos.furg.br\/momento\/issue\/view\/931\">Dossi\u00ea: A utopia de uma educa\u00e7\u00e3o sens\u00edvel para a forma\u00e7\u00e3o mais humana<\/a>(2024)<\/p>\n<p><strong>Organizadoras: Fabiana Celente Montiel, Danielle M\u00fcller de Andrade e Diana Paula Salom\u00e3o de Freitas<\/strong><\/p>\n<p><a href=\"https:\/\/periodicos.furg.br\/remea\/article\/view\/9450\">Ind\u00edcios da forma\u00e7\u00e3o de emo\u00e7\u00f5es provocadas por um estudo da realidade: articula\u00e7\u00f5es entre a Neuroci\u00eancia e a perspectiva Est\u00e9tico-ambiental da Educa\u00e7\u00e3o<\/a>(2019)<\/p>\n<p><strong>Ronan Moura Franco<\/strong><\/p>\n<p><strong>Elena Maria Billig Mello<\/strong><\/p>\n<p><strong>Diana Paula Salom\u00e3o de Freitas<\/strong><\/p>\n<p>&nbsp;<\/p>\n<h1><span style=\"color: #008000; font-size: 24pt;\">Reposit\u00f3rio de TCC, Disserta\u00e7\u00f5es e Teses<\/span><\/h1>\n<p><a href=\"https:\/\/repositorio.unipampa.edu.br\/server\/api\/core\/bitstreams\/71a8f3a0-7524-4fe7-9892-9987254d028d\/content\">Experienciar, sentir e aprender para transformar: articula\u00e7\u00f5es entre o fundamento neurobiol\u00f3gico das emo\u00e7\u00f5es e a perspectiva est\u00e9tico-ambiental da educa\u00e7\u00e3o<\/a> (2017)<\/p>\n<p><strong>Ronan Moura Franco<\/strong><\/p>\n<p>&nbsp;<\/p>\n<h1><a href=\"https:\/\/docs.ufpel.edu.br\/index.php\/s\/2PMy8KYXq28FM1z\"><span style=\"color: #008000;\">Biblioteca do FEPr\u00e1xiS<\/span><\/a><\/h1>\n<p>&nbsp;<\/p>\n<p>&nbsp;<\/p>\n","protected":false},"excerpt":{"rendered":"<p>Reposit\u00f3rio de Livros El abec\u00e9 de la Educaci\u00f3n Est\u00e9tico-Ambiental (2025) Pablo Ren\u00e9 Est\u00e9vez Pedagog\u00eda del cambio: di\u00e1logos con \u00e1lter ego (2025) Pablo Ren\u00e9 Est\u00e9vez\u00a0 La sensibilizaci\u00f3n est\u00e9tico-ambiental. T\u00e9cnicas y din\u00e1micas para escolares, estudiantes y profesores \u00a0(2024) Lurima Estevez Alvarez\u00a0 LA VIDA EN UN RECUERDO (2024) Pablo Ren\u00e9 Est\u00e9vez EXPERI\u00caNCIAS DID\u00c1TICO-PEDAG\u00d3GICAS COM EDUCA\u00c7\u00c3O EST\u00c9TICO-AMBIENTAL NA FORMA\u00c7\u00c3O [&hellip;]<\/p>\n","protected":false},"author":1264,"featured_media":0,"parent":0,"menu_order":0,"comment_status":"closed","ping_status":"closed","template":"","meta":{"footnotes":""},"class_list":["post-37","page","type-page","status-publish","hentry","post"],"_links":{"self":[{"href":"https:\/\/wp.ufpel.edu.br\/ecoesteticagp\/wp-json\/wp\/v2\/pages\/37","targetHints":{"allow":["GET"]}}],"collection":[{"href":"https:\/\/wp.ufpel.edu.br\/ecoesteticagp\/wp-json\/wp\/v2\/pages"}],"about":[{"href":"https:\/\/wp.ufpel.edu.br\/ecoesteticagp\/wp-json\/wp\/v2\/types\/page"}],"author":[{"embeddable":true,"href":"https:\/\/wp.ufpel.edu.br\/ecoesteticagp\/wp-json\/wp\/v2\/users\/1264"}],"replies":[{"embeddable":true,"href":"https:\/\/wp.ufpel.edu.br\/ecoesteticagp\/wp-json\/wp\/v2\/comments?post=37"}],"version-history":[{"count":3,"href":"https:\/\/wp.ufpel.edu.br\/ecoesteticagp\/wp-json\/wp\/v2\/pages\/37\/revisions"}],"predecessor-version":[{"id":645,"href":"https:\/\/wp.ufpel.edu.br\/ecoesteticagp\/wp-json\/wp\/v2\/pages\/37\/revisions\/645"}],"wp:attachment":[{"href":"https:\/\/wp.ufpel.edu.br\/ecoesteticagp\/wp-json\/wp\/v2\/media?parent=37"}],"curies":[{"name":"wp","href":"https:\/\/api.w.org\/{rel}","templated":true}]}}