{"id":24,"date":"2022-09-10T18:11:45","date_gmt":"2022-09-10T21:11:45","guid":{"rendered":"https:\/\/wp.ufpel.edu.br\/ecoesteticagp\/?page_id=24"},"modified":"2023-04-11T10:45:16","modified_gmt":"2023-04-11T13:45:16","slug":"2022-2","status":"publish","type":"page","link":"https:\/\/wp.ufpel.edu.br\/ecoesteticagp\/encontros\/2022-2\/","title":{"rendered":"2022"},"content":{"rendered":"<div id=\"pl-24\"  class=\"panel-layout\" ><div id=\"pg-24-0\"  class=\"panel-grid panel-no-style\" ><div id=\"pgc-24-0-0\"  class=\"panel-grid-cell\" ><div id=\"panel-24-0-0-0\" class=\"so-panel widget widget_text panel-first-child panel-last-child\" data-index=\"0\" ><div class=\"titulo-encontros-ano panel-widget-style panel-widget-style-for-24-0-0-0\" ><h3 class=\"widget-title\">2022<\/h3>\t\t\t<div class=\"textwidget\"><\/div>\n\t\t<\/div><\/div><\/div><\/div><div id=\"pg-24-1\"  class=\"panel-grid panel-no-style\" ><div id=\"pgc-24-1-0\"  class=\"panel-grid-cell\" ><div id=\"panel-24-1-0-0\" class=\"so-panel widget widget_text panel-first-child\" data-index=\"1\" ><div class=\"titulo-encontros-mes panel-widget-style panel-widget-style-for-24-1-0-0\" ><h3 class=\"widget-title\">Setembro<\/h3>\t\t\t<div class=\"textwidget\"><\/div>\n\t\t<\/div><\/div><div id=\"panel-24-1-0-1\" class=\"so-panel widget widget_sow-editor\" data-index=\"2\" ><div\n\t\t\t\n\t\t\tclass=\"so-widget-sow-editor so-widget-sow-editor-base\"\n\t\t\t\n\t\t>\n<div class=\"siteorigin-widget-tinymce textwidget\">\n\t<p><strong>Data<\/strong>: 02\/09\/2022<\/p>\n<p><strong>Pauta<\/strong>: Primeiro encontro do semestre e apresenta\u00e7\u00e3o dos participantes.<\/p>\n<p><a href=\"https:\/\/wp.ufpel.edu.br\/ecoesteticagp\/memoria-02-09-2022\/\">Mem\u00f3ria<\/a><\/p>\n<\/div>\n<\/div><\/div><div id=\"panel-24-1-0-2\" class=\"widget_text so-panel widget widget_custom_html\" data-index=\"3\" ><div class=\"textwidget custom-html-widget\"><hr style=\"background-color: #8d2e85;margin-bottom: 0px;\" \/><\/div><\/div><div id=\"panel-24-1-0-3\" class=\"so-panel widget widget_sow-editor panel-last-child\" data-index=\"4\" ><div\n\t\t\t\n\t\t\tclass=\"so-widget-sow-editor so-widget-sow-editor-base\"\n\t\t\t\n\t\t>\n<div class=\"siteorigin-widget-tinymce textwidget\">\n\t<p><strong>Data<\/strong>: 14\/09\/2022<\/p>\n<p><strong>Pauta<\/strong>: Di\u00e1logo a partir do texto: \"<em>Los fundamentos de la Educaci\u00f3n Est\u00e9tico-Ambiental<\/em>\"<\/p>\n<p><strong>Material utilizado<\/strong>:<\/p>\n<p>EST\u00c9VEZ RODR\u00cdGUEZ, P. R. Los fundamentos de la Educaci\u00f3n Est\u00e9tico-Ambiental.\u00a0<b>Ambiente &amp;amp; Educa\u00e7\u00e3o<\/b>,\u00a0<i>[S. l.]<\/i>, v. 27, n. 1, p. 1\u201328, 2022. DOI: 10.14295\/ambeduc.v27i1.14239. Dispon\u00edvel em: <a href=\"https:\/\/periodicos.furg.br\/ambeduc\/article\/view\/14239\">https:\/\/periodicos.furg.br\/ambeduc\/article\/view\/14239<\/a>.<\/p>\n<\/div>\n<\/div><\/div><\/div><\/div><div id=\"pg-24-2\"  class=\"panel-grid panel-no-style\" ><div id=\"pgc-24-2-0\"  class=\"panel-grid-cell\" ><div id=\"panel-24-2-0-0\" class=\"so-panel widget widget_text panel-first-child\" data-index=\"5\" ><div class=\"titulo-encontros-mes panel-widget-style panel-widget-style-for-24-2-0-0\" ><h3 class=\"widget-title\">Outubro<\/h3>\t\t\t<div class=\"textwidget\"><\/div>\n\t\t<\/div><\/div><div id=\"panel-24-2-0-1\" class=\"so-panel widget widget_sow-editor\" data-index=\"6\" ><div\n\t\t\t\n\t\t\tclass=\"so-widget-sow-editor so-widget-sow-editor-base\"\n\t\t\t\n\t\t>\n<div class=\"siteorigin-widget-tinymce textwidget\">\n\t<p><strong>Data<\/strong>: 05\/10\/2022<\/p>\n<p><strong>Pauta<\/strong>: Di\u00e1logo sobre 2 artigos que comp\u00f5em o dossi\u00ea: Educaci\u00f3n Est\u00e9tico-ambiental (EEA): Fundamentos, saberes y pr\u00e1ctica, publicados no v.27 da\u00a0 Revista Ambiente &amp; Educa\u00e7\u00e3o.<\/p>\n<p>Revista dispon\u00edvel no link: <a href=\"https:\/\/periodicos.furg.br\/ambeduc\/issue\/view\/848\" target=\"_blank\" rel=\"noopener\">https:\/\/periodicos.furg.br\/ambeduc\/issue\/view\/848<\/a><\/p>\n<p><strong>Material utilizado<\/strong>:<\/p>\n<p><a href=\"https:\/\/wp.ufpel.edu.br\/ecoesteticagp\/files\/2022\/09\/FREITAS-PONICK.-Estetico-ambiental-e-Arte.pdf\" target=\"_blank\" rel=\"noopener\">FREITAS; PONICK.A perspectiva est\u00e9tico-ambiental e a arte na pedagogia: Uma carta reflexiva.<\/a><\/p>\n<p><a href=\"https:\/\/wp.ufpel.edu.br\/ecoesteticagp\/files\/2022\/09\/ANDRADE-SCHMIDT-MONTIEL.-Estetico-ambiental-e-Ed.-Fisica.pdf\" target=\"_blank\" rel=\"noopener\">ANDRADE; SCHIMIDT; MONTIEL. Educa\u00e7\u00e3o est\u00e9tico-ambiental e educa\u00e7\u00e3o f\u00edsica: Corpos no contexto escolar<\/a><\/p>\n<\/div>\n<\/div><\/div><div id=\"panel-24-2-0-2\" class=\"widget_text so-panel widget widget_custom_html\" data-index=\"7\" ><div class=\"textwidget custom-html-widget\"><hr style=\"background-color: #8d2e85;margin-bottom: 0px;\" \/><\/div><\/div><div id=\"panel-24-2-0-3\" class=\"so-panel widget widget_sow-editor panel-last-child\" data-index=\"8\" ><div\n\t\t\t\n\t\t\tclass=\"so-widget-sow-editor so-widget-sow-editor-base\"\n\t\t\t\n\t\t>\n<div class=\"siteorigin-widget-tinymce textwidget\">\n\t<p><strong>Data<\/strong>: 17\/10\/2022<\/p>\n<p><strong>Pauta<\/strong>: - Di\u00e1logo a partir do texto: <em>\"A perspectiva est\u00e9tico-ambiental e a arte na pedagogia: Uma carta reflexiva.\"<\/em><\/p>\n<p><strong>Material utilizado<\/strong>:\u00a0 - <a href=\"https:\/\/wp.ufpel.edu.br\/ecoesteticagp\/files\/2022\/09\/FREITAS-PONICK.-Estetico-ambiental-e-Arte.pdf\" target=\"_blank\" rel=\"noopener\">FREITAS; PONICK.A perspectiva est\u00e9tico-ambiental e a arte na pedagogia: Uma carta reflexiva.<\/a><\/p>\n<\/div>\n<\/div><\/div><\/div><\/div><div id=\"pg-24-3\"  class=\"panel-grid panel-no-style\" ><div id=\"pgc-24-3-0\"  class=\"panel-grid-cell\" ><div id=\"panel-24-3-0-0\" class=\"so-panel widget widget_text panel-first-child\" data-index=\"9\" ><div class=\"titulo-encontros-mes panel-widget-style panel-widget-style-for-24-3-0-0\" ><h3 class=\"widget-title\">Novembro<\/h3>\t\t\t<div class=\"textwidget\"><\/div>\n\t\t<\/div><\/div><div id=\"panel-24-3-0-1\" class=\"so-panel widget widget_sow-editor\" data-index=\"10\" ><div\n\t\t\t\n\t\t\tclass=\"so-widget-sow-editor so-widget-sow-editor-base\"\n\t\t\t\n\t\t>\n<div class=\"siteorigin-widget-tinymce textwidget\">\n\t<p><strong>Data<\/strong>: 09\/11\/2022<\/p>\n<p><strong>Pauta<\/strong>: Leitura e discuss\u00e3o do texto: <b>A Educa\u00e7\u00e3o Est\u00e9tico-Ambiental<\/b>: um testemunho etno-antropol\u00f3gico \u00a0de conhecimentos e saberes<\/p>\n<p><strong>Material utilizado<\/strong>: <a href=\"https:\/\/periodicos.furg.br\/ambeduc\/article\/view\/14227\/9730\" target=\"_blank\" rel=\"noopener\">https:\/\/periodicos.furg.br\/ambeduc\/article\/view\/14227\/9730<\/a><\/p>\n<\/div>\n<\/div><\/div><div id=\"panel-24-3-0-2\" class=\"widget_text so-panel widget widget_custom_html\" data-index=\"11\" ><div class=\"textwidget custom-html-widget\"><hr style=\"background-color: #8d2e85;margin-bottom: 0px;\" \/><\/div><\/div><div id=\"panel-24-3-0-3\" class=\"widget_text so-panel widget widget_custom_html\" data-index=\"12\" ><div class=\"textwidget custom-html-widget\"><hr style=\"background-color: #8d2e85;margin-bottom: 0px;\" \/><\/div><\/div><div id=\"panel-24-3-0-4\" class=\"so-panel widget widget_sow-editor panel-last-child\" data-index=\"13\" ><div\n\t\t\t\n\t\t\tclass=\"so-widget-sow-editor so-widget-sow-editor-base\"\n\t\t\t\n\t\t>\n<div class=\"siteorigin-widget-tinymce textwidget\">\n\t<p><strong>Data<\/strong>: 30\/11\/2022<\/p>\n<p><strong>Pauta<\/strong>: - Leitura e discuss\u00e3o sobre o texto \"Los fundamentos de la Educaci\u00f3n Est\u00e9tico-Ambiental\"<\/p>\n<p><strong>Material utilizado<\/strong>:<a href=\"https:\/\/periodicos.furg.br\/ambeduc\/article\/view\/14239\"> https:\/\/periodicos.furg.br\/ambeduc\/article\/view\/14239<\/a><\/p>\n<\/div>\n<\/div><\/div><\/div><\/div><div id=\"pg-24-4\"  class=\"panel-grid panel-no-style\" ><div id=\"pgc-24-4-0\"  class=\"panel-grid-cell\" ><div id=\"panel-24-4-0-0\" class=\"so-panel widget widget_text panel-first-child\" data-index=\"14\" ><div class=\"titulo-encontros-mes panel-widget-style panel-widget-style-for-24-4-0-0\" ><h3 class=\"widget-title\">Dezembro<\/h3>\t\t\t<div class=\"textwidget\"><\/div>\n\t\t<\/div><\/div><div id=\"panel-24-4-0-1\" class=\"so-panel widget widget_sow-editor\" data-index=\"15\" ><div\n\t\t\t\n\t\t\tclass=\"so-widget-sow-editor so-widget-sow-editor-base\"\n\t\t\t\n\t\t>\n<div class=\"siteorigin-widget-tinymce textwidget\">\n\t<p><strong>Data<\/strong>: 07\/12\/2022<\/p>\n<p><strong>Pauta<\/strong>: - Leitura e discuss\u00e3o do texto: A Educa\u00e7\u00e3o Est\u00e9tico-ambiental na Base Nacional Comum Curricular<\/p>\n<p><strong>Material utilizado<\/strong>: -<a href=\"https:\/\/periodicos.furg.br\/ambeduc\/article\/view\/14240\/9727\">https:\/\/periodicos.furg.br\/ambeduc\/article\/view\/14240\/9727<\/a><\/p>\n<\/div>\n<\/div><\/div><div id=\"panel-24-4-0-2\" class=\"widget_text so-panel widget widget_custom_html panel-last-child\" data-index=\"16\" ><div class=\"textwidget custom-html-widget\"><hr style=\"background-color: #8d2e85;margin-bottom: 0px;\" \/><\/div><\/div><\/div><\/div><\/div>","protected":false},"excerpt":{"rendered":"<p>Data: 02\/09\/2022 Pauta: Primeiro encontro do semestre e apresenta\u00e7\u00e3o dos participantes. Mem\u00f3ria Data: 14\/09\/2022 Pauta: Di\u00e1logo a partir do texto: &#8220;Los fundamentos de la Educaci\u00f3n Est\u00e9tico-Ambiental&#8221; Material utilizado: EST\u00c9VEZ RODR\u00cdGUEZ, P. R. Los fundamentos de la Educaci\u00f3n Est\u00e9tico-Ambiental.\u00a0Ambiente &amp;amp; Educa\u00e7\u00e3o,\u00a0[S. l.], v. 27, n. 1, p. 1\u201328, 2022. DOI: 10.14295\/ambeduc.v27i1.14239. Dispon\u00edvel em: https:\/\/periodicos.furg.br\/ambeduc\/article\/view\/14239.<\/p>\n","protected":false},"author":1264,"featured_media":0,"parent":21,"menu_order":0,"comment_status":"closed","ping_status":"closed","template":"","meta":{"footnotes":""},"class_list":["post-24","page","type-page","status-publish","hentry","post"],"_links":{"self":[{"href":"https:\/\/wp.ufpel.edu.br\/ecoesteticagp\/wp-json\/wp\/v2\/pages\/24","targetHints":{"allow":["GET"]}}],"collection":[{"href":"https:\/\/wp.ufpel.edu.br\/ecoesteticagp\/wp-json\/wp\/v2\/pages"}],"about":[{"href":"https:\/\/wp.ufpel.edu.br\/ecoesteticagp\/wp-json\/wp\/v2\/types\/page"}],"author":[{"embeddable":true,"href":"https:\/\/wp.ufpel.edu.br\/ecoesteticagp\/wp-json\/wp\/v2\/users\/1264"}],"replies":[{"embeddable":true,"href":"https:\/\/wp.ufpel.edu.br\/ecoesteticagp\/wp-json\/wp\/v2\/comments?post=24"}],"version-history":[{"count":50,"href":"https:\/\/wp.ufpel.edu.br\/ecoesteticagp\/wp-json\/wp\/v2\/pages\/24\/revisions"}],"predecessor-version":[{"id":431,"href":"https:\/\/wp.ufpel.edu.br\/ecoesteticagp\/wp-json\/wp\/v2\/pages\/24\/revisions\/431"}],"up":[{"embeddable":true,"href":"https:\/\/wp.ufpel.edu.br\/ecoesteticagp\/wp-json\/wp\/v2\/pages\/21"}],"wp:attachment":[{"href":"https:\/\/wp.ufpel.edu.br\/ecoesteticagp\/wp-json\/wp\/v2\/media?parent=24"}],"curies":[{"name":"wp","href":"https:\/\/api.w.org\/{rel}","templated":true}]}}