{"id":50,"date":"2009-09-22T14:10:06","date_gmt":"2009-09-22T17:10:06","guid":{"rendered":"https:\/\/wp.ufpel.edu.br\/ecb\/?page_id=50"},"modified":"2013-05-02T18:41:21","modified_gmt":"2013-05-02T21:41:21","slug":"minhas-publicacoes","status":"publish","type":"page","link":"https:\/\/wp.ufpel.edu.br\/ecb\/minhas-publicacoes\/","title":{"rendered":"&#8211; Minhas Publica\u00e7\u00f5es"},"content":{"rendered":"<p style=\"text-align: left\">Ver refer\u00eancias\u00a0em: <a href=\"http:\/\/lattes.cnpq.br\/3025226898731035\">Curr\u00edculo Lattes (Robledo Lima Gil)<\/a><\/p>\n<p style=\"text-align: left\">A metacogni\u00e7\u00e3o como auxiliar no processo de forma\u00e7\u00e3o de professoras: uma experi\u00eancia pedag\u00f3gica &#8211; <a href=\"https:\/\/wp.ufpel.edu.br\/ecb\/files\/2009\/09\/unisinos-2005-1.pdf\">unisinos-2005-1<\/a><\/p>\n<p style=\"text-align: left\">O est\u00e1gio supervisionado\u00a0em ci\u00eancias: an\u00e1lise de uma hip\u00f3tese curricular &#8211; <a href=\"https:\/\/wp.ufpel.edu.br\/ecb\/files\/2009\/09\/endipe-2006-1.pdf\">endipe-2006-1<\/a><\/p>\n<p style=\"text-align: left\">Considera\u00e7\u00f5es\u00a0sobre\u00a0o\u00a0desenvolvimento\u00a0do\u00a0novo\u00a0curr\u00edculo\u00a0do\u00a0curso\u00a0de licenciatura\u00a0em\u00a0qu\u00edmica\u00a0da\u00a0UFPel &#8211; <a href=\"https:\/\/wp.ufpel.edu.br\/ecb\/files\/2009\/09\/enpec-2005.pdf\">enpec-2005<\/a><\/p>\n<p style=\"text-align: left\">A metacogni\u00e7\u00e3o\u00a0como\u00a0experi\u00eancia pedag\u00f3gica:\u00a0conhecendo o\u00a0processo de cria\u00e7\u00e3o de si mesmo &#8211; <a href=\"https:\/\/wp.ufpel.edu.br\/ecb\/files\/2009\/09\/pucrs-2006-1.pdf\">pucrs-2006-1<\/a><\/p>\n","protected":false},"excerpt":{"rendered":"<p>Ver refer\u00eancias\u00a0em: Curr\u00edculo Lattes (Robledo Lima Gil) A metacogni\u00e7\u00e3o como auxiliar no processo de forma\u00e7\u00e3o de professoras: uma experi\u00eancia pedag\u00f3gica &#8211; unisinos-2005-1 O est\u00e1gio supervisionado\u00a0em ci\u00eancias: an\u00e1lise de uma hip\u00f3tese curricular &#8211; endipe-2006-1 Considera\u00e7\u00f5es\u00a0sobre\u00a0o\u00a0desenvolvimento\u00a0do\u00a0novo\u00a0curr\u00edculo\u00a0do\u00a0curso\u00a0de licenciatura\u00a0em\u00a0qu\u00edmica\u00a0da\u00a0UFPel &#8211; enpec-2005 A metacogni\u00e7\u00e3o\u00a0como\u00a0experi\u00eancia pedag\u00f3gica:\u00a0conhecendo o\u00a0processo de cria\u00e7\u00e3o de si mesmo &#8211; pucrs-2006-1<\/p>\n","protected":false},"author":25,"featured_media":0,"parent":0,"menu_order":0,"comment_status":"closed","ping_status":"open","template":"","meta":{"footnotes":""},"class_list":["post-50","page","type-page","status-publish","hentry"],"_links":{"self":[{"href":"https:\/\/wp.ufpel.edu.br\/ecb\/wp-json\/wp\/v2\/pages\/50","targetHints":{"allow":["GET"]}}],"collection":[{"href":"https:\/\/wp.ufpel.edu.br\/ecb\/wp-json\/wp\/v2\/pages"}],"about":[{"href":"https:\/\/wp.ufpel.edu.br\/ecb\/wp-json\/wp\/v2\/types\/page"}],"author":[{"embeddable":true,"href":"https:\/\/wp.ufpel.edu.br\/ecb\/wp-json\/wp\/v2\/users\/25"}],"replies":[{"embeddable":true,"href":"https:\/\/wp.ufpel.edu.br\/ecb\/wp-json\/wp\/v2\/comments?post=50"}],"version-history":[{"count":11,"href":"https:\/\/wp.ufpel.edu.br\/ecb\/wp-json\/wp\/v2\/pages\/50\/revisions"}],"predecessor-version":[{"id":144,"href":"https:\/\/wp.ufpel.edu.br\/ecb\/wp-json\/wp\/v2\/pages\/50\/revisions\/144"}],"wp:attachment":[{"href":"https:\/\/wp.ufpel.edu.br\/ecb\/wp-json\/wp\/v2\/media?parent=50"}],"curies":[{"name":"wp","href":"https:\/\/api.w.org\/{rel}","templated":true}]}}