{"id":24,"date":"2009-09-21T15:15:38","date_gmt":"2009-09-21T18:15:38","guid":{"rendered":"https:\/\/wp.ufpel.edu.br\/ecb\/?page_id=24"},"modified":"2013-05-02T18:41:00","modified_gmt":"2013-05-02T21:41:00","slug":"material-bibliografico-ecb","status":"publish","type":"page","link":"https:\/\/wp.ufpel.edu.br\/ecb\/material-bibliografico-ecb\/","title":{"rendered":"&#8211; Material Bibliogr\u00e1fico &#8211; ECB"},"content":{"rendered":"<p>Este \u00e9 um espa\u00e7o que visa disponibilizar material bibliogr\u00e1fico referente \u00e0 Educa\u00e7\u00e3o em Ci\u00eancias e\u00a0Biologia (ECB).<\/p>\n<p>Leis de Diretrizes e Bases da Educa\u00e7\u00e3o Nacional (1996): <a href=\"https:\/\/wp.ufpel.edu.br\/ecb\/files\/2009\/09\/ldb2.pdf\">LDB<\/a><\/p>\n<p>Disserta\u00e7\u00e3o Final PPGE\/FaE\/UFPel (2007): <a href=\"https:\/\/wp.ufpel.edu.br\/ecb\/files\/2009\/09\/robledo-gil-dissertacao-final.pdf\">robledo-gil-dissertacao-final<\/a><\/p>\n<p>Guia de Livros Did\u00e1ticos\u00a0de Ci\u00eancias\u00a0&#8211; PNLD (2008): <a href=\"https:\/\/wp.ufpel.edu.br\/ecb\/files\/2009\/09\/guia-do-livro-didatico-2008-ciencias.pdf\">guia-do-livro-didatico-2008-ciencias<\/a><\/p>\n","protected":false},"excerpt":{"rendered":"<p>Este \u00e9 um espa\u00e7o que visa disponibilizar material bibliogr\u00e1fico referente \u00e0 Educa\u00e7\u00e3o em Ci\u00eancias e\u00a0Biologia (ECB). Leis de Diretrizes e Bases da Educa\u00e7\u00e3o Nacional (1996): LDB Disserta\u00e7\u00e3o Final PPGE\/FaE\/UFPel (2007): robledo-gil-dissertacao-final Guia de Livros Did\u00e1ticos\u00a0de Ci\u00eancias\u00a0&#8211; PNLD (2008): guia-do-livro-didatico-2008-ciencias<\/p>\n","protected":false},"author":25,"featured_media":0,"parent":0,"menu_order":0,"comment_status":"closed","ping_status":"open","template":"","meta":{"footnotes":""},"class_list":["post-24","page","type-page","status-publish","hentry"],"_links":{"self":[{"href":"https:\/\/wp.ufpel.edu.br\/ecb\/wp-json\/wp\/v2\/pages\/24","targetHints":{"allow":["GET"]}}],"collection":[{"href":"https:\/\/wp.ufpel.edu.br\/ecb\/wp-json\/wp\/v2\/pages"}],"about":[{"href":"https:\/\/wp.ufpel.edu.br\/ecb\/wp-json\/wp\/v2\/types\/page"}],"author":[{"embeddable":true,"href":"https:\/\/wp.ufpel.edu.br\/ecb\/wp-json\/wp\/v2\/users\/25"}],"replies":[{"embeddable":true,"href":"https:\/\/wp.ufpel.edu.br\/ecb\/wp-json\/wp\/v2\/comments?post=24"}],"version-history":[{"count":10,"href":"https:\/\/wp.ufpel.edu.br\/ecb\/wp-json\/wp\/v2\/pages\/24\/revisions"}],"predecessor-version":[{"id":30,"href":"https:\/\/wp.ufpel.edu.br\/ecb\/wp-json\/wp\/v2\/pages\/24\/revisions\/30"}],"wp:attachment":[{"href":"https:\/\/wp.ufpel.edu.br\/ecb\/wp-json\/wp\/v2\/media?parent=24"}],"curies":[{"name":"wp","href":"https:\/\/api.w.org\/{rel}","templated":true}]}}