{"id":2,"date":"2009-09-21T13:46:20","date_gmt":"2009-09-21T16:46:20","guid":{"rendered":""},"modified":"2013-05-02T18:46:05","modified_gmt":"2013-05-02T21:46:05","slug":"sobre","status":"publish","type":"page","link":"https:\/\/wp.ufpel.edu.br\/ecb\/sobre\/","title":{"rendered":"&#8211; Sobre"},"content":{"rendered":"<p style=\"text-align: justify\">Bem-vindo ao site!<br \/>\nEste \u00e9 um espa\u00e7o criado para que possamos trocar informa\u00e7\u00f5es sobre a Educa\u00e7\u00e3o em Ci\u00eancias e Biologia, em especial referente \u00e0s disciplinas de Did\u00e1tica do Ensino de Ci\u00eancias, Pesquisa do Ensino de Ci\u00eancias e Biologia, Est\u00e1gio Supervisionado II &#8211; Ensino de Ci\u00eancias\u00a0e Forma\u00e7\u00e3o de Educadores Ambientais.<\/p>\n<p style=\"text-align: justify\">Robledo Lima Gil \u00e9 Bacharel e Licenciado em Ci\u00eancias Biol\u00f3gicas pela Universidade Federal de Pelotas (UFPEL). Possui Especializa\u00e7\u00e3o e Mestrado conferidos pelo Programa de P\u00f3s-Gradua\u00e7\u00e3o em Educa\u00e7\u00e3o (PPGE) da UFPEL. Durante esse per\u00edodo, foi Professor Substituto da Faculdade de Educa\u00e7\u00e3o (FaE\/UFPEL), Estatut\u00e1rio da Secretaria Municipal de Educa\u00e7\u00e3o (SME) de Pelotas e da Secretaria da Educa\u00e7\u00e3o do Estado do Rio Grande do Sul (5\u00aa CRE), exercendo suas fun\u00e7\u00f5es docentes, respectivamente, nos cursos de Ci\u00eancias Biol\u00f3gicas e de Pedagogia, no Ensino de Ci\u00eancias (s\u00e9ries finais do Ensino Fundamental) e no Ensino de Biologia (Ensino M\u00e9dio). Recentemente foi Professor Assistente da Universidade Federal de Goi\u00e1s (UFG). Possui Doutorado em Educa\u00e7\u00e3o Ambiental conferido pelo Programa de P\u00f3s-Gradua\u00e7\u00e3o em Educa\u00e7\u00e3o Ambiental (PPGEA) da Funda\u00e7\u00e3o Universidade do Rio Grande (FURG). Atualmente \u00e9 Professor Adjunto da Universidade Federal de Pelotas (UFPel), atuando no Curso de Ci\u00eancias Biol\u00f3gicas &#8211; Licenciatura e no Programa de P\u00f3s-Gradua\u00e7\u00e3o em Ensino de Ci\u00eancias e Matem\u00e1tica (PPGECM\/UFPEL). Tem experi\u00eancia na \u00e1rea de Educa\u00e7\u00e3o, com \u00eanfase na Forma\u00e7\u00e3o Inicial de Professores de Ci\u00eancias e Biologia e Educa\u00e7\u00e3o Ambiental.<\/p>\n<p style=\"text-align: justify\">Contato: Campus Cap\u00e3o do Le\u00e3o, Pr\u00e9dio 25 &#8211; Laborat\u00f3rio Interdisciplinar para a Forma\u00e7\u00e3o de Educadores (LIFE\/CAPES).<\/p>\n<p style=\"text-align: justify\">e-mail: <a href=\"mailto:robledogil@yahoo.com.br\">robledogil@yahoo.com.br<\/a><\/p>\n","protected":false},"excerpt":{"rendered":"<p>Bem-vindo ao site! Este \u00e9 um espa\u00e7o criado para que possamos trocar informa\u00e7\u00f5es sobre a Educa\u00e7\u00e3o em Ci\u00eancias e Biologia, em especial referente \u00e0s disciplinas de Did\u00e1tica do Ensino de Ci\u00eancias, Pesquisa do Ensino de Ci\u00eancias e Biologia, Est\u00e1gio Supervisionado II &#8211; Ensino de Ci\u00eancias\u00a0e Forma\u00e7\u00e3o de Educadores Ambientais. Robledo Lima Gil \u00e9 Bacharel e [&hellip;]<\/p>\n","protected":false},"author":25,"featured_media":0,"parent":0,"menu_order":0,"comment_status":"open","ping_status":"open","template":"","meta":{"footnotes":""},"class_list":["post-2","page","type-page","status-publish","hentry"],"_links":{"self":[{"href":"https:\/\/wp.ufpel.edu.br\/ecb\/wp-json\/wp\/v2\/pages\/2","targetHints":{"allow":["GET"]}}],"collection":[{"href":"https:\/\/wp.ufpel.edu.br\/ecb\/wp-json\/wp\/v2\/pages"}],"about":[{"href":"https:\/\/wp.ufpel.edu.br\/ecb\/wp-json\/wp\/v2\/types\/page"}],"author":[{"embeddable":true,"href":"https:\/\/wp.ufpel.edu.br\/ecb\/wp-json\/wp\/v2\/users\/25"}],"replies":[{"embeddable":true,"href":"https:\/\/wp.ufpel.edu.br\/ecb\/wp-json\/wp\/v2\/comments?post=2"}],"version-history":[{"count":7,"href":"https:\/\/wp.ufpel.edu.br\/ecb\/wp-json\/wp\/v2\/pages\/2\/revisions"}],"predecessor-version":[{"id":9,"href":"https:\/\/wp.ufpel.edu.br\/ecb\/wp-json\/wp\/v2\/pages\/2\/revisions\/9"}],"wp:attachment":[{"href":"https:\/\/wp.ufpel.edu.br\/ecb\/wp-json\/wp\/v2\/media?parent=2"}],"curies":[{"name":"wp","href":"https:\/\/api.w.org\/{rel}","templated":true}]}}