{"id":134,"date":"2013-05-02T18:37:54","date_gmt":"2013-05-02T21:37:54","guid":{"rendered":"https:\/\/wp.ufpel.edu.br\/ecb\/?page_id=134"},"modified":"2013-05-02T18:40:44","modified_gmt":"2013-05-02T21:40:44","slug":"laboratorio-de-interdisciplinar-para-a-formacao-de-educadores-life","status":"publish","type":"page","link":"https:\/\/wp.ufpel.edu.br\/ecb\/laboratorio-de-interdisciplinar-para-a-formacao-de-educadores-life\/","title":{"rendered":"&#8211; Laborat\u00f3rio Interdisciplinar para a Forma\u00e7\u00e3o de Educadores (LIFE)"},"content":{"rendered":"","protected":false},"excerpt":{"rendered":"","protected":false},"author":25,"featured_media":0,"parent":0,"menu_order":0,"comment_status":"closed","ping_status":"open","template":"","meta":{"footnotes":""},"class_list":["post-134","page","type-page","status-publish","hentry"],"_links":{"self":[{"href":"https:\/\/wp.ufpel.edu.br\/ecb\/wp-json\/wp\/v2\/pages\/134","targetHints":{"allow":["GET"]}}],"collection":[{"href":"https:\/\/wp.ufpel.edu.br\/ecb\/wp-json\/wp\/v2\/pages"}],"about":[{"href":"https:\/\/wp.ufpel.edu.br\/ecb\/wp-json\/wp\/v2\/types\/page"}],"author":[{"embeddable":true,"href":"https:\/\/wp.ufpel.edu.br\/ecb\/wp-json\/wp\/v2\/users\/25"}],"replies":[{"embeddable":true,"href":"https:\/\/wp.ufpel.edu.br\/ecb\/wp-json\/wp\/v2\/comments?post=134"}],"version-history":[{"count":3,"href":"https:\/\/wp.ufpel.edu.br\/ecb\/wp-json\/wp\/v2\/pages\/134\/revisions"}],"predecessor-version":[{"id":141,"href":"https:\/\/wp.ufpel.edu.br\/ecb\/wp-json\/wp\/v2\/pages\/134\/revisions\/141"}],"wp:attachment":[{"href":"https:\/\/wp.ufpel.edu.br\/ecb\/wp-json\/wp\/v2\/media?parent=134"}],"curies":[{"name":"wp","href":"https:\/\/api.w.org\/{rel}","templated":true}]}}