{"id":12,"date":"2009-09-21T15:05:18","date_gmt":"2009-09-21T18:05:18","guid":{"rendered":"https:\/\/wp.ufpel.edu.br\/ecb\/?page_id=12"},"modified":"2013-05-22T07:52:51","modified_gmt":"2013-05-22T10:52:51","slug":"pesquisa-do-ensino-de-ciencias-e-biologia","status":"publish","type":"page","link":"https:\/\/wp.ufpel.edu.br\/ecb\/pesquisa-do-ensino-de-ciencias-e-biologia\/","title":{"rendered":"&#8211; Pesquisa do Ensino de Ci\u00eancias e Biologia"},"content":{"rendered":"<p>Material das aulas:<\/p>\n<p><a href=\"https:\/\/wp.ufpel.edu.br\/ecb\/files\/2009\/09\/Pesquisa-do-Ensino-de-Ci\u00eancias-e-Biologia-11.ppt\">Pesquisa do Ensino de Ci\u00eancias e Biologia 1<\/a><\/p>\n<p><a href=\"https:\/\/wp.ufpel.edu.br\/ecb\/files\/2009\/09\/Inicia\u00e7\u00e3o-a-Pesquisa.pdf\">Inicia\u00e7\u00e3o a Pesquisa<\/a><\/p>\n<p><a href=\"https:\/\/wp.ufpel.edu.br\/ecb\/files\/2009\/09\/Como-esquematizar-uma-pesquisa.pdf\">Como esquematizar uma pesquisa<\/a><\/p>\n<p><a href=\"https:\/\/wp.ufpel.edu.br\/ecb\/files\/2009\/09\/Licenciatura-e-PG-em-Educa\u00e7\u00e3o.pdf\">Licenciatura e PG em Educa\u00e7\u00e3o<\/a><\/p>\n<p><a href=\"https:\/\/wp.ufpel.edu.br\/ecb\/files\/2009\/09\/Etapas-de-um-Projeto-de-Pesquisa.pdf\">Etapas de um Projeto de Pesquisa<\/a><\/p>\n<p><a href=\"https:\/\/wp.ufpel.edu.br\/ecb\/files\/2009\/09\/Problema-de-Pesquisa.pdf\">Problema de Pesquisa<\/a><\/p>\n<p><a href=\"https:\/\/wp.ufpel.edu.br\/ecb\/files\/2009\/09\/Hip\u00f3teses-da-Pesquisa.pdf\">Hip\u00f3teses da Pesquisa<\/a><\/p>\n<p><a href=\"https:\/\/wp.ufpel.edu.br\/ecb\/files\/2009\/09\/Tipos-de-Pesquisa.pdf\">Tipos de Pesquisa<\/a><\/p>\n<p><a href=\"https:\/\/wp.ufpel.edu.br\/ecb\/files\/2009\/09\/Pesquisa-Quantitativa-e-Qualitativa.pdf\">Pesquisa Quantitativa e Qualitativa<\/a><\/p>\n<p><a href=\"https:\/\/wp.ufpel.edu.br\/ecb\/files\/2009\/09\/Pesquisa-LUDKE-e-ANDR\u00c9.pdf\">Pesquisa LUDKE e ANDR\u00c9<\/a><\/p>\n<p><a href=\"https:\/\/wp.ufpel.edu.br\/ecb\/files\/2009\/09\/Grupos-de-PECB1.doc\">Grupos de PECB<\/a><\/p>\n<p><a href=\"https:\/\/wp.ufpel.edu.br\/ecb\/files\/2009\/09\/Pesquisa-em-Sala-de-Aula.pdf\">Pesquisa em Sala de Aula<\/a><\/p>\n<p><a href=\"https:\/\/wp.ufpel.edu.br\/ecb\/files\/2009\/09\/Investiga\u00e7\u00e3o-a\u00e7\u00e3o.pdf\">Investiga\u00e7\u00e3o-a\u00e7\u00e3o<\/a><\/p>\n<p><a href=\"https:\/\/wp.ufpel.edu.br\/ecb\/files\/2009\/09\/Coleta-dos-dados.pdf\">Coleta dos dados<\/a><\/p>\n<p><a href=\"https:\/\/wp.ufpel.edu.br\/ecb\/files\/2009\/09\/An\u00e1lise-dos-dados.pdf\">An\u00e1lise dos dados<\/a><\/p>\n<p><a href=\"https:\/\/wp.ufpel.edu.br\/ecb\/files\/2009\/09\/Roteiro-Parecer.pdf\">Roteiro Parecer<\/a><\/p>\n<p><a href=\"https:\/\/wp.ufpel.edu.br\/ecb\/files\/2009\/09\/Ibero-Americano-03.doc\">Ibero-Americano-03<\/a><\/p>\n<p><a href=\"https:\/\/wp.ufpel.edu.br\/ecb\/files\/2009\/09\/Carta-de-apresenta\u00e7\u00e3o-PECB.pdf\">Carta de apresenta\u00e7\u00e3o PECB<\/a><\/p>\n<p><a href=\"https:\/\/wp.ufpel.edu.br\/ecb\/files\/2009\/09\/Termo-de-Consentimento-PECB.pdf\">Termo de Consentimento PECB<\/a><\/p>\n","protected":false},"excerpt":{"rendered":"<p>Material das aulas: Pesquisa do Ensino de Ci\u00eancias e Biologia 1 Inicia\u00e7\u00e3o a Pesquisa Como esquematizar uma pesquisa Licenciatura e PG em Educa\u00e7\u00e3o Etapas de um Projeto de Pesquisa Problema de Pesquisa Hip\u00f3teses da Pesquisa Tipos de Pesquisa Pesquisa Quantitativa e Qualitativa Pesquisa LUDKE e ANDR\u00c9 Grupos de PECB Pesquisa em Sala de Aula Investiga\u00e7\u00e3o-a\u00e7\u00e3o [&hellip;]<\/p>\n","protected":false},"author":25,"featured_media":0,"parent":0,"menu_order":0,"comment_status":"closed","ping_status":"open","template":"","meta":{"footnotes":""},"class_list":["post-12","page","type-page","status-publish","hentry"],"_links":{"self":[{"href":"https:\/\/wp.ufpel.edu.br\/ecb\/wp-json\/wp\/v2\/pages\/12","targetHints":{"allow":["GET"]}}],"collection":[{"href":"https:\/\/wp.ufpel.edu.br\/ecb\/wp-json\/wp\/v2\/pages"}],"about":[{"href":"https:\/\/wp.ufpel.edu.br\/ecb\/wp-json\/wp\/v2\/types\/page"}],"author":[{"embeddable":true,"href":"https:\/\/wp.ufpel.edu.br\/ecb\/wp-json\/wp\/v2\/users\/25"}],"replies":[{"embeddable":true,"href":"https:\/\/wp.ufpel.edu.br\/ecb\/wp-json\/wp\/v2\/comments?post=12"}],"version-history":[{"count":20,"href":"https:\/\/wp.ufpel.edu.br\/ecb\/wp-json\/wp\/v2\/pages\/12\/revisions"}],"predecessor-version":[{"id":18,"href":"https:\/\/wp.ufpel.edu.br\/ecb\/wp-json\/wp\/v2\/pages\/12\/revisions\/18"}],"wp:attachment":[{"href":"https:\/\/wp.ufpel.edu.br\/ecb\/wp-json\/wp\/v2\/media?parent=12"}],"curies":[{"name":"wp","href":"https:\/\/api.w.org\/{rel}","templated":true}]}}