{"id":764,"date":"2018-09-11T11:41:28","date_gmt":"2018-09-11T14:41:28","guid":{"rendered":"https:\/\/wp.ufpel.edu.br\/ebarbosa\/?page_id=764"},"modified":"2022-03-31T17:14:29","modified_gmt":"2022-03-31T20:14:29","slug":"seminario-obrigacao-moral-e-punicao","status":"publish","type":"page","link":"https:\/\/wp.ufpel.edu.br\/ebarbosa\/seminario-obrigacao-moral-e-punicao\/","title":{"rendered":"Semin\u00e1rio Obriga\u00e7\u00e3o Moral e Puni\u00e7\u00e3o"},"content":{"rendered":"<p style=\"text-align: center;\"><span style=\"color: #0000ff;\"><strong>Punishment and Moral Obligation: A Seminar<\/strong><\/span><br \/>\n<em>Professor Lloyd Steffen (Lehigh University \u2013 USA)<\/em><\/p>\n<p><strong>\u00a0\u00a0\u00a0\u00a0\u00a0\u00a0\u00a0\u00a0\u00a0\u00a0\u00a0\u00a0 Date:<\/strong> October, 15 to 19\/2018<br \/>\n<strong>\u00a0\u00a0\u00a0\u00a0\u00a0\u00a0\u00a0\u00a0\u00a0\u00a0\u00a0\u00a0 Time: <\/strong>14pm 17:30pm<br \/>\n<strong>\u00a0\u00a0\u00a0\u00a0\u00a0\u00a0\u00a0\u00a0\u00a0\u00a0\u00a0\u00a0 Local: <\/strong>Room 206 \/ IFISP<\/p>\n<p><strong>\u21d2 Subscription:<\/strong> <em>goat.ufpel@gmail.com<\/em><\/p>\n<p style=\"text-align: justify;\"><span style=\"font-size: 10pt;\"><em>Course Description and Objective:<\/em> This week-long seminar examines punishment and moral obligation. Questions pertaining to the meaning of moral obligation will focus on why and how people should be held accountable for their actions, particularly if actions harm others, and how obligations factor into questions about human rights. Also at issue are questions about what we owe one another, how we show respect for one another, the limits and extent of responsibility, and how moral obligations extend into and are reflected in law. Attention will be given to utilitarian and deontological theories of retributive punishment, as well as a moral education theory of punishment, the role of rehabilitation, restorative justice and a natural law based theory of \u201cjust punishment. Among issues to be considered will be reactive attitudes (Strawson), how punishment derives from personal relationships and intersubjective of \u201csecond person\u201d (Darwall) obligations, and how attitudes toward punishment are affected by both reason and emotions, which may not be all that different. The role of such matters as anger, disgust, empathy, gratitude, resentment, happiness, guilt, blame and forgiveness will be examined. <\/span><\/p>\n<p><span style=\"font-size: 10pt;\"><strong>\u2022 TEXTS<\/strong><\/span><br \/>\n<span style=\"font-size: 10pt;\">1. Lloyd Steffen. &#8220;Forgiveness as Relatedness: On Justice&#8230;&#8221; &#8211; <a href=\"https:\/\/files.acrobat.com\/a\/preview\/262214f5-791e-4422-9263-0e18291d1d51\" target=\"_blank\" rel=\"noopener noreferrer\">Link <\/a><\/span><br \/>\n<span style=\"font-size: 10pt;\">2. Stephen Darwall. &#8220;Empathy, Sympathy, Care&#8221; &#8211; <a href=\"https:\/\/files.acrobat.com\/a\/preview\/021c942e-9557-4f77-b4c8-294a5d276054\" target=\"_blank\" rel=\"noopener noreferrer\">Link<\/a><\/span><br \/>\n<span style=\"font-size: 10pt;\">3. Walter Berns. &#8220;The Morality of Anger&#8221; &#8211; <a href=\"https:\/\/files.acrobat.com\/a\/preview\/cf8c3406-0d72-4eef-bb90-c7ba2509c51e\" target=\"_blank\" rel=\"noopener noreferrer\">Link<\/a><\/span><br \/>\n<span style=\"font-size: 10pt;\">4. Charles V. Blatz. &#8220;Reason, Peace, Transitional Justice, and Punishment&#8221; &#8211; <a href=\"https:\/\/files.acrobat.com\/a\/preview\/fc8d47bf-f854-419b-a11f-e7b7cacde757\" target=\"_blank\" rel=\"noopener noreferrer\">Link<\/a><\/span><br \/>\n<span style=\"font-size: 10pt;\">5. John Braithwaite. &#8220;The fundamentals of restorative justice&#8221; &#8211; <a href=\"https:\/\/files.acrobat.com\/a\/preview\/39bb9277-7632-4567-b29a-4b69659ee99c\" target=\"_blank\" rel=\"noopener noreferrer\">Link<\/a><\/span><br \/>\n<span style=\"font-size: 10pt;\">6. Didier Fassin. &#8220;On Resentment and Ressentiment The Politics and Ethics of Moral Emotions&#8221; &#8211; <a href=\"https:\/\/files.acrobat.com\/a\/preview\/e3b313e3-d929-4938-ae87-42e374758a6a\" target=\"_blank\" rel=\"noopener noreferrer\">Link<\/a><\/span><br \/>\n<span style=\"font-size: 10pt;\">7. Erin I. Kelly. &#8220;Criminal Justice without Retribution&#8221; &#8211; <a href=\"https:\/\/files.acrobat.com\/a\/preview\/25a94334-38b6-48c2-b765-7c9917256397\" target=\"_blank\" rel=\"noopener noreferrer\">Link<\/a><\/span><br \/>\n<span style=\"font-size: 10pt;\">8. Clare McGlynn. &#8220;Feminism, Rape and the Search for Justice&#8221; &#8211; <a href=\"https:\/\/files.acrobat.com\/a\/preview\/2af7ff3b-45d9-4c69-9d03-89db4850bee1\" target=\"_blank\" rel=\"noopener noreferrer\">Link<\/a><\/span><br \/>\n<span style=\"font-size: 10pt;\">9. Herbert Morris. &#8220;Persons and Punishment&#8221; &#8211; <a href=\"https:\/\/files.acrobat.com\/a\/preview\/ba19985d-86e1-479d-9601-e236fb05df98\" target=\"_blank\" rel=\"noopener noreferrer\">Link<\/a><\/span><br \/>\n<span style=\"font-size: 10pt;\">10. Arthur Ripstein. &#8220;Responses to Humiliation&#8221; &#8211; <a href=\"https:\/\/files.acrobat.com\/a\/preview\/2cc93441-973b-4b32-bca7-346aeab9daa1\" target=\"_blank\" rel=\"noopener noreferrer\">Link<\/a><\/span><br \/>\n<span style=\"font-size: 10pt;\">11. Richard Wasserstrom. &#8220;Punishment vs. Rehabilitation.&#8221; &#8211; <a href=\"https:\/\/files.acrobat.com\/a\/preview\/ee4042c4-4546-4b4b-aa3c-1425b69eb635\" target=\"_blank\" rel=\"noopener noreferrer\">Link <\/a><\/span><br \/>\n<span style=\"font-size: 10pt;\">12. John Wilson. &#8220;The Justification of Punishment.&#8221; &#8211; <a href=\"https:\/\/files.acrobat.com\/a\/preview\/eb33d174-4742-4322-b415-6792359d0755\" target=\"_blank\" rel=\"noopener noreferrer\">Link<\/a><\/span><\/p>\n<p><span style=\"font-size: 10pt;\"><strong>* Organizer<\/strong><\/span><br \/>\nEvandro Barbosa<br \/>\n<em>Federal University of Pelotas<\/em><\/p>\n<p><span style=\"font-size: 10pt;\"><strong>* Financial Support:<\/strong><\/span><br \/>\nFulbright<br \/>\nFunda\u00e7\u00e3o de Amparo a Pesquisa do Rio Grande do Sul &#8211; Brazil<\/p>\n","protected":false},"excerpt":{"rendered":"<p>Punishment and Moral Obligation: A Seminar Professor Lloyd Steffen (Lehigh University \u2013 USA) \u00a0\u00a0\u00a0\u00a0\u00a0\u00a0\u00a0\u00a0\u00a0\u00a0\u00a0\u00a0 Date: October, 15 to 19\/2018 \u00a0\u00a0\u00a0\u00a0\u00a0\u00a0\u00a0\u00a0\u00a0\u00a0\u00a0\u00a0 Time: 14pm 17:30pm \u00a0\u00a0\u00a0\u00a0\u00a0\u00a0\u00a0\u00a0\u00a0\u00a0\u00a0\u00a0 Local: Room 206&hellip; <span class=\"read-more\"><a class=\"more-link\" href=\"https:\/\/wp.ufpel.edu.br\/ebarbosa\/seminario-obrigacao-moral-e-punicao\/\" rel=\"bookmark\">Read more <span class=\"screen-reader-text\">&#8220;Semin\u00e1rio Obriga\u00e7\u00e3o Moral e Puni\u00e7\u00e3o&#8221;<\/span><\/a><\/span><\/p>\n","protected":false},"author":551,"featured_media":0,"parent":0,"menu_order":0,"comment_status":"closed","ping_status":"closed","template":"","meta":{"footnotes":""},"class_list":["post-764","page","type-page","status-publish","hentry"],"jetpack_sharing_enabled":true,"_links":{"self":[{"href":"https:\/\/wp.ufpel.edu.br\/ebarbosa\/wp-json\/wp\/v2\/pages\/764","targetHints":{"allow":["GET"]}}],"collection":[{"href":"https:\/\/wp.ufpel.edu.br\/ebarbosa\/wp-json\/wp\/v2\/pages"}],"about":[{"href":"https:\/\/wp.ufpel.edu.br\/ebarbosa\/wp-json\/wp\/v2\/types\/page"}],"author":[{"embeddable":true,"href":"https:\/\/wp.ufpel.edu.br\/ebarbosa\/wp-json\/wp\/v2\/users\/551"}],"replies":[{"embeddable":true,"href":"https:\/\/wp.ufpel.edu.br\/ebarbosa\/wp-json\/wp\/v2\/comments?post=764"}],"version-history":[{"count":19,"href":"https:\/\/wp.ufpel.edu.br\/ebarbosa\/wp-json\/wp\/v2\/pages\/764\/revisions"}],"predecessor-version":[{"id":962,"href":"https:\/\/wp.ufpel.edu.br\/ebarbosa\/wp-json\/wp\/v2\/pages\/764\/revisions\/962"}],"wp:attachment":[{"href":"https:\/\/wp.ufpel.edu.br\/ebarbosa\/wp-json\/wp\/v2\/media?parent=764"}],"curies":[{"name":"wp","href":"https:\/\/api.w.org\/{rel}","templated":true}]}}