{"id":96,"date":"2022-02-26T12:30:53","date_gmt":"2022-02-26T15:30:53","guid":{"rendered":"https:\/\/wp.ufpel.edu.br\/eaipelotas\/?page_id=96"},"modified":"2022-04-13T10:00:52","modified_gmt":"2022-04-13T13:00:52","slug":"banco-de-dados","status":"publish","type":"page","link":"https:\/\/wp.ufpel.edu.br\/eaipelotas\/banco-de-dados\/","title":{"rendered":"Banco de dados"},"content":{"rendered":"<p>Clique no link abaixo para ter acesso ao question\u00e1rio.<\/p>\n<p><a href=\"https:\/\/wp.ufpel.edu.br\/eaipelotas\/files\/2022\/02\/Questionario-EAI-PELOTAS.pdf\" target=\"_blank\" rel=\"noopener\">https:\/\/wp.ufpel.edu.br\/eaipelotas\/files\/2022\/02\/Questionario-EAI-PELOTAS.pdf<\/a><\/p>\n<p style=\"text-align: center;\"><strong>FORMUL\u00c1RIO PARA SOLICITA\u00c7\u00c3O DO BANCO DE DADOS<\/strong><\/p>\n\n<div class=\"wpcf7 no-js\" id=\"wpcf7-f153-o1\" lang=\"pt-BR\" dir=\"ltr\" data-wpcf7-id=\"153\">\n<div class=\"screen-reader-response\"><p role=\"status\" aria-live=\"polite\" aria-atomic=\"true\"><\/p> <ul><\/ul><\/div>\n<form action=\"\/eaipelotas\/wp-json\/wp\/v2\/pages\/96#wpcf7-f153-o1\" method=\"post\" class=\"wpcf7-form init\" aria-label=\"Formul\u00e1rios de contato\" novalidate=\"novalidate\" data-status=\"init\">\n<fieldset class=\"hidden-fields-container\"><input type=\"hidden\" name=\"_wpcf7\" value=\"153\" \/><input type=\"hidden\" name=\"_wpcf7_version\" value=\"6.1.4\" \/><input type=\"hidden\" name=\"_wpcf7_locale\" value=\"pt_BR\" \/><input type=\"hidden\" name=\"_wpcf7_unit_tag\" value=\"wpcf7-f153-o1\" \/><input type=\"hidden\" name=\"_wpcf7_container_post\" value=\"0\" \/><input type=\"hidden\" name=\"_wpcf7_posted_data_hash\" value=\"\" \/>\n<\/fieldset>\n<p><label> Multimorbidade e procura por servi\u00e7os de urg\u00eancia e emerg\u00eancia em Pelotas-RS: predi\u00e7\u00e3o a partir de an\u00e1lises de intelig\u00eancia artificial (EAI PELOTAS?)<br \/>\nEsta solicita\u00e7\u00e3o se refere a:<br \/>\n( ) TCC<br \/>\n( ) Disserta\u00e7\u00e3o<br \/>\n( ) Tese<br \/>\n( ) Projeto\/Artigo n\u00e3o vinculado \u00e0 TCC\/disserta\u00e7\u00e3o\/tese<br \/>\n1.\tIdentifica\u00e7\u00e3o do proponente<br \/>\n\u2022\tNome:<br \/>\n\u2022\tInstitui\u00e7\u00e3o:<br \/>\n\u2022\tE-mail:<br \/>\n\u2022\tTelefone:<br \/>\n\u2022\tPesquisadores\/coautores da proposta:<br \/>\n2.\tRegras de utiliza\u00e7\u00e3o dos bancos de dados<br \/>\n2.1.\tO banco de dados dever\u00e1 ser usado somente para fins de pesquisa cient\u00edfica, sem fins lucrativos.<br \/>\n2.2.\tDever\u00e1 ser mantida a confidencialidade do banco de dados sem a tentativa de qualquer identifica\u00e7\u00e3o dos participantes do estudo.<br \/>\n2.3.\tOs dados fornecidos ser\u00e3o utilizados somente para as an\u00e1lises aprovadas nesta proposta.<br \/>\n2.4.\tAo final das an\u00e1lises propostas neste formul\u00e1rio, uma c\u00f3pia do banco de dados dever\u00e1 ser devolvida \u00e0 coordena\u00e7\u00e3o do estudo junto com um arquivo das an\u00e1lises (ex.: dofile). As demais c\u00f3pias do banco de dados dever\u00e3o ser destru\u00eddas e inutilizadas.<br \/>\n2.5.\tO banco de dados n\u00e3o poder\u00e1 ser copiado nem fornecido para outros pesquisadores, que n\u00e3o estejam envolvidos na presente proposta.<br \/>\n2.6.\tO proponente ter\u00e1 at\u00e9 12 meses, a contar da data de aprova\u00e7\u00e3o da proposta para submeter o artigo \u00e0 publica\u00e7\u00e3o. O n\u00e3o cumprimento desse prazo significa que a mesma an\u00e1lise poder\u00e1 ser solicitada por outros pesquisadores que solicitarem o banco.<br \/>\n2.7.\tA observ\u00e2ncia dos preceitos \u00e9ticos referentes \u00e0 an\u00e1lise dos dados \u00e9 de inteira responsabilidade do proponente e coautores da produ\u00e7\u00e3o cientifica, respeitando-se as recomenda\u00e7\u00f5es \u00e9ticas contidas na Declara\u00e7\u00e3o de Helsinque (dispon\u00edvel em http:\/\/www.wma.net)<br \/>\n2.8.\tO banco de dados ser\u00e1 disponibilizado ao proponente ap\u00f3s o envio deste formul\u00e1rio assinado para o seguinte endere\u00e7o eletr\u00f4nico: eaipelotas@gmail.com<br \/>\n2.9.\tAs an\u00e1lises precisam levar em conta o desenho do estudo considerando, ao menos, a Unidade Prim\u00e1ria de Amostragem (UPA). Comando Stata: \"svyset setor\". Ap\u00f3s isso, usar \"svy:\" nas an\u00e1lises. Al\u00e9m dessa possibilidade, temos duas outras op\u00e7\u00f5es de pondera\u00e7\u00e3o para obter estimativas da amostra considerando o desenho do estudo: peso de amostragem e p\u00f3s-estratifica\u00e7\u00e3o. Devido ao poss\u00edvel de vi\u00e9s de sele\u00e7\u00e3o na amostra a qual cont\u00e9m mais mulheres e pessoas mais velhas do que seria esperado, o uso de estrat\u00e9gia de p\u00f3s-pondera\u00e7\u00e3o \u00e9 relevante para a obten\u00e7\u00e3o de estimativas ajustadas para sexo e idade de uma distribui\u00e7\u00e3o populacional similar a realidade (em virtude da falta de dados censit\u00e1rios, utilizamos proje\u00e7\u00f5es populacionais). Assim, recomenda-se a defini\u00e7\u00e3o do uso de cada estrat\u00e9gia caso a caso por produto cient\u00edfico e que, principalmente, para medidas pontuais de desfechos (ex.: preval\u00eancia de determinada condi\u00e7\u00e3o) que visem extrapolar os dados para a popula\u00e7\u00e3o-alvo (adultos da cidade de Pelotas), as diferentes estimativas sejam apresentadas.<br \/>\n2.10.\tAinda ser\u00e3o criadas vari\u00e1veis comuns para esse banco (abep, NSE, etc). Assim, pedimos comunica\u00e7\u00e3o com a coordena\u00e7\u00e3o caso queira j\u00e1 criar essas vari\u00e1veis. Assim que as vari\u00e1veis estiverem criadas, um banco atualizado ser\u00e1 enviado.<br \/>\n2.11. As publica\u00e7\u00f5es cient\u00edficas e qualquer outro meio de divulga\u00e7\u00e3o de trabalho de pesquisa, apoiadas pelo presente Chamada dever\u00e3o citar, obrigatoriamente, a fonte de financiamento realizada pelo Programa Pesquisa para SUS: gest\u00e3o compartilhada em sa\u00fade - PPSUS por meio da FAPERGS e a utiliza\u00e7\u00e3o da logomarca espec\u00edfica dos parceiros: Decit\/SCTIE\/MS, CNPq, FAPERGS e da SES-RS.<br \/>\n2.12. A produ\u00e7\u00e3o cient\u00edfica resultante dos projetos apoiados (cap\u00edtulo de livros publicados, textos em jornais ou revistas, artigos ou trabalhos publicados em anais de congresso e demais tipos de produ\u00e7\u00e3o t\u00e9cnica ou bibliogr\u00e1fica) dever\u00e1 ser enviada para o endere\u00e7o eletr\u00f4nico ppsus@saude.gov.br. bem como inserida como anexo nos relat\u00f3rios t\u00e9cnicos encaminhados \u00e0 FAPERGS.<br \/>\n3.\tVari\u00e1veis solicitadas para a an\u00e1lise (listar com maior detalhamento poss\u00edvel):<br \/>\n4.\tResumo da proposta. Descreva de forma breve sua proposta, indicando o objetivo do artigo que ser\u00e1 elaborado:<br \/>\n5.\tAo assinar, o proponente concorda com todos as regras acima citadas.<br \/>\n<\/label>\n<\/p>\n<p><label> Seu nome<br \/>\n<span class=\"wpcf7-form-control-wrap\" data-name=\"your-name\"><input size=\"40\" maxlength=\"400\" class=\"wpcf7-form-control wpcf7-text wpcf7-validates-as-required\" aria-required=\"true\" aria-invalid=\"false\" value=\"\" type=\"text\" name=\"your-name\" \/><\/span> <\/label>\n<\/p>\n<p><label> Seu e-mail<br \/>\n<span class=\"wpcf7-form-control-wrap\" data-name=\"your-email\"><input size=\"40\" maxlength=\"400\" class=\"wpcf7-form-control wpcf7-email wpcf7-validates-as-required wpcf7-text wpcf7-validates-as-email\" aria-required=\"true\" aria-invalid=\"false\" value=\"\" type=\"email\" name=\"your-email\" \/><\/span> <\/label>\n<\/p>\n<p><label> Favor responder aos items no campo abaixo. Ap\u00f3s solicita\u00e7\u00e3o, o formul\u00e1rio ser\u00e1 encaminhado ao solicitando para assinatura.<br \/>\n<span class=\"wpcf7-form-control-wrap\" data-name=\"your-message\"><textarea cols=\"40\" rows=\"10\" maxlength=\"2000\" class=\"wpcf7-form-control wpcf7-textarea\" aria-invalid=\"false\" name=\"your-message\"><\/textarea><\/span> <\/label>\n<\/p>\n<p><input class=\"wpcf7-form-control wpcf7-submit has-spinner\" type=\"submit\" value=\"Enviar\" \/>\n<\/p><p style=\"display: none !important;\" class=\"akismet-fields-container\" data-prefix=\"_wpcf7_ak_\"><label>&#916;<textarea name=\"_wpcf7_ak_hp_textarea\" cols=\"45\" rows=\"8\" maxlength=\"100\"><\/textarea><\/label><input type=\"hidden\" id=\"ak_js_1\" name=\"_wpcf7_ak_js\" value=\"238\"\/><script>document.getElementById( \"ak_js_1\" ).setAttribute( \"value\", ( new Date() ).getTime() );<\/script><\/p><div class=\"wpcf7-response-output\" aria-hidden=\"true\"><\/div>\n<\/form>\n<\/div>\n\n","protected":false},"excerpt":{"rendered":"<p>Clique no link abaixo para ter acesso ao question\u00e1rio. https:\/\/wp.ufpel.edu.br\/eaipelotas\/files\/2022\/02\/Questionario-EAI-PELOTAS.pdf FORMUL\u00c1RIO PARA SOLICITA\u00c7\u00c3O DO BANCO DE DADOS<\/p>\n","protected":false},"author":1213,"featured_media":0,"parent":0,"menu_order":0,"comment_status":"closed","ping_status":"closed","template":"","meta":{"footnotes":""},"class_list":["post-96","page","type-page","status-publish","hentry","nodate","item-wrap"],"_links":{"self":[{"href":"https:\/\/wp.ufpel.edu.br\/eaipelotas\/wp-json\/wp\/v2\/pages\/96","targetHints":{"allow":["GET"]}}],"collection":[{"href":"https:\/\/wp.ufpel.edu.br\/eaipelotas\/wp-json\/wp\/v2\/pages"}],"about":[{"href":"https:\/\/wp.ufpel.edu.br\/eaipelotas\/wp-json\/wp\/v2\/types\/page"}],"author":[{"embeddable":true,"href":"https:\/\/wp.ufpel.edu.br\/eaipelotas\/wp-json\/wp\/v2\/users\/1213"}],"replies":[{"embeddable":true,"href":"https:\/\/wp.ufpel.edu.br\/eaipelotas\/wp-json\/wp\/v2\/comments?post=96"}],"version-history":[{"count":14,"href":"https:\/\/wp.ufpel.edu.br\/eaipelotas\/wp-json\/wp\/v2\/pages\/96\/revisions"}],"predecessor-version":[{"id":159,"href":"https:\/\/wp.ufpel.edu.br\/eaipelotas\/wp-json\/wp\/v2\/pages\/96\/revisions\/159"}],"wp:attachment":[{"href":"https:\/\/wp.ufpel.edu.br\/eaipelotas\/wp-json\/wp\/v2\/media?parent=96"}],"curies":[{"name":"wp","href":"https:\/\/api.w.org\/{rel}","templated":true}]}}