{"id":48,"date":"2022-01-25T10:41:18","date_gmt":"2022-01-25T13:41:18","guid":{"rendered":"https:\/\/wp.ufpel.edu.br\/eaipelotas\/?page_id=48"},"modified":"2024-04-25T21:39:46","modified_gmt":"2024-04-26T00:39:46","slug":"artigos","status":"publish","type":"page","link":"https:\/\/wp.ufpel.edu.br\/eaipelotas\/artigos\/","title":{"rendered":"Artigos"},"content":{"rendered":"<p style=\"text-align: center;\"><strong>Artigos Relacionados<\/strong><\/p>\n<p class=\"f-primary my-none paper-title\" style=\"text-align: center;\"><a href=\"https:\/\/proceedings.science\/abrascao-2022\/trabalhos\/tendencia-temporal-de-atividade-fisica-de-lazer-e-suas-desigualdades-em-pelotas?lang=pt-br\">TEND\u00caNCIA TEMPORAL DE ATIVIDADE F\u00cdSICA DE LAZER E SUAS DESIGUALDADES EM PELOTAS-RS ENTRE 2003 E 2021<\/a><\/p>\n<p style=\"text-align: center;\"><a href=\"https:\/\/proceedings.science\/abrascao-2022\/trabalhos\/tendencia-temporal-de-atividade-fisica-de-lazer-e-suas-desigualdades-em-pelotas?lang=pt-br\"><img loading=\"lazy\" decoding=\"async\" class=\"alignnone size-medium wp-image-290\" src=\"https:\/\/wp.ufpel.edu.br\/eaipelotas\/files\/2024\/04\/artigo-8-400x266.png\" alt=\"\" width=\"400\" height=\"266\" srcset=\"https:\/\/wp.ufpel.edu.br\/eaipelotas\/files\/2024\/04\/artigo-8-400x266.png 400w, https:\/\/wp.ufpel.edu.br\/eaipelotas\/files\/2024\/04\/artigo-8-1024x682.png 1024w, https:\/\/wp.ufpel.edu.br\/eaipelotas\/files\/2024\/04\/artigo-8-768x512.png 768w, https:\/\/wp.ufpel.edu.br\/eaipelotas\/files\/2024\/04\/artigo-8-750x500.png 750w, https:\/\/wp.ufpel.edu.br\/eaipelotas\/files\/2024\/04\/artigo-8.png 1201w\" sizes=\"auto, (max-width: 400px) 100vw, 400px\" \/><\/a><\/p>\n<p>&nbsp;<\/p>\n<p class=\"f-primary my-none paper-title\" style=\"text-align: center;\"><a href=\"https:\/\/proceedings.science\/abrascao-2022\/trabalhos\/iniquidades-em-saude-em-uma-cidade-do-sul-do-brasil-2021-analise-a-luz-da-inters?lang=pt-br\">INIQUIDADES EM SA\u00daDE EM UMA CIDADE DO SUL DO BRASIL, 2021: AN\u00c1LISE \u00c0 LUZ DA INTERSECCIONALIDADE<\/a><\/p>\n<p style=\"text-align: center;\"><a href=\"https:\/\/proceedings.science\/abrascao-2022\/trabalhos\/iniquidades-em-saude-em-uma-cidade-do-sul-do-brasil-2021-analise-a-luz-da-inters?lang=pt-br\"><img loading=\"lazy\" decoding=\"async\" class=\"alignnone size-medium wp-image-289\" src=\"https:\/\/wp.ufpel.edu.br\/eaipelotas\/files\/2024\/04\/aerigo-7-400x281.png\" alt=\"\" width=\"400\" height=\"281\" srcset=\"https:\/\/wp.ufpel.edu.br\/eaipelotas\/files\/2024\/04\/aerigo-7-400x281.png 400w, https:\/\/wp.ufpel.edu.br\/eaipelotas\/files\/2024\/04\/aerigo-7-1024x719.png 1024w, https:\/\/wp.ufpel.edu.br\/eaipelotas\/files\/2024\/04\/aerigo-7-768x539.png 768w, https:\/\/wp.ufpel.edu.br\/eaipelotas\/files\/2024\/04\/aerigo-7-750x527.png 750w, https:\/\/wp.ufpel.edu.br\/eaipelotas\/files\/2024\/04\/aerigo-7.png 1186w\" sizes=\"auto, (max-width: 400px) 100vw, 400px\" \/><\/a><\/p>\n<p>&nbsp;<\/p>\n<p style=\"text-align: center;\"><a href=\"https:\/\/cti.ufpel.edu.br\/siepe\/arquivos\/2022\/CS_05753.pdf\">PREVAL\u00caNCIA DE DPOC E SINTOMATOLOGIA NO \u00daLTIMO ANO:<\/a><br \/>\nESTUDO EAI PELOTAS, 2021 <a href=\"https:\/\/cti.ufpel.edu.br\/siepe\/arquivos\/2022\/CS_05753.pdf\"><img loading=\"lazy\" decoding=\"async\" class=\"alignnone size-medium wp-image-288 aligncenter\" src=\"https:\/\/wp.ufpel.edu.br\/eaipelotas\/files\/2024\/04\/artigo-6-400x227.png\" alt=\"\" width=\"400\" height=\"227\" srcset=\"https:\/\/wp.ufpel.edu.br\/eaipelotas\/files\/2024\/04\/artigo-6-400x227.png 400w, https:\/\/wp.ufpel.edu.br\/eaipelotas\/files\/2024\/04\/artigo-6-768x437.png 768w, https:\/\/wp.ufpel.edu.br\/eaipelotas\/files\/2024\/04\/artigo-6-750x427.png 750w, https:\/\/wp.ufpel.edu.br\/eaipelotas\/files\/2024\/04\/artigo-6.png 895w\" sizes=\"auto, (max-width: 400px) 100vw, 400px\" \/><\/a><\/p>\n<p>&nbsp;<\/p>\n<p style=\"text-align: center;\"><a href=\"https:\/\/cti.ufpel.edu.br\/siepe\/arquivos\/2022\/CS_04740.pdf\">MULTIMORBIDADE E PROCURA POR SERVI\u00c7OS DE URG\u00caNCIA E<\/a><br \/>\nEMERG\u00caNCIA AO LONGO DA COVID-19: RESULTADOS DO ESTUDO EAI<br \/>\nPELOTAS?<\/p>\n<p style=\"text-align: center;\"><a href=\"https:\/\/cti.ufpel.edu.br\/siepe\/arquivos\/2022\/CS_04740.pdf\"><img loading=\"lazy\" decoding=\"async\" class=\"alignnone size-medium wp-image-287\" src=\"https:\/\/wp.ufpel.edu.br\/eaipelotas\/files\/2024\/04\/artigo-5-400x180.png\" alt=\"\" width=\"400\" height=\"180\" srcset=\"https:\/\/wp.ufpel.edu.br\/eaipelotas\/files\/2024\/04\/artigo-5-400x180.png 400w, https:\/\/wp.ufpel.edu.br\/eaipelotas\/files\/2024\/04\/artigo-5-768x346.png 768w, https:\/\/wp.ufpel.edu.br\/eaipelotas\/files\/2024\/04\/artigo-5-750x338.png 750w, https:\/\/wp.ufpel.edu.br\/eaipelotas\/files\/2024\/04\/artigo-5.png 864w\" sizes=\"auto, (max-width: 400px) 100vw, 400px\" \/><\/a><\/p>\n<p>&nbsp;<\/p>\n<p style=\"text-align: center;\"><a href=\"https:\/\/cti.ufpel.edu.br\/siepe\/arquivos\/2022\/CS_04177.pdf\">MULTIMORBIDADE EM ADULTOS DA CIDADE DE PELOTAS-RS, 2021:<\/a><br \/>\nPREVAL\u00caNCIA E DESIGUALDADES SOCIOECON\u00d4MICAS<\/p>\n<p style=\"text-align: center;\"><a href=\"https:\/\/cti.ufpel.edu.br\/siepe\/arquivos\/2022\/CS_04177.pdf\"><img loading=\"lazy\" decoding=\"async\" class=\"alignnone size-medium wp-image-286\" src=\"https:\/\/wp.ufpel.edu.br\/eaipelotas\/files\/2024\/04\/artigo-4-400x188.png\" alt=\"\" width=\"400\" height=\"188\" srcset=\"https:\/\/wp.ufpel.edu.br\/eaipelotas\/files\/2024\/04\/artigo-4-400x188.png 400w, https:\/\/wp.ufpel.edu.br\/eaipelotas\/files\/2024\/04\/artigo-4-768x360.png 768w, https:\/\/wp.ufpel.edu.br\/eaipelotas\/files\/2024\/04\/artigo-4-750x352.png 750w, https:\/\/wp.ufpel.edu.br\/eaipelotas\/files\/2024\/04\/artigo-4.png 885w\" sizes=\"auto, (max-width: 400px) 100vw, 400px\" \/><\/a><\/p>\n<p>&nbsp;<\/p>\n<p style=\"text-align: center;\"><a href=\"https:\/\/cti.ufpel.edu.br\/siepe\/arquivos\/2022\/CS_03515.pdf\">INFEC\u00c7\u00c3O DO TRATO URIN\u00c1RIO E DIABETES EM ADULTOS E IDOSOS DA<\/a><br \/>\nCIDADE DE PELOTAS-RS, 2021<\/p>\n<p style=\"text-align: center;\"><a href=\"https:\/\/cti.ufpel.edu.br\/siepe\/arquivos\/2022\/CS_03515.pdf\"><img loading=\"lazy\" decoding=\"async\" class=\"alignnone size-medium wp-image-285\" src=\"https:\/\/wp.ufpel.edu.br\/eaipelotas\/files\/2024\/04\/artigo-3-400x155.png\" alt=\"\" width=\"400\" height=\"155\" srcset=\"https:\/\/wp.ufpel.edu.br\/eaipelotas\/files\/2024\/04\/artigo-3-400x155.png 400w, https:\/\/wp.ufpel.edu.br\/eaipelotas\/files\/2024\/04\/artigo-3-768x297.png 768w, https:\/\/wp.ufpel.edu.br\/eaipelotas\/files\/2024\/04\/artigo-3-750x290.png 750w, https:\/\/wp.ufpel.edu.br\/eaipelotas\/files\/2024\/04\/artigo-3.png 960w\" sizes=\"auto, (max-width: 400px) 100vw, 400px\" \/><\/a><\/p>\n<p>&nbsp;<\/p>\n<p style=\"text-align: center;\"><a href=\"https:\/\/cti.ufpel.edu.br\/siepe\/arquivos\/2022\/CS_05533.pdf\">CONTINUIDADE DO CUIDADO NA ATEN\u00c7\u00c3O PRIM\u00c1RIA E PROFISSIONAIS DE<\/a><br \/>\nSA\u00daDE ENTRE ADULTOS E IDOSOS NA CIDADE PELOTAS, 2021: AN\u00c1LISES \u00c0<br \/>\nLUZ DA INTERSECCIONALIDADE<\/p>\n<p style=\"text-align: center;\"><a href=\"https:\/\/cti.ufpel.edu.br\/siepe\/arquivos\/2022\/CS_05533.pdf\"><img loading=\"lazy\" decoding=\"async\" class=\"alignnone size-medium wp-image-284\" src=\"https:\/\/wp.ufpel.edu.br\/eaipelotas\/files\/2024\/04\/artigo-2-400x163.png\" alt=\"\" width=\"400\" height=\"163\" srcset=\"https:\/\/wp.ufpel.edu.br\/eaipelotas\/files\/2024\/04\/artigo-2-400x163.png 400w, https:\/\/wp.ufpel.edu.br\/eaipelotas\/files\/2024\/04\/artigo-2-768x312.png 768w, https:\/\/wp.ufpel.edu.br\/eaipelotas\/files\/2024\/04\/artigo-2-750x305.png 750w, https:\/\/wp.ufpel.edu.br\/eaipelotas\/files\/2024\/04\/artigo-2.png 962w\" sizes=\"auto, (max-width: 400px) 100vw, 400px\" \/><\/a><\/p>\n<p>&nbsp;<\/p>\n<p style=\"text-align: center;\"><a href=\"https:\/\/www.scielo.br\/j\/rbepid\/a\/kbtnFrZmCzJtSHWMNbWsB6J\/\">Uso do pronto-socorro e Intelig\u00eancia Artificial em Pelotas: desenho e resultados iniciais<\/a><\/p>\n<p style=\"text-align: center;\"><a href=\"https:\/\/www.scielo.br\/j\/rbepid\/a\/kbtnFrZmCzJtSHWMNbWsB6J\/\"><img loading=\"lazy\" decoding=\"async\" class=\"alignnone  wp-image-283\" src=\"https:\/\/wp.ufpel.edu.br\/eaipelotas\/files\/2024\/04\/artigoo-400x256.png\" alt=\"\" width=\"408\" height=\"261\" srcset=\"https:\/\/wp.ufpel.edu.br\/eaipelotas\/files\/2024\/04\/artigoo-400x256.png 400w, https:\/\/wp.ufpel.edu.br\/eaipelotas\/files\/2024\/04\/artigoo-1024x655.png 1024w, https:\/\/wp.ufpel.edu.br\/eaipelotas\/files\/2024\/04\/artigoo-768x491.png 768w, https:\/\/wp.ufpel.edu.br\/eaipelotas\/files\/2024\/04\/artigoo-750x479.png 750w, https:\/\/wp.ufpel.edu.br\/eaipelotas\/files\/2024\/04\/artigoo.png 1436w\" sizes=\"auto, (max-width: 408px) 100vw, 408px\" \/><\/a><\/p>\n<p>&nbsp;<\/p>\n<p style=\"text-align: center;\">Artigo de revis\u00e3o que serviu como base para elabora\u00e7\u00e3o do estudo EAI PELOTAS<\/p>\n<p><a href=\"https:\/\/linkinghub.elsevier.com\/retrieve\/pii\/S0033350622000087\"><img loading=\"lazy\" decoding=\"async\" class=\"wp-image-134 size-medium aligncenter\" src=\"https:\/\/wp.ufpel.edu.br\/eaipelotas\/files\/2022\/04\/revisao-ML-400x296.jpg\" alt=\"\" width=\"400\" height=\"296\" srcset=\"https:\/\/wp.ufpel.edu.br\/eaipelotas\/files\/2022\/04\/revisao-ML-400x296.jpg 400w, https:\/\/wp.ufpel.edu.br\/eaipelotas\/files\/2022\/04\/revisao-ML-405x300.jpg 405w, https:\/\/wp.ufpel.edu.br\/eaipelotas\/files\/2022\/04\/revisao-ML.jpg 669w\" sizes=\"auto, (max-width: 400px) 100vw, 400px\" \/><\/a><\/p>\n<p style=\"text-align: center;\">\n","protected":false},"excerpt":{"rendered":"<p>Artigos Relacionados TEND\u00caNCIA TEMPORAL DE ATIVIDADE F\u00cdSICA DE LAZER E SUAS DESIGUALDADES EM PELOTAS-RS ENTRE 2003 E 2021 &nbsp; INIQUIDADES EM SA\u00daDE EM UMA CIDADE DO SUL DO BRASIL, 2021: AN\u00c1LISE \u00c0 LUZ DA INTERSECCIONALIDADE &nbsp; PREVAL\u00caNCIA DE DPOC E SINTOMATOLOGIA NO \u00daLTIMO ANO: ESTUDO EAI PELOTAS, 2021 &nbsp; MULTIMORBIDADE E PROCURA POR SERVI\u00c7OS DE &hellip; <\/p>\n<p><a class=\"more-link btn\" href=\"https:\/\/wp.ufpel.edu.br\/eaipelotas\/artigos\/\">Continue lendo<\/a><\/p>\n","protected":false},"author":1213,"featured_media":0,"parent":0,"menu_order":0,"comment_status":"closed","ping_status":"closed","template":"","meta":{"footnotes":""},"class_list":["post-48","page","type-page","status-publish","hentry","nodate","item-wrap"],"_links":{"self":[{"href":"https:\/\/wp.ufpel.edu.br\/eaipelotas\/wp-json\/wp\/v2\/pages\/48","targetHints":{"allow":["GET"]}}],"collection":[{"href":"https:\/\/wp.ufpel.edu.br\/eaipelotas\/wp-json\/wp\/v2\/pages"}],"about":[{"href":"https:\/\/wp.ufpel.edu.br\/eaipelotas\/wp-json\/wp\/v2\/types\/page"}],"author":[{"embeddable":true,"href":"https:\/\/wp.ufpel.edu.br\/eaipelotas\/wp-json\/wp\/v2\/users\/1213"}],"replies":[{"embeddable":true,"href":"https:\/\/wp.ufpel.edu.br\/eaipelotas\/wp-json\/wp\/v2\/comments?post=48"}],"version-history":[{"count":12,"href":"https:\/\/wp.ufpel.edu.br\/eaipelotas\/wp-json\/wp\/v2\/pages\/48\/revisions"}],"predecessor-version":[{"id":291,"href":"https:\/\/wp.ufpel.edu.br\/eaipelotas\/wp-json\/wp\/v2\/pages\/48\/revisions\/291"}],"wp:attachment":[{"href":"https:\/\/wp.ufpel.edu.br\/eaipelotas\/wp-json\/wp\/v2\/media?parent=48"}],"curies":[{"name":"wp","href":"https:\/\/api.w.org\/{rel}","templated":true}]}}