{"id":37,"date":"2022-01-25T10:37:55","date_gmt":"2022-01-25T13:37:55","guid":{"rendered":"https:\/\/wp.ufpel.edu.br\/eaipelotas\/?page_id=37"},"modified":"2022-09-06T10:40:31","modified_gmt":"2022-09-06T13:40:31","slug":"eai-pelotas-na-midia","status":"publish","type":"page","link":"https:\/\/wp.ufpel.edu.br\/eaipelotas\/eai-pelotas-na-midia\/","title":{"rendered":"EAI PELOTAS? na m\u00eddia"},"content":{"rendered":"<p style=\"text-align: center;\"><strong>Pesquisa da UFPel sobre servi\u00e7os de urg\u00eancia e emerg\u00eancia inicia nova etapa<\/strong><\/p>\n<p style=\"text-align: center;\"><a href=\"https:\/\/ccs2.ufpel.edu.br\/wp\/2022\/09\/06\/pesquisa-da-ufpel-sobre-servicos-de-urgencia-e-emergencia-inicia-nova-etapa\/\">Clique aqui para acessar o link da mat\u00e9ria<\/a><\/p>\n<p style=\"text-align: center;\"><img loading=\"lazy\" decoding=\"async\" class=\"alignnone wp-image-199\" src=\"https:\/\/wp.ufpel.edu.br\/eaipelotas\/files\/2022\/09\/gbem-1-400x303.png\" alt=\"\" width=\"364\" height=\"278\" \/><\/p>\n<p style=\"text-align: center;\"><strong>Estudo EAI PELOTAS? divulga resultados de etapa inicial<\/strong><\/p>\n<p style=\"text-align: center;\"><a href=\"https:\/\/ccs2.ufpel.edu.br\/wp\/2021\/12\/29\/estudo-eai-pelotas-divulga-resultados-de-etapa-inicial\/\">Clique para acessar o link da mat\u00e9ria<\/a><br \/>\n<img loading=\"lazy\" decoding=\"async\" class=\"alignnone size-medium wp-image-63\" src=\"https:\/\/wp.ufpel.edu.br\/eaipelotas\/files\/2022\/01\/1-400x258.png\" alt=\"\" width=\"400\" height=\"258\" srcset=\"https:\/\/wp.ufpel.edu.br\/eaipelotas\/files\/2022\/01\/1-400x258.png 400w, https:\/\/wp.ufpel.edu.br\/eaipelotas\/files\/2022\/01\/1-466x300.png 466w, https:\/\/wp.ufpel.edu.br\/eaipelotas\/files\/2022\/01\/1.png 762w\" sizes=\"auto, (max-width: 400px) 100vw, 400px\" \/><\/p>\n<p style=\"text-align: center;\"><strong>UFPel realiza sele\u00e7\u00e3o de entrevistadores para pesquisa na \u00e1rea da sa\u00fade<\/strong><\/p>\n<p style=\"text-align: center;\"><a href=\"https:\/\/amigosdepelotas.com.br\/2021\/10\/13\/ufpel-realiza-selecao-de-entrevistadores-para-pesquisa-na-area-da-saude\/pelotas\/anacatnc\/\">Clique para acessar o link da mat\u00e9ria<\/a><br \/>\n<img loading=\"lazy\" decoding=\"async\" class=\"alignnone wp-image-67 size-medium\" src=\"https:\/\/wp.ufpel.edu.br\/eaipelotas\/files\/2022\/01\/2-400x369.png\" alt=\"\" width=\"400\" height=\"369\" srcset=\"https:\/\/wp.ufpel.edu.br\/eaipelotas\/files\/2022\/01\/2-400x369.png 400w, https:\/\/wp.ufpel.edu.br\/eaipelotas\/files\/2022\/01\/2-768x708.png 768w, https:\/\/wp.ufpel.edu.br\/eaipelotas\/files\/2022\/01\/2-325x300.png 325w, https:\/\/wp.ufpel.edu.br\/eaipelotas\/files\/2022\/01\/2.png 847w\" sizes=\"auto, (max-width: 400px) 100vw, 400px\" \/><\/p>\n<p style=\"text-align: center;\"><strong>Sa\u00fade da popula\u00e7\u00e3o adulta de Pelotas \u00e9 avaliada em estudo<\/strong><\/p>\n<p style=\"text-align: center;\"><a href=\"https:\/\/www.pelotas.rs.gov.br\/noticia\/saude-da-populacao-adulta-de-pelotas-e-avaliada-em-estudo\">Clique para acessar o link da mat\u00e9ria<\/a><br \/>\n<img loading=\"lazy\" decoding=\"async\" class=\"alignnone wp-image-70 size-medium\" src=\"https:\/\/wp.ufpel.edu.br\/eaipelotas\/files\/2022\/01\/3-400x328.png\" alt=\"\" width=\"400\" height=\"328\" srcset=\"https:\/\/wp.ufpel.edu.br\/eaipelotas\/files\/2022\/01\/3-400x328.png 400w, https:\/\/wp.ufpel.edu.br\/eaipelotas\/files\/2022\/01\/3-1024x840.png 1024w, https:\/\/wp.ufpel.edu.br\/eaipelotas\/files\/2022\/01\/3-768x630.png 768w, https:\/\/wp.ufpel.edu.br\/eaipelotas\/files\/2022\/01\/3-366x300.png 366w, https:\/\/wp.ufpel.edu.br\/eaipelotas\/files\/2022\/01\/3.png 1145w\" sizes=\"auto, (max-width: 400px) 100vw, 400px\" \/><\/p>\n","protected":false},"excerpt":{"rendered":"<p>Pesquisa da UFPel sobre servi\u00e7os de urg\u00eancia e emerg\u00eancia inicia nova etapa Clique aqui para acessar o link da mat\u00e9ria Estudo EAI PELOTAS? divulga resultados de etapa inicial Clique para acessar o link da mat\u00e9ria UFPel realiza sele\u00e7\u00e3o de entrevistadores para pesquisa na \u00e1rea da sa\u00fade Clique para acessar o link da mat\u00e9ria Sa\u00fade da &hellip; <\/p>\n<p><a class=\"more-link btn\" href=\"https:\/\/wp.ufpel.edu.br\/eaipelotas\/eai-pelotas-na-midia\/\">Continue lendo<\/a><\/p>\n","protected":false},"author":1213,"featured_media":0,"parent":0,"menu_order":0,"comment_status":"closed","ping_status":"closed","template":"","meta":{"footnotes":""},"class_list":["post-37","page","type-page","status-publish","hentry","nodate","item-wrap"],"_links":{"self":[{"href":"https:\/\/wp.ufpel.edu.br\/eaipelotas\/wp-json\/wp\/v2\/pages\/37","targetHints":{"allow":["GET"]}}],"collection":[{"href":"https:\/\/wp.ufpel.edu.br\/eaipelotas\/wp-json\/wp\/v2\/pages"}],"about":[{"href":"https:\/\/wp.ufpel.edu.br\/eaipelotas\/wp-json\/wp\/v2\/types\/page"}],"author":[{"embeddable":true,"href":"https:\/\/wp.ufpel.edu.br\/eaipelotas\/wp-json\/wp\/v2\/users\/1213"}],"replies":[{"embeddable":true,"href":"https:\/\/wp.ufpel.edu.br\/eaipelotas\/wp-json\/wp\/v2\/comments?post=37"}],"version-history":[{"count":10,"href":"https:\/\/wp.ufpel.edu.br\/eaipelotas\/wp-json\/wp\/v2\/pages\/37\/revisions"}],"predecessor-version":[{"id":201,"href":"https:\/\/wp.ufpel.edu.br\/eaipelotas\/wp-json\/wp\/v2\/pages\/37\/revisions\/201"}],"wp:attachment":[{"href":"https:\/\/wp.ufpel.edu.br\/eaipelotas\/wp-json\/wp\/v2\/media?parent=37"}],"curies":[{"name":"wp","href":"https:\/\/api.w.org\/{rel}","templated":true}]}}