{"id":2,"date":"2021-12-29T13:18:23","date_gmt":"2021-12-29T16:18:23","guid":{"rendered":"https:\/\/wp.ufpel.edu.br\/eaipelotas\/?page_id=2"},"modified":"2024-04-25T23:29:01","modified_gmt":"2024-04-26T02:29:01","slug":"pagina-exemplo","status":"publish","type":"page","link":"https:\/\/wp.ufpel.edu.br\/eaipelotas\/","title":{"rendered":"Apresenta\u00e7\u00e3o"},"content":{"rendered":"\r\n<p style=\"text-align: justify; margin: 11.55pt 40.85pt 0cm 0cm;\"><span style=\"font-family: 'Arial MT',serif; color: black;\">O estudo \u201cMultimorbidade e procura por servi\u00e7os de urg\u00eancia e emerg\u00eancia em Pelotas-RS: predi\u00e7\u00e3o a partir de an\u00e1lises de intelig\u00eancia artificial (EAI PELOTAS?)\u201d, da Faculdade de Enfermagem da Universidade Federal de Pelotas, \u00e9 um estudo de base populacional realizado na cidade de PELOTAS-RS.<\/span><\/p>\r\n<p style=\"text-align: justify; margin: 11.55pt 40.85pt 0cm 0cm;\"><span style=\"font-family: 'Arial MT',serif; color: black;\">Seu principal objetivo \u00e9 predizer a procura por servi\u00e7os de urg\u00eancia e emerg\u00eancia na popula\u00e7\u00e3o adulta e idosa do munic\u00edpio, a partir de modelos de Machine Learning.<\/span><\/p>\r\n<p style=\"text-align: justify; margin: 11.55pt 40.85pt 0cm 0cm;\"><span style=\"font-family: 'Arial MT',serif; color: black;\">Entre setembro e dezembro de 2021, a coleta de dados foi realizada, resultando em 5723 pessoas entrevistadas. Nossos entrevistadores percorreram todos os bairros da cidade, sendo os moradores escolhidos de forma aleat\u00f3ria para garantir a representatividade da amostra.<\/span><\/p>\r\n<p style=\"text-align: justify; margin: 11.55pt 40.85pt 0cm 0cm;\"><span style=\"font-family: 'Arial MT',serif; color: black;\">Em setembro de 2022 est\u00e1 previsto o primeiro acompanhamento do EAI PELOTAS?, no qual todos os participantes ser\u00e3o novamente entrevistados para identificar a utiliza\u00e7\u00e3o dos servi\u00e7os de urg\u00eancia e emerg\u00eancia, ocorr\u00eancia de doen\u00e7as cr\u00f4nicas, dentre outras perguntas.<\/span><\/p>\r\n<p>&nbsp;<\/p>\r\n<p>&nbsp;<\/p>\r\n<h3 style=\"text-align: center;\">Conhe\u00e7a os membros do EAI PELOTAS?<\/h3>\r\n<p style=\"text-align: center;\"><img loading=\"lazy\" decoding=\"async\" class=\"alignnone size-medium wp-image-292\" src=\"https:\/\/wp.ufpel.edu.br\/eaipelotas\/files\/2024\/04\/1-400x400.png\" alt=\"\" width=\"400\" height=\"400\" srcset=\"https:\/\/wp.ufpel.edu.br\/eaipelotas\/files\/2024\/04\/1-400x400.png 400w, https:\/\/wp.ufpel.edu.br\/eaipelotas\/files\/2024\/04\/1-1024x1024.png 1024w, https:\/\/wp.ufpel.edu.br\/eaipelotas\/files\/2024\/04\/1-200x200.png 200w, https:\/\/wp.ufpel.edu.br\/eaipelotas\/files\/2024\/04\/1-768x768.png 768w, https:\/\/wp.ufpel.edu.br\/eaipelotas\/files\/2024\/04\/1-750x750.png 750w, https:\/\/wp.ufpel.edu.br\/eaipelotas\/files\/2024\/04\/1.png 1080w\" sizes=\"auto, (max-width: 400px) 100vw, 400px\" \/><\/p>\r\n<p><img loading=\"lazy\" decoding=\"async\" class=\"size-medium wp-image-293 aligncenter\" src=\"https:\/\/wp.ufpel.edu.br\/eaipelotas\/files\/2024\/04\/2-400x400.png\" alt=\"\" width=\"400\" height=\"400\" srcset=\"https:\/\/wp.ufpel.edu.br\/eaipelotas\/files\/2024\/04\/2-400x400.png 400w, https:\/\/wp.ufpel.edu.br\/eaipelotas\/files\/2024\/04\/2-1024x1024.png 1024w, https:\/\/wp.ufpel.edu.br\/eaipelotas\/files\/2024\/04\/2-200x200.png 200w, https:\/\/wp.ufpel.edu.br\/eaipelotas\/files\/2024\/04\/2-768x768.png 768w, https:\/\/wp.ufpel.edu.br\/eaipelotas\/files\/2024\/04\/2-750x750.png 750w, https:\/\/wp.ufpel.edu.br\/eaipelotas\/files\/2024\/04\/2.png 1080w\" sizes=\"auto, (max-width: 400px) 100vw, 400px\" \/><\/p>\r\n","protected":false},"excerpt":{"rendered":"<p>O estudo \u201cMultimorbidade e procura por servi\u00e7os de urg\u00eancia e emerg\u00eancia em Pelotas-RS: predi\u00e7\u00e3o a partir de an\u00e1lises de intelig\u00eancia artificial (EAI PELOTAS?)\u201d, da Faculdade de Enfermagem da Universidade Federal de Pelotas, \u00e9 um estudo de base populacional realizado na cidade de PELOTAS-RS. Seu principal objetivo \u00e9 predizer a procura por servi\u00e7os de urg\u00eancia e &hellip; <\/p>\n<p><a class=\"more-link btn\" href=\"https:\/\/wp.ufpel.edu.br\/eaipelotas\/\">Continue lendo<\/a><\/p>\n","protected":false},"author":1213,"featured_media":0,"parent":0,"menu_order":0,"comment_status":"closed","ping_status":"closed","template":"","meta":{"footnotes":""},"class_list":["post-2","page","type-page","status-publish","hentry","nodate","item-wrap"],"_links":{"self":[{"href":"https:\/\/wp.ufpel.edu.br\/eaipelotas\/wp-json\/wp\/v2\/pages\/2","targetHints":{"allow":["GET"]}}],"collection":[{"href":"https:\/\/wp.ufpel.edu.br\/eaipelotas\/wp-json\/wp\/v2\/pages"}],"about":[{"href":"https:\/\/wp.ufpel.edu.br\/eaipelotas\/wp-json\/wp\/v2\/types\/page"}],"author":[{"embeddable":true,"href":"https:\/\/wp.ufpel.edu.br\/eaipelotas\/wp-json\/wp\/v2\/users\/1213"}],"replies":[{"embeddable":true,"href":"https:\/\/wp.ufpel.edu.br\/eaipelotas\/wp-json\/wp\/v2\/comments?post=2"}],"version-history":[{"count":5,"href":"https:\/\/wp.ufpel.edu.br\/eaipelotas\/wp-json\/wp\/v2\/pages\/2\/revisions"}],"predecessor-version":[{"id":295,"href":"https:\/\/wp.ufpel.edu.br\/eaipelotas\/wp-json\/wp\/v2\/pages\/2\/revisions\/295"}],"wp:attachment":[{"href":"https:\/\/wp.ufpel.edu.br\/eaipelotas\/wp-json\/wp\/v2\/media?parent=2"}],"curies":[{"name":"wp","href":"https:\/\/api.w.org\/{rel}","templated":true}]}}