{"id":168,"date":"2022-07-15T12:00:09","date_gmt":"2022-07-15T15:00:09","guid":{"rendered":"https:\/\/wp.ufpel.edu.br\/eaipelotas\/?page_id=168"},"modified":"2022-09-16T15:31:53","modified_gmt":"2022-09-16T18:31:53","slug":"edital-de-selecao-de-entrevistadores","status":"publish","type":"page","link":"https:\/\/wp.ufpel.edu.br\/eaipelotas\/edital-de-selecao-de-entrevistadores\/","title":{"rendered":"Edital de sele\u00e7\u00e3o de entrevistadores"},"content":{"rendered":"<p><strong>SELE\u00c7\u00c3O DE ENTREVISTADORES: 14\/09 &#8211; 21\/09<\/strong><\/p>\n<p>O estudo &#8220;EAI Pelotas?&#8221; realiza processo de sele\u00e7\u00e3o para entrevistadores na \u00e1rea da sa\u00fade, previsto para ocorrer no m\u00eas de setembro de 2022. As inscri\u00e7\u00f5es come\u00e7am no dia 14\/09 e ficam abertas at\u00e9 o dia 21\/09 de 2022, at\u00e9 as 23:59h. Para realizar a sua inscri\u00e7\u00e3o e ter acesso a mais informa\u00e7\u00f5es, acesse o edital abaixo.<\/p>\n<p><a href=\"https:\/\/wp.ufpel.edu.br\/eaipelotas\/files\/2022\/09\/Edital_selecao_2022_set.pdf\">Edital_sele\u00e7\u00e3o_2022_set<\/a><\/p>\n<p><strong>SELE\u00c7\u00c3O DE ENTREVISTADORES: 18\/07 &#8211; 08\/08<\/strong><\/p>\n<p style=\"text-align: justify;\">O estudo EAI Pelotas? realiza processo de sele\u00e7\u00e3o para entrevistador no primeiro acompanhamento, previsto para ocorrer a partir de 1\u00ba de setembro de 2022. As inscri\u00e7\u00f5es estar\u00e3o abertas at\u00e9 08 de agosto de 2022, at\u00e9 \u00e0s 23:59h, e podem ser feitas acessando o edital em anexo.<\/p>\n<p><a href=\"https:\/\/wp.ufpel.edu.br\/eaipelotas\/files\/2022\/07\/Edital_selecao_2022_final.pdf\">Edital_sele\u00e7\u00e3o_2022_final<\/a><\/p>\n","protected":false},"excerpt":{"rendered":"<p>SELE\u00c7\u00c3O DE ENTREVISTADORES: 14\/09 &#8211; 21\/09 O estudo &#8220;EAI Pelotas?&#8221; realiza processo de sele\u00e7\u00e3o para entrevistadores na \u00e1rea da sa\u00fade, previsto para ocorrer no m\u00eas de setembro de 2022. As inscri\u00e7\u00f5es come\u00e7am no dia 14\/09 e ficam abertas at\u00e9 o dia 21\/09 de 2022, at\u00e9 as 23:59h. Para realizar a sua inscri\u00e7\u00e3o e ter acesso &hellip; <\/p>\n<p><a class=\"more-link btn\" href=\"https:\/\/wp.ufpel.edu.br\/eaipelotas\/edital-de-selecao-de-entrevistadores\/\">Continue lendo<\/a><\/p>\n","protected":false},"author":1213,"featured_media":0,"parent":0,"menu_order":0,"comment_status":"closed","ping_status":"closed","template":"","meta":{"footnotes":""},"class_list":["post-168","page","type-page","status-publish","hentry","nodate","item-wrap"],"_links":{"self":[{"href":"https:\/\/wp.ufpel.edu.br\/eaipelotas\/wp-json\/wp\/v2\/pages\/168","targetHints":{"allow":["GET"]}}],"collection":[{"href":"https:\/\/wp.ufpel.edu.br\/eaipelotas\/wp-json\/wp\/v2\/pages"}],"about":[{"href":"https:\/\/wp.ufpel.edu.br\/eaipelotas\/wp-json\/wp\/v2\/types\/page"}],"author":[{"embeddable":true,"href":"https:\/\/wp.ufpel.edu.br\/eaipelotas\/wp-json\/wp\/v2\/users\/1213"}],"replies":[{"embeddable":true,"href":"https:\/\/wp.ufpel.edu.br\/eaipelotas\/wp-json\/wp\/v2\/comments?post=168"}],"version-history":[{"count":7,"href":"https:\/\/wp.ufpel.edu.br\/eaipelotas\/wp-json\/wp\/v2\/pages\/168\/revisions"}],"predecessor-version":[{"id":214,"href":"https:\/\/wp.ufpel.edu.br\/eaipelotas\/wp-json\/wp\/v2\/pages\/168\/revisions\/214"}],"wp:attachment":[{"href":"https:\/\/wp.ufpel.edu.br\/eaipelotas\/wp-json\/wp\/v2\/media?parent=168"}],"curies":[{"name":"wp","href":"https:\/\/api.w.org\/{rel}","templated":true}]}}