{"id":125,"date":"2022-10-03T16:45:29","date_gmt":"2022-10-03T19:45:29","guid":{"rendered":"https:\/\/wp.ufpel.edu.br\/dpvsa2022\/?page_id=125"},"modified":"2025-10-02T14:26:11","modified_gmt":"2025-10-02T17:26:11","slug":"speaker-silvia-silva-da-costa-botelho","status":"publish","type":"page","link":"https:\/\/wp.ufpel.edu.br\/dpvsa2025\/speaker-silvia-silva-da-costa-botelho\/","title":{"rendered":"Speaker &#8211; S\u00edlvia Silva da Costa Botelho"},"content":{"rendered":"<p>&nbsp;<\/p>\n<p style=\"text-align: center;\"><strong><span style=\"font-size: 36pt;\"><span style=\"font-size: 24pt;\">S\u00edlvia Silva da Costa Botelho<br \/>\n<\/span><\/span><\/strong><span style=\"font-size: 18pt;\">FURG (Brazil)<\/span><\/p>\n<p style=\"text-align: center;\"><img loading=\"lazy\" decoding=\"async\" class=\"aligncenter wp-image-789\" src=\"https:\/\/wp.ufpel.edu.br\/dpvsa2025\/files\/2025\/07\/Silvia-Silva-da-Costa-Botelho-avatar-400x400.png\" alt=\"\" width=\"300\" height=\"300\" srcset=\"https:\/\/wp.ufpel.edu.br\/dpvsa2025\/files\/2025\/07\/Silvia-Silva-da-Costa-Botelho-avatar-400x400.png 400w, https:\/\/wp.ufpel.edu.br\/dpvsa2025\/files\/2025\/07\/Silvia-Silva-da-Costa-Botelho-avatar-200x200.png 200w, https:\/\/wp.ufpel.edu.br\/dpvsa2025\/files\/2025\/07\/Silvia-Silva-da-Costa-Botelho-avatar-80x80.png 80w, https:\/\/wp.ufpel.edu.br\/dpvsa2025\/files\/2025\/07\/Silvia-Silva-da-Costa-Botelho-avatar-320x320.png 320w, https:\/\/wp.ufpel.edu.br\/dpvsa2025\/files\/2025\/07\/Silvia-Silva-da-Costa-Botelho-avatar.png 552w\" sizes=\"auto, (max-width: 300px) 100vw, 300px\" \/><\/p>\n<h3 style=\"text-align: center;\"><strong><span style=\"font-size: 18pt;\"><em>IA e dA\u00cd? Presente e futuro da IA<\/em><\/span><\/strong><\/h3>\n<p style=\"text-align: center;\">Language: Portuguese<\/p>\n<p style=\"text-align: center;\">Date: October 8th, 13h30<\/p>\n<p>&nbsp;<\/p>\n<p><span style=\"font-size: 14pt;\"><strong>Abstract<\/strong><\/span><\/p>\n<p style=\"padding-left: 40px; text-align: justify;\">A palestra prop\u00f5e uma an\u00e1lise estrat\u00e9gica sobre os impactos da Intelig\u00eancia Artificial (IA) no mundo dos neg\u00f3cios, destacando os avan\u00e7os da IA generativa, agentes aut\u00f4nomos e tend\u00eancias como computa\u00e7\u00e3o qu\u00e2ntica. S\u00e3o discutidos riscos competitivos da \u201cbatalha desleal\u201d com grandes modelos globais, desafios energ\u00e9ticos, regula\u00e7\u00e3o e a urg\u00eancia de adotar a IA com responsabilidade. O p\u00fablico ser\u00e1 provocado a conhecer o cen\u00e1rio tecnol\u00f3gico atual, identificar oportunidades, mitigar riscos e refletir sobre como posicionar suas organiza\u00e7\u00f5es diante de um futuro impulsionado por dados, automa\u00e7\u00e3o, gera\u00e7\u00e3o sint\u00e9tica e novas formas\u00a0de\u00a0trabalho.<\/p>\n<p><span style=\"font-size: 14pt;\"><strong>Biography<\/strong><\/span><\/p>\n<p style=\"text-align: justify; padding-left: 40px;\">Silvia Botelho, atualmente, \u00e9 Pr\u00f3-Reitora de Inova\u00e7\u00e3o e Tecnologia da Informa\u00e7\u00e3o, professora titular da FURG. \u00c9 bolsista de produtividade 1C do CNPq. Possui gradua\u00e7\u00e3o e mestrado pela UFRGS e doutorado em Rob\u00f3tica pelo LAAS\/CNRS, na Fran\u00e7a. Atua nas \u00e1reas de Rob\u00f3tica e Intelig\u00eancia Artificial para sistemas aut\u00f4nomos, com mais de 200 publica\u00e7\u00f5es cient\u00edficas, mais de 30 ativos de propriedade intelectual concedidos e pr\u00eamios nacionais e internacionais. Foi Pr\u00eamio FAPERGS Pesquisador Ga\u00facho em 2020 por sua contribui\u00e7\u00e3o na \u00e1rea de Intelig\u00eancia Artificial. Coordena o grupo NAUTEC, com mais de 80 pesquisadores e um ecossistema de inova\u00e7\u00e3o com projetos em parceria com empresas. Foi uma das criadoras da Olimp\u00edada Brasileira de Rob\u00f3tica e da Sociedade Brasileira\u00a0de\u00a0Rob\u00f3tica.<\/p>\n","protected":false},"excerpt":{"rendered":"<p>&nbsp; S\u00edlvia Silva da Costa Botelho FURG (Brazil) IA e dA\u00cd? Presente e futuro da IA Language: Portuguese Date: October 8th, 13h30 &nbsp; Abstract A palestra prop\u00f5e uma an\u00e1lise estrat\u00e9gica sobre os impactos da&#46;&#46;&#46;<\/p>\n","protected":false},"author":746,"featured_media":0,"parent":0,"menu_order":0,"comment_status":"closed","ping_status":"closed","template":"","meta":{"footnotes":""},"class_list":["post-125","page","type-page","status-publish","hentry"],"_links":{"self":[{"href":"https:\/\/wp.ufpel.edu.br\/dpvsa2025\/wp-json\/wp\/v2\/pages\/125","targetHints":{"allow":["GET"]}}],"collection":[{"href":"https:\/\/wp.ufpel.edu.br\/dpvsa2025\/wp-json\/wp\/v2\/pages"}],"about":[{"href":"https:\/\/wp.ufpel.edu.br\/dpvsa2025\/wp-json\/wp\/v2\/types\/page"}],"author":[{"embeddable":true,"href":"https:\/\/wp.ufpel.edu.br\/dpvsa2025\/wp-json\/wp\/v2\/users\/746"}],"replies":[{"embeddable":true,"href":"https:\/\/wp.ufpel.edu.br\/dpvsa2025\/wp-json\/wp\/v2\/comments?post=125"}],"version-history":[{"count":3,"href":"https:\/\/wp.ufpel.edu.br\/dpvsa2025\/wp-json\/wp\/v2\/pages\/125\/revisions"}],"predecessor-version":[{"id":1240,"href":"https:\/\/wp.ufpel.edu.br\/dpvsa2025\/wp-json\/wp\/v2\/pages\/125\/revisions\/1240"}],"wp:attachment":[{"href":"https:\/\/wp.ufpel.edu.br\/dpvsa2025\/wp-json\/wp\/v2\/media?parent=125"}],"curies":[{"name":"wp","href":"https:\/\/api.w.org\/{rel}","templated":true}]}}