{"id":118,"date":"2022-10-03T16:38:00","date_gmt":"2022-10-03T19:38:00","guid":{"rendered":"https:\/\/wp.ufpel.edu.br\/dpvsa2022\/?page_id=118"},"modified":"2025-08-25T20:36:42","modified_gmt":"2025-08-25T23:36:42","slug":"speaker-ioannis-katsavounidis","status":"publish","type":"page","link":"https:\/\/wp.ufpel.edu.br\/dpvsa2025\/speaker-ioannis-katsavounidis\/","title":{"rendered":"Speaker &#8211; Ioannis Katsavounidis"},"content":{"rendered":"<p>&nbsp;<\/p>\n<p style=\"text-align: center;\"><strong><span style=\"font-size: 36pt;\"><span style=\"font-size: 24pt;\">Ioannis Katsavounidis<br \/>\n<\/span><\/span><\/strong><span style=\"font-size: 18pt;\">Meta (USA)<\/span><\/p>\n<p style=\"text-align: center;\"><img loading=\"lazy\" decoding=\"async\" class=\"alignnone wp-image-453\" src=\"https:\/\/wp.ufpel.edu.br\/dpvsa2025\/files\/2025\/03\/Ioannis-Katsavounidis-avatar-400x400.png\" alt=\"\" width=\"300\" height=\"300\" srcset=\"https:\/\/wp.ufpel.edu.br\/dpvsa2025\/files\/2025\/03\/Ioannis-Katsavounidis-avatar-400x400.png 400w, https:\/\/wp.ufpel.edu.br\/dpvsa2025\/files\/2025\/03\/Ioannis-Katsavounidis-avatar-200x200.png 200w, https:\/\/wp.ufpel.edu.br\/dpvsa2025\/files\/2025\/03\/Ioannis-Katsavounidis-avatar-80x80.png 80w, https:\/\/wp.ufpel.edu.br\/dpvsa2025\/files\/2025\/03\/Ioannis-Katsavounidis-avatar-320x320.png 320w, https:\/\/wp.ufpel.edu.br\/dpvsa2025\/files\/2025\/03\/Ioannis-Katsavounidis-avatar.png 552w\" sizes=\"auto, (max-width: 300px) 100vw, 300px\" \/><\/p>\n<h3 style=\"text-align: center;\"><strong><span style=\"font-size: 18pt;\"><em>Video quality optimization in adaptive streaming<\/em><\/span><\/strong><\/h3>\n<p style=\"text-align: center;\">Language: English<\/p>\n<p style=\"text-align: center;\">Date: October 6th, 10h00<\/p>\n<p>&nbsp;<\/p>\n<p><span style=\"font-size: 14pt;\"><strong>Abstract<\/strong><\/span><\/p>\n<p style=\"padding-left: 40px; text-align: justify;\">We will review the history of video encoding, covering aspects of video codecs and quality metrics that have been exploited in finding ways to optimize video delivery. The roots of convex optimization in video coding, that connect statistical multiplexing, rate-distortion optimization and how all this led to the dynamic optimization framework will be discussed next. The video encoding (and quality metrics) complexity will also be discussed and the concept of a three-part tradeoff among bitrate-quality-complexity will be presented, as well as how important of a role it plays in massive video processing systems. SW and HW transcoding pipelines will be analyzed and we will conclude with an array of open research problems, including the use of ML\/AI in video coding and video quality metrics.<\/p>\n<p><span style=\"font-size: 14pt;\"><strong>Biography<\/strong><\/span><\/p>\n<p style=\"text-align: justify; padding-left: 40px;\"><span data-sheets-value=\"{&quot;1&quot;:2,&quot;2&quot;:&quot;Lucas F. Oliveira received a B.S. degree in computer science from UNIMAR, Mar\u00edlia, Brazil, an M.Sc. degree in electrical engineering from the University of S\u00e3o Paulo (USP), S\u00e3o Carlos, and a Ph.D. degree in clinical science from the University of S\u00e3o Paulo (USP) in Ribeir\u00e3o Preto, in 1997, 1999, and 2005, respectively. From 2006 to 2009, he was a professor in the Computer Science Department at the Federal University of Pelotas (UFPel), Pelotas. In 2009, he joined the Federal University of Paran\u00e1 (UFPR), Curitiba, where he is currently a professor at the Department of Informatics and advisor in the graduate program in informatics. His current interests include medical imaging processing, computer-aided diagnosis\/detection, pattern recognition, and machine learning.&quot;}\" data-sheets-userformat=\"{&quot;2&quot;:769,&quot;3&quot;:{&quot;1&quot;:0},&quot;11&quot;:4,&quot;12&quot;:0}\"><strong>Ioannis Katsavounidis <\/strong><\/span>(SM) studied Electrical Engineering at the Aristotle University of Thessaloniki, Greece, from 1986-1991, where he received a 5-year B.S. degree with double specialization in Electronics\/Computer Engineering and Telecommunications.\u00a0 He continued his graduate studies in Electrical Engineering at the University of Southern California (USC), CA, USA, from 1991-1998, receiving M.S., EEE and Ph.D. degrees in 1992, 1997 and 1998 respectively. His work and research were focused on Signal Processing, as part of the Signal and Image Processing Institute (SIPI), with minor in Telecommunications and another minor program in Mathematics.<\/p>\n<p style=\"text-align: justify; padding-left: 40px;\">Dr. Katsavounidis was part of Caltech\u2019s High Energy Physics department research team at the Italian National Laboratory at Gran Sasso (Laboratori Nazionali del Gran Sasso \u2013 LNGS) (1996 to 2000); member, Italian network of research institutes in Nuclear Physics (Istituto Nazionale di Fisica Nucleare \u2013 INFN), working as engineer for the MACRO (Monopoles, Astrophysics and Cosmic Ray Observatory) large-scale high-energy physics experiment.\u00a0 He worked at InterVideo, a startup company based in Fremont, CA, USA (2000 to 2007); co-founder, CTO and Chief Scientist of Cidana, San Francisco Bay Area, CA, USA (2007 to 2008); Associate Professor, Department of Electrical and Computer Engineering at the University of Thessaly in Volos, Greece (2008 to 2015); Senior Research Scientist at Netflix in Los Gatos, CA, USA, (2015 to 2018).\u00a0 He is a Research Scientist at Meta Platforms in Menlo Park, CA, USA, (2018 till present) part of the Video Infrastructure team, supporting all video processing for the popular Facebook, Instagram and Messenger applications.\u00a0 He led the efforts from Video Infrastructure to design Meta\u2019s Scalable Video Processor (MSVP), a custom ASIC that is used in Meta\u2019s datacenters for all the back-end transcoding and quality measurement tasks.\u00a0 MSVP received in 2024 the 75<sup>th<\/sup> Technology and Engineering Emmy Award in the \u201cDesign and Deployment of Efficient Hardware Video Accelerators for Cloud\u201d category.<\/p>\n<p style=\"text-align: justify; padding-left: 40px;\">Dr. Katsavounidis has been serving as co-chair of the Software Implementation Working Group (SIWG) at the Alliance for Open Media, as a co-chair of the No-Reference Quality Metrics (NORM) and Statistical Analysis Methods (SAM) groups at the Video Quality Experts Group. He holds two music degrees; a BA in music theory, awarded in 1990 by the Macedonian School of Music in Thessaloniki, Greece and a MA in classical piano performance, awarded in 1991 by the School of Music in Veria, Greece.<\/p>\n<p style=\"text-align: justify; padding-left: 40px;\">Dr. Katsavounidis is a Senior Member of IEEE; Member, IEEE Signal Processing (SPS) and IEEE Computers and Systems (CAS) societies. He is a member of SPIE and the Technical Chamber of Greece.\u00a0 He received the Distinguished Alumni award (senior industry category) at the 50<sup>th<\/sup> anniversary of the Signal and Image Processing Institute at the University of Southern California in 2022.\u00a0 He has organized and led industry workshops at ICIP conferences since 2019 and ICASSP conferences since 2023.<\/p>\n","protected":false},"excerpt":{"rendered":"<p>&nbsp; Ioannis Katsavounidis Meta (USA) Video quality optimization in adaptive streaming Language: English Date: October 6th, 10h00 &nbsp; Abstract We will review the history of video encoding, covering aspects of video codecs and quality&#46;&#46;&#46;<\/p>\n","protected":false},"author":746,"featured_media":0,"parent":0,"menu_order":0,"comment_status":"closed","ping_status":"closed","template":"","meta":{"footnotes":""},"class_list":["post-118","page","type-page","status-publish","hentry"],"_links":{"self":[{"href":"https:\/\/wp.ufpel.edu.br\/dpvsa2025\/wp-json\/wp\/v2\/pages\/118","targetHints":{"allow":["GET"]}}],"collection":[{"href":"https:\/\/wp.ufpel.edu.br\/dpvsa2025\/wp-json\/wp\/v2\/pages"}],"about":[{"href":"https:\/\/wp.ufpel.edu.br\/dpvsa2025\/wp-json\/wp\/v2\/types\/page"}],"author":[{"embeddable":true,"href":"https:\/\/wp.ufpel.edu.br\/dpvsa2025\/wp-json\/wp\/v2\/users\/746"}],"replies":[{"embeddable":true,"href":"https:\/\/wp.ufpel.edu.br\/dpvsa2025\/wp-json\/wp\/v2\/comments?post=118"}],"version-history":[{"count":3,"href":"https:\/\/wp.ufpel.edu.br\/dpvsa2025\/wp-json\/wp\/v2\/pages\/118\/revisions"}],"predecessor-version":[{"id":1063,"href":"https:\/\/wp.ufpel.edu.br\/dpvsa2025\/wp-json\/wp\/v2\/pages\/118\/revisions\/1063"}],"wp:attachment":[{"href":"https:\/\/wp.ufpel.edu.br\/dpvsa2025\/wp-json\/wp\/v2\/media?parent=118"}],"curies":[{"name":"wp","href":"https:\/\/api.w.org\/{rel}","templated":true}]}}