{"id":1117,"date":"2025-09-24T19:45:38","date_gmt":"2025-09-24T22:45:38","guid":{"rendered":"https:\/\/wp.ufpel.edu.br\/dpvsa2025\/?page_id=1117"},"modified":"2025-09-24T19:49:23","modified_gmt":"2025-09-24T22:49:23","slug":"poster-session-ii","status":"publish","type":"page","link":"https:\/\/wp.ufpel.edu.br\/dpvsa2025\/poster-session-ii\/","title":{"rendered":"Poster Session II"},"content":{"rendered":"<h2><span style=\"font-size: 18pt;\"><strong>Poster Session II \u2013 October 7th, 16h00min \u2013 17h00min (GMT-3)<\/strong><\/span><\/h2>\n<p>Participants with accepted posters should carefully follow the guidelines below to ensure a smooth and organized presentation during the poster sessions:<\/p>\n<ul>\n<li>Posters must be printed in A0 format: 84.1 cm wide \u00d7 118.9 cm high (portrait orientation).<\/li>\n<li>Each poster should be equipped with a hanger or other appropriate mechanism to allow secure and visible mounting on the display panels provided.<\/li>\n<li>Poster sessions will take place in the entrance hall of the main auditorium at the event venue.<\/li>\n<li>Every poster board will be labeled with the corresponding poster ID and title to help authors locate their assigned space.<\/li>\n<li>Posters should be placed in their designated locations at the beginning of the day of the assigned session. This allows attendees to view the posters freely throughout the day, even before the official poster session begins.<\/li>\n<\/ul>\n<p>&nbsp;<\/p>\n<p><strong>ID 16 &#8211; Decoupled Interpolated Light Field Coding<\/strong><\/p>\n<p><em>Andr\u00e9 Beims Br\u00e4scher (Universidade Federal de Santa Catarina)*; Gabriela Furtado da Silveira (Universidade Federal de Santa Catarina); Ismael Seidel (Universidade Federal de Santa Catarina); Jos\u00e9 Lu\u00eds Almada G\u00fcntzel (Universidade Federal de Santa Catarina)<\/em><\/p>\n<p>&nbsp;<\/p>\n<p><strong>ID 19 &#8211; Bit-Depth Sensitivity Analysis of DCVC-RT Quantization<\/strong><\/p>\n<p><em>Ruhan da Concei\u00e7\u00e3o (Federal University of Pelotas)*; Marcelo Porto (Federal University of Pelotas); Wen-Hsiao Peng (National Yang Ming Chiao Tung University); Luciano Agostini (Federal University of Pelotas )&#8221;<\/em><\/p>\n<p>&nbsp;<\/p>\n<p><strong>ID 22 &#8211; NNCodec Efficient Dequantization VLSI Architecture<\/strong><\/p>\n<p><em>Jiovana Sousa Gomes (UFRGS)*; Sara Henssler (Unipampa); F\u00e1bio Livi Ramos (Unipampa); Sergio Bampi (UFRGS)<\/em><\/p>\n<p>&nbsp;<\/p>\n<p><strong>ID 26 &#8211; A Performance Analysis of The NNCodec Software Using Visual Processing Neural Networks<\/strong><\/p>\n<p><em>Sara Henssler (Universidade Federal do Pampa &#8211; UNIPAMPA)*; Jiovana Sousa Gomes (Universidade Federal do Rio Grande do Sul &#8211; UFRGS); Sergio Bampi (Universidade Federal do Rio Grande do Sul &#8211; UFRGS); F\u00e1bio Lu\u00eds Livi Ramos\u00a0 (Universidade Federal do Pampa &#8211; UNIPAMPA)<\/em><\/p>\n<p>&nbsp;<\/p>\n<p><strong>ID 27 &#8211; Traditional vs. Neural Video Codecs: Compression Efficiency, Visual Artifacts, and Quality Analysis Beyond PSNR<\/strong><\/p>\n<p><em>Leandro Tavares (UFPel)*; V\u00edctor Costa (UFPel); Ruhan Concei\u00e7\u00e3o (UFPel); Luciano Agostini (UFPel); Marcelo Porto (UFPel); Guilherme Corr\u00eaa (UFPel)<\/em><\/p>\n<p>&nbsp;<\/p>\n<p><strong>ID 28 &#8211; Low-Energy NTT and INTT Architectures for Image Encryption and Decryption<\/strong><\/p>\n<p><em>Rodrigo Lopes (UFPel)*; Eloisa Barros (UFPel); Leonardo Antonietti (UFPel); Morgana Da Rosa (UCPel); Eduardo\u00a0 Costa (UCPel); Rafael Soares (UFPel)<\/em><\/p>\n<p>&nbsp;<\/p>\n<p><strong>ID 33 &#8211; A Lightweight I3D-Based Approach for Real-Time Brazilian Sign Language Recognition<\/strong><\/p>\n<p><em>Victor Costa (UFPel)*; Leandro Tavares (UFPel); Ruhan Concei\u00e7\u00e3o (UFPel); Luciano Agostini (UFPel); Brenda Santana (UFPel); Guilherme Corr\u00eaa (UFPel)<\/em><\/p>\n<p>&nbsp;<\/p>\n<p><strong>ID 39 &#8211; ASIC-Based CNN Hardware: A Comparative Analysis of 32-Bit Float vs. 8-Bit Integer Precision<\/strong><\/p>\n<p><em>Vanessa Aldrighi (UFPEL)*; Denis Maass (UFPEL); Ruhan Concei\u00e7\u00e3o (UFPEL); Marcelo Porto (UFPEL); Luciano Agostini (UFPEL)<\/em><\/p>\n<p>&nbsp;<\/p>\n<p><strong>ID 43 &#8211; Platform-Independent Hardware Design for Low-Power Neural Video Hyperprior Decoding<\/strong><\/p>\n<p><em>Denis Maass (UFPel)*; Vanessa Aldrighi (UFPel); Ruhan Concei\u00e7\u00e3o (UFPel); Luciano Agostini (UFPel); Marcelo Porto (UFPel)<\/em><\/p>\n<p>&nbsp;<\/p>\n<p><strong>ID 44 &#8211; Machine Learning-Based Block Partitioning for V-PCC Encoding Acceleration<\/strong><\/p>\n<p><em>Gustavo Rehbein (UFPel)*; Cristiano Santos (UFPel); Guilherme Corr\u00eaa (UFPel); Marcelo Porto (UFPel)<\/em><\/p>\n<p>&nbsp;<\/p>\n<p><strong>ID 45 &#8211; Reducing the VVC Transform Computational Cost Through Machine Learning<\/strong><\/p>\n<p><em>Caroline Camargo (UFPel)*; Bianca Silveira (UFPel); Guilherme Corr\u00eaa (UFPel)<\/em><\/p>\n<p>&nbsp;<\/p>\n<p><strong>ID 47 &#8211; CNN-based ISP Decision Scheme<\/strong><\/p>\n<p><em>Adson Duarte (Federal University of Pelotas)*; Guilherme Correa (Federal University of Pelotas); Bruno Zatt (Federal University of Pelotas); Attilio Fiandrotti (University of Turin); Daniel Palomino (Federal University of Pelotas)<\/em><\/p>\n<p>&nbsp;<\/p>\n<p><strong>ID 48 &#8211; Towards Cross-Dataset Comparison of Convolutional Neural Networks and Vision Transformers for Skin Lesion Classification<\/strong><\/p>\n<p><em>Nicolas Raimundo (Universidade Federal do Pampa)*; Eliezer Flores (Universidade Federal do Pampa)<\/em><\/p>\n<p>&nbsp;<\/p>\n<p><strong>ID 49 &#8211; An Assessment on Post-Training Quantization Effects in\u00a0 Handwritten Digit Classification<\/strong><\/p>\n<p><em>\u00c9rick Radmann (Video Technology Research Group (ViTech))*; Ruhan Concei\u00e7\u00e3o\u00a0 (Video Technology Research Group (ViTech)); Luciano\u00a0 Agostini\u00a0 (Video Technology Research Group (ViTech)); Bruno\u00a0 Zatt (Video Technology Research Group (ViTech))<\/em><\/p>\n","protected":false},"excerpt":{"rendered":"<p>Poster Session II \u2013 October 7th, 16h00min \u2013 17h00min (GMT-3) Participants with accepted posters should carefully follow the guidelines below to ensure a smooth and organized presentation during the poster sessions: Posters must be&#46;&#46;&#46;<\/p>\n","protected":false},"author":746,"featured_media":0,"parent":0,"menu_order":0,"comment_status":"closed","ping_status":"closed","template":"","meta":{"footnotes":""},"class_list":["post-1117","page","type-page","status-publish","hentry"],"_links":{"self":[{"href":"https:\/\/wp.ufpel.edu.br\/dpvsa2025\/wp-json\/wp\/v2\/pages\/1117","targetHints":{"allow":["GET"]}}],"collection":[{"href":"https:\/\/wp.ufpel.edu.br\/dpvsa2025\/wp-json\/wp\/v2\/pages"}],"about":[{"href":"https:\/\/wp.ufpel.edu.br\/dpvsa2025\/wp-json\/wp\/v2\/types\/page"}],"author":[{"embeddable":true,"href":"https:\/\/wp.ufpel.edu.br\/dpvsa2025\/wp-json\/wp\/v2\/users\/746"}],"replies":[{"embeddable":true,"href":"https:\/\/wp.ufpel.edu.br\/dpvsa2025\/wp-json\/wp\/v2\/comments?post=1117"}],"version-history":[{"count":3,"href":"https:\/\/wp.ufpel.edu.br\/dpvsa2025\/wp-json\/wp\/v2\/pages\/1117\/revisions"}],"predecessor-version":[{"id":1124,"href":"https:\/\/wp.ufpel.edu.br\/dpvsa2025\/wp-json\/wp\/v2\/pages\/1117\/revisions\/1124"}],"wp:attachment":[{"href":"https:\/\/wp.ufpel.edu.br\/dpvsa2025\/wp-json\/wp\/v2\/media?parent=1117"}],"curies":[{"name":"wp","href":"https:\/\/api.w.org\/{rel}","templated":true}]}}