{"id":8,"date":"2022-06-24T09:01:26","date_gmt":"2022-06-24T12:01:26","guid":{"rendered":"https:\/\/wp.ufpel.edu.br\/dpvsa2022\/?page_id=8"},"modified":"2022-06-29T09:44:48","modified_gmt":"2022-06-29T12:44:48","slug":"committee","status":"publish","type":"page","link":"https:\/\/wp.ufpel.edu.br\/dpvsa2022\/committee\/","title":{"rendered":"Committee"},"content":{"rendered":"<p>&nbsp;<\/p>\n<table class=\"aligncenter\" style=\"border-collapse: collapse; width: 36.6131%; height: 936px;\" border=\"1\">\n<tbody>\n<tr style=\"height: 23px;\">\n<td style=\"width: 100%; height: 23px; text-align: center;\"><strong>General Chairs<\/strong><\/td>\n<\/tr>\n<tr style=\"height: 23px;\">\n<td style=\"width: 100%; height: 23px; text-align: center;\">Prof. Cl\u00e1udio Diniz (UFRGS)<br \/>\nProf. F\u00e1bio Ramos (UNIPAMPA)<\/td>\n<\/tr>\n<tr style=\"height: 23px;\">\n<td style=\"width: 100%; height: 23px; text-align: center;\"><strong>Program Chairs<\/strong><\/td>\n<\/tr>\n<tr style=\"height: 23px;\">\n<td style=\"width: 100%; height: 23px; text-align: center;\">Prof. Guilherme Corr\u00eaa (UFPel)<br \/>\nProf. Mateus Grellert (UFSC)<\/td>\n<\/tr>\n<tr style=\"height: 23px;\">\n<td style=\"width: 100%; height: 23px; text-align: center;\"><strong>Poster Chairs<\/strong><\/td>\n<\/tr>\n<tr style=\"height: 23px;\">\n<td style=\"width: 100%; height: 23px; text-align: center;\">Prof. Thiago Lopes Trugillo da Silveira (UFRGS)<br \/>\nProf. Carlos Michel Betemps (UNIPAMPA)<\/td>\n<\/tr>\n<tr style=\"height: 23px;\">\n<td style=\"width: 100%; height: 23px; text-align: center;\"><strong>Publicity Chair<br \/>\n<\/strong><\/td>\n<\/tr>\n<tr style=\"height: 23px;\">\n<td style=\"width: 100%; height: 23px; text-align: center;\">Prof. Daniel Palomino (UFPel)<\/td>\n<\/tr>\n<tr style=\"height: 23px;\">\n<td style=\"width: 100%; height: 23px; text-align: center;\"><strong>Streaming Chairs<br \/>\n<\/strong><\/td>\n<\/tr>\n<tr style=\"height: 23px;\">\n<td style=\"width: 100%; height: 23px; text-align: center;\">Profa. Eduarda Monteiro (IFRS)<br \/>\nProf. Felipe Sampaio (IFRS)<br \/>\nMurilo Perleberg (UFPEL)<\/td>\n<\/tr>\n<tr style=\"height: 23px;\">\n<td style=\"width: 100%; height: 23px; text-align: center;\"><strong>IEEE CASS Liaison<\/strong><\/td>\n<\/tr>\n<tr style=\"height: 23px;\">\n<td style=\"width: 100%; height: 23px; text-align: center;\">Prof. Jos\u00e9 R. Azambuja (UFRGS)<\/td>\n<\/tr>\n<tr style=\"height: 23px;\">\n<td style=\"width: 100%; height: 23px; text-align: center;\"><strong>IEEE SPS Liaison<\/strong><\/td>\n<\/tr>\n<tr style=\"height: 23px;\">\n<td style=\"width: 100%; height: 23px; text-align: center;\">Prof. Jacob Scharcanski (UFRGS)<\/td>\n<\/tr>\n<tr style=\"height: 23px;\">\n<td style=\"width: 100%; height: 23px; text-align: center;\"><strong>IEEE CASS VSPC-TC Liaison<\/strong><\/td>\n<\/tr>\n<tr style=\"height: 23px;\">\n<td style=\"width: 100%; height: 23px; text-align: center;\">Prof. Bruno Zatt (UFPel)<\/td>\n<\/tr>\n<tr style=\"height: 23px;\">\n<td style=\"width: 100%; height: 23px; text-align: center;\"><strong>IEEE CASS MSA-TC Liaison<\/strong><\/td>\n<\/tr>\n<tr style=\"height: 23px;\">\n<td style=\"width: 100%; height: 23px; text-align: center;\">Prof. Luciano Agostini (UFPel)<\/td>\n<\/tr>\n<\/tbody>\n<\/table>\n<p>&nbsp;<\/p>\n","protected":false},"excerpt":{"rendered":"<p>&nbsp; General Chairs Prof. Cl\u00e1udio Diniz (UFRGS) Prof. F\u00e1bio Ramos (UNIPAMPA) Program Chairs Prof. Guilherme Corr\u00eaa (UFPel) Prof. Mateus Grellert (UFSC) Poster Chairs Prof. Thiago Lopes Trugillo da Silveira (UFRGS) Prof. Carlos Michel Betemps&#46;&#46;&#46;<\/p>\n","protected":false},"author":746,"featured_media":0,"parent":0,"menu_order":0,"comment_status":"closed","ping_status":"closed","template":"","meta":{"footnotes":""},"class_list":["post-8","page","type-page","status-publish","hentry"],"_links":{"self":[{"href":"https:\/\/wp.ufpel.edu.br\/dpvsa2022\/wp-json\/wp\/v2\/pages\/8","targetHints":{"allow":["GET"]}}],"collection":[{"href":"https:\/\/wp.ufpel.edu.br\/dpvsa2022\/wp-json\/wp\/v2\/pages"}],"about":[{"href":"https:\/\/wp.ufpel.edu.br\/dpvsa2022\/wp-json\/wp\/v2\/types\/page"}],"author":[{"embeddable":true,"href":"https:\/\/wp.ufpel.edu.br\/dpvsa2022\/wp-json\/wp\/v2\/users\/746"}],"replies":[{"embeddable":true,"href":"https:\/\/wp.ufpel.edu.br\/dpvsa2022\/wp-json\/wp\/v2\/comments?post=8"}],"version-history":[{"count":8,"href":"https:\/\/wp.ufpel.edu.br\/dpvsa2022\/wp-json\/wp\/v2\/pages\/8\/revisions"}],"predecessor-version":[{"id":60,"href":"https:\/\/wp.ufpel.edu.br\/dpvsa2022\/wp-json\/wp\/v2\/pages\/8\/revisions\/60"}],"wp:attachment":[{"href":"https:\/\/wp.ufpel.edu.br\/dpvsa2022\/wp-json\/wp\/v2\/media?parent=8"}],"curies":[{"name":"wp","href":"https:\/\/api.w.org\/{rel}","templated":true}]}}