{"id":235,"date":"2022-11-18T15:36:28","date_gmt":"2022-11-18T18:36:28","guid":{"rendered":"https:\/\/wp.ufpel.edu.br\/dpvsa2022\/?page_id=235"},"modified":"2022-11-24T10:31:47","modified_gmt":"2022-11-24T13:31:47","slug":"challenge","status":"publish","type":"page","link":"https:\/\/wp.ufpel.edu.br\/dpvsa2022\/challenge\/","title":{"rendered":"Challenge"},"content":{"rendered":"<p style=\"text-align: center;\"><strong><span style=\"font-size: 24pt;\">Desafio PixForce &#8211; Contagem de objetos<\/span><\/strong><\/p>\n<h5 style=\"text-align: center;\"><a href=\"http:\/\/www.pixforce.com.br\/\" target=\"_blank\" rel=\"noopener\"><img loading=\"lazy\" decoding=\"async\" class=\"alignnone wp-image-292\" src=\"https:\/\/wp.ufpel.edu.br\/dpvsa2022\/files\/2022\/11\/pix-force-logo-400x238.png\" alt=\"\" width=\"291\" height=\"173\" srcset=\"https:\/\/wp.ufpel.edu.br\/dpvsa2022\/files\/2022\/11\/pix-force-logo-400x238.png 400w, https:\/\/wp.ufpel.edu.br\/dpvsa2022\/files\/2022\/11\/pix-force-logo.png 580w\" sizes=\"auto, (max-width: 291px) 100vw, 291px\" \/><\/a><\/h5>\n<h5 style=\"text-align: center;\"><span style=\"font-size: 14pt;\"><a class=\"wp-block-button__link has-white-color has-text-color has-background\" style=\"background-color: #f17d18;\" href=\"https:\/\/forms.gle\/FCdWexhjaM3fjW3h6\" target=\"_blank\" rel=\"noreferrer noopener\"><strong><span style=\"color: #ffffff;\">Inscri\u00e7\u00e3o Desafio PixForce<\/span><\/strong><\/a><\/span><\/h5>\n<p>&nbsp;<\/p>\n<p><span style=\"font-weight: 400;\">O objetivo desse desafio \u00e9 que o candidato crie m\u00e9todos de contagem para alguns objetos. A seguir s\u00e3o apresentados os objetos que poder\u00e3o ser escolhidos pela equipe:<\/span><\/p>\n<ol>\n<li style=\"font-weight: 400;\" aria-level=\"1\"><span style=\"font-weight: 400;\">Placa<\/span><\/li>\n<li style=\"font-weight: 400;\" aria-level=\"1\"><span style=\"font-weight: 400;\">Perfil<\/span><\/li>\n<li style=\"font-weight: 400;\" aria-level=\"1\"><span style=\"font-weight: 400;\">Cantoneira<\/span><\/li>\n<\/ol>\n<p><span style=\"font-weight: 400;\">As solu\u00e7\u00f5es desenvolvidas devem <\/span><strong>obrigatoriamente<\/strong><span style=\"font-weight: 400;\"> contemplar ao menos as op\u00e7\u00f5es <\/span><strong>um<\/strong> <span style=\"font-weight: 400;\">e <\/span><strong>dois<\/strong><span style=\"font-weight: 400;\">. No entanto, a op\u00e7\u00e3o tr\u00eas ser\u00e1 considerada na avalia\u00e7\u00e3o final como pontua\u00e7\u00e3o extra.<\/span><\/p>\n<p><span style=\"font-weight: 400;\">Quatro datasets, dois deles contendo imagens anotadas e dois com imagens n\u00e3o anotadas, para serem usados como teste ser\u00e3o fornecidos igualmente para todas as equipes inscritas no desafio.<\/span><\/p>\n<p><span style=\"font-weight: 400;\">As equipes devera\u0303o ser formadas por <\/span><strong>ate\u0301 3 alunos (graduac\u0327a\u0303o) <\/strong><span style=\"font-weight: 400;\">e um ou mais mentores (professores, profissionais da indu\u0301stria).<\/span><\/p>\n<p><span style=\"font-weight: 400;\">Du\u0301vidas podem ser encaminhadas para o seguinte e-mail: <\/span><a href=\"mailto:barbara.santana@pixforce.ai\"><span style=\"font-weight: 400;\">barbara.santana@pixforce.ai<\/span><\/a><span style=\"font-weight: 400;\">\u00a0<\/span><\/p>\n<p>&nbsp;<\/p>\n<p><strong>Especifica\u00e7\u00f5es<\/strong><\/p>\n<ul>\n<li aria-level=\"1\"><strong>Escopo das solu\u00e7\u00f5es<\/strong><\/li>\n<\/ul>\n<ol>\n<li style=\"list-style-type: none;\">\n<ol>\n<li style=\"list-style-type: none;\">\n<ol>\n<li style=\"font-weight: 400;\" aria-level=\"2\"><span style=\"font-weight: 400;\">Contagem da placa<\/span><\/li>\n<li style=\"font-weight: 400;\" aria-level=\"2\"><span style=\"font-weight: 400;\">Contagem do perfil<\/span><\/li>\n<li style=\"font-weight: 400;\" aria-level=\"2\"><span style=\"font-weight: 400;\">Contagem da cantoneira<\/span><\/li>\n<\/ol>\n<\/li>\n<\/ol>\n<\/li>\n<\/ol>\n<ul>\n<li aria-level=\"1\"><strong>Entreg\u00e1veis<\/strong><\/li>\n<\/ul>\n<ol>\n<li style=\"list-style-type: none;\">\n<ol>\n<li style=\"list-style-type: none;\">\n<ol>\n<li style=\"font-weight: 400;\" aria-level=\"2\"><span style=\"font-weight: 400;\">C\u00f3digo fonte no GitHub<\/span><\/li>\n<li style=\"font-weight: 400;\" aria-level=\"2\"><span style=\"font-weight: 400;\">Apresenta\u00e7\u00e3o da solu\u00e7\u00e3o durante o CASS Meeting<\/span><\/li>\n<li style=\"font-weight: 400;\" aria-level=\"2\"><span style=\"font-weight: 400;\">V\u00eddeo demonstrando o funcionamento<\/span><\/li>\n<li style=\"font-weight: 400;\" aria-level=\"2\"><span style=\"font-weight: 400;\">Documenta\u00e7\u00e3o<\/span>\n<ol>\n<li style=\"font-weight: 400;\" aria-level=\"3\"><span style=\"font-weight: 400;\">Pode ser feita diretamente no GitHub atrav\u00e9s de um arquivo README ou em um documento PDF<\/span><\/li>\n<li style=\"font-weight: 400;\" aria-level=\"3\"><span style=\"font-weight: 400;\">Deve conter <\/span><b>obrigatoriamente<\/b><span style=\"font-weight: 400;\"> o passo a passo de como rodar o c\u00f3digo e obter a sa\u00edda<\/span><\/li>\n<li style=\"font-weight: 400;\" aria-level=\"3\"><span style=\"font-weight: 400;\">Deve descrever a ideia da solu\u00e7\u00e3o e os principais m\u00e9todos utilizados na mesma.<\/span><\/li>\n<\/ol>\n<\/li>\n<\/ol>\n<\/li>\n<\/ol>\n<\/li>\n<\/ol>\n<ul>\n<li aria-level=\"1\"><strong>Quesitos de avalia\u00e7\u00e3o<\/strong><\/li>\n<\/ul>\n<ol>\n<li style=\"list-style-type: none;\">\n<ol>\n<li style=\"list-style-type: none;\">\n<ol>\n<li style=\"font-weight: 400;\" aria-level=\"2\"><span style=\"font-weight: 400;\">Os resultados ser\u00e3o avaliados quanto a:<\/span>\n<ol>\n<li style=\"font-weight: 400;\" aria-level=\"3\"><span style=\"font-weight: 400;\">Erro relativo da contagem<\/span><\/li>\n<li style=\"font-weight: 400;\" aria-level=\"3\"><span style=\"font-weight: 400;\">Taxa de processamento (frames por segundo)<\/span><\/li>\n<\/ol>\n<\/li>\n<li style=\"font-weight: 400;\" aria-level=\"2\"><span style=\"font-weight: 400;\">Funcionamento do c\u00f3digo<\/span><\/li>\n<li style=\"font-weight: 400;\" aria-level=\"2\"><span style=\"font-weight: 400;\">Qualidade do c\u00f3digo<\/span><\/li>\n<li style=\"font-weight: 400;\" aria-level=\"2\"><span style=\"font-weight: 400;\">Qualidade da documenta\u00e7\u00e3o<\/span><\/li>\n<li style=\"font-weight: 400;\" aria-level=\"2\"><span style=\"font-weight: 400;\">Qualidade da apresenta\u00e7\u00e3o<\/span><\/li>\n<\/ol>\n<\/li>\n<\/ol>\n<\/li>\n<\/ol>\n<ul>\n<li aria-level=\"1\"><strong>Cronograma recomendado \u00e0s equipes<\/strong><\/li>\n<\/ul>\n<ol>\n<li style=\"list-style-type: none;\">\n<ol>\n<li style=\"font-weight: 400;\" aria-level=\"2\"><span style=\"font-weight: 400;\">Estudo do desafio e an\u00e1lise dos dados<\/span><\/li>\n<li style=\"font-weight: 400;\" aria-level=\"2\"><span style=\"font-weight: 400;\">Levantamento de abordagens a serem utilizadas<\/span><\/li>\n<li style=\"font-weight: 400;\" aria-level=\"2\"><span style=\"font-weight: 400;\">Valida\u00e7\u00e3o e escolha da abordagem<\/span><\/li>\n<li style=\"font-weight: 400;\" aria-level=\"2\"><span style=\"font-weight: 400;\">Desenvolvimento<\/span><\/li>\n<li style=\"font-weight: 400;\" aria-level=\"2\"><span style=\"font-weight: 400;\">Testes e eventuais ajustes<\/span><\/li>\n<li style=\"font-weight: 400;\" aria-level=\"2\"><span style=\"font-weight: 400;\">Documenta\u00e7\u00e3o<\/span><\/li>\n<\/ol>\n<\/li>\n<\/ol>\n<p>&nbsp;<\/p>\n<p><strong>Premia\u00e7\u00e3o<\/strong><\/p>\n<p><span style=\"font-weight: 400;\">Os seguintes pr\u00eamios ser\u00e3o atribu\u00eddos a todos os alunos integrantes da equipe vencedora (1\u00b0 lugar): Est\u00e1gio remunerado em R$ 1.500\/m\u00eas.<\/span><\/p>\n<p>&nbsp;<\/p>\n<p><span style=\"font-size: 14pt;\"><strong>Cronograma<\/strong><\/span><\/p>\n<p><span style=\"font-weight: 400;\"><strong>18\/11\/2022<\/strong> &#8211; Divulga\u00e7\u00e3o durante a DPVSA 2022<\/span><\/p>\n<p><span style=\"font-weight: 400;\"><s>23\/11\/2022<\/s> <strong>25\/11\/2022<\/strong> &#8211; Final das inscri\u00e7\u00f5es<\/span><\/p>\n<p><span style=\"font-weight: 400;\"><s>23\/11\/2022<\/s>\u00a0<strong>25\/11\/2022<\/strong> &#8211; Libera\u00e7\u00e3o dos datasets<\/span><\/p>\n<p><span style=\"font-weight: 400;\"><strong>12\/12\/2022<\/strong> &#8211; Entrega<\/span><\/p>\n<p><span style=\"font-weight: 400;\"><strong>14\/12\/2022<\/strong> &#8211; Notifica\u00e7\u00e3o das equipes finalistas<\/span><\/p>\n<p><span style=\"font-weight: 400;\"><strong>16\/12\/2022<\/strong> &#8211; Apresenta\u00e7\u00e3o (durante o CASS Meeting)<\/span><\/p>\n<p><span style=\"font-weight: 400;\"><strong>16\/12\/2022<\/strong> &#8211; Premia\u00e7\u00e3o (durante o CASS Meeting)<\/span><\/p>\n<p><span style=\"font-weight: 400;\">\u00a0<\/span><\/p>\n<hr \/>\n<p><strong><em><span style=\"font-size: 18pt;\">Datasets anotados<\/span><\/em><\/strong><\/p>\n<p><strong>Dataset 1: Perfil<\/strong><\/p>\n<ul>\n<li style=\"font-weight: 400;\" aria-level=\"1\"><strong>Descri\u00e7\u00e3o:<\/strong> <span style=\"font-weight: 400;\">este dataset possui 150 imagens de um tipo de pe\u00e7a chamado perfil. Apesar de parecerem ter formatos diferentes, todas as pe\u00e7as possuem o mesmo formato, apenas est\u00e3o encaixadas.<\/span><\/li>\n<li style=\"font-weight: 400;\" aria-level=\"1\"><strong>Anota\u00e7\u00f5es:<\/strong> <span style=\"font-weight: 400;\">as anota\u00e7\u00f5es disponibilizadas para este dataset est\u00e3o em formato de pol\u00edgonos, onde cada pe\u00e7a \u00e9 demarcada com v\u00e1rios pontos. Esse tipo de anota\u00e7\u00f5es pode ser utilizado em modelos de segmenta\u00e7\u00e3o. Contudo, o participante \u00e9 livre para ajustar as anota\u00e7\u00f5es para um outro formato, como por exemplo bounding boxes.<\/span><\/li>\n<\/ul>\n<p><span style=\"font-weight: 400;\">\u00a0 \u00a0 \u00a0 \u00a0 \u00a0 \u00a0 \u00a0 \u00a0 \u00a0 \u00a0\u00a0 \u00a0 \u00a0\u00a0 \u00a0<\/span><\/p>\n<p style=\"padding-left: 120px;\"><img loading=\"lazy\" decoding=\"async\" class=\"alignnone wp-image-244\" src=\"https:\/\/wp.ufpel.edu.br\/dpvsa2022\/files\/2022\/11\/dataset-01-image2-400x209.png\" alt=\"\" width=\"363\" height=\"190\" srcset=\"https:\/\/wp.ufpel.edu.br\/dpvsa2022\/files\/2022\/11\/dataset-01-image2-400x209.png 400w, https:\/\/wp.ufpel.edu.br\/dpvsa2022\/files\/2022\/11\/dataset-01-image2-1024x536.png 1024w, https:\/\/wp.ufpel.edu.br\/dpvsa2022\/files\/2022\/11\/dataset-01-image2-768x402.png 768w, https:\/\/wp.ufpel.edu.br\/dpvsa2022\/files\/2022\/11\/dataset-01-image2.png 1292w\" sizes=\"auto, (max-width: 363px) 100vw, 363px\" \/>\u00a0 \u00a0 \u00a0 <img loading=\"lazy\" decoding=\"async\" class=\"alignnone wp-image-245\" src=\"https:\/\/wp.ufpel.edu.br\/dpvsa2022\/files\/2022\/11\/dataset-01-image5-400x185.png\" alt=\"\" width=\"411\" height=\"190\" srcset=\"https:\/\/wp.ufpel.edu.br\/dpvsa2022\/files\/2022\/11\/dataset-01-image5-400x185.png 400w, https:\/\/wp.ufpel.edu.br\/dpvsa2022\/files\/2022\/11\/dataset-01-image5-1024x475.png 1024w, https:\/\/wp.ufpel.edu.br\/dpvsa2022\/files\/2022\/11\/dataset-01-image5-768x356.png 768w, https:\/\/wp.ufpel.edu.br\/dpvsa2022\/files\/2022\/11\/dataset-01-image5-980x450.png 980w, https:\/\/wp.ufpel.edu.br\/dpvsa2022\/files\/2022\/11\/dataset-01-image5.png 1531w\" sizes=\"auto, (max-width: 411px) 100vw, 411px\" \/>\u00a0 \u00a0 \u00a0 <img loading=\"lazy\" decoding=\"async\" class=\"alignnone wp-image-246\" src=\"https:\/\/wp.ufpel.edu.br\/dpvsa2022\/files\/2022\/11\/dataset-01-image12-400x270.png\" alt=\"\" width=\"281\" height=\"190\" srcset=\"https:\/\/wp.ufpel.edu.br\/dpvsa2022\/files\/2022\/11\/dataset-01-image12-400x270.png 400w, https:\/\/wp.ufpel.edu.br\/dpvsa2022\/files\/2022\/11\/dataset-01-image12-1024x691.png 1024w, https:\/\/wp.ufpel.edu.br\/dpvsa2022\/files\/2022\/11\/dataset-01-image12-768x518.png 768w, https:\/\/wp.ufpel.edu.br\/dpvsa2022\/files\/2022\/11\/dataset-01-image12.png 1212w\" sizes=\"auto, (max-width: 281px) 100vw, 281px\" \/><\/p>\n<p>&nbsp;<\/p>\n<p><strong>Dataset 2: Placas MDP &#8211; vis\u00e3o de canto<\/strong><\/p>\n<ul>\n<li style=\"font-weight: 400;\" aria-level=\"1\"><strong>Descri\u00e7\u00e3o<\/strong><span style=\"font-weight: 400;\"><strong>:<\/strong> este dataset possui 150 imagens de placas MDP numa vis\u00e3o de canto das pilhas. Todas as placas possuem a mesma espessura, mas devido \u00e0 varia\u00e7\u00e3o de posicionamento, as espessuras acabam parecendo diferentes na imagem.<\/span><\/li>\n<li style=\"font-weight: 400;\" aria-level=\"1\"><strong>Anota\u00e7\u00f5es<\/strong><span style=\"font-weight: 400;\"><strong>:<\/strong> as anota\u00e7\u00f5es s\u00e3o em formato de c\u00edrculos, onde cada c\u00edrculo demarca o canto da placa. O tamanho do c\u00edrculo tenta se ajustar \u00e0 espessura da placa, que visualmente pode mudar entre as imagens devido \u00e0 varia\u00e7\u00e3o no posicionamento da c\u00e2mera na captura.<\/span><\/li>\n<\/ul>\n<p>&nbsp;<\/p>\n<p style=\"padding-left: 240px;\"><span style=\"font-weight: 400;\">\u00a0<\/span><img loading=\"lazy\" decoding=\"async\" class=\"alignnone wp-image-252\" src=\"https:\/\/wp.ufpel.edu.br\/dpvsa2022\/files\/2022\/11\/dataset-02-image7-332x400.png\" alt=\"\" width=\"248\" height=\"299\" srcset=\"https:\/\/wp.ufpel.edu.br\/dpvsa2022\/files\/2022\/11\/dataset-02-image7-332x400.png 332w, https:\/\/wp.ufpel.edu.br\/dpvsa2022\/files\/2022\/11\/dataset-02-image7.png 652w\" sizes=\"auto, (max-width: 248px) 100vw, 248px\" \/>\u00a0 \u00a0 \u00a0 <img loading=\"lazy\" decoding=\"async\" class=\"alignnone wp-image-251\" src=\"https:\/\/wp.ufpel.edu.br\/dpvsa2022\/files\/2022\/11\/dataset-02-image6-290x400.png\" alt=\"\" width=\"217\" height=\"299\" srcset=\"https:\/\/wp.ufpel.edu.br\/dpvsa2022\/files\/2022\/11\/dataset-02-image6-290x400.png 290w, https:\/\/wp.ufpel.edu.br\/dpvsa2022\/files\/2022\/11\/dataset-02-image6.png 607w\" sizes=\"auto, (max-width: 217px) 100vw, 217px\" \/> \u00a0 \u00a0 \u00a0<img loading=\"lazy\" decoding=\"async\" class=\"alignnone wp-image-253\" src=\"https:\/\/wp.ufpel.edu.br\/dpvsa2022\/files\/2022\/11\/dataset-02-image13-358x400.png\" alt=\"\" width=\"268\" height=\"299\" srcset=\"https:\/\/wp.ufpel.edu.br\/dpvsa2022\/files\/2022\/11\/dataset-02-image13-358x400.png 358w, https:\/\/wp.ufpel.edu.br\/dpvsa2022\/files\/2022\/11\/dataset-02-image13.png 653w\" sizes=\"auto, (max-width: 268px) 100vw, 268px\" \/><\/p>\n<p>&nbsp;<\/p>\n<hr \/>\n<p><strong><em><span style=\"font-size: 18pt;\">Datasets sem anota\u00e7\u00e3o<\/span><\/em><\/strong><\/p>\n<p><strong>Dataset 1: Cantoneiras<\/strong><\/p>\n<ul>\n<li style=\"font-weight: 400;\" aria-level=\"1\"><strong>Descri\u00e7\u00e3o<\/strong><span style=\"font-weight: 400;\"><strong>:<\/strong> este dataset possui 150 imagens de um tipo de material chamado cantoneira. As pe\u00e7as possuem um formato triangular e s\u00e3o organizadas em encaixes. O participante \u00e9 livre para escolher o formato de anota\u00e7\u00e3o. Uma das possibilidades \u00e9 observar o \u00e2ngulo da cantoneira.<\/span><\/li>\n<\/ul>\n<p><span style=\"font-weight: 400;\"> \u00a0 \u00a0 \u00a0 \u00a0 \u00a0 <\/span><\/p>\n<p style=\"padding-left: 240px;\"><img loading=\"lazy\" decoding=\"async\" class=\"alignnone wp-image-269\" src=\"https:\/\/wp.ufpel.edu.br\/dpvsa2022\/files\/2022\/11\/dataset-03-image4-400x202.jpg\" alt=\"\" width=\"455\" height=\"230\" srcset=\"https:\/\/wp.ufpel.edu.br\/dpvsa2022\/files\/2022\/11\/dataset-03-image4-400x202.jpg 400w, https:\/\/wp.ufpel.edu.br\/dpvsa2022\/files\/2022\/11\/dataset-03-image4-1024x516.jpg 1024w, https:\/\/wp.ufpel.edu.br\/dpvsa2022\/files\/2022\/11\/dataset-03-image4-768x387.jpg 768w, https:\/\/wp.ufpel.edu.br\/dpvsa2022\/files\/2022\/11\/dataset-03-image4-1536x775.jpg 1536w, https:\/\/wp.ufpel.edu.br\/dpvsa2022\/files\/2022\/11\/dataset-03-image4.jpg 1999w\" sizes=\"auto, (max-width: 455px) 100vw, 455px\" \/>\u00a0 \u00a0 \u00a0 <img loading=\"lazy\" decoding=\"async\" class=\"alignnone wp-image-268\" src=\"https:\/\/wp.ufpel.edu.br\/dpvsa2022\/files\/2022\/11\/dataset-03-image3-400x281.jpg\" alt=\"\" width=\"328\" height=\"230\" srcset=\"https:\/\/wp.ufpel.edu.br\/dpvsa2022\/files\/2022\/11\/dataset-03-image3-400x281.jpg 400w, https:\/\/wp.ufpel.edu.br\/dpvsa2022\/files\/2022\/11\/dataset-03-image3-1024x718.jpg 1024w, https:\/\/wp.ufpel.edu.br\/dpvsa2022\/files\/2022\/11\/dataset-03-image3-768x539.jpg 768w, https:\/\/wp.ufpel.edu.br\/dpvsa2022\/files\/2022\/11\/dataset-03-image3-1536x1077.jpg 1536w, https:\/\/wp.ufpel.edu.br\/dpvsa2022\/files\/2022\/11\/dataset-03-image3.jpg 1999w\" sizes=\"auto, (max-width: 328px) 100vw, 328px\" \/><\/p>\n<p style=\"padding-left: 40px;\"><img loading=\"lazy\" decoding=\"async\" class=\"wp-image-270 aligncenter\" src=\"https:\/\/wp.ufpel.edu.br\/dpvsa2022\/files\/2022\/11\/dataset-03-image8-400x137.jpg\" alt=\"\" width=\"581\" height=\"199\" srcset=\"https:\/\/wp.ufpel.edu.br\/dpvsa2022\/files\/2022\/11\/dataset-03-image8-400x137.jpg 400w, https:\/\/wp.ufpel.edu.br\/dpvsa2022\/files\/2022\/11\/dataset-03-image8-1024x351.jpg 1024w, https:\/\/wp.ufpel.edu.br\/dpvsa2022\/files\/2022\/11\/dataset-03-image8-768x263.jpg 768w, https:\/\/wp.ufpel.edu.br\/dpvsa2022\/files\/2022\/11\/dataset-03-image8-1536x526.jpg 1536w, https:\/\/wp.ufpel.edu.br\/dpvsa2022\/files\/2022\/11\/dataset-03-image8.jpg 1999w\" sizes=\"auto, (max-width: 581px) 100vw, 581px\" \/><\/p>\n<p>&nbsp;<\/p>\n<p><strong>Dataset 2: Placas MDP &#8211; vis\u00e3o de frente<\/strong><\/p>\n<ul>\n<li style=\"font-weight: 400;\" aria-level=\"1\"><strong>Descri\u00e7\u00e3o<\/strong><span style=\"font-weight: 400;\"><strong>:<\/strong> este dataset possui 150 imagens de placas MDP numa vis\u00e3o de frente ou de lado das pilhas. Todas as placas possuem a mesma espessura, mas devido \u00e0 varia\u00e7\u00e3o de posicionamento, as espessuras acabam parecendo diferentes na imagem. A ideia aqui \u00e9 avaliar um m\u00e9todo que considere as linhas das placas para a contagem.<\/span><\/li>\n<\/ul>\n<p><span style=\"font-weight: 400;\"> \u00a0 <\/span><span style=\"font-weight: 400;\"> \u00a0 <\/span><\/p>\n<p style=\"padding-left: 120px;\"><img loading=\"lazy\" decoding=\"async\" class=\"alignnone wp-image-272\" src=\"https:\/\/wp.ufpel.edu.br\/dpvsa2022\/files\/2022\/11\/dataset-04-image10-300x400.jpg\" alt=\"\" width=\"225\" height=\"300\" srcset=\"https:\/\/wp.ufpel.edu.br\/dpvsa2022\/files\/2022\/11\/dataset-04-image10-300x400.jpg 300w, https:\/\/wp.ufpel.edu.br\/dpvsa2022\/files\/2022\/11\/dataset-04-image10-768x1023.jpg 768w, https:\/\/wp.ufpel.edu.br\/dpvsa2022\/files\/2022\/11\/dataset-04-image10-1153x1536.jpg 1153w, https:\/\/wp.ufpel.edu.br\/dpvsa2022\/files\/2022\/11\/dataset-04-image10.jpg 1500w\" sizes=\"auto, (max-width: 225px) 100vw, 225px\" \/>\u00a0 \u00a0 \u00a0<img loading=\"lazy\" decoding=\"async\" class=\"alignnone size-medium wp-image-273\" src=\"https:\/\/wp.ufpel.edu.br\/dpvsa2022\/files\/2022\/11\/dataset-04-400x300.jpg\" alt=\"\" width=\"400\" height=\"300\" srcset=\"https:\/\/wp.ufpel.edu.br\/dpvsa2022\/files\/2022\/11\/dataset-04-400x300.jpg 400w, https:\/\/wp.ufpel.edu.br\/dpvsa2022\/files\/2022\/11\/dataset-04-1024x768.jpg 1024w, https:\/\/wp.ufpel.edu.br\/dpvsa2022\/files\/2022\/11\/dataset-04-768x576.jpg 768w, https:\/\/wp.ufpel.edu.br\/dpvsa2022\/files\/2022\/11\/dataset-04-1536x1153.jpg 1536w, https:\/\/wp.ufpel.edu.br\/dpvsa2022\/files\/2022\/11\/dataset-04.jpg 1999w\" sizes=\"auto, (max-width: 400px) 100vw, 400px\" \/>\u00a0 \u00a0 \u00a0<img loading=\"lazy\" decoding=\"async\" class=\"alignnone size-medium wp-image-271\" src=\"https:\/\/wp.ufpel.edu.br\/dpvsa2022\/files\/2022\/11\/dataset-04-image1-400x300.jpg\" alt=\"\" width=\"400\" height=\"300\" srcset=\"https:\/\/wp.ufpel.edu.br\/dpvsa2022\/files\/2022\/11\/dataset-04-image1-400x300.jpg 400w, https:\/\/wp.ufpel.edu.br\/dpvsa2022\/files\/2022\/11\/dataset-04-image1-1024x768.jpg 1024w, https:\/\/wp.ufpel.edu.br\/dpvsa2022\/files\/2022\/11\/dataset-04-image1-768x576.jpg 768w, https:\/\/wp.ufpel.edu.br\/dpvsa2022\/files\/2022\/11\/dataset-04-image1-1536x1153.jpg 1536w, https:\/\/wp.ufpel.edu.br\/dpvsa2022\/files\/2022\/11\/dataset-04-image1.jpg 1999w\" sizes=\"auto, (max-width: 400px) 100vw, 400px\" \/><\/p>\n<p>&nbsp;<\/p>\n<h5 style=\"text-align: center;\"><span style=\"font-size: 14pt;\"><a class=\"wp-block-button__link has-white-color has-text-color has-background\" style=\"background-color: #f17d18;\" href=\"https:\/\/forms.gle\/FCdWexhjaM3fjW3h6\" target=\"_blank\" rel=\"noreferrer noopener\"><strong><span style=\"color: #ffffff;\">Inscri\u00e7\u00e3o Desafio PixForce<\/span><\/strong><\/a><\/span><\/h5>\n<p>&nbsp;<\/p>\n","protected":false},"excerpt":{"rendered":"<p>Desafio PixForce &#8211; Contagem de objetos Inscri\u00e7\u00e3o Desafio PixForce &nbsp; O objetivo desse desafio \u00e9 que o candidato crie m\u00e9todos de contagem para alguns objetos. A seguir s\u00e3o apresentados os objetos que poder\u00e3o ser&#46;&#46;&#46;<\/p>\n","protected":false},"author":746,"featured_media":0,"parent":0,"menu_order":0,"comment_status":"closed","ping_status":"closed","template":"","meta":{"footnotes":""},"class_list":["post-235","page","type-page","status-publish","hentry"],"_links":{"self":[{"href":"https:\/\/wp.ufpel.edu.br\/dpvsa2022\/wp-json\/wp\/v2\/pages\/235","targetHints":{"allow":["GET"]}}],"collection":[{"href":"https:\/\/wp.ufpel.edu.br\/dpvsa2022\/wp-json\/wp\/v2\/pages"}],"about":[{"href":"https:\/\/wp.ufpel.edu.br\/dpvsa2022\/wp-json\/wp\/v2\/types\/page"}],"author":[{"embeddable":true,"href":"https:\/\/wp.ufpel.edu.br\/dpvsa2022\/wp-json\/wp\/v2\/users\/746"}],"replies":[{"embeddable":true,"href":"https:\/\/wp.ufpel.edu.br\/dpvsa2022\/wp-json\/wp\/v2\/comments?post=235"}],"version-history":[{"count":41,"href":"https:\/\/wp.ufpel.edu.br\/dpvsa2022\/wp-json\/wp\/v2\/pages\/235\/revisions"}],"predecessor-version":[{"id":304,"href":"https:\/\/wp.ufpel.edu.br\/dpvsa2022\/wp-json\/wp\/v2\/pages\/235\/revisions\/304"}],"wp:attachment":[{"href":"https:\/\/wp.ufpel.edu.br\/dpvsa2022\/wp-json\/wp\/v2\/media?parent=235"}],"curies":[{"name":"wp","href":"https:\/\/api.w.org\/{rel}","templated":true}]}}