{"id":118,"date":"2022-10-03T16:38:00","date_gmt":"2022-10-03T19:38:00","guid":{"rendered":"https:\/\/wp.ufpel.edu.br\/dpvsa2022\/?page_id=118"},"modified":"2022-11-08T10:14:32","modified_gmt":"2022-11-08T13:14:32","slug":"speaker-lucas-ferrari","status":"publish","type":"page","link":"https:\/\/wp.ufpel.edu.br\/dpvsa2022\/speaker-lucas-ferrari\/","title":{"rendered":"Speaker &#8211; Lucas Ferrari"},"content":{"rendered":"<p style=\"text-align: center;\"><strong><span style=\"font-size: 24pt;\">Lucas Ferrari de Oliveira<\/span><br \/>\n<\/strong><strong><span data-sheets-value=\"{&quot;1&quot;:2,&quot;2&quot;:&quot;Federal University of Paran\u00e1 (UFPR)&quot;}\" data-sheets-userformat=\"{&quot;2&quot;:513,&quot;3&quot;:{&quot;1&quot;:0},&quot;12&quot;:0}\">Federal University of Paran\u00e1 (Brazil)<\/span><\/strong><\/p>\n<p style=\"text-align: center;\"><img loading=\"lazy\" decoding=\"async\" class=\"alignnone size-full wp-image-106\" src=\"https:\/\/wp.ufpel.edu.br\/dpvsa2022\/files\/2022\/10\/AVATAR_LucasFerrari.png\" alt=\"\" width=\"250\" height=\"250\" srcset=\"https:\/\/wp.ufpel.edu.br\/dpvsa2022\/files\/2022\/10\/AVATAR_LucasFerrari-200x200.png 200w, https:\/\/wp.ufpel.edu.br\/dpvsa2022\/files\/2022\/10\/AVATAR_LucasFerrari-80x80.png 80w, https:\/\/wp.ufpel.edu.br\/dpvsa2022\/files\/2022\/10\/AVATAR_LucasFerrari-320x320.png 320w\" sizes=\"auto, (max-width: 250px) 100vw, 250px\" \/><\/p>\n<h3 style=\"text-align: center;\"><span style=\"font-size: 18pt;\"><em><span data-sheets-value=\"{&quot;1&quot;:2,&quot;2&quot;:&quot;Basic Course: Medical Image Processing\\nProf. Lucas Ferrari de Oliveira (UFPR)&quot;}\" data-sheets-userformat=\"{&quot;2&quot;:3071,&quot;3&quot;:{&quot;1&quot;:0},&quot;4&quot;:{&quot;1&quot;:2,&quot;2&quot;:3963096},&quot;5&quot;:{&quot;1&quot;:[{&quot;1&quot;:2,&quot;2&quot;:0,&quot;5&quot;:{&quot;1&quot;:2,&quot;2&quot;:0}},{&quot;1&quot;:0,&quot;2&quot;:0,&quot;3&quot;:3},{&quot;1&quot;:1,&quot;2&quot;:0,&quot;4&quot;:1}]},&quot;6&quot;:{&quot;1&quot;:[{&quot;1&quot;:2,&quot;2&quot;:0,&quot;5&quot;:{&quot;1&quot;:2,&quot;2&quot;:0}},{&quot;1&quot;:0,&quot;2&quot;:0,&quot;3&quot;:3},{&quot;1&quot;:1,&quot;2&quot;:0,&quot;4&quot;:1}]},&quot;7&quot;:{&quot;1&quot;:[{&quot;1&quot;:2,&quot;2&quot;:0,&quot;5&quot;:{&quot;1&quot;:2,&quot;2&quot;:0}},{&quot;1&quot;:0,&quot;2&quot;:0,&quot;3&quot;:3},{&quot;1&quot;:1,&quot;2&quot;:0,&quot;4&quot;:1}]},&quot;8&quot;:{&quot;1&quot;:[{&quot;1&quot;:2,&quot;2&quot;:0,&quot;5&quot;:{&quot;1&quot;:2,&quot;2&quot;:0}},{&quot;1&quot;:0,&quot;2&quot;:0,&quot;3&quot;:3},{&quot;1&quot;:1,&quot;2&quot;:0,&quot;4&quot;:1}]},&quot;9&quot;:1,&quot;10&quot;:1,&quot;11&quot;:4,&quot;12&quot;:0,&quot;14&quot;:{&quot;1&quot;:3,&quot;3&quot;:2}}\" data-sheets-textstyleruns=\"{&quot;1&quot;:0,&quot;2&quot;:{&quot;2&quot;:{&quot;1&quot;:2,&quot;2&quot;:16777215},&quot;5&quot;:1}}\uee10{&quot;1&quot;:38,&quot;2&quot;:{&quot;2&quot;:{&quot;1&quot;:2,&quot;2&quot;:16777215}}}\">Medical Imaging Decision Support Systems: A Review<\/span><\/em><\/span><\/h3>\n<p style=\"text-align: center;\">Language: Portuguese<\/p>\n<p style=\"text-align: center;\">Date: November 16th \/ 10h00 &#8211; 12h00 (GMT-3)<\/p>\n<p>&nbsp;<\/p>\n<p><span style=\"font-size: 14pt;\"><strong>Abstract<\/strong><\/span><\/p>\n<p style=\"padding-left: 40px; text-align: justify;\"><span data-sheets-value=\"{&quot;1&quot;:2,&quot;2&quot;:&quot;In the 1960s many studies have been made to use a computer in healthcare, but in the beginning, the developed systems were considered \u201ccomputer diagnosis\u201d, and not an auxiliary systems. This paradigm changed in the 1980s to computer-aided diagnosis (CAD) and the new computer on health era was established. In the last two decades, significant progress has been made in CAD and many medical areas were impacted. In this presentation, I will speak about the evolution of CAD and perspectives.&quot;}\" data-sheets-userformat=\"{&quot;2&quot;:769,&quot;3&quot;:{&quot;1&quot;:0},&quot;11&quot;:4,&quot;12&quot;:0}\">In the 1960s many studies have been made to use a computer in healthcare, but in the beginning, the developed systems were considered \u201ccomputer diagnosis\u201d, and not an auxiliary systems. This paradigm changed in the 1980s to computer-aided diagnosis (CAD) and the new computer on health era was established. In the last two decades, significant progress has been made in CAD and many medical areas were impacted. In this presentation, I will speak about the evolution of CAD and perspectives.<\/span><\/p>\n<p><span style=\"font-size: 14pt;\"><strong>Biography<\/strong><\/span><\/p>\n<p style=\"text-align: justify; padding-left: 40px;\"><span data-sheets-value=\"{&quot;1&quot;:2,&quot;2&quot;:&quot;Lucas F. Oliveira received a B.S. degree in computer science from UNIMAR, Mar\u00edlia, Brazil, an M.Sc. degree in electrical engineering from the University of S\u00e3o Paulo (USP), S\u00e3o Carlos, and a Ph.D. degree in clinical science from the University of S\u00e3o Paulo (USP) in Ribeir\u00e3o Preto, in 1997, 1999, and 2005, respectively. From 2006 to 2009, he was a professor in the Computer Science Department at the Federal University of Pelotas (UFPel), Pelotas. In 2009, he joined the Federal University of Paran\u00e1 (UFPR), Curitiba, where he is currently a professor at the Department of Informatics and advisor in the graduate program in informatics. His current interests include medical imaging processing, computer-aided diagnosis\/detection, pattern recognition, and machine learning.&quot;}\" data-sheets-userformat=\"{&quot;2&quot;:769,&quot;3&quot;:{&quot;1&quot;:0},&quot;11&quot;:4,&quot;12&quot;:0}\"><strong>Lucas F. Oliveira<\/strong> received a B.S. degree in computer science from UNIMAR, Mar\u00edlia, Brazil, an M.Sc. degree in electrical engineering from the University of S\u00e3o Paulo (USP), S\u00e3o Carlos, and a Ph.D. degree in clinical science from the University of S\u00e3o Paulo (USP) in Ribeir\u00e3o Preto, in 1997, 1999, and 2005, respectively. From 2006 to 2009, he was a professor in the Computer Science Department at the Federal University of Pelotas (UFPel), Pelotas. In 2009, he joined the Federal University of Paran\u00e1 (UFPR), Curitiba, where he is currently a professor at the Department of Informatics and advisor in the graduate program in informatics. His current interests include medical imaging processing, computer-aided diagnosis\/detection, pattern recognition, and machine learning.<\/span><\/p>\n","protected":false},"excerpt":{"rendered":"<p>Lucas Ferrari de Oliveira Federal University of Paran\u00e1 (Brazil) Medical Imaging Decision Support Systems: A Review Language: Portuguese Date: November 16th \/ 10h00 &#8211; 12h00 (GMT-3) &nbsp; Abstract In the 1960s many studies have&#46;&#46;&#46;<\/p>\n","protected":false},"author":746,"featured_media":0,"parent":0,"menu_order":0,"comment_status":"closed","ping_status":"closed","template":"","meta":{"footnotes":""},"class_list":["post-118","page","type-page","status-publish","hentry"],"_links":{"self":[{"href":"https:\/\/wp.ufpel.edu.br\/dpvsa2022\/wp-json\/wp\/v2\/pages\/118","targetHints":{"allow":["GET"]}}],"collection":[{"href":"https:\/\/wp.ufpel.edu.br\/dpvsa2022\/wp-json\/wp\/v2\/pages"}],"about":[{"href":"https:\/\/wp.ufpel.edu.br\/dpvsa2022\/wp-json\/wp\/v2\/types\/page"}],"author":[{"embeddable":true,"href":"https:\/\/wp.ufpel.edu.br\/dpvsa2022\/wp-json\/wp\/v2\/users\/746"}],"replies":[{"embeddable":true,"href":"https:\/\/wp.ufpel.edu.br\/dpvsa2022\/wp-json\/wp\/v2\/comments?post=118"}],"version-history":[{"count":10,"href":"https:\/\/wp.ufpel.edu.br\/dpvsa2022\/wp-json\/wp\/v2\/pages\/118\/revisions"}],"predecessor-version":[{"id":190,"href":"https:\/\/wp.ufpel.edu.br\/dpvsa2022\/wp-json\/wp\/v2\/pages\/118\/revisions\/190"}],"wp:attachment":[{"href":"https:\/\/wp.ufpel.edu.br\/dpvsa2022\/wp-json\/wp\/v2\/media?parent=118"}],"curies":[{"name":"wp","href":"https:\/\/api.w.org\/{rel}","templated":true}]}}