{"id":88,"date":"2021-08-01T18:56:01","date_gmt":"2021-08-01T21:56:01","guid":{"rendered":"https:\/\/wp.ufpel.edu.br\/dpvsa2021\/?page_id=88"},"modified":"2022-03-09T10:02:01","modified_gmt":"2022-03-09T13:02:01","slug":"program-october-27","status":"publish","type":"page","link":"https:\/\/wp.ufpel.edu.br\/dpvsa2021\/program-october-27\/","title":{"rendered":"Program October 27th"},"content":{"rendered":"<table style=\"border-collapse: collapse;width: 100%\" border=\"1\">\n<tbody>\n<tr style=\"height: 24px\">\n<td style=\"width: 33.7563%;text-align: center;height: 24px\"><span style=\"font-size: 12pt\">09:00 \u2014 11:00<br \/>\n<\/span><\/td>\n<td style=\"width: 67.2589%;text-align: left;height: 24px\"><a href=\"https:\/\/wp.ufpel.edu.br\/dpvsa2021\/speaker-bruno-zatt-marcelo-porto\/\"><em>Curso B\u00e1sico: Princ\u00edpios de Codifica\u00e7\u00e3o de V\u00eddeo<\/em><\/a><br \/>\n<em><span style=\"font-size: 10pt\">Language: Portuguese<\/span><\/em><br \/>\n<strong>Bruno Zatt &amp; Marcelo Porto (UFPel)<\/strong><\/td>\n<\/tr>\n<tr style=\"height: 24px\">\n<td style=\"width: 33.7563%;height: 24px;text-align: center\" scope=\"col\"><span style=\"font-size: 12pt\">11:00 \u2014 12:00<\/span><\/td>\n<td style=\"width: 67.2589%;height: 24px;text-align: left\"><em><a href=\"https:\/\/wp.ufpel.edu.br\/dpvsa2021\/speaker-luciano-agostini\/\">AV1 and VVC Video Codecs: Literature Overview and Some ViTech Contributions<\/a><\/em><br \/>\n<em><span style=\"font-size: 10pt\">Language: Portuguese<\/span><\/em><br \/>\n<strong>Luciano Agostini (UFPel)<\/strong><\/td>\n<\/tr>\n<tr style=\"height: 24px\">\n<td style=\"width: 33.7563%;height: 24px;text-align: center\" scope=\"col\"><span style=\"font-size: 12pt\">12:00 \u2014 13:30<br \/>\n<\/span><\/td>\n<td style=\"width: 67.2589%;height: 24px;text-align: left\">Lunch Break<\/td>\n<\/tr>\n<tr style=\"height: 24px\">\n<td style=\"width: 33.7563%;height: 24px;text-align: center\" scope=\"col\"><span style=\"font-size: 12pt\">13:30 \u2014 14:45<\/span><\/td>\n<td style=\"width: 67.2589%;height: 24px;text-align: left\"><a href=\"https:\/\/wp.ufpel.edu.br\/dpvsa2021\/speaker-mathias-wien\/\"><em><span style=\"font-weight: 400\">MPEG AG5 Visual Quality Assessment: Testing, Guidelines and Metrics<\/span><\/em><\/a><br \/>\n<em><span style=\"font-size: 10pt\">Language: English<\/span><\/em><br \/>\n<strong>Mathias Wien (RWTH Aachen University)<\/strong><\/td>\n<\/tr>\n<tr style=\"height: 24px\">\n<td style=\"width: 33.7563%;height: 24px;text-align: center\" scope=\"col\"><span style=\"font-size: 12pt\">14:45 \u2014 15:00<br \/>\n<\/span><\/td>\n<td style=\"width: 67.2589%;height: 24px;text-align: left\">Break<\/td>\n<\/tr>\n<tr style=\"height: 24px\">\n<td style=\"width: 33.7563%;text-align: center;height: 24px\"><span style=\"font-size: 12pt\">15:00 \u2014 16:15<\/span><\/td>\n<td style=\"width: 67.2589%;text-align: left;height: 24px\"><a href=\"https:\/\/wp.ufpel.edu.br\/dpvsa2021\/speaker-mylene-c-q-farias\/\"><em>Quality of Experience of Point Cloud Contents<\/em><\/a><br \/>\n<em><span style=\"font-size: 10pt\">Language: Portuguese<\/span><\/em><br \/>\n<strong>Mylene Farias (UnB)<\/strong><\/td>\n<\/tr>\n<tr style=\"height: 24px\">\n<td style=\"width: 33.7563%;height: 24px;text-align: center\" scope=\"col\"><span style=\"font-size: 12pt\">16:15 \u2014 16:30<\/span><\/td>\n<td style=\"width: 67.2589%;height: 24px;text-align: left\">Break<\/td>\n<\/tr>\n<tr style=\"height: 24px\">\n<td style=\"width: 33.7563%;text-align: center;height: 24px\"><span style=\"font-size: 12pt\">16:30 \u2014 18:00<\/span><\/td>\n<td style=\"width: 67.2589%;text-align: left;height: 24px\"><strong><em>Poster Session II (90&#8242;)<\/em><\/strong><\/td>\n<\/tr>\n<\/tbody>\n<\/table>\n<p><strong>Times are expressed in GMT-3<\/strong><\/p>\n","protected":false},"excerpt":{"rendered":"<p>09:00 \u2014 11:00 Curso B\u00e1sico: Princ\u00edpios de Codifica\u00e7\u00e3o de V\u00eddeo Language: Portuguese Bruno Zatt &amp; Marcelo Porto (UFPel) 11:00 \u2014 12:00 AV1 and VVC Video Codecs: Literature Overview and Some ViTech Contributions Language: Portuguese&#46;&#46;&#46;<\/p>\n","protected":false},"author":746,"featured_media":0,"parent":0,"menu_order":0,"comment_status":"closed","ping_status":"closed","template":"","meta":{"footnotes":""},"class_list":["post-88","page","type-page","status-publish","hentry"],"_links":{"self":[{"href":"https:\/\/wp.ufpel.edu.br\/dpvsa2021\/wp-json\/wp\/v2\/pages\/88","targetHints":{"allow":["GET"]}}],"collection":[{"href":"https:\/\/wp.ufpel.edu.br\/dpvsa2021\/wp-json\/wp\/v2\/pages"}],"about":[{"href":"https:\/\/wp.ufpel.edu.br\/dpvsa2021\/wp-json\/wp\/v2\/types\/page"}],"author":[{"embeddable":true,"href":"https:\/\/wp.ufpel.edu.br\/dpvsa2021\/wp-json\/wp\/v2\/users\/746"}],"replies":[{"embeddable":true,"href":"https:\/\/wp.ufpel.edu.br\/dpvsa2021\/wp-json\/wp\/v2\/comments?post=88"}],"version-history":[{"count":11,"href":"https:\/\/wp.ufpel.edu.br\/dpvsa2021\/wp-json\/wp\/v2\/pages\/88\/revisions"}],"predecessor-version":[{"id":660,"href":"https:\/\/wp.ufpel.edu.br\/dpvsa2021\/wp-json\/wp\/v2\/pages\/88\/revisions\/660"}],"wp:attachment":[{"href":"https:\/\/wp.ufpel.edu.br\/dpvsa2021\/wp-json\/wp\/v2\/media?parent=88"}],"curies":[{"name":"wp","href":"https:\/\/api.w.org\/{rel}","templated":true}]}}