{"id":719,"date":"2021-11-01T14:47:09","date_gmt":"2021-11-01T17:47:09","guid":{"rendered":"https:\/\/wp.ufpel.edu.br\/dpvsa2021\/?page_id=719"},"modified":"2021-11-01T15:22:10","modified_gmt":"2021-11-01T18:22:10","slug":"best-poster-awards","status":"publish","type":"page","link":"https:\/\/wp.ufpel.edu.br\/dpvsa2021\/best-poster-awards\/","title":{"rendered":"Best Poster Awards"},"content":{"rendered":"<p><span style=\"font-weight: 400\">Posters submitted to the 5th DPVSA were evaluated by academic pairs, who revised the posters in terms of visual quality, novelty of the proposed solution and relevance of the work. The reviewers were asked to inform whether or not each poster would be a candidate for best poster.<\/span><\/p>\n<p><span style=\"font-weight: 400\">Five posters from undergraduate and five posters from graduate students were selected to compose the best poster\u2019s list of candidates, based on the scores attributed by the reviewers. Each of them had their poster presentation evaluated by the poster chairs, as well as the quality of the answers provided during the Q&amp;A session.<\/span><\/p>\n<p><span style=\"font-weight: 400\">The final results are listed below. Congratulations to all the authors!<\/span><\/p>\n<p><span style=\"font-size: 18pt\"><strong>Undergraduate Category<\/strong><\/span><\/p>\n<p><strong>Best Poster (1st place):<\/strong><\/p>\n<p><em><span style=\"font-weight: 400\">An Area and Power Efficient High-Throughput Design for AV1 Arithmetic Decoding<\/span><\/em><br \/>\n<a href=\"https:\/\/drive.google.com\/file\/d\/1S5PCjWO-BqaHaFJgPyaUgPi76thYEeGj\/view?usp=sharing\" target=\"_blank\" rel=\"noopener\"><span style=\"font-weight: 400\">Poster<\/span><\/a><span style=\"font-weight: 400\"> &#8211; <\/span><a href=\"https:\/\/youtu.be\/_5H4Ehk57c8\" target=\"_blank\" rel=\"noopener\"><span style=\"font-weight: 400\">Video<\/span><\/a><br \/>\n<span style=\"font-weight: 400\">Jiovana Gomes, Tulio Bitencourt, Sergio Bampi, F\u00e1bio Ramos<\/span><\/p>\n<p><strong>Best Poster (2nd place):<\/strong><\/p>\n<p><em><span style=\"font-weight: 400\">Adaptive Complexity Controller for the AV1 Encoder<\/span><\/em><br \/>\n<a href=\"https:\/\/drive.google.com\/file\/d\/1qs4PjuTR0wejkPc6lZhXh-nXjYZIpYaj\/view?usp=sharing\" target=\"_blank\" rel=\"noopener\"><span style=\"font-weight: 400\">Poster<\/span><\/a><span style=\"font-weight: 400\"> &#8211; <\/span><a href=\"https:\/\/youtu.be\/vfqj5NENf2Q\" target=\"_blank\" rel=\"noopener\"><span style=\"font-weight: 400\">Video<\/span><\/a><br \/>\n<span style=\"font-weight: 400\">Gustavo Rehbein, Isis Bender, Marcelo Porto, Guilherme Corr\u00eaa, Luciano Agostini<\/span><\/p>\n<p><strong>Best Poster (3rd place):<\/strong><\/p>\n<p><em><span style=\"font-weight: 400\">Complexity Reduction of H.266\/VVC Encoders Using Decision Trees<\/span><\/em><br \/>\n<a href=\"https:\/\/drive.google.com\/file\/d\/1UwCmyMHDCiUKGhLkzoBezo-HgcYzH9ps\/view?usp=sharing\" target=\"_blank\" rel=\"noopener\"><span style=\"font-weight: 400\">Poster<\/span><\/a><span style=\"font-weight: 400\"> &#8211; <\/span><a href=\"https:\/\/youtu.be\/YtviYAnEfYw\" target=\"_blank\" rel=\"noopener\"><span style=\"font-weight: 400\">Video<\/span><\/a><br \/>\n<span style=\"font-weight: 400\">Arthur Cerveira, Luciano Agostini, Bruno Zatt, Felipe Sampaio<\/span><\/p>\n<p><strong>Honorable Mention (1st place):<\/strong><\/p>\n<p><em><span style=\"font-weight: 400\">Image Compression Impacts on AI-Based Image Classification<\/span><\/em><br \/>\n<a href=\"https:\/\/drive.google.com\/file\/d\/1lTfvqF6EDoHVbO1FM3yhEC4peDqqrRwH\/view?usp=sharing\" target=\"_blank\" rel=\"noopener\"><span style=\"font-weight: 400\">Poster<\/span><\/a><span style=\"font-weight: 400\"> &#8211; <\/span><a href=\"https:\/\/youtu.be\/L_L1hI9JtU0\" target=\"_blank\" rel=\"noopener\"><span style=\"font-weight: 400\">Video<\/span><\/a><br \/>\n<span style=\"font-weight: 400\">Andrey Otac\u00edlio Oliveira dos Reis; Edson Mintsu Hung; Renam Castro da Silva<\/span><\/p>\n<p><strong>Honorable Mention (2nd place):\u00a0<\/strong><\/p>\n<p><em><span style=\"font-weight: 400\">Fast Decisions for VVC Partitioning with Random Forests<\/span><\/em><br \/>\n<a href=\"https:\/\/drive.google.com\/file\/d\/10UW88eXFMod4IulLmrjTtpom5-9QCbfp\/view?usp=sharing\" target=\"_blank\" rel=\"noopener\"><span style=\"font-weight: 400\">Poster<\/span><\/a><span style=\"font-weight: 400\"> &#8211; <\/span><a href=\"https:\/\/youtu.be\/J7uUq6FVjU4\" target=\"_blank\" rel=\"noopener\"><span style=\"font-weight: 400\">Video<\/span><\/a><br \/>\n<span style=\"font-weight: 400\">Matheus Lindino, Bruno Zatt, Mateus Grellert and Guilherme Corr\u00eaa<\/span><\/p>\n<p>&nbsp;<\/p>\n<p><span style=\"font-size: 18pt\"><strong>Graduate Category<\/strong><\/span><\/p>\n<p><strong>Best Poster (1st place):<\/strong><\/p>\n<p><em><span style=\"font-weight: 400\">Search Patterns to Reduce the Complexity of the VVC FME<\/span><\/em><br \/>\n<a href=\"https:\/\/drive.google.com\/file\/d\/106j3m-sOuVffU4WMfQqoDKm50QEZ7Vkk\/view?usp=sharing\" target=\"_blank\" rel=\"noopener\"><span style=\"font-weight: 400\">Poster<\/span><\/a><span style=\"font-weight: 400\"> &#8211; <\/span><a href=\"https:\/\/youtu.be\/63-QeB5ChLU\" target=\"_blank\" rel=\"noopener\"><span style=\"font-weight: 400\">Video<\/span><\/a><br \/>\n<span style=\"font-weight: 400\">Vanio Rodrigues Filho, Marcio Monteiro, Ismael Seidel, Mateus Grellert, Jos\u00e9 Lu\u00eds G\u00fcntzel<\/span><\/p>\n<p><strong>Best Poster (2nd place):<\/strong><\/p>\n<p><em><span style=\"font-weight: 400\">Heuristic Based Solution for Cost Reduction of SAD\/SSE Operations in AV1 Intra Prediction<\/span><\/em><br \/>\n<a href=\"https:\/\/drive.google.com\/file\/d\/1bvlIfR1Pj4bV3n_ZrJ-syiB6TxEGJP7u\/view?usp=sharing\" target=\"_blank\" rel=\"noopener\"><span style=\"font-weight: 400\">Poster<\/span><\/a><span style=\"font-weight: 400\"> &#8211; <\/span><a href=\"https:\/\/www.youtube.com\/watch?v=ey3GfQ4Lo5c\" target=\"_blank\" rel=\"noopener\"><span style=\"font-weight: 400\">Video<\/span><\/a><br \/>\n<span style=\"font-weight: 400\">Marcel Correa, Nuno Roma, Daniel Palomino, Guilherme Correa, Luciano Agostini<\/span><\/p>\n<p><strong>Best Poster (3rd place):<\/strong><\/p>\n<p><em><span style=\"font-weight: 400\">Block-Based Inter-Frame Prediction for Dynamic Point Cloud Compression<\/span><\/em><br \/>\n<a href=\"https:\/\/drive.google.com\/file\/d\/1bz6vswxKZbg5y3nQytTv4QwLUmDfZZ1F\/view?usp=sharing\" target=\"_blank\" rel=\"noopener\"><span style=\"font-weight: 400\">Poster<\/span><\/a><span style=\"font-weight: 400\"> &#8211; <\/span><a href=\"https:\/\/www.youtube.com\/watch?v=5kPQ5rZ1xPI\" target=\"_blank\" rel=\"noopener\"><span style=\"font-weight: 400\">Video<\/span><\/a><br \/>\n<span style=\"font-weight: 400\">Cristiano Santos, Mateus Gon\u00e7alves, Leonardo Duarte, Guilherme Corr\u00eaa, Marcelo Porto<\/span><\/p>\n<p><strong>Honorable Mention (1st place):<\/strong><\/p>\n<p><em><span style=\"font-weight: 400\">A Panoramic Lesion-Guiding Low-Power Wireless Endoscopic System Design and Validation<\/span><\/em><br \/>\n<a href=\"https:\/\/drive.google.com\/file\/d\/1iT8uo_dEdRdiH5q3F9EnaDgMqoP4jgUh\/view?usp=sharing\" target=\"_blank\" rel=\"noopener\"><span style=\"font-weight: 400\">Poster<\/span><\/a><span style=\"font-weight: 400\"> &#8211; <\/span><a href=\"https:\/\/youtu.be\/bAPVMHfvNwc\" target=\"_blank\" rel=\"noopener\"><span style=\"font-weight: 400\">Video<\/span><\/a><br \/>\n<span style=\"font-weight: 400\">Ching-Hwa Cheng, Don-Gey Liu<\/span><\/p>\n<p><strong>Honorable Mention (2nd place):\u00a0<\/strong><\/p>\n<p><em><span style=\"font-weight: 400\">Configurable Fast Block Partitioning for VVC Intra Coding Using Machine Learning<\/span><\/em><br \/>\n<a href=\"https:\/\/drive.google.com\/file\/d\/145HQIWRTkrqTZYRlcLI1mTJPvNHFKhoU\/view?usp=sharing\" target=\"_blank\" rel=\"noopener\"><span style=\"font-weight: 400\">Poster<\/span><\/a><span style=\"font-weight: 400\"> &#8211; <\/span><a href=\"https:\/\/youtu.be\/DD6KX5q0c2M\" target=\"_blank\" rel=\"noopener\"><span style=\"font-weight: 400\">Video<\/span><\/a><br \/>\n<span style=\"font-weight: 400\">M\u00e1rio Saldanha, Gustavo Sanchez, C\u00e9sar Marcon, Luciano Agostini<\/span><\/p>\n","protected":false},"excerpt":{"rendered":"<p>Posters submitted to the 5th DPVSA were evaluated by academic pairs, who revised the posters in terms of visual quality, novelty of the proposed solution and relevance of the work. The reviewers were asked&#46;&#46;&#46;<\/p>\n","protected":false},"author":746,"featured_media":0,"parent":0,"menu_order":0,"comment_status":"closed","ping_status":"closed","template":"","meta":{"footnotes":""},"class_list":["post-719","page","type-page","status-publish","hentry"],"_links":{"self":[{"href":"https:\/\/wp.ufpel.edu.br\/dpvsa2021\/wp-json\/wp\/v2\/pages\/719","targetHints":{"allow":["GET"]}}],"collection":[{"href":"https:\/\/wp.ufpel.edu.br\/dpvsa2021\/wp-json\/wp\/v2\/pages"}],"about":[{"href":"https:\/\/wp.ufpel.edu.br\/dpvsa2021\/wp-json\/wp\/v2\/types\/page"}],"author":[{"embeddable":true,"href":"https:\/\/wp.ufpel.edu.br\/dpvsa2021\/wp-json\/wp\/v2\/users\/746"}],"replies":[{"embeddable":true,"href":"https:\/\/wp.ufpel.edu.br\/dpvsa2021\/wp-json\/wp\/v2\/comments?post=719"}],"version-history":[{"count":10,"href":"https:\/\/wp.ufpel.edu.br\/dpvsa2021\/wp-json\/wp\/v2\/pages\/719\/revisions"}],"predecessor-version":[{"id":731,"href":"https:\/\/wp.ufpel.edu.br\/dpvsa2021\/wp-json\/wp\/v2\/pages\/719\/revisions\/731"}],"wp:attachment":[{"href":"https:\/\/wp.ufpel.edu.br\/dpvsa2021\/wp-json\/wp\/v2\/media?parent=719"}],"curies":[{"name":"wp","href":"https:\/\/api.w.org\/{rel}","templated":true}]}}