{"id":300,"date":"2021-08-18T22:59:38","date_gmt":"2021-08-19T01:59:38","guid":{"rendered":"https:\/\/wp.ufpel.edu.br\/dpvsa2021\/?page_id=300"},"modified":"2021-10-11T15:53:28","modified_gmt":"2021-10-11T18:53:28","slug":"speakers","status":"publish","type":"page","link":"https:\/\/wp.ufpel.edu.br\/dpvsa2021\/speakers\/","title":{"rendered":"Speakers"},"content":{"rendered":"<p>&nbsp;<\/p>\n<table class=\"aligncenter\" style=\"width: 100%;border-collapse: collapse\" border=\"1\">\n<tbody>\n<tr>\n<td style=\"width: 47.4258%\">\n<p style=\"text-align: left;padding-left: 40px\"><a href=\"https:\/\/wp.ufpel.edu.br\/dpvsa2021\/spekar-mariana-afonso\/\" target=\"_blank\" rel=\"noopener\"><img loading=\"lazy\" decoding=\"async\" class=\"alignleft wp-image-217\" src=\"https:\/\/wp.ufpel.edu.br\/dpvsa2021\/files\/2021\/08\/AVATAR_02_MarianaAfonso-e1629336299556.png\" alt=\"\" width=\"200\" height=\"199\" srcset=\"https:\/\/wp.ufpel.edu.br\/dpvsa2021\/files\/2021\/08\/AVATAR_02_MarianaAfonso-e1629336299556.png 428w, https:\/\/wp.ufpel.edu.br\/dpvsa2021\/files\/2021\/08\/AVATAR_02_MarianaAfonso-e1629336299556-400x397.png 400w, https:\/\/wp.ufpel.edu.br\/dpvsa2021\/files\/2021\/08\/AVATAR_02_MarianaAfonso-e1629336299556-200x200.png 200w, https:\/\/wp.ufpel.edu.br\/dpvsa2021\/files\/2021\/08\/AVATAR_02_MarianaAfonso-e1629336299556-80x80.png 80w, https:\/\/wp.ufpel.edu.br\/dpvsa2021\/files\/2021\/08\/AVATAR_02_MarianaAfonso-e1629336299556-320x320.png 320w\" sizes=\"auto, (max-width: 200px) 100vw, 200px\" \/><\/a><\/p>\n<p style=\"text-align: left\"><a href=\"https:\/\/wp.ufpel.edu.br\/dpvsa2021\/spekar-mariana-afonso\/\" target=\"_blank\" rel=\"noopener\"><strong><span style=\"font-size: 14pt\">Mariana Afonso<\/span><\/strong><\/a><\/p>\n<p style=\"text-align: left\">Netflix (USA)<\/p>\n<p style=\"text-align: left\">Talk: <strong>The journey towards better video compression for VOD streaming<\/strong><\/p>\n<p style=\"text-align: left\">Language: English<\/p>\n<p style=\"text-align: left\">Date: October 28th \/ 15:00 &#8211; 16:15 (GMT-3)<\/p>\n<\/td>\n<td style=\"width: 80.0579%\">\n<p style=\"text-align: left;padding-left: 40px\"><a href=\"https:\/\/wp.ufpel.edu.br\/dpvsa2021\/speaker-mathias-wien\/\" target=\"_blank\" rel=\"noopener\"><img loading=\"lazy\" decoding=\"async\" class=\"alignleft wp-image-223\" src=\"https:\/\/wp.ufpel.edu.br\/dpvsa2021\/files\/2021\/08\/AVATAR_08_MathiasWien.png\" alt=\"\" width=\"200\" height=\"199\" srcset=\"https:\/\/wp.ufpel.edu.br\/dpvsa2021\/files\/2021\/08\/AVATAR_08_MathiasWien.png 428w, https:\/\/wp.ufpel.edu.br\/dpvsa2021\/files\/2021\/08\/AVATAR_08_MathiasWien-400x397.png 400w, https:\/\/wp.ufpel.edu.br\/dpvsa2021\/files\/2021\/08\/AVATAR_08_MathiasWien-200x200.png 200w, https:\/\/wp.ufpel.edu.br\/dpvsa2021\/files\/2021\/08\/AVATAR_08_MathiasWien-80x80.png 80w, https:\/\/wp.ufpel.edu.br\/dpvsa2021\/files\/2021\/08\/AVATAR_08_MathiasWien-320x320.png 320w\" sizes=\"auto, (max-width: 200px) 100vw, 200px\" \/><\/a><\/p>\n<p style=\"text-align: left\"><a href=\"https:\/\/wp.ufpel.edu.br\/dpvsa2021\/speaker-mathias-wien\/\" target=\"_blank\" rel=\"noopener\"><strong><span style=\"font-size: 14pt\">Mathias Wien<\/span><\/strong><\/a><\/p>\n<p style=\"text-align: left\">RWTH Aachen University (Germany)<\/p>\n<p style=\"text-align: left\">Talk: <strong>MPEG AG5 Visual Quality Assessment: Testing, Guidelines and Metrics<\/strong><\/p>\n<p style=\"text-align: left\">Language: English<\/p>\n<p style=\"text-align: left\">Date: October 27th \/ 13:30 &#8211; 14:45 (GMT-3)<\/p>\n<\/td>\n<\/tr>\n<tr>\n<td style=\"width: 47.4258%\">\n<p style=\"text-align: left;padding-left: 40px\"><a href=\"https:\/\/wp.ufpel.edu.br\/dpvsa2021\/speaker-caroline-conti\/\" target=\"_blank\" rel=\"noopener\"><img loading=\"lazy\" decoding=\"async\" class=\"alignleft wp-image-221\" src=\"https:\/\/wp.ufpel.edu.br\/dpvsa2021\/files\/2021\/08\/AVATAR_06_CarolineConti.png\" alt=\"\" width=\"200\" height=\"199\" srcset=\"https:\/\/wp.ufpel.edu.br\/dpvsa2021\/files\/2021\/08\/AVATAR_06_CarolineConti.png 428w, https:\/\/wp.ufpel.edu.br\/dpvsa2021\/files\/2021\/08\/AVATAR_06_CarolineConti-400x397.png 400w, https:\/\/wp.ufpel.edu.br\/dpvsa2021\/files\/2021\/08\/AVATAR_06_CarolineConti-200x200.png 200w, https:\/\/wp.ufpel.edu.br\/dpvsa2021\/files\/2021\/08\/AVATAR_06_CarolineConti-80x80.png 80w, https:\/\/wp.ufpel.edu.br\/dpvsa2021\/files\/2021\/08\/AVATAR_06_CarolineConti-320x320.png 320w\" sizes=\"auto, (max-width: 200px) 100vw, 200px\" \/><\/a><\/p>\n<p style=\"text-align: left\"><a href=\"https:\/\/wp.ufpel.edu.br\/dpvsa2021\/speaker-caroline-conti\/\" target=\"_blank\" rel=\"noopener\"><strong><span style=\"font-size: 14pt\">Caroline Conti<\/span><\/strong><\/a><\/p>\n<p style=\"text-align: left\">Instituto de Telecomunica\u00e7\u00f5es (Portugal)<\/p>\n<p style=\"text-align: left\">Talk: <strong>Light Field Processing: Challenges and Solutions<\/strong><\/p>\n<p style=\"text-align: left\">Language: English<\/p>\n<p style=\"text-align: left\">Date: October 29th \/ 09:15 &#8211; 10:30 (GMT-3)<\/p>\n<\/td>\n<td style=\"width: 80.0579%\">\n<p style=\"text-align: left;padding-left: 40px\"><a href=\"https:\/\/wp.ufpel.edu.br\/dpvsa2021\/speaker-daniel-menard-wassim-hamidouche\/\" target=\"_blank\" rel=\"noopener\"><img loading=\"lazy\" decoding=\"async\" class=\"alignleft wp-image-421\" src=\"https:\/\/wp.ufpel.edu.br\/dpvsa2021\/files\/2021\/09\/AVATAR_DUPLA_Daniel_Wassim.png\" alt=\"\" width=\"200\" height=\"199\" srcset=\"https:\/\/wp.ufpel.edu.br\/dpvsa2021\/files\/2021\/09\/AVATAR_DUPLA_Daniel_Wassim.png 379w, https:\/\/wp.ufpel.edu.br\/dpvsa2021\/files\/2021\/09\/AVATAR_DUPLA_Daniel_Wassim-200x200.png 200w, https:\/\/wp.ufpel.edu.br\/dpvsa2021\/files\/2021\/09\/AVATAR_DUPLA_Daniel_Wassim-80x80.png 80w, https:\/\/wp.ufpel.edu.br\/dpvsa2021\/files\/2021\/09\/AVATAR_DUPLA_Daniel_Wassim-320x320.png 320w\" sizes=\"auto, (max-width: 200px) 100vw, 200px\" \/><\/a><\/p>\n<p style=\"padding-left: 40px;text-align: left\"><a href=\"https:\/\/wp.ufpel.edu.br\/dpvsa2021\/speaker-daniel-menard-wassim-hamidouche\/\" target=\"_blank\" rel=\"noopener\"><strong><span style=\"font-size: 14pt\">Daniel Menard &amp; Wassim Hamidouche<\/span><\/strong><\/a><\/p>\n<p style=\"padding-left: 40px;text-align: left\">\u00a0INSA Rennes (France)<\/p>\n<p style=\"padding-left: 40px;text-align: left\">Talk: <strong>Toward Real Time Implementations of VVC Codecs<\/strong><\/p>\n<p style=\"text-align: left\">Language: English<\/p>\n<p style=\"padding-left: 40px;text-align: left\">Date: October 26th \/ 13:30 &#8211; 14:45 (GMT-3)<\/p>\n<\/td>\n<\/tr>\n<tr>\n<td style=\"width: 47.4258%\">\n<p style=\"text-align: left;padding-left: 40px\"><a href=\"https:\/\/wp.ufpel.edu.br\/dpvsa2021\/speaker-luisa-verdoliva\/\"><img loading=\"lazy\" decoding=\"async\" class=\"alignleft wp-image-406\" src=\"https:\/\/wp.ufpel.edu.br\/dpvsa2021\/files\/2021\/09\/AVATAR_13_LuisaVerdoliva-2.png\" alt=\"\" width=\"200\" height=\"199\" srcset=\"https:\/\/wp.ufpel.edu.br\/dpvsa2021\/files\/2021\/09\/AVATAR_13_LuisaVerdoliva-2.png 428w, https:\/\/wp.ufpel.edu.br\/dpvsa2021\/files\/2021\/09\/AVATAR_13_LuisaVerdoliva-2-400x397.png 400w, https:\/\/wp.ufpel.edu.br\/dpvsa2021\/files\/2021\/09\/AVATAR_13_LuisaVerdoliva-2-200x200.png 200w, https:\/\/wp.ufpel.edu.br\/dpvsa2021\/files\/2021\/09\/AVATAR_13_LuisaVerdoliva-2-80x80.png 80w, https:\/\/wp.ufpel.edu.br\/dpvsa2021\/files\/2021\/09\/AVATAR_13_LuisaVerdoliva-2-320x320.png 320w\" sizes=\"auto, (max-width: 200px) 100vw, 200px\" \/><\/a><\/p>\n<p style=\"text-align: left;padding-left: 40px\"><strong><a href=\"https:\/\/wp.ufpel.edu.br\/dpvsa2021\/speaker-luisa-verdoliva\/\" target=\"_blank\" rel=\"noopener\"><span style=\"font-size: 18.6667px\">Luisa Verdoliva<\/span><\/a><\/strong><\/p>\n<p style=\"text-align: left;padding-left: 40px\">Universit\u00e0 degli Studi di Napoli Federico II (Italy)<\/p>\n<p style=\"text-align: left;padding-left: 40px\">Talk: <strong>Deepfake Detection<\/strong><\/p>\n<p style=\"text-align: left\">Language: English<\/p>\n<p style=\"text-align: left;padding-left: 40px\">Date: October 29th \/ 10:45 &#8211; 12:00 (GMT-3)<\/p>\n<\/td>\n<td style=\"width: 80.0579%\">\n<p style=\"text-align: left;padding-left: 40px\"><a href=\"https:\/\/wp.ufpel.edu.br\/dpvsa2021\/speaker-luciano-agostini\/\" target=\"_blank\" rel=\"noopener\"><img loading=\"lazy\" decoding=\"async\" class=\"alignleft wp-image-227\" src=\"https:\/\/wp.ufpel.edu.br\/dpvsa2021\/files\/2021\/08\/AVATAR_10_LucianoAgostini.png\" alt=\"\" width=\"200\" height=\"199\" srcset=\"https:\/\/wp.ufpel.edu.br\/dpvsa2021\/files\/2021\/08\/AVATAR_10_LucianoAgostini.png 428w, https:\/\/wp.ufpel.edu.br\/dpvsa2021\/files\/2021\/08\/AVATAR_10_LucianoAgostini-400x397.png 400w, https:\/\/wp.ufpel.edu.br\/dpvsa2021\/files\/2021\/08\/AVATAR_10_LucianoAgostini-200x200.png 200w, https:\/\/wp.ufpel.edu.br\/dpvsa2021\/files\/2021\/08\/AVATAR_10_LucianoAgostini-80x80.png 80w, https:\/\/wp.ufpel.edu.br\/dpvsa2021\/files\/2021\/08\/AVATAR_10_LucianoAgostini-320x320.png 320w\" sizes=\"auto, (max-width: 200px) 100vw, 200px\" \/><\/a><\/p>\n<p style=\"text-align: left;padding-left: 40px\"><a href=\"https:\/\/wp.ufpel.edu.br\/dpvsa2021\/speaker-luciano-agostini\/\" target=\"_blank\" rel=\"noopener\"><strong><span style=\"font-size: 14pt\">Luciano Agostini<\/span><\/strong><\/a><\/p>\n<p style=\"text-align: left;padding-left: 40px\">Universidade Federal de Pelotas (Brazil)<\/p>\n<p style=\"text-align: left;padding-left: 40px\">Talk: <strong>AV1 and VVC Video Codecs: Literature Overview and Some ViTech Contributions<\/strong><\/p>\n<p style=\"text-align: left\">Language: Portuguese<\/p>\n<p style=\"text-align: left;padding-left: 40px\">Date: October 27th \/ 11:00 &#8211; 12:00 (GMT-3)<\/p>\n<\/td>\n<\/tr>\n<tr>\n<td style=\"width: 47.4258%\">\n<p style=\"text-align: left;padding-left: 40px\"><a href=\"https:\/\/wp.ufpel.edu.br\/dpvsa2021\/speaker-ana-eliza-faria-e-silva\/\" target=\"_blank\" rel=\"noopener\"><img loading=\"lazy\" decoding=\"async\" class=\"alignleft wp-image-385\" src=\"https:\/\/wp.ufpel.edu.br\/dpvsa2021\/files\/2021\/08\/AVATAR_12_AnaEliza.png\" alt=\"\" width=\"200\" height=\"199\" srcset=\"https:\/\/wp.ufpel.edu.br\/dpvsa2021\/files\/2021\/08\/AVATAR_12_AnaEliza.png 428w, https:\/\/wp.ufpel.edu.br\/dpvsa2021\/files\/2021\/08\/AVATAR_12_AnaEliza-400x397.png 400w, https:\/\/wp.ufpel.edu.br\/dpvsa2021\/files\/2021\/08\/AVATAR_12_AnaEliza-200x200.png 200w, https:\/\/wp.ufpel.edu.br\/dpvsa2021\/files\/2021\/08\/AVATAR_12_AnaEliza-80x80.png 80w, https:\/\/wp.ufpel.edu.br\/dpvsa2021\/files\/2021\/08\/AVATAR_12_AnaEliza-320x320.png 320w\" sizes=\"auto, (max-width: 200px) 100vw, 200px\" \/><\/a><\/p>\n<p style=\"text-align: left\"><strong><a href=\"https:\/\/wp.ufpel.edu.br\/dpvsa2021\/speaker-ana-eliza-faria-e-silva\/\" target=\"_blank\" rel=\"noopener\"><span style=\"font-size: 18.6667px\">Ana Eliza Faria e Silva<\/span><\/a><\/strong><\/p>\n<p style=\"text-align: left\">TV Globo (Brazil)<\/p>\n<p style=\"text-align: left\">Talk: <strong>A Evolu\u00e7\u00e3o da TV Aberta<\/strong><\/p>\n<p style=\"text-align: left\">Language: Portuguese<\/p>\n<p style=\"text-align: left\">Date: October 28th \/ 13:30 &#8211; 14:45 (GMT-3)<\/p>\n<\/td>\n<td style=\"width: 80.0579%\">\n<p style=\"text-align: left;padding-left: 40px\"><a href=\"https:\/\/wp.ufpel.edu.br\/dpvsa2021\/speaker-aldo-von-wangemhein\/\" target=\"_blank\" rel=\"noopener\"><img loading=\"lazy\" decoding=\"async\" class=\"alignleft wp-image-216\" src=\"https:\/\/wp.ufpel.edu.br\/dpvsa2021\/files\/2021\/08\/AVATAR_01_AldoVonWangenhein-200x200.png\" alt=\"\" width=\"200\" height=\"199\" srcset=\"https:\/\/wp.ufpel.edu.br\/dpvsa2021\/files\/2021\/08\/AVATAR_01_AldoVonWangenhein-200x200.png 200w, https:\/\/wp.ufpel.edu.br\/dpvsa2021\/files\/2021\/08\/AVATAR_01_AldoVonWangenhein-400x397.png 400w, https:\/\/wp.ufpel.edu.br\/dpvsa2021\/files\/2021\/08\/AVATAR_01_AldoVonWangenhein-80x80.png 80w, https:\/\/wp.ufpel.edu.br\/dpvsa2021\/files\/2021\/08\/AVATAR_01_AldoVonWangenhein-320x320.png 320w, https:\/\/wp.ufpel.edu.br\/dpvsa2021\/files\/2021\/08\/AVATAR_01_AldoVonWangenhein.png 428w\" sizes=\"auto, (max-width: 200px) 100vw, 200px\" \/><\/a><\/p>\n<p style=\"text-align: left;padding-left: 40px\"><a href=\"https:\/\/wp.ufpel.edu.br\/dpvsa2021\/speaker-aldo-von-wangemhein\/\" target=\"_blank\" rel=\"noopener\"><strong><span style=\"font-size: 14pt\">Aldo Von Wangenheim<\/span><\/strong><\/a><\/p>\n<p style=\"text-align: left;padding-left: 40px\">Universidade Federal de Santa Catarina (Brazil)<\/p>\n<p style=\"text-align: left;padding-left: 40px\">Talk: <strong>Enfoques, Paradigmas e Tend\u00eancias na Vis\u00e3o Computacional<\/strong><\/p>\n<p style=\"text-align: left\">Language: Portuguese<\/p>\n<p style=\"text-align: left;padding-left: 40px\">Date: October 26th \/ 11:00 &#8211; 12:00 (GMT-3)<\/p>\n<\/td>\n<\/tr>\n<tr>\n<td style=\"width: 47.4258%\">\n<p style=\"text-align: left;padding-left: 40px\"><a href=\"https:\/\/wp.ufpel.edu.br\/dpvsa2021\/speaker-debora-christina-muchalua-saade\/\" target=\"_blank\" rel=\"noopener\"><img loading=\"lazy\" decoding=\"async\" class=\"alignleft wp-image-222\" src=\"https:\/\/wp.ufpel.edu.br\/dpvsa2021\/files\/2021\/08\/AVATAR_07_DeboraChristina.png\" alt=\"\" width=\"200\" height=\"199\" srcset=\"https:\/\/wp.ufpel.edu.br\/dpvsa2021\/files\/2021\/08\/AVATAR_07_DeboraChristina.png 428w, https:\/\/wp.ufpel.edu.br\/dpvsa2021\/files\/2021\/08\/AVATAR_07_DeboraChristina-400x397.png 400w, https:\/\/wp.ufpel.edu.br\/dpvsa2021\/files\/2021\/08\/AVATAR_07_DeboraChristina-200x200.png 200w, https:\/\/wp.ufpel.edu.br\/dpvsa2021\/files\/2021\/08\/AVATAR_07_DeboraChristina-80x80.png 80w, https:\/\/wp.ufpel.edu.br\/dpvsa2021\/files\/2021\/08\/AVATAR_07_DeboraChristina-320x320.png 320w\" sizes=\"auto, (max-width: 200px) 100vw, 200px\" \/><\/a><\/p>\n<p style=\"text-align: left;padding-left: 40px\"><a href=\"https:\/\/wp.ufpel.edu.br\/dpvsa2021\/speaker-debora-christina-muchalua-saade\/\" target=\"_blank\" rel=\"noopener\"><strong><span style=\"font-size: 14pt\">Debora Christina Muchaluat Saade<\/span><\/strong><\/a><\/p>\n<p style=\"text-align: left;padding-left: 40px\">Universidade Federal Fluminense (Brazil)<\/p>\n<p style=\"text-align: left;padding-left: 40px\">Talk: <strong>Internet of Media Things<\/strong><\/p>\n<p style=\"text-align: left\">Language: Portuguese<\/p>\n<p style=\"text-align: left;padding-left: 40px\">Date: October 26th \/ 15:00 &#8211; 16:15 (GMT-3)<\/p>\n<\/td>\n<td style=\"width: 80.0579%\">\n<p style=\"text-align: left;padding-left: 40px\"><a href=\"https:\/\/wp.ufpel.edu.br\/dpvsa2021\/speaker-ricardo-matsumura\/\" target=\"_blank\" rel=\"noopener\"><img loading=\"lazy\" decoding=\"async\" class=\"wp-image-218 alignleft\" src=\"https:\/\/wp.ufpel.edu.br\/dpvsa2021\/files\/2021\/08\/AVATAR_03_RicardoMatsumura.png\" alt=\"\" width=\"200\" height=\"199\" srcset=\"https:\/\/wp.ufpel.edu.br\/dpvsa2021\/files\/2021\/08\/AVATAR_03_RicardoMatsumura.png 428w, https:\/\/wp.ufpel.edu.br\/dpvsa2021\/files\/2021\/08\/AVATAR_03_RicardoMatsumura-400x397.png 400w, https:\/\/wp.ufpel.edu.br\/dpvsa2021\/files\/2021\/08\/AVATAR_03_RicardoMatsumura-200x200.png 200w, https:\/\/wp.ufpel.edu.br\/dpvsa2021\/files\/2021\/08\/AVATAR_03_RicardoMatsumura-80x80.png 80w, https:\/\/wp.ufpel.edu.br\/dpvsa2021\/files\/2021\/08\/AVATAR_03_RicardoMatsumura-320x320.png 320w\" sizes=\"auto, (max-width: 200px) 100vw, 200px\" \/><\/a><\/p>\n<p style=\"text-align: left;padding-left: 40px\"><a href=\"https:\/\/wp.ufpel.edu.br\/dpvsa2021\/speaker-ricardo-matsumura\/\" target=\"_blank\" rel=\"noopener\"><strong><span style=\"font-size: 14pt\">Ricardo Matsumura Ara\u00fajo<\/span><\/strong><\/a><\/p>\n<p style=\"text-align: left;padding-left: 40px\">Universidade Federal de Pelotas (Brazil)<\/p>\n<p style=\"text-align: left;padding-left: 40px\">Talk: <strong>Classifica\u00e7\u00e3o de Imagens com Redes Neurais Convolucionais<br \/>\n<\/strong>Date: October 28th \/ 09:00 &#8211; 11:00 (GMT-3)<\/p>\n<p style=\"text-align: left;padding-left: 40px\">Talk: <strong>Hub de Inova\u00e7\u00e3o em Intelig\u00eancia Artificial (H2IA)<br \/>\n<\/strong>Date: October 28th \/ 11:00 &#8211; 12:00 (GMT-3)<\/p>\n<p style=\"text-align: left;padding-left: 40px\">Language: Portuguese<\/p>\n<\/td>\n<\/tr>\n<tr>\n<td style=\"width: 47.4258%\">\n<p style=\"text-align: left;padding-left: 40px\"><a href=\"https:\/\/wp.ufpel.edu.br\/dpvsa2021\/speaker-mylene-c-q-farias\/\" target=\"_blank\" rel=\"noopener\"><img loading=\"lazy\" decoding=\"async\" class=\"alignleft wp-image-220\" src=\"https:\/\/wp.ufpel.edu.br\/dpvsa2021\/files\/2021\/08\/AVATAR_05_MyleneFarias.png\" alt=\"\" width=\"200\" height=\"199\" srcset=\"https:\/\/wp.ufpel.edu.br\/dpvsa2021\/files\/2021\/08\/AVATAR_05_MyleneFarias.png 428w, https:\/\/wp.ufpel.edu.br\/dpvsa2021\/files\/2021\/08\/AVATAR_05_MyleneFarias-400x397.png 400w, https:\/\/wp.ufpel.edu.br\/dpvsa2021\/files\/2021\/08\/AVATAR_05_MyleneFarias-200x200.png 200w, https:\/\/wp.ufpel.edu.br\/dpvsa2021\/files\/2021\/08\/AVATAR_05_MyleneFarias-80x80.png 80w, https:\/\/wp.ufpel.edu.br\/dpvsa2021\/files\/2021\/08\/AVATAR_05_MyleneFarias-320x320.png 320w\" sizes=\"auto, (max-width: 200px) 100vw, 200px\" \/><\/a><\/p>\n<p style=\"text-align: left;padding-left: 40px\"><a href=\"https:\/\/wp.ufpel.edu.br\/dpvsa2021\/speaker-mylene-c-q-farias\/\" target=\"_blank\" rel=\"noopener\"><strong><span style=\"font-size: 14pt\">Myl\u00e8ne C. Q. Farias<\/span><\/strong><\/a><\/p>\n<p style=\"text-align: left;padding-left: 40px\">Universidade de Bras\u00edlia (Brazil)<\/p>\n<p style=\"text-align: left;padding-left: 40px\">Talk: <strong>Quality of Experience of Point Cloud Contents<\/strong><\/p>\n<p style=\"text-align: left\">Language: Portuguese<\/p>\n<p style=\"text-align: left;padding-left: 40px\">Date: October 27th \/ 15:00 &#8211; 16:15 (GMT-3)<\/p>\n<\/td>\n<td style=\"width: 80.0579%\">\n<p style=\"text-align: left;padding-left: 40px\"><a href=\"https:\/\/wp.ufpel.edu.br\/dpvsa2021\/speaker-andre-azevedo\/\" target=\"_blank\" rel=\"noopener\"><img loading=\"lazy\" decoding=\"async\" class=\"alignleft wp-image-219\" src=\"https:\/\/wp.ufpel.edu.br\/dpvsa2021\/files\/2021\/08\/AVATAR_04_AndreAzevedo.png\" alt=\"\" width=\"200\" height=\"199\" srcset=\"https:\/\/wp.ufpel.edu.br\/dpvsa2021\/files\/2021\/08\/AVATAR_04_AndreAzevedo.png 428w, https:\/\/wp.ufpel.edu.br\/dpvsa2021\/files\/2021\/08\/AVATAR_04_AndreAzevedo-400x397.png 400w, https:\/\/wp.ufpel.edu.br\/dpvsa2021\/files\/2021\/08\/AVATAR_04_AndreAzevedo-200x200.png 200w, https:\/\/wp.ufpel.edu.br\/dpvsa2021\/files\/2021\/08\/AVATAR_04_AndreAzevedo-80x80.png 80w, https:\/\/wp.ufpel.edu.br\/dpvsa2021\/files\/2021\/08\/AVATAR_04_AndreAzevedo-320x320.png 320w\" sizes=\"auto, (max-width: 200px) 100vw, 200px\" \/><\/a><\/p>\n<p style=\"text-align: left\"><a href=\"https:\/\/wp.ufpel.edu.br\/dpvsa2021\/speaker-andre-azevedo\/\" target=\"_blank\" rel=\"noopener\"><strong><span style=\"font-size: 14pt\">Andr\u00e9 Azevedo<\/span><\/strong><\/a><\/p>\n<p style=\"text-align: left\">Pix Force (Brazil)<\/p>\n<p style=\"text-align: left\">Talk: <strong>Machine Learning da Vida Real<\/strong><\/p>\n<p style=\"text-align: left\">Language: Portuguese<\/p>\n<p style=\"text-align: left\">Date: October 29th \/ 13:30 &#8211; 14:30 (GMT-3)<\/p>\n<\/td>\n<\/tr>\n<tr>\n<td style=\"width: 47.4258%\">\n<p style=\"text-align: left;padding-left: 40px\"><a href=\"https:\/\/wp.ufpel.edu.br\/dpvsa2021\/speaker-bruno-zatt-marcelo-porto\/\" target=\"_blank\" rel=\"noopener\"><img loading=\"lazy\" decoding=\"async\" class=\"alignleft wp-image-420\" src=\"https:\/\/wp.ufpel.edu.br\/dpvsa2021\/files\/2021\/09\/AVATAR_DUPLA_Bruno_Marcelo.png\" alt=\"\" width=\"200\" height=\"199\" srcset=\"https:\/\/wp.ufpel.edu.br\/dpvsa2021\/files\/2021\/09\/AVATAR_DUPLA_Bruno_Marcelo.png 379w, https:\/\/wp.ufpel.edu.br\/dpvsa2021\/files\/2021\/09\/AVATAR_DUPLA_Bruno_Marcelo-200x200.png 200w, https:\/\/wp.ufpel.edu.br\/dpvsa2021\/files\/2021\/09\/AVATAR_DUPLA_Bruno_Marcelo-80x80.png 80w, https:\/\/wp.ufpel.edu.br\/dpvsa2021\/files\/2021\/09\/AVATAR_DUPLA_Bruno_Marcelo-320x320.png 320w\" sizes=\"auto, (max-width: 200px) 100vw, 200px\" \/><\/a><\/p>\n<p style=\"text-align: left;padding-left: 40px\"><span style=\"font-size: 14pt\"><a href=\"https:\/\/wp.ufpel.edu.br\/dpvsa2021\/speaker-bruno-zatt-marcelo-porto\/\" target=\"_blank\" rel=\"noopener\"><strong>Bruno Zatt &amp; Marcelo Porto<\/strong><\/a><\/span><\/p>\n<p style=\"text-align: left;padding-left: 40px\">Universidade Federal de Pelotas (Brazil)<\/p>\n<p style=\"text-align: left;padding-left: 40px\">Talk: <strong>Princ\u00edpios de Codifica\u00e7\u00e3o de V\u00eddeo<\/strong><\/p>\n<p style=\"text-align: left\">Language: Portuguese<\/p>\n<p style=\"text-align: left;padding-left: 40px\">Date: October 27th \/ 09:00 &#8211; 11:00 (GMT-3)<\/p>\n<p style=\"text-align: left;padding-left: 40px\">\n<\/td>\n<td style=\"width: 80.0579%\">\n<p style=\"text-align: left\">\n<\/td>\n<\/tr>\n<\/tbody>\n<\/table>\n<p>&nbsp;<\/p>\n","protected":false},"excerpt":{"rendered":"<p>&nbsp; Mariana Afonso Netflix (USA) Talk: The journey towards better video compression for VOD streaming Language: English Date: October 28th \/ 15:00 &#8211; 16:15 (GMT-3) Mathias Wien RWTH Aachen University (Germany) Talk: MPEG AG5&#46;&#46;&#46;<\/p>\n","protected":false},"author":746,"featured_media":0,"parent":0,"menu_order":0,"comment_status":"closed","ping_status":"closed","template":"","meta":{"footnotes":""},"class_list":["post-300","page","type-page","status-publish","hentry"],"_links":{"self":[{"href":"https:\/\/wp.ufpel.edu.br\/dpvsa2021\/wp-json\/wp\/v2\/pages\/300","targetHints":{"allow":["GET"]}}],"collection":[{"href":"https:\/\/wp.ufpel.edu.br\/dpvsa2021\/wp-json\/wp\/v2\/pages"}],"about":[{"href":"https:\/\/wp.ufpel.edu.br\/dpvsa2021\/wp-json\/wp\/v2\/types\/page"}],"author":[{"embeddable":true,"href":"https:\/\/wp.ufpel.edu.br\/dpvsa2021\/wp-json\/wp\/v2\/users\/746"}],"replies":[{"embeddable":true,"href":"https:\/\/wp.ufpel.edu.br\/dpvsa2021\/wp-json\/wp\/v2\/comments?post=300"}],"version-history":[{"count":78,"href":"https:\/\/wp.ufpel.edu.br\/dpvsa2021\/wp-json\/wp\/v2\/pages\/300\/revisions"}],"predecessor-version":[{"id":629,"href":"https:\/\/wp.ufpel.edu.br\/dpvsa2021\/wp-json\/wp\/v2\/pages\/300\/revisions\/629"}],"wp:attachment":[{"href":"https:\/\/wp.ufpel.edu.br\/dpvsa2021\/wp-json\/wp\/v2\/media?parent=300"}],"curies":[{"name":"wp","href":"https:\/\/api.w.org\/{rel}","templated":true}]}}