{"id":261,"date":"2021-08-17T19:27:10","date_gmt":"2021-08-17T22:27:10","guid":{"rendered":"https:\/\/wp.ufpel.edu.br\/dpvsa2021\/?page_id=261"},"modified":"2021-09-27T09:42:56","modified_gmt":"2021-09-27T12:42:56","slug":"speaker-bruno-zatt-marcelo-porto","status":"publish","type":"page","link":"https:\/\/wp.ufpel.edu.br\/dpvsa2021\/speaker-bruno-zatt-marcelo-porto\/","title":{"rendered":"Speaker &#8211; Bruno Zatt &amp; Marcelo Porto"},"content":{"rendered":"<p style=\"text-align: center\"><strong><span style=\"font-size: 24pt\">Bruno Zatt &amp; Marcelo Porto<\/span><br \/>\nUniversidade Federal de Pelotas (Brazil)<br \/>\n<\/strong><\/p>\n<p style=\"text-align: center\"><img loading=\"lazy\" decoding=\"async\" class=\"wp-image-228 alignnone\" src=\"https:\/\/wp.ufpel.edu.br\/dpvsa2021\/files\/2021\/08\/AVATAR_11_01_BrunoZatt.png\" alt=\"\" width=\"250\" height=\"249\" srcset=\"https:\/\/wp.ufpel.edu.br\/dpvsa2021\/files\/2021\/08\/AVATAR_11_01_BrunoZatt.png 379w, https:\/\/wp.ufpel.edu.br\/dpvsa2021\/files\/2021\/08\/AVATAR_11_01_BrunoZatt-200x200.png 200w, https:\/\/wp.ufpel.edu.br\/dpvsa2021\/files\/2021\/08\/AVATAR_11_01_BrunoZatt-80x80.png 80w, https:\/\/wp.ufpel.edu.br\/dpvsa2021\/files\/2021\/08\/AVATAR_11_01_BrunoZatt-320x320.png 320w\" sizes=\"auto, (max-width: 250px) 100vw, 250px\" \/>\u00a0 \u00a0 \u00a0 <img loading=\"lazy\" decoding=\"async\" class=\"wp-image-229 alignnone\" src=\"https:\/\/wp.ufpel.edu.br\/dpvsa2021\/files\/2021\/08\/AVATAR_11_02_MarceloPorto.png\" alt=\"\" width=\"250\" height=\"249\" srcset=\"https:\/\/wp.ufpel.edu.br\/dpvsa2021\/files\/2021\/08\/AVATAR_11_02_MarceloPorto.png 379w, https:\/\/wp.ufpel.edu.br\/dpvsa2021\/files\/2021\/08\/AVATAR_11_02_MarceloPorto-200x200.png 200w, https:\/\/wp.ufpel.edu.br\/dpvsa2021\/files\/2021\/08\/AVATAR_11_02_MarceloPorto-80x80.png 80w, https:\/\/wp.ufpel.edu.br\/dpvsa2021\/files\/2021\/08\/AVATAR_11_02_MarceloPorto-320x320.png 320w\" sizes=\"auto, (max-width: 250px) 100vw, 250px\" \/><\/p>\n<h3 style=\"text-align: center\"><span style=\"font-size: 18pt\"><em>Princ\u00edpios de Codifica\u00e7\u00e3o de V\u00eddeo<\/em><\/span><\/h3>\n<p style=\"text-align: center\">Language: Portuguese<\/p>\n<p style=\"text-align: center\">Date: October 27th \/ 09h00 &#8211; 11h00<\/p>\n<div style=\"text-align: center\"><\/div>\n<p><span style=\"font-size: 14pt\"><strong>Abstract<\/strong><\/span><\/p>\n<p style=\"padding-left: 40px;text-align: justify\">Digital videos have become omnipresent along the last few decades. Besides the many applications adopting video technologies, entertainment has grown rapidly due to the massive adoption of streaming services such as Netflix, Amazon Prime, Disney+, Globoplay, and many others. The COVID-19 pandemic further pushed the demand for video services related to home office and remote education. On top of that, users&#8217; demand for ever-increasing video quality and immersion lead to higher resolutions (4K and 8K UHD), frame rates (60 fps, 120 fps), and color depth (HDR). The huge amount of data necessary to represent such contents brings a series of challenges related to video transmission and storage. In this scenario, efficient video compression becomes mandatory. This talk will present the basic concepts of video compression used in current video encoders, as H.264\/AVC, HEVC, VP9, VVC, and AV1. The main algorithms and techniques to efficiently compress a video will be presented, as well as a generic video encoder and the complete process from an input video (uncompressed) to an encoded video stream. A brief introduction to the main encoding tools of the state-of-the-art video encoders will be discussed.<\/p>\n<p><span style=\"font-size: 14pt\"><strong>Biography<\/strong><\/span><\/p>\n<p style=\"text-align: justify;padding-left: 40px\">Bruno Zatt received his B.S. and M.S. in Computer Engineering from the Federal University of Rio Grande do Sul (UFRGS), in 2006 and 2008, respectively. He received his Ph.D. degree in Microelectronics from the same university in 2012 with \u201csumma cum laude\u201d distinction. Currently, Bruno Zatt is a Professor at the Federal University of Pelotas (UFPel), Pelotas, Brazil, and a member of the Group of Architectures and Integrated Circuits (GACI) and the Video Technology Research Group (ViTech). He has 16+ years research experience on algorithms and hardware architectures for video processing including 3 years as an intern researcher at the Karlsruhe Institute of Technology (KIT), Karlsruhe, Germany, and experience as a visiting professor at the University of California, Irvine (UCI), USA. Prof. Zatt is a Senior Member of IEEE, member of the IEEE CASS Visual Signal Processing and Communications Technical Committee (VSPCTC), and Associate Editor for the IEEE Transaction on Circuits and Systems for Video Technology (TCSVT). Since 2017, Prof. Zatt holds the status of CNPq productivity research fellow.<\/p>\n<p style=\"padding-left: 40px\">Marcelo Schiavon Porto received the M.S. and Ph.D. degrees in computer science from Federal University of Rio Grande do Sul (UFRGS), Brazil, in 2008 and 2012, respectively. He is currently a Professor with the Federal University of Pelotas (UFPel), Brazil, and a member of the Video Technology Research Group (ViTech) and the Group of Architectures and Integrated Circuits (GACI). He is currently a permanent member of the Postgraduate Program in Computing (PPGC) of UFPel. Dr. Porto is a Senior Member of IEEE, and a Member of SBC and SBMicro Brazilian societies. He also has been holding the status of CNPq (National Council for Scientific and Technological Development) Productivity Research Fellow, since 2016. His research interests include video coding, motion estimation algorithms, point cloud compression, coding complexity reduction, and energy-efficient VLSI design for video coding.<\/p>\n","protected":false},"excerpt":{"rendered":"<p>Bruno Zatt &amp; Marcelo Porto Universidade Federal de Pelotas (Brazil) \u00a0 \u00a0 \u00a0 Princ\u00edpios de Codifica\u00e7\u00e3o de V\u00eddeo Language: Portuguese Date: October 27th \/ 09h00 &#8211; 11h00 Abstract Digital videos have become omnipresent along&#46;&#46;&#46;<\/p>\n","protected":false},"author":746,"featured_media":0,"parent":0,"menu_order":0,"comment_status":"closed","ping_status":"closed","template":"","meta":{"footnotes":""},"class_list":["post-261","page","type-page","status-publish","hentry"],"_links":{"self":[{"href":"https:\/\/wp.ufpel.edu.br\/dpvsa2021\/wp-json\/wp\/v2\/pages\/261","targetHints":{"allow":["GET"]}}],"collection":[{"href":"https:\/\/wp.ufpel.edu.br\/dpvsa2021\/wp-json\/wp\/v2\/pages"}],"about":[{"href":"https:\/\/wp.ufpel.edu.br\/dpvsa2021\/wp-json\/wp\/v2\/types\/page"}],"author":[{"embeddable":true,"href":"https:\/\/wp.ufpel.edu.br\/dpvsa2021\/wp-json\/wp\/v2\/users\/746"}],"replies":[{"embeddable":true,"href":"https:\/\/wp.ufpel.edu.br\/dpvsa2021\/wp-json\/wp\/v2\/comments?post=261"}],"version-history":[{"count":9,"href":"https:\/\/wp.ufpel.edu.br\/dpvsa2021\/wp-json\/wp\/v2\/pages\/261\/revisions"}],"predecessor-version":[{"id":588,"href":"https:\/\/wp.ufpel.edu.br\/dpvsa2021\/wp-json\/wp\/v2\/pages\/261\/revisions\/588"}],"wp:attachment":[{"href":"https:\/\/wp.ufpel.edu.br\/dpvsa2021\/wp-json\/wp\/v2\/media?parent=261"}],"curies":[{"name":"wp","href":"https:\/\/api.w.org\/{rel}","templated":true}]}}