{"id":246,"date":"2021-08-17T19:18:50","date_gmt":"2021-08-17T22:18:50","guid":{"rendered":"https:\/\/wp.ufpel.edu.br\/dpvsa2021\/?page_id=246"},"modified":"2021-10-20T18:05:46","modified_gmt":"2021-10-20T21:05:46","slug":"speaker-caroline-conti","status":"publish","type":"page","link":"https:\/\/wp.ufpel.edu.br\/dpvsa2021\/speaker-caroline-conti\/","title":{"rendered":"Speaker &#8211; Caroline Conti"},"content":{"rendered":"<p style=\"text-align: center\"><strong><span style=\"font-size: 24pt\">Caroline Conti<\/span><br \/>\nInstituto de Telecomunica\u00e7\u00f5es (Portugal)<br \/>\n<\/strong><\/p>\n<p style=\"text-align: center\"><img loading=\"lazy\" decoding=\"async\" class=\"aligncenter wp-image-221\" src=\"https:\/\/wp.ufpel.edu.br\/dpvsa2021\/files\/2021\/08\/AVATAR_06_CarolineConti.png\" alt=\"\" width=\"250\" height=\"248\" srcset=\"https:\/\/wp.ufpel.edu.br\/dpvsa2021\/files\/2021\/08\/AVATAR_06_CarolineConti.png 428w, https:\/\/wp.ufpel.edu.br\/dpvsa2021\/files\/2021\/08\/AVATAR_06_CarolineConti-400x397.png 400w, https:\/\/wp.ufpel.edu.br\/dpvsa2021\/files\/2021\/08\/AVATAR_06_CarolineConti-80x80.png 80w\" sizes=\"auto, (max-width: 250px) 100vw, 250px\" \/><\/p>\n<h3 style=\"text-align: center\"><span style=\"font-size: 18pt\"><em>Light Field Processing: Challenges and Solutions<\/em><\/span><\/h3>\n<p style=\"text-align: center\">Language: English<\/p>\n<p style=\"text-align: center\">Date: October 29th \/ 09h15 &#8211; 10h30 (UTC-3)<\/p>\n<div style=\"text-align: center\"><\/div>\n<p><span style=\"font-size: 14pt\"><strong>Abstract<\/strong><\/span><\/p>\n<p style=\"padding-left: 40px;text-align: justify\">Light field imaging has received great attention recently due to its ability to provide high-fidelity visual capture and interactive visual experience based on rich spatio-angular light ray representations.<br \/>\nMany tech giants investing in immersive display technologies have pointed towards the power of light field imaging for achieving ultra-realistic visual experiences, in which a user can walk into a real scene, freely move his\/her head with the called Six Degrees of Freedom (6-DoF), and realistically perceive every little detail about the materials and lighting. In this context, new prototype systems have been proposed for capturing, processing, and rendering light fields. Moreover, the recent advent of high-quality consumer Head Mounted Displays (HMD) with positional head tracking, and autostereoscopic light field displays provide novel and compelling opportunities for visualizing light fields in new commercial media applications. In addition, the consumers can already have a glimpse of the light field capturing systems capabilities with the multi-camera smartphones that have been recently launched.<br \/>\nHowever, systems for light field imaging faces unique challenges due in part to the large volume of data that must be captured, processed, and displayed. Although various efforts have been recently initiated, mainly for still light field images, there are still many open questions for enabling ultra-realistic and interactive light field visual experiences.<br \/>\nThis talk will present some of the challenges on light field processing and discuss the recent advances in this field.<\/p>\n<p><span style=\"font-size: 14pt\"><strong>Biography<\/strong><\/span><\/p>\n<p style=\"text-align: justify;padding-left: 40px\">Caroline Conti is currently a Professor with the Department of Information Science and Technology of ISCTE \u2013 Instituto Universit\u00e1rio de Lisboa, and a Senior Researcher with Instituto de Telecomunica\u00e7\u00f5es, Lisbon, Portugal.<br \/>\nShe received the B.S.degree in Electrical Engineering from Universidade de S\u00e3o Paulo (USP), Brazil, in 2010, and the Ph.D. degree in Information Science and Technology from ISCTE \u2013 Instituto Universit\u00e1rio de Lisboa, Portugal, in 2017.<br \/>\nHer research interests include immersive visual technologies and image and video processing, including light field processing and coding. She has contributed tens of papers in international journals and conferences in these areas. She has also participated in many national and international research projects related to light field processing and coding, where she has actively collaborated with experts from academia and industry.<br \/>\nShe is currently Guest Editor of the Elsevier Signal Processing: Image Communication Journal for the special issue on \u201cLight Field Imaging\u201d and is Topic Editor of the MDPI Journal of Imaging. She has been a member of Organizing Committees of many international conferences and workshops. She also acts as reviewer for various IEEE, EURASIP, and MDPI journals and conferences.<br \/>\nShe has also been recognized with many awards\/distinctions in national and international conferences and competitions. More significantly, in 2016, she won the 27th edition of the Portuguese IBM Scientific Award, an \u201caward for Outstanding Technical Contribution in Computer Science and related fields\u201d for her contributions on \u201cEfficient Solutions for Light Field Coding\u201d.<\/p>\n","protected":false},"excerpt":{"rendered":"<p>Caroline Conti Instituto de Telecomunica\u00e7\u00f5es (Portugal) Light Field Processing: Challenges and Solutions Language: English Date: October 29th \/ 09h15 &#8211; 10h30 (UTC-3) Abstract Light field imaging has received great attention recently due to its&#46;&#46;&#46;<\/p>\n","protected":false},"author":746,"featured_media":0,"parent":0,"menu_order":0,"comment_status":"closed","ping_status":"closed","template":"","meta":{"footnotes":""},"class_list":["post-246","page","type-page","status-publish","hentry"],"_links":{"self":[{"href":"https:\/\/wp.ufpel.edu.br\/dpvsa2021\/wp-json\/wp\/v2\/pages\/246","targetHints":{"allow":["GET"]}}],"collection":[{"href":"https:\/\/wp.ufpel.edu.br\/dpvsa2021\/wp-json\/wp\/v2\/pages"}],"about":[{"href":"https:\/\/wp.ufpel.edu.br\/dpvsa2021\/wp-json\/wp\/v2\/types\/page"}],"author":[{"embeddable":true,"href":"https:\/\/wp.ufpel.edu.br\/dpvsa2021\/wp-json\/wp\/v2\/users\/746"}],"replies":[{"embeddable":true,"href":"https:\/\/wp.ufpel.edu.br\/dpvsa2021\/wp-json\/wp\/v2\/comments?post=246"}],"version-history":[{"count":10,"href":"https:\/\/wp.ufpel.edu.br\/dpvsa2021\/wp-json\/wp\/v2\/pages\/246\/revisions"}],"predecessor-version":[{"id":704,"href":"https:\/\/wp.ufpel.edu.br\/dpvsa2021\/wp-json\/wp\/v2\/pages\/246\/revisions\/704"}],"wp:attachment":[{"href":"https:\/\/wp.ufpel.edu.br\/dpvsa2021\/wp-json\/wp\/v2\/media?parent=246"}],"curies":[{"name":"wp","href":"https:\/\/api.w.org\/{rel}","templated":true}]}}