{"id":231,"date":"2021-08-17T19:11:44","date_gmt":"2021-08-17T22:11:44","guid":{"rendered":"https:\/\/wp.ufpel.edu.br\/dpvsa2021\/?page_id=231"},"modified":"2021-10-06T14:25:44","modified_gmt":"2021-10-06T17:25:44","slug":"speaker-aldo-von-wangemhein","status":"publish","type":"page","link":"https:\/\/wp.ufpel.edu.br\/dpvsa2021\/speaker-aldo-von-wangemhein\/","title":{"rendered":"Speaker &#8211; Aldo Von Wangemhein"},"content":{"rendered":"<p style=\"text-align: center\"><strong><span style=\"font-size: 24pt\">Aldo Von Wangemhein<\/span><br \/>\nUniversidade Federal de Santa Catarina (<\/strong><strong>Brazil)<br \/>\n<\/strong><\/p>\n<p style=\"text-align: center\"><img loading=\"lazy\" decoding=\"async\" class=\"aligncenter wp-image-216\" src=\"https:\/\/wp.ufpel.edu.br\/dpvsa2021\/files\/2021\/08\/AVATAR_01_AldoVonWangenhein.png\" alt=\"\" width=\"250\" height=\"248\" srcset=\"https:\/\/wp.ufpel.edu.br\/dpvsa2021\/files\/2021\/08\/AVATAR_01_AldoVonWangenhein.png 428w, https:\/\/wp.ufpel.edu.br\/dpvsa2021\/files\/2021\/08\/AVATAR_01_AldoVonWangenhein-400x397.png 400w, https:\/\/wp.ufpel.edu.br\/dpvsa2021\/files\/2021\/08\/AVATAR_01_AldoVonWangenhein-80x80.png 80w\" sizes=\"auto, (max-width: 250px) 100vw, 250px\" \/><\/p>\n<h3 style=\"text-align: center\"><span style=\"font-size: 18pt\"><em>Enfoques, Paradigmas e Tend\u00eancias na Vis\u00e3o Computacional<\/em><\/span><\/h3>\n<p style=\"text-align: center\">Language: Portuguese<\/p>\n<p style=\"text-align: center\">Date: October 26th \/ 11h00 &#8211; 12h00<\/p>\n<p>&nbsp;<\/p>\n<p><span style=\"font-size: 14pt\"><strong>Abstract<\/strong><\/span><\/p>\n<p style=\"padding-left: 40px;text-align: justify\">Com os recentes enormes avan\u00e7os que estamos vivenciando na \u00e1rea da Vis\u00e3o Computacional, \u00e9 f\u00e1cil considerarmos esta \u00e1rea como uma \u00e1rea de pesquisa recente na Computa\u00e7\u00e3o. Na verdade, pesquisas em Vis\u00e3o Computacional iniciaram-se na d\u00e9cada de 1960, inclusive com muitas pesquisas pioneiras naquela \u00e9poca j\u00e1 utilizando redes neurais. Nestes 60 anos de pesquisa em vis\u00e3o computacional muita coisa aconteceu e, na d\u00e9cada de 2010, a \u00e1rea se dividiu em dois grandes paradigmas: a Vis\u00e3o Cl\u00e1ssica e a Vis\u00e3o com Aprendizado Profundo.\u00a0 Como se caracterizam esses dois paradigmas? Qual foi a sua evolu\u00e7\u00e3o? Para onde estamos indo? Estas s\u00e3o perguntas que vamos abordar na nossa palestra.<\/p>\n<p><span style=\"font-size: 14pt\"><strong>Biography<\/strong><\/span><\/p>\n<p style=\"text-align: justify;padding-left: 40px\">\u00c9 Professor Titular da Universidade Federal de Santa Catarina e possui gradua\u00e7\u00e3o em Ci\u00eancias da Computa\u00e7\u00e3o pela Universidade Federal de Santa Catarina (1989) e Doutorado Acad\u00eamico (Dr. rer.nat.) em Ci\u00eancias da Computa\u00e7\u00e3o pela Universidade de Kaiserslautern (1996). Atua na Universidade Federal de Santa Catarina, onde \u00e9 professor do Programa de P\u00f3s-gradua\u00e7\u00e3o em Ci\u00eancia da Computa\u00e7\u00e3o e dos cursos de gradua\u00e7\u00e3o em Ci\u00eancias da Computa\u00e7\u00e3o e Sistemas de Informa\u00e7\u00e3o. Tem experi\u00eancia nas \u00e1reas de Produ\u00e7\u00e3o de Conte\u00fado para TV Digital Interativa, Inform\u00e1tica em Sa\u00fade, Processamento e An\u00e1lise de Imagens e Engenharia Biom\u00e9dica, com \u00eanfase em Telemedicina, Telerradiologia, Sistemas de Aux\u00edlio ao Diagn\u00f3stico por Imagem e Processamento de Imagens M\u00e9dicas, com \u00eanfase nos temas: an\u00e1lise inteligente de imagens e deep learning, DICOM, CBIR, inform\u00e1tica m\u00e9dica, vis\u00e3o computacional e PACS. Coordena o Instituto Nacional de Ci\u00eancia e Tecnologia para Converg\u00eancia Digital &#8211; INCoD. \u00c9 tamb\u00e9m Coordenador T\u00e9cnico da Rede Catarinense de Telemedicina (RCTM) e membro fundador e ex-coordenador da Comiss\u00e3o Inform\u00e1tica em Sa\u00fade da ABNT &#8211; ABNT\/CEET 00:001.78. Atualmente tamb\u00e9m \u00e9 membro da comiss\u00e3o ISO\/TC 215 &#8211; Health Informatics. Foi coordenador da RFP6 &#8211; Conte\u00fado &#8211; do SBTVD &#8211; Sistema Brasileiro de TV Digital\/Minist\u00e9rio das Comunica\u00e7\u00f5es. Foi Coordenador do N\u00facleo de Telessa\u00fade de Santa Catarina no \u00e2mbito do Programa Telessa\u00fade Brasil do Minist\u00e9rio da Sa\u00fade e da OPAS &#8211; Organiza\u00e7\u00e3o Pan-Americana de Sa\u00fade e Coordenador do N\u00facleo Santa Catarina da RUTE &#8211; Rede Universit\u00e1ria de Telemedicina.<\/p>\n","protected":false},"excerpt":{"rendered":"<p>Aldo Von Wangemhein Universidade Federal de Santa Catarina (Brazil) Enfoques, Paradigmas e Tend\u00eancias na Vis\u00e3o Computacional Language: Portuguese Date: October 26th \/ 11h00 &#8211; 12h00 &nbsp; Abstract Com os recentes enormes avan\u00e7os que estamos&#46;&#46;&#46;<\/p>\n","protected":false},"author":746,"featured_media":0,"parent":0,"menu_order":0,"comment_status":"closed","ping_status":"closed","template":"","meta":{"footnotes":""},"class_list":["post-231","page","type-page","status-publish","hentry"],"_links":{"self":[{"href":"https:\/\/wp.ufpel.edu.br\/dpvsa2021\/wp-json\/wp\/v2\/pages\/231","targetHints":{"allow":["GET"]}}],"collection":[{"href":"https:\/\/wp.ufpel.edu.br\/dpvsa2021\/wp-json\/wp\/v2\/pages"}],"about":[{"href":"https:\/\/wp.ufpel.edu.br\/dpvsa2021\/wp-json\/wp\/v2\/types\/page"}],"author":[{"embeddable":true,"href":"https:\/\/wp.ufpel.edu.br\/dpvsa2021\/wp-json\/wp\/v2\/users\/746"}],"replies":[{"embeddable":true,"href":"https:\/\/wp.ufpel.edu.br\/dpvsa2021\/wp-json\/wp\/v2\/comments?post=231"}],"version-history":[{"count":12,"href":"https:\/\/wp.ufpel.edu.br\/dpvsa2021\/wp-json\/wp\/v2\/pages\/231\/revisions"}],"predecessor-version":[{"id":589,"href":"https:\/\/wp.ufpel.edu.br\/dpvsa2021\/wp-json\/wp\/v2\/pages\/231\/revisions\/589"}],"wp:attachment":[{"href":"https:\/\/wp.ufpel.edu.br\/dpvsa2021\/wp-json\/wp\/v2\/media?parent=231"}],"curies":[{"name":"wp","href":"https:\/\/api.w.org\/{rel}","templated":true}]}}