{"id":77,"date":"2020-08-19T15:54:43","date_gmt":"2020-08-19T18:54:43","guid":{"rendered":"https:\/\/wp.ufpel.edu.br\/dpvsa\/?page_id=77"},"modified":"2020-10-18T18:13:06","modified_gmt":"2020-10-18T21:13:06","slug":"october-19","status":"publish","type":"page","link":"https:\/\/wp.ufpel.edu.br\/dpvsa\/october-19\/","title":{"rendered":"Program October 19th"},"content":{"rendered":"<table style=\"border-collapse: collapse;width: 100%\" border=\"1\">\n<tbody>\n<tr style=\"height: 24px\">\n<td style=\"width: 33.7563%;text-align: center;height: 24px\"><span style=\"font-size: 12pt\">08:30 AM \u2014 09:00 AM <a href=\"https:\/\/calendar.google.com\/calendar\/u\/0\/r\/eventedit\/copy\/NG1yY2I5cmQ4OWlhNnIzZDFiNHBzcG1laWYgY182bjRwYTdjbzVndnZmaGl0c2VnMXE2NDh2MEBn\" target=\"_blank\" rel=\"noopener noreferrer\"><img loading=\"lazy\" decoding=\"async\" class=\"wp-image-600 alignnone\" src=\"https:\/\/wp.ufpel.edu.br\/dpvsa\/files\/2020\/10\/add-to-calendar-icon-12.png\" alt=\"\" width=\"20\" height=\"20\" srcset=\"https:\/\/wp.ufpel.edu.br\/dpvsa\/files\/2020\/10\/add-to-calendar-icon-12.png 256w, https:\/\/wp.ufpel.edu.br\/dpvsa\/files\/2020\/10\/add-to-calendar-icon-12-200x200.png 200w, https:\/\/wp.ufpel.edu.br\/dpvsa\/files\/2020\/10\/add-to-calendar-icon-12-32x32.png 32w, https:\/\/wp.ufpel.edu.br\/dpvsa\/files\/2020\/10\/add-to-calendar-icon-12-80x80.png 80w\" sizes=\"auto, (max-width: 20px) 100vw, 20px\" \/><\/a><\/span><\/td>\n<td style=\"width: 67.2589%;text-align: left;height: 24px\"><em><a href=\"https:\/\/wp.ufpel.edu.br\/dpvsa\/opening-session\/\"><strong>Opening Session<\/strong><\/a><\/em><\/td>\n<\/tr>\n<tr style=\"height: 24px\">\n<td style=\"width: 33.7563%;height: 24px;text-align: center\" scope=\"col\"><span style=\"font-size: 12pt\">09:00 AM \u2014 10:00 AM <a href=\"https:\/\/calendar.google.com\/calendar\/u\/0\/r\/eventedit\/copy\/NTdrY2s2ZTRzNzF1amE1NWg0ZmhmdHZzcmYgY182bjRwYTdjbzVndnZmaGl0c2VnMXE2NDh2MEBn\" target=\"_blank\" rel=\"noopener noreferrer\"><img loading=\"lazy\" decoding=\"async\" class=\"alignnone wp-image-600\" src=\"https:\/\/wp.ufpel.edu.br\/dpvsa\/files\/2020\/10\/add-to-calendar-icon-12.png\" alt=\"\" width=\"20\" height=\"20\" srcset=\"https:\/\/wp.ufpel.edu.br\/dpvsa\/files\/2020\/10\/add-to-calendar-icon-12.png 256w, https:\/\/wp.ufpel.edu.br\/dpvsa\/files\/2020\/10\/add-to-calendar-icon-12-200x200.png 200w, https:\/\/wp.ufpel.edu.br\/dpvsa\/files\/2020\/10\/add-to-calendar-icon-12-32x32.png 32w, https:\/\/wp.ufpel.edu.br\/dpvsa\/files\/2020\/10\/add-to-calendar-icon-12-80x80.png 80w\" sizes=\"auto, (max-width: 20px) 100vw, 20px\" \/> <\/a><\/span><\/td>\n<td style=\"width: 67.2589%;height: 24px;text-align: left\"><a href=\"https:\/\/wp.ufpel.edu.br\/dpvsa\/wen-hsiao-peng\/\"><em>Application of Reinforcement Learning to Video Encoder Control and Video Prediction<\/em><\/a><br \/>\n<strong>Wen-Hsiao Peng, National Chiao Tung University, Taiwan<\/strong><\/td>\n<\/tr>\n<tr style=\"height: 24px\">\n<td style=\"width: 33.7563%;text-align: center;height: 24px\"><span style=\"font-size: 12pt\">10:00 AM \u2014 10:30 PM\u00a0 \u00a0 \u00a0\u00a0<\/span><\/td>\n<td style=\"width: 67.2589%;text-align: left;height: 24px\"><i>Coffee Break<\/i><\/td>\n<\/tr>\n<tr style=\"height: 24px\">\n<td style=\"width: 33.7563%;height: 24px;text-align: center\" scope=\"col\"><span style=\"font-size: 12pt\">10:30 AM \u2014 12:00 PM <a href=\"https:\/\/calendar.google.com\/calendar\/u\/0\/r\/eventedit\/copy\/Mm9nNDdrcDFqYzVoNmhpaGI1bW9pNm5yYWMgY182bjRwYTdjbzVndnZmaGl0c2VnMXE2NDh2MEBn\" target=\"_blank\" rel=\"noopener noreferrer\"><img loading=\"lazy\" decoding=\"async\" class=\"alignnone wp-image-600\" src=\"https:\/\/wp.ufpel.edu.br\/dpvsa\/files\/2020\/10\/add-to-calendar-icon-12.png\" alt=\"\" width=\"20\" height=\"20\" srcset=\"https:\/\/wp.ufpel.edu.br\/dpvsa\/files\/2020\/10\/add-to-calendar-icon-12.png 256w, https:\/\/wp.ufpel.edu.br\/dpvsa\/files\/2020\/10\/add-to-calendar-icon-12-200x200.png 200w, https:\/\/wp.ufpel.edu.br\/dpvsa\/files\/2020\/10\/add-to-calendar-icon-12-32x32.png 32w, https:\/\/wp.ufpel.edu.br\/dpvsa\/files\/2020\/10\/add-to-calendar-icon-12-80x80.png 80w\" sizes=\"auto, (max-width: 20px) 100vw, 20px\" \/><\/a><\/span><\/td>\n<td style=\"width: 67.2589%;height: 24px;text-align: left\"><a href=\"https:\/\/wp.ufpel.edu.br\/dpvsa\/marta-mrak\/\"><em>Learning to Predict Pixels for Content Enhancement and Delivery<\/em><\/a><br \/>\n<strong>Marta Mrak, BBC R&amp;D, United Kingdom<\/strong><\/td>\n<\/tr>\n<tr style=\"height: 24px\">\n<td style=\"width: 33.7563%;height: 24px;text-align: center\" scope=\"col\"><span style=\"font-size: 12pt\">12:00 PM \u2014 01:30 PM\u00a0 \u00a0 \u00a0\u00a0<\/span><\/td>\n<td style=\"width: 67.2589%;height: 24px;text-align: left\"><em>Lunch Break<\/em><\/td>\n<\/tr>\n<tr style=\"height: 24px\">\n<td style=\"width: 33.7563%;height: 24px;text-align: center\" scope=\"col\"><span style=\"font-size: 12pt\">01:30 PM \u2014 03:00 PM <a href=\"https:\/\/calendar.google.com\/calendar\/u\/0\/r\/eventedit\/copy\/NGY1MWhlZGZtMjBraDA1cDRzN3RrYXNiNGggY182bjRwYTdjbzVndnZmaGl0c2VnMXE2NDh2MEBn\" target=\"_blank\" rel=\"noopener noreferrer\"><img loading=\"lazy\" decoding=\"async\" class=\"alignnone wp-image-600\" src=\"https:\/\/wp.ufpel.edu.br\/dpvsa\/files\/2020\/10\/add-to-calendar-icon-12.png\" alt=\"\" width=\"20\" height=\"20\" srcset=\"https:\/\/wp.ufpel.edu.br\/dpvsa\/files\/2020\/10\/add-to-calendar-icon-12.png 256w, https:\/\/wp.ufpel.edu.br\/dpvsa\/files\/2020\/10\/add-to-calendar-icon-12-200x200.png 200w, https:\/\/wp.ufpel.edu.br\/dpvsa\/files\/2020\/10\/add-to-calendar-icon-12-32x32.png 32w, https:\/\/wp.ufpel.edu.br\/dpvsa\/files\/2020\/10\/add-to-calendar-icon-12-80x80.png 80w\" sizes=\"auto, (max-width: 20px) 100vw, 20px\" \/><\/a><\/span><\/td>\n<td style=\"width: 67.2589%;height: 24px;text-align: left\"><em><a href=\"https:\/\/wp.ufpel.edu.br\/dpvsa\/daniel-palomino-and-guilherme-correa\/\">Enabling visual signal coding systems: from algorithm to hardware solutions<\/a><br \/>\n<\/em><strong>Daniel Palomino and Guilherme Correa, Universidade Federal de Pelotas, Brazil<\/strong><\/td>\n<\/tr>\n<tr style=\"height: 24px\">\n<td style=\"width: 33.7563%;height: 24px;text-align: center\" scope=\"col\"><span style=\"font-size: 12pt\">03:00 PM \u2014 03:30 PM\u00a0 \u00a0 \u00a0\u00a0<\/span><\/td>\n<td style=\"width: 67.2589%;height: 24px;text-align: left\"><em>Coffee Break<\/em><\/td>\n<\/tr>\n<tr style=\"height: 24px\">\n<td style=\"width: 33.7563%;text-align: center;height: 24px\"><span style=\"font-size: 12pt\">03:30 PM \u2014 04:30 PM <a href=\"https:\/\/calendar.google.com\/calendar\/u\/0\/r\/eventedit\/copy\/NTdtYnQ3cmMyaXVjOHFxanBzNWpiNDloOHQgY182bjRwYTdjbzVndnZmaGl0c2VnMXE2NDh2MEBn\" target=\"_blank\" rel=\"noopener noreferrer\"><img loading=\"lazy\" decoding=\"async\" class=\"alignnone wp-image-600\" src=\"https:\/\/wp.ufpel.edu.br\/dpvsa\/files\/2020\/10\/add-to-calendar-icon-12.png\" alt=\"\" width=\"20\" height=\"20\" srcset=\"https:\/\/wp.ufpel.edu.br\/dpvsa\/files\/2020\/10\/add-to-calendar-icon-12.png 256w, https:\/\/wp.ufpel.edu.br\/dpvsa\/files\/2020\/10\/add-to-calendar-icon-12-200x200.png 200w, https:\/\/wp.ufpel.edu.br\/dpvsa\/files\/2020\/10\/add-to-calendar-icon-12-32x32.png 32w, https:\/\/wp.ufpel.edu.br\/dpvsa\/files\/2020\/10\/add-to-calendar-icon-12-80x80.png 80w\" sizes=\"auto, (max-width: 20px) 100vw, 20px\" \/><\/a><\/span><\/td>\n<td style=\"width: 67.2589%;text-align: left;height: 24px\"><a href=\"https:\/\/wp.ufpel.edu.br\/dpvsa\/accepted-posters\/#session-1\"><strong><em>Virtual Poster Session 1<\/em><\/strong><\/a><\/td>\n<\/tr>\n<tr style=\"height: 24px\">\n<td style=\"width: 33.7563%;height: 24px;text-align: center\" scope=\"col\"><span style=\"font-size: 12pt\">04:30 PM \u2014 06:00 PM <a href=\"https:\/\/calendar.google.com\/calendar\/u\/0\/r\/eventedit\/copy\/MzR2YzNraTNzZThhbTU1dmtmcjZpaGQyYW8gY182bjRwYTdjbzVndnZmaGl0c2VnMXE2NDh2MEBn\" target=\"_blank\" rel=\"noopener noreferrer\"><img loading=\"lazy\" decoding=\"async\" class=\"alignnone wp-image-600\" src=\"https:\/\/wp.ufpel.edu.br\/dpvsa\/files\/2020\/10\/add-to-calendar-icon-12.png\" alt=\"\" width=\"20\" height=\"20\" srcset=\"https:\/\/wp.ufpel.edu.br\/dpvsa\/files\/2020\/10\/add-to-calendar-icon-12.png 256w, https:\/\/wp.ufpel.edu.br\/dpvsa\/files\/2020\/10\/add-to-calendar-icon-12-200x200.png 200w, https:\/\/wp.ufpel.edu.br\/dpvsa\/files\/2020\/10\/add-to-calendar-icon-12-32x32.png 32w, https:\/\/wp.ufpel.edu.br\/dpvsa\/files\/2020\/10\/add-to-calendar-icon-12-80x80.png 80w\" sizes=\"auto, (max-width: 20px) 100vw, 20px\" \/><\/a><\/span><\/td>\n<td style=\"width: 67.2589%;height: 24px;text-align: left\"><a href=\"https:\/\/wp.ufpel.edu.br\/dpvsa\/carlos-cosme\/\"><em>Evolu\u00e7\u00e3o da televis\u00e3o no Brasil<\/em><\/a><br \/>\n<strong>Carlos Cosme, Globo, Brazil<\/strong><\/td>\n<\/tr>\n<tr style=\"height: 24px\">\n<td style=\"width: 33.7563%;text-align: center;height: 24px\"><span style=\"font-size: 12pt\">06:00 PM \u2014 07:00 PM <a href=\"https:\/\/calendar.google.com\/calendar\/u\/0\/r\/eventedit\/copy\/NmlqcXEybm5lM2MxcTM4aThhNThrZTY3b3AgY182bjRwYTdjbzVndnZmaGl0c2VnMXE2NDh2MEBn\" target=\"_blank\" rel=\"noopener noreferrer\"><img loading=\"lazy\" decoding=\"async\" class=\"alignnone wp-image-600\" src=\"https:\/\/wp.ufpel.edu.br\/dpvsa\/files\/2020\/10\/add-to-calendar-icon-12.png\" alt=\"\" width=\"20\" height=\"20\" srcset=\"https:\/\/wp.ufpel.edu.br\/dpvsa\/files\/2020\/10\/add-to-calendar-icon-12.png 256w, https:\/\/wp.ufpel.edu.br\/dpvsa\/files\/2020\/10\/add-to-calendar-icon-12-200x200.png 200w, https:\/\/wp.ufpel.edu.br\/dpvsa\/files\/2020\/10\/add-to-calendar-icon-12-32x32.png 32w, https:\/\/wp.ufpel.edu.br\/dpvsa\/files\/2020\/10\/add-to-calendar-icon-12-80x80.png 80w\" sizes=\"auto, (max-width: 20px) 100vw, 20px\" \/><\/a><\/span><\/td>\n<td style=\"width: 67.2589%;text-align: left;height: 24px\"><em><strong>Q&amp;A Session 1<\/strong><br \/>\n<\/em><\/td>\n<\/tr>\n<\/tbody>\n<\/table>\n<p style=\"text-align: left\"><strong>Times are expressed in GMT-3<\/strong><\/p>\n","protected":false},"excerpt":{"rendered":"<p>08:30 AM \u2014 09:00 AM Opening Session 09:00 AM \u2014 10:00 AM Application of Reinforcement Learning to Video Encoder Control and Video Prediction Wen-Hsiao Peng, National Chiao Tung University, Taiwan 10:00 AM \u2014 10:30&#46;&#46;&#46;<\/p>\n","protected":false},"author":748,"featured_media":0,"parent":0,"menu_order":0,"comment_status":"closed","ping_status":"closed","template":"","meta":{"footnotes":""},"class_list":["post-77","page","type-page","status-publish","hentry"],"publishpress_future_action":{"enabled":false,"date":"2026-04-16 12:06:04","action":"change-status","newStatus":"draft","terms":[],"taxonomy":"","extraData":[]},"publishpress_future_workflow_manual_trigger":{"enabledWorkflows":[]},"_links":{"self":[{"href":"https:\/\/wp.ufpel.edu.br\/dpvsa\/wp-json\/wp\/v2\/pages\/77","targetHints":{"allow":["GET"]}}],"collection":[{"href":"https:\/\/wp.ufpel.edu.br\/dpvsa\/wp-json\/wp\/v2\/pages"}],"about":[{"href":"https:\/\/wp.ufpel.edu.br\/dpvsa\/wp-json\/wp\/v2\/types\/page"}],"author":[{"embeddable":true,"href":"https:\/\/wp.ufpel.edu.br\/dpvsa\/wp-json\/wp\/v2\/users\/748"}],"replies":[{"embeddable":true,"href":"https:\/\/wp.ufpel.edu.br\/dpvsa\/wp-json\/wp\/v2\/comments?post=77"}],"version-history":[{"count":40,"href":"https:\/\/wp.ufpel.edu.br\/dpvsa\/wp-json\/wp\/v2\/pages\/77\/revisions"}],"predecessor-version":[{"id":826,"href":"https:\/\/wp.ufpel.edu.br\/dpvsa\/wp-json\/wp\/v2\/pages\/77\/revisions\/826"}],"wp:attachment":[{"href":"https:\/\/wp.ufpel.edu.br\/dpvsa\/wp-json\/wp\/v2\/media?parent=77"}],"curies":[{"name":"wp","href":"https:\/\/api.w.org\/{rel}","templated":true}]}}