{"id":755,"date":"2020-10-15T01:08:49","date_gmt":"2020-10-15T04:08:49","guid":{"rendered":"https:\/\/wp.ufpel.edu.br\/dpvsa\/?page_id=755"},"modified":"2020-10-26T17:27:19","modified_gmt":"2020-10-26T20:27:19","slug":"accepted-posters","status":"publish","type":"page","link":"https:\/\/wp.ufpel.edu.br\/dpvsa\/accepted-posters\/","title":{"rendered":"Accepted Posters"},"content":{"rendered":"<h1 class=\"p1\"><span class=\"s1\"><b>Best Poster<\/b><\/span><\/h1>\n<p class=\"p2\"><span class=\"s1\"><b>A DBF Hardware Architecture for the AV1 Decoder<\/b><br \/>\nRoberta Palau, Eduardo Zummach, Jones Goebel, Guilherme Corr\u00eaa, Marcelo Porto, Luciano Agostini<\/span><\/p>\n<h2 class=\"p1\"><span class=\"s1\"><b>Honorable Mention<\/b><\/span><\/h2>\n<p class=\"p2\"><span class=\"s1\"><b>Encoding of 4D Blocks for Light Field Entropy Encoding<\/b><br \/>\nIgor Rosle, Fabio Ramos, Bruno Zatt<\/span><\/p>\n<p class=\"p2\"><span class=\"s1\"><b>X-Ray Covid-19 Detection with Deep Learning<\/b><br \/>\nDarlo Naisinger, Bernardo Henz, F\u00e1bio Rossi, Rumenigue Hohemberger, Gustavo Sanchez<\/span><\/p>\n<p class=\"p2\"><span class=\"s1\">\u00a0<\/span><\/p>\n<h1 class=\"p3\"><span class=\"s1\"><b>Poster Session 1<\/b><\/span><\/h1>\n<p class=\"p2\"><span class=\"s1\">Monday, October 19th, 3:30 PM &#8211; 4:30 PM (GMT-3) <\/span><span class=\"s2\">\u00a0<\/span><\/p>\n<ul class=\"ul1\">\n<li class=\"li4\"><b><\/b><span class=\"s1\"><b>Fast Decision Scheme for VVC Intra Coding<\/b>,<br \/>\nM\u00e1rio Saldanha, Gustavo Sanchez, C\u00e9sar Marcon, Luciano Agostini<\/span><\/li>\n<li class=\"li4\"><b><\/b><span class=\"s1\"><b>Fast Intra Mode Decision For 3D-HEVC Depth Map Coding Using Decision Trees<\/b>,<br \/>\nChristopher Moura, M\u00e1rio Saldanha, Gustavo Sanchez, C\u00e9sar Marcon, Luciano Agostini, Marcelo Porto<\/span><\/li>\n<li class=\"li4\"><b><\/b><span class=\"s1\"><b>Complexity-Scalable HEVC-to-AV1 Video Transcoding Based on Partition Inheritance<\/b>,<br \/>\nAlex Borges, Bruno Zatt, Marcelo Porto, Guilherme Correa<\/span><\/li>\n<li class=\"li4\"><b><\/b><span class=\"s1\"><b>Fast Partitioning Decision Qt for Vvc Using Machine Learning<\/b>,<br \/>\nMatheus Lindino, Mateus Grellert, Bruno Zatt, Guilherme Correa<\/span><\/li>\n<li class=\"li4\"><b><\/b><span class=\"s1\"><b>Fast Mode Decision for the Versatile Video Coding Intra Prediction Using Machine Learning<\/b><br \/>\nAdson Duarte, Guilherme Correa, Bruno Zatt, Daniel Palomino<\/span><\/li>\n<li class=\"li4\"><b><\/b><span class=\"s1\"><b>Light Field Prediction Based on Optical Flow and Phase Correlation<\/b><br \/>\nIago Storch, Douglas Correa, Bruno Zatt, Daniel Palomino, Sergio Bampi<\/span><\/li>\n<li class=\"li4\"><b><\/b><span class=\"s1\"><b>ERP-Based CTU Splitting Early Termination for Intra Prediction Of 360-Degree Videos<\/b><br \/>\nBernardo Beling, Iago Storch, Luciano Agostini, Bruno Zatt, Sergio Bampi, Daniel Palomino<\/span><\/li>\n<li class=\"li4\"><b><\/b><span class=\"s1\"><b>Encoding of 4D Blocks for Light Field Entropy Encoding<\/b><br \/>\nIgor Rosle, Fabio Ramos, Bruno Zatt<\/span><\/li>\n<li class=\"li4\"><b><\/b><span class=\"s1\"><b>Complexity Assessment of the Versatile Video Coding Standard<\/b><br \/>\nIcaro Siqueira, Guilherme Corr\u00eaa, Mateus Grellert<\/span><\/li>\n<li class=\"li4\"><b><\/b><span class=\"s1\"><b>Angular Inter-View Prediction for Light Fields Based on SSE Metric<\/b><br \/>\nItalo D. Machado, Eduardo Rosa, Daniel Palomino, Bruno Zatt<\/span><\/li>\n<li class=\"li4\"><b><\/b><span class=\"s1\"><b>Complexity Analysis of the Interpolation Filter Of Versatile Video Coding<\/b><br \/>\nGiovane Silva And Cl\u00e1udio Diniz<\/span><\/li>\n<\/ul>\n<p class=\"p2\"><span class=\"s1\">\u00a0<\/span><\/p>\n<p class=\"p2\"><span class=\"s1\">\u00a0<\/span><\/p>\n<p class=\"p2\"><span class=\"s1\">\u00a0<\/span><\/p>\n<h1 class=\"p3\"><span class=\"s1\"><b>Poster Session 2<\/b><\/span><\/h1>\n<p class=\"p2\"><span class=\"s1\">Tuesday, October 20th, 3:30 PM &#8211; 4:30 PM (GMT-3) <\/span><\/p>\n<ul class=\"ul1\">\n<li class=\"li4\"><b><\/b><span class=\"s1\"><b>A DBF Hardware Architecture for the AV1 Decoder,<\/b>\u00a0<a href=\"https:\/\/www.youtube.com\/watch?v=2TZiSHm6few&amp;feature=youtu.be\"><span class=\"s3\">Video<\/span><\/a><br \/>\nRoberta Palau, Eduardo Zummach, Jones Goebel, Guilherme Corr\u00eaa, Marcelo Porto, Luciano Agostini<\/span><\/li>\n<li class=\"li4\"><b><\/b><span class=\"s1\"><b>Directional Intra Frame Prediction Architecture with Edge Filter And Upsampling For AV1 Video Coding<\/b><br \/>\nLuiz Neto, Marcel Correa, Daniel Palomino, Luciano Agostini, Guilherme Correa<\/span><\/li>\n<li class=\"li4\"><b><\/b><span class=\"s1\"><b>Energy\/Qos-Aware Video Processing Over Scalable Noc Using Multi-Level Approximate Hardware Acceleration<\/b><br \/>\nWagner Penny, Daniel Palomino, Marcelo Porto, Bruno Zatt<\/span><\/li>\n<li class=\"li4\"><b><\/b><span class=\"s1\"><b>Hardware Design for the Entropy Arithmetic Decoder of AV1 Video Coding Standard<\/b><br \/>\nJiovana Gomes, F\u00e1bio Ramos<\/span><\/li>\n<li class=\"li4\"><b><\/b><span class=\"s1\"><b>4D-DCT Hardware Architecture for Jpeg Pleno Light Field Coding<\/b><br \/>\nJones Goebel, Matheus Jahnke, Daniel Palomino, Guilherme Correa, Luciano Agostini, Bruno Zatt And Marcelo Porto<\/span><\/li>\n<li class=\"li4\"><b><\/b><span class=\"s1\"><b>Dedicated Hardware Designs for the Cdef In-Loop Filter to the AV1 Decoder Targeting 4K UHD Videos<\/b><br \/>\nEduardo Zummach, Roberta Palau, Jones Goebel, Luciano Agostini, Marcelo Porto<\/span><\/li>\n<li class=\"li4\"><b><\/b><span class=\"s1\"><b>Approximate Subtractor Operator for Low-Power Video Coding Hardware Accelerators<\/b><br \/>\nRafael Ferreira, Luciano Agostini, Claudio Diniz, Bruno Zatt<\/span><\/li>\n<li class=\"li4\"><b><\/b><span class=\"s1\"><b>Low Power AV1 FME Interpolation Filters Exploring Approximate Computing<\/b><br \/>\nWilliam Kolodziejski, Robson Domanski, Luciano Agostini<\/span><\/li>\n<li class=\"li4\"><b><\/b><span class=\"s1\"><b>Approximate Accelerator to Calculate Distortion Metrics for HEVC All Intra Video Encoding<\/b><br \/>\nVictor Lima, Matheus Stigger, Leonardo Soares, Cl\u00e1udio Diniz, Sergio Bampi<\/span><\/li>\n<li class=\"li4\"><b><\/b><span class=\"s1\"><b>Hardware Architecture for the Regular Interpolation Filter Of the AV1 Codec<\/b><br \/>\nDaiane Fonseca Freitas, Cl\u00e1udio Machado Diniz E Mateus Grellert<\/span><\/li>\n<li class=\"li4\"><b><\/b><span class=\"s1\"><b>A CTU Based Ime Approach for Multiple Block Sizes In A Efficient Hardware Design<\/b><br \/>\nMurilo Perleberg; Vladimir Afonso; Marcelo Porto<\/span><\/li>\n<\/ul>\n<p class=\"p2\"><span class=\"s1\">\u00a0<\/span><\/p>\n<p class=\"p2\"><span class=\"s1\">\u00a0<\/span><\/p>\n<p class=\"p2\"><span class=\"s1\">\u00a0<\/span><\/p>\n<h1 class=\"p3\"><span class=\"s1\"><b>Poster Session 3<\/b><\/span><\/h1>\n<p class=\"p2\"><span class=\"s1\">Wednesday, October 21st, 3:30 PM &#8211; 4:30 PM (GMT-3) <\/span><\/p>\n<ul class=\"ul1\">\n<li class=\"li4\"><b><\/b><span class=\"s1\"><b>Detection of Fundus of the Eye Injuries Through Convolutional Neural Networks<\/b><br \/>\nCarlos Santos, Marilton Aguiar And Daniel Welfer<\/span><\/li>\n<li class=\"li4\"><b><\/b><span class=\"s1\"><b>Computational Framework to Classify Neonatal Facial Expression of Pain: A Real World Mobile Application<\/b><br \/>\nLucas P. Carlini, Leonardo A. Ferreira, Gabriel A. S. Coutrin, Victor V. Varoto, Tatiany M. Heideirich, Rita C. Balda, Marina C. Barros, Ruth Guinsburg, Carlos E. Thomaz<\/span><\/li>\n<li class=\"li4\"><b><\/b><span class=\"s1\"><b>Road Surface Type Classification Through Inertial Sensor Signals Applied to Deep Learning Models<\/b><br \/>\nJeferson Menegazzo And Aldo Von Wangenheim<\/span><\/li>\n<li class=\"li4\"><b><\/b><span class=\"s1\"><b>X-Ray Covid-19 Detection with Deep Learning<\/b><br \/>\nDarlo Naisinger, Bernardo Henz, F\u00e1bio Rossi, Rumenigue Hohemberger, Gustavo Sanchez<\/span><\/li>\n<li class=\"li4\"><b><\/b><span class=\"s1\"><b>Partial Implementation of Online Full Hd Face Detection<\/b><br \/>\nHeron A. Monteiro, Elmar Melcher<\/span><\/li>\n<li class=\"li4\"><b><\/b><span class=\"s1\"><b>Efficient and Secure Image Encryption Algorithm Based on Chaotic Maps<\/b><br \/>\nJo\u00e3o In\u00e1cio Moreira Bezerra, Alexandre Molter, Vin\u00edcius Valduga De Almeida Camargo<\/span><\/li>\n<li class=\"li4\"><b><\/b><span class=\"s1\"><b>Memory Profiling of H.266 Versatile Video Coding Standard<\/b><br \/>\nArthur Cerveira, Luciano Agostini, Bruno Zatt, Felipe Sampaio<\/span><\/li>\n<li class=\"li4\"><b><\/b><span class=\"s1\"><b>Computational Cost Analysis of AV1 Superblock Partitioning Process<\/b><br \/>\nIsis Bender, Alex Borges, Guilherme Corr\u00eaa, Marcelo Porto<\/span><\/li>\n<li class=\"li4\"><b><\/b><span class=\"s1\"><b>Orb Feature Extraction on Embedded Systems<\/b><br \/>\nLuis Filipe Meyer, Gustavo Ilha, Anderson Da Silva. Altamiro Susin<\/span><\/li>\n<li class=\"li4\"><b><\/b><span class=\"s1\"><b>Study on Solutions for Tetraplegia Applying Computer Vision<\/b><br \/>\nRubens Almeida Braga Junior, Suzana Viana Mota E Felipe Augusto Oliveira Mota<\/span><\/li>\n<li class=\"li4\"><b><\/b><span class=\"s1\"><b>A Dense Light Field Dataset for Distance Estimation<\/b><br \/>\nAnderson Priebe Ferrugem, Bruno Zatt<\/span><\/li>\n<li class=\"li4\"><b><\/b><span class=\"s1\"><b>SIMD Implementation of Motion Compensation for Processing-In-Memory Exploitation in Video Decoders<\/b><br \/>\nGarrenlus De Souza, Marco Antonio Zanata Alves, Bruno Zatt, Sergio Bampi &amp; Felipe Sampaio<\/span><\/li>\n<\/ul>\n","protected":false},"excerpt":{"rendered":"<p>Best Poster A DBF Hardware Architecture for the AV1 Decoder Roberta Palau, Eduardo Zummach, Jones Goebel, Guilherme Corr\u00eaa, Marcelo Porto, Luciano Agostini Honorable Mention Encoding of 4D Blocks for Light Field Entropy Encoding Igor&#46;&#46;&#46;<\/p>\n","protected":false},"author":748,"featured_media":0,"parent":0,"menu_order":0,"comment_status":"closed","ping_status":"closed","template":"","meta":{"footnotes":""},"class_list":["post-755","page","type-page","status-publish","hentry"],"publishpress_future_action":{"enabled":false,"date":"2026-04-16 13:35:20","action":"change-status","newStatus":"draft","terms":[],"taxonomy":"","extraData":[]},"publishpress_future_workflow_manual_trigger":{"enabledWorkflows":[]},"_links":{"self":[{"href":"https:\/\/wp.ufpel.edu.br\/dpvsa\/wp-json\/wp\/v2\/pages\/755","targetHints":{"allow":["GET"]}}],"collection":[{"href":"https:\/\/wp.ufpel.edu.br\/dpvsa\/wp-json\/wp\/v2\/pages"}],"about":[{"href":"https:\/\/wp.ufpel.edu.br\/dpvsa\/wp-json\/wp\/v2\/types\/page"}],"author":[{"embeddable":true,"href":"https:\/\/wp.ufpel.edu.br\/dpvsa\/wp-json\/wp\/v2\/users\/748"}],"replies":[{"embeddable":true,"href":"https:\/\/wp.ufpel.edu.br\/dpvsa\/wp-json\/wp\/v2\/comments?post=755"}],"version-history":[{"count":26,"href":"https:\/\/wp.ufpel.edu.br\/dpvsa\/wp-json\/wp\/v2\/pages\/755\/revisions"}],"predecessor-version":[{"id":864,"href":"https:\/\/wp.ufpel.edu.br\/dpvsa\/wp-json\/wp\/v2\/pages\/755\/revisions\/864"}],"wp:attachment":[{"href":"https:\/\/wp.ufpel.edu.br\/dpvsa\/wp-json\/wp\/v2\/media?parent=755"}],"curies":[{"name":"wp","href":"https:\/\/api.w.org\/{rel}","templated":true}]}}