{"id":432,"date":"2020-09-17T16:41:23","date_gmt":"2020-09-17T19:41:23","guid":{"rendered":"https:\/\/wp.ufpel.edu.br\/dpvsa\/?page_id=432"},"modified":"2021-01-05T11:35:25","modified_gmt":"2021-01-05T14:35:25","slug":"carlos-cosme","status":"publish","type":"page","link":"https:\/\/wp.ufpel.edu.br\/dpvsa\/carlos-cosme\/","title":{"rendered":"Carlos Cosme"},"content":{"rendered":"<p style=\"text-align: center\"><strong><span style=\"font-size: 18pt\">Carlos Cosme<\/span><br \/>\n<span style=\"font-size: 14pt\">Globo<\/span><\/strong><\/p>\n<p><img loading=\"lazy\" decoding=\"async\" class=\"size-full wp-image-449 aligncenter\" src=\"https:\/\/wp.ufpel.edu.br\/dpvsa\/files\/2020\/09\/DPVSA-speaker-photos-CarlosRibeiro-1.png\" alt=\"\" width=\"300\" height=\"300\" srcset=\"https:\/\/wp.ufpel.edu.br\/dpvsa\/files\/2020\/09\/DPVSA-speaker-photos-CarlosRibeiro-1.png 300w, https:\/\/wp.ufpel.edu.br\/dpvsa\/files\/2020\/09\/DPVSA-speaker-photos-CarlosRibeiro-1-200x200.png 200w, https:\/\/wp.ufpel.edu.br\/dpvsa\/files\/2020\/09\/DPVSA-speaker-photos-CarlosRibeiro-1-32x32.png 32w, https:\/\/wp.ufpel.edu.br\/dpvsa\/files\/2020\/09\/DPVSA-speaker-photos-CarlosRibeiro-1-80x80.png 80w\" sizes=\"auto, (max-width: 300px) 100vw, 300px\" \/><\/p>\n<h3 style=\"text-align: center\"><span style=\"font-size: 18pt\"><em>Evolu\u00e7\u00e3o da televis\u00e3o no Brasil<\/em><\/span><\/h3>\n<p style=\"text-align: center\">Monday, October 19th, 04:30 PM \u2014 06:00 PM (GMT-3)<\/p>\n<div style=\"text-align: center\">\n<!-- iframe plugin v.6.0 wordpress.org\/plugins\/iframe\/ -->\n<iframe loading=\"lazy\" width=\"900\" height=\"500\" frameborder=\"0\" allow=\"accelerometer; autoplay; clipboard-write; encrypted-media; gyroscope; picture-in-picture\" fs=\"1\" src=\"https:\/\/www.youtube.com\/embed\/jeNui440LvQ\" scrolling=\"yes\" class=\"iframe-class\"><\/iframe>\n<\/div>\n<p>This presentation will be given in Portuguese.<\/p>\n<p><span style=\"font-size: 14pt\"><strong>Abstract<\/strong><\/span><\/p>\n<p style=\"padding-left: 40px;text-align: justify\">O que esperar de um ambiente tecnol\u00f3gico onde as diferentes plataformas de entrega deixam de impor limites para os modelos de neg\u00f3cio em Publicidade e \u00e0 entrega de conte\u00fado? Atualmente os dispositivos est\u00e3o cada vez mais conectados e o consumo de m\u00eddia torna-se mais transparente, abstraindo-se os meios de distribui\u00e7\u00e3o.<\/p>\n<p style=\"padding-left: 40px;text-align: justify\">Nesta apresenta\u00e7\u00e3o, Carlos Cosme apresentar\u00e1 como o MediaTech procura influenciar o futuro dos modelos de produ\u00e7\u00e3o, distribui\u00e7\u00e3o e consumo de m\u00eddia e a iniciativa do F\u00f3rum SBTVD para a pr\u00f3xima gera\u00e7\u00e3o de TV Digital Terrestre no Brasil.<\/p>\n<p><span style=\"font-size: 14pt\"><strong>Biography<\/strong><\/span><\/p>\n<p style=\"padding-left: 40px;text-align: justify\">Carlos Cosme \u00e9 Especialista em Tecnologia no grupo de transmiss\u00e3o do MediaTech Lab na Globo. O MediaTech Lab \u00e9 o laborat\u00f3rio de inova\u00e7\u00e3o da Globo, no qual conte\u00fado, tecnologia e neg\u00f3cios realizam experi\u00eancias e prot\u00f3tipos que ampliem as fronteiras do que \u00e9 poss\u00edvel se fazer como uma empresa media tech.<\/p>\n<p style=\"padding-left: 40px;text-align: justify\">Carlos Cosme trabalha na Globo a 22 anos, onde previamente atuou nas \u00e1reas de opera\u00e7\u00f5es e suporte. Ele tamb\u00e9m \u00e9 membro da SET (Sociedade Brasileira de Engenharia de Televis\u00e3o) e membro do M\u00f3dulo T\u00e9cnico do F\u00f3rum SBTVD (Sistema Brasileiro de Televis\u00e3o Digital Terrestre).\u00a0 No F\u00f3rum SBTVD trabalha atualmente no Projeto TV 3.0 que visa definir a pr\u00f3xima gera\u00e7\u00e3o de TV Digital para o Brasil.<\/p>\n","protected":false},"excerpt":{"rendered":"<p>Carlos Cosme Globo Evolu\u00e7\u00e3o da televis\u00e3o no Brasil Monday, October 19th, 04:30 PM \u2014 06:00 PM (GMT-3) This presentation will be given in Portuguese. Abstract O que esperar de um ambiente tecnol\u00f3gico onde as&#46;&#46;&#46;<\/p>\n","protected":false},"author":748,"featured_media":0,"parent":0,"menu_order":0,"comment_status":"closed","ping_status":"closed","template":"","meta":{"footnotes":""},"class_list":["post-432","page","type-page","status-publish","hentry"],"publishpress_future_action":{"enabled":false,"date":"2026-04-16 13:55:24","action":"change-status","newStatus":"draft","terms":[],"taxonomy":"","extraData":[]},"publishpress_future_workflow_manual_trigger":{"enabledWorkflows":[]},"_links":{"self":[{"href":"https:\/\/wp.ufpel.edu.br\/dpvsa\/wp-json\/wp\/v2\/pages\/432","targetHints":{"allow":["GET"]}}],"collection":[{"href":"https:\/\/wp.ufpel.edu.br\/dpvsa\/wp-json\/wp\/v2\/pages"}],"about":[{"href":"https:\/\/wp.ufpel.edu.br\/dpvsa\/wp-json\/wp\/v2\/types\/page"}],"author":[{"embeddable":true,"href":"https:\/\/wp.ufpel.edu.br\/dpvsa\/wp-json\/wp\/v2\/users\/748"}],"replies":[{"embeddable":true,"href":"https:\/\/wp.ufpel.edu.br\/dpvsa\/wp-json\/wp\/v2\/comments?post=432"}],"version-history":[{"count":9,"href":"https:\/\/wp.ufpel.edu.br\/dpvsa\/wp-json\/wp\/v2\/pages\/432\/revisions"}],"predecessor-version":[{"id":450,"href":"https:\/\/wp.ufpel.edu.br\/dpvsa\/wp-json\/wp\/v2\/pages\/432\/revisions\/450"}],"wp:attachment":[{"href":"https:\/\/wp.ufpel.edu.br\/dpvsa\/wp-json\/wp\/v2\/media?parent=432"}],"curies":[{"name":"wp","href":"https:\/\/api.w.org\/{rel}","templated":true}]}}