{"id":69,"date":"2018-06-21T16:54:13","date_gmt":"2018-06-21T19:54:13","guid":{"rendered":"https:\/\/wp.ufpel.edu.br\/dpop\/?page_id=69"},"modified":"2018-06-21T17:13:10","modified_gmt":"2018-06-21T20:13:10","slug":"contato","status":"publish","type":"page","link":"https:\/\/wp.ufpel.edu.br\/dpop\/contato\/","title":{"rendered":"Contato"},"content":{"rendered":"<p><strong><span style=\"font-family: arial, helvetica, sans-serif\">P\u00e1gina:https:\/\/www.facebook.com\/grupodpop\/<\/span><\/strong><\/p>\n<p><span style=\"font-family: arial, helvetica, sans-serif\">Aqui voc\u00ea encontra as principais not\u00edcias em rela\u00e7\u00e3o as atividades do grupo de pesquisa.<\/span><\/p>\n<p><strong><span style=\"font-family: arial, helvetica, sans-serif\">Grupo do facebook:\u00a0https:\/\/www.facebook.com\/groups\/751022448380137\/<\/span><\/strong><\/p>\n<p><span style=\"font-family: arial, helvetica, sans-serif\">Aqui voc\u00ea se localiza em rela\u00e7\u00e3o aos encontros do grupo de estudos bem como o material de leitura.<\/span><\/p>\n","protected":false},"excerpt":{"rendered":"<p>P\u00e1gina:https:\/\/www.facebook.com\/grupodpop\/ Aqui voc\u00ea encontra as principais not\u00edcias em rela\u00e7\u00e3o as atividades do grupo de pesquisa. Grupo do facebook:\u00a0https:\/\/www.facebook.com\/groups\/751022448380137\/ Aqui voc\u00ea se localiza em rela\u00e7\u00e3o aos encontros do grupo de estudos bem como o material de leitura.<\/p>\n","protected":false},"author":767,"featured_media":0,"parent":0,"menu_order":4,"comment_status":"closed","ping_status":"closed","template":"","meta":{"footnotes":""},"class_list":["post-69","page","type-page","status-publish","hentry"],"_links":{"self":[{"href":"https:\/\/wp.ufpel.edu.br\/dpop\/wp-json\/wp\/v2\/pages\/69","targetHints":{"allow":["GET"]}}],"collection":[{"href":"https:\/\/wp.ufpel.edu.br\/dpop\/wp-json\/wp\/v2\/pages"}],"about":[{"href":"https:\/\/wp.ufpel.edu.br\/dpop\/wp-json\/wp\/v2\/types\/page"}],"author":[{"embeddable":true,"href":"https:\/\/wp.ufpel.edu.br\/dpop\/wp-json\/wp\/v2\/users\/767"}],"replies":[{"embeddable":true,"href":"https:\/\/wp.ufpel.edu.br\/dpop\/wp-json\/wp\/v2\/comments?post=69"}],"version-history":[{"count":4,"href":"https:\/\/wp.ufpel.edu.br\/dpop\/wp-json\/wp\/v2\/pages\/69\/revisions"}],"predecessor-version":[{"id":77,"href":"https:\/\/wp.ufpel.edu.br\/dpop\/wp-json\/wp\/v2\/pages\/69\/revisions\/77"}],"wp:attachment":[{"href":"https:\/\/wp.ufpel.edu.br\/dpop\/wp-json\/wp\/v2\/media?parent=69"}],"curies":[{"name":"wp","href":"https:\/\/api.w.org\/{rel}","templated":true}]}}